{"id":1512,"date":"2025-11-06T15:54:23","date_gmt":"2025-11-06T15:54:23","guid":{"rendered":"https:\/\/originalityreport.com\/?page_id=1512","raw":"https:\/\/originalityreport.com\/?page_id=1512"},"modified":"2025-11-06T16:20:29","modified_gmt":"2025-11-06T16:20:29","slug":"home","status":"publish","type":"page","link":"https:\/\/originalityreport.com\/","title":{"rendered":"Trang ch\u1ee7","raw":"Trang ch\u1ee7"},"content":{"rendered":"<section class=\"simple-text table-section padding-top-100\">\n<div class=\"container\">\n<div class=\"row\">\n<div class=\"col-12\">\n<h2>So s\u00e1nh B\u00e1o c\u00e1o T\u00ednh \u0111\u1ed9c \u0111\u00e1o c\u1ee7a Google v\u1edbi OriginalityReport.com<\/h2>\n<div class=\"block-subtitle\">Gi\u1ea3i ph\u00e1p thay th\u1ebf B\u00e1o c\u00e1o T\u00ednh \u0111\u1ed9c \u0111\u00e1o c\u1ee7a Google d\u00e0nh cho sinh vi\u00ean: <span class=\"green-text\">Ki\u1ec3m tra h\u00e0ng ng\u00e0y mi\u1ec5n ph\u00ed v\u1edbi OriginalityReport.com<\/span><\/div>\n<div class=\"table-block\">\n<table>\n<thead>\n<tr>\n<th>T\u00ednh n\u0103ng<\/th>\n<th>B\u00e1o c\u00e1o T\u00ednh \u0111\u1ed9c \u0111\u00e1o c\u1ee7a Google<\/th>\n<th>OriginalityReport.com<\/th>\n<\/tr>\n<\/thead>\n<tbody>\n<tr>\n<td>T\u00ednh kh\u1ea3 d\u1ee5ng<\/td>\n<td>\u2705T\u00edch h\u1ee3p v\u1edbi Google Classroom v\u00e0 Assignments (Google Workspace for Education)<\/td>\n<td>\u274cN\u1ec1n t\u1ea3ng d\u1ef1a tr\u00ean web, kh\u00f4ng t\u00edch h\u1ee3p Classroom; d\u00e0nh cho sinh vi\u00ean v\u00e0 c\u00e1c chuy\u00ean gia<\/td>\n<\/tr>\n<tr>\n<td>Ph\u1ea1m vi c\u01a1 s\u1edf d\u1eef li\u1ec7u<\/td>\n<td>C\u00e1c trang web c\u00f4ng khai v\u00e0 c\u00e1c b\u00e0i n\u1ed9p l\u1edbp h\u1ecdc n\u1ed9i b\u1ed9 (n\u1ebfu \u0111\u01b0\u1ee3c b\u1eadt); kh\u00f4ng c\u00f3 quy\u1ec1n truy c\u1eadp v\u00e0o n\u1ed9i dung h\u1ecdc thu\u1eadt ho\u1eb7c n\u1ed9i dung \u0111\u0103ng k\u00fd<\/td>\n<td>N\u1ed9i dung web, c\u00e1c b\u00e0i b\u00e1o h\u1ecdc thu\u1eadt, c\u00e1c t\u00e0i li\u1ec7u \u0111\u00e3 n\u1ed9p tr\u01b0\u1edbc \u0111\u00f3 (th\u00f4ng qua c\u01a1 s\u1edf d\u1eef li\u1ec7u n\u1ed9i b\u1ed9); th\u01b0\u1eddng c\u00f3 ph\u1ea1m vi r\u1ed9ng h\u01a1n<\/td>\n<\/tr>\n<tr>\n<td>Ph\u00e1t hi\u1ec7n n\u1ed9i dung AI<\/td>\n<td>\u274c Kh\u00f4ng \u0111\u01b0\u1ee3c h\u1ed7 tr\u1ee3<\/td>\n<td>\u2705 C\u00f3 \u2013 ph\u00e1t hi\u1ec7n n\u1ed9i dung do AI t\u1ea1o ra bao g\u1ed3m ChatGPT, GPT-3, GPT-4<\/td>\n<\/tr>\n<tr>\n<td>Ph\u00e1t hi\u1ec7n di\u1ec5n gi\u1ea3i l\u1ea1i<\/td>\n<td>\u274c Ph\u00e1t hi\u1ec7n c\u01a1 b\u1ea3n; kh\u1ea3 n\u0103ng h\u1ea1n ch\u1ebf trong vi\u1ec7c ph\u00e1t hi\u1ec7n \u0111\u1ea1o v\u0103n \u0111\u01b0\u1ee3c di\u1ec5n gi\u1ea3i l\u1ea1i ho\u1eb7c vi\u1ebft l\u1ea1i<\/td>\n<td>\u2705 Ph\u00e1t hi\u1ec7n di\u1ec5n gi\u1ea3i l\u1ea1i n\u00e2ng cao v\u00e0 nh\u1eadn d\u1ea1ng m\u1eabu vi\u1ebft l\u1ea1i<\/td>\n<\/tr>\n<tr>\n<td>Chi ti\u1ebft b\u00e1o c\u00e1o<\/td>\n<td>\u274cC\u00e1c b\u00e1o c\u00e1o c\u01a1 b\u1ea3n v\u1edbi c\u00e1c k\u1ebft qu\u1ea3 tr\u00f9ng kh\u1edbp \u0111\u01b0\u1ee3c \u0111\u00e1nh d\u1ea5u v\u00e0 \u0111i\u1ec3m ph\u1ea7n tr\u0103m; kh\u00f4ng c\u00f3 ph\u1ea3n h\u1ed3i chuy\u00ean s\u00e2u<\/td>\n<td>\u2705\u0110i\u1ec3m \u0111\u1ed9c \u0111\u00e1o chi ti\u1ebft, c\u00e1c ngu\u1ed3n tr\u00f9ng kh\u1edbp, c\u1ea3nh b\u00e1o di\u1ec5n gi\u1ea3i l\u1ea1i v\u00e0 c\u00e1c c\u1edd n\u1ed9i dung AI t\u00f9y ch\u1ecdn<\/td>\n<\/tr>\n<tr>\n<td>Ng\u00f4n ng\u1eef \u0111\u01b0\u1ee3c h\u1ed7 tr\u1ee3<\/td>\n<td>\u274cCh\u1ee7 y\u1ebfu l\u00e0 ti\u1ebfng Anh; h\u1ed7 tr\u1ee3 h\u1ea1n ch\u1ebf cho c\u00e1c ng\u00f4n ng\u1eef kh\u00e1c<\/td>\n<td>\u2705H\u1ed7 tr\u1ee3 \u0111a ng\u00f4n ng\u1eef; hi\u1ec7u su\u1ea5t t\u1ed1t h\u01a1n trong c\u00e1c b\u00e0i n\u1ed9p \u0111a ng\u00f4n ng\u1eef<\/td>\n<\/tr>\n<tr>\n<td>T\u00edch h\u1ee3p Classroom<\/td>\n<td>\u2705Ch\u1ec9 v\u1edbi Google Docs th\u00f4ng qua Google Classroom ho\u1eb7c Assignments<\/td>\n<td>\u274cKh\u00f4ng t\u00edch h\u1ee3p classroom, nh\u01b0ng ph\u00f9 h\u1ee3p v\u1edbi nhi\u1ec1u lo\u1ea1i t\u1ec7p<\/td>\n<\/tr>\n<tr>\n<td>Quy\u1ec1n truy c\u1eadp c\u1ee7a ng\u01b0\u1eddi d\u00f9ng<\/td>\n<td>\u274cSinh vi\u00ean v\u00e0 gi\u00e1o vi\u00ean trong Google Workspace for Education<\/td>\n<td>\u2705M\u1edf cho c\u00e1c c\u00e1 nh\u00e2n, sinh vi\u00ean, gi\u00e1o vi\u00ean, nh\u00e0 nghi\u00ean c\u1ee9u v\u00e0 ng\u01b0\u1eddi s\u00e1ng t\u1ea1o n\u1ed9i dung<\/td>\n<\/tr>\n<tr>\n<td>Chi ph\u00ed<\/td>\n<td>\u274cC\u00e1c g\u00f3i mi\u1ec5n ph\u00ed cho c\u00e1c tr\u01b0\u1eddng h\u1ecdc c\u00f3 Google Workspace, nh\u01b0ng b\u1ecb gi\u1edbi h\u1ea1n (5 b\u00e1o c\u00e1o\/sinh vi\u00ean\/l\u1edbp trong phi\u00ean b\u1ea3n mi\u1ec5n ph\u00ed)<\/td>\n<td>\u2705C\u00e1c g\u00f3i tr\u1ea3 ph\u00ed \u0111\u1ec3 ki\u1ec3m tra AI v\u00e0 \u0111\u1ea1o v\u0103n, nh\u01b0ng c\u00f3 b\u1ea3n d\u00f9ng th\u1eed mi\u1ec5n ph\u00ed v\u00e0 ki\u1ec3m tra h\u00e0ng ng\u00e0y<\/td>\n<\/tr>\n<tr>\n<td>Lo\u1ea1i t\u1ec7p \u0111\u01b0\u1ee3c h\u1ed7 tr\u1ee3<\/td>\n<td>\u274cCh\u1ec9 Google Docs<\/td>\n<td>\u2705Nhi\u1ec1u \u0111\u1ecbnh d\u1ea1ng (PDF, DOCX, TXT, v.v.)<\/td>\n<\/tr>\n<tr>\n<td>Quy\u1ec1n ri\u00eang t\u01b0 &amp; Quy\u1ec1n s\u1edf h\u1eefu<\/td>\n<td>B\u00e0i t\u1eadp c\u1ee7a sinh vi\u00ean c\u00f3 th\u1ec3 \u0111\u01b0\u1ee3c Google l\u01b0u tr\u1eef n\u1ebfu t\u1ed5 ch\u1ee9c cho ph\u00e9p \u0111\u1ed1i s\u00e1nh kho l\u01b0u tr\u1eef<\/td>\n<td>Tuy\u00ean b\u1ed1 l\u01b0u tr\u1eef t\u00e0i li\u1ec7u m\u1ed9t c\u00e1ch an to\u00e0n; t\u00e0i li\u1ec7u kh\u00f4ng \u0111\u01b0\u1ee3c chia s\u1ebb ho\u1eb7c c\u00f4ng khai m\u00e0 kh\u00f4ng \u0111\u01b0\u1ee3c ph\u00e9p<\/td>\n<\/tr>\n<\/tbody>\n<\/table>\n<\/div>\n<\/div>\n<\/div>\n<\/div>\n<\/section>\n","protected":false,"raw":"<section class=\"simple-text table-section padding-top-100\">\r\n<div class=\"container\">\r\n<div class=\"row\">\r\n<div class=\"col-12\">\r\n<h2>So s\u00e1nh B\u00e1o c\u00e1o T\u00ednh \u0111\u1ed9c \u0111\u00e1o c\u1ee7a Google v\u1edbi OriginalityReport.com<\/h2>\r\n<div class=\"block-subtitle\">Gi\u1ea3i ph\u00e1p thay th\u1ebf B\u00e1o c\u00e1o T\u00ednh \u0111\u1ed9c \u0111\u00e1o c\u1ee7a Google d\u00e0nh cho sinh vi\u00ean: <span class=\"green-text\">Ki\u1ec3m tra h\u00e0ng ng\u00e0y mi\u1ec5n ph\u00ed v\u1edbi OriginalityReport.com<\/span><\/div>\r\n<div class=\"table-block\">\r\n<table>\r\n<thead>\r\n<tr>\r\n<th>T\u00ednh n\u0103ng<\/th>\r\n<th>B\u00e1o c\u00e1o T\u00ednh \u0111\u1ed9c \u0111\u00e1o c\u1ee7a Google<\/th>\r\n<th>OriginalityReport.com<\/th>\r\n<\/tr>\r\n<\/thead>\r\n<tbody>\r\n<tr>\r\n<td>T\u00ednh kh\u1ea3 d\u1ee5ng<\/td>\r\n<td>\u2705T\u00edch h\u1ee3p v\u1edbi Google Classroom v\u00e0 Assignments (Google Workspace for Education)<\/td>\r\n<td>\u274cN\u1ec1n t\u1ea3ng d\u1ef1a tr\u00ean web, kh\u00f4ng t\u00edch h\u1ee3p Classroom; d\u00e0nh cho sinh vi\u00ean v\u00e0 c\u00e1c chuy\u00ean gia<\/td>\r\n<\/tr>\r\n<tr>\r\n<td>Ph\u1ea1m vi c\u01a1 s\u1edf d\u1eef li\u1ec7u<\/td>\r\n<td>C\u00e1c trang web c\u00f4ng khai v\u00e0 c\u00e1c b\u00e0i n\u1ed9p l\u1edbp h\u1ecdc n\u1ed9i b\u1ed9 (n\u1ebfu \u0111\u01b0\u1ee3c b\u1eadt); kh\u00f4ng c\u00f3 quy\u1ec1n truy c\u1eadp v\u00e0o n\u1ed9i dung h\u1ecdc thu\u1eadt ho\u1eb7c n\u1ed9i dung \u0111\u0103ng k\u00fd<\/td>\r\n<td>N\u1ed9i dung web, c\u00e1c b\u00e0i b\u00e1o h\u1ecdc thu\u1eadt, c\u00e1c t\u00e0i li\u1ec7u \u0111\u00e3 n\u1ed9p tr\u01b0\u1edbc \u0111\u00f3 (th\u00f4ng qua c\u01a1 s\u1edf d\u1eef li\u1ec7u n\u1ed9i b\u1ed9); th\u01b0\u1eddng c\u00f3 ph\u1ea1m vi r\u1ed9ng h\u01a1n<\/td>\r\n<\/tr>\r\n<tr>\r\n<td>Ph\u00e1t hi\u1ec7n n\u1ed9i dung AI<\/td>\r\n<td>\u274c Kh\u00f4ng \u0111\u01b0\u1ee3c h\u1ed7 tr\u1ee3<\/td>\r\n<td>\u2705 C\u00f3 \u2013 ph\u00e1t hi\u1ec7n n\u1ed9i dung do AI t\u1ea1o ra bao g\u1ed3m ChatGPT, GPT-3, GPT-4<\/td>\r\n<\/tr>\r\n<tr>\r\n<td>Ph\u00e1t hi\u1ec7n di\u1ec5n gi\u1ea3i l\u1ea1i<\/td>\r\n<td>\u274c Ph\u00e1t hi\u1ec7n c\u01a1 b\u1ea3n; kh\u1ea3 n\u0103ng h\u1ea1n ch\u1ebf trong vi\u1ec7c ph\u00e1t hi\u1ec7n \u0111\u1ea1o v\u0103n \u0111\u01b0\u1ee3c di\u1ec5n gi\u1ea3i l\u1ea1i ho\u1eb7c vi\u1ebft l\u1ea1i<\/td>\r\n<td>\u2705 Ph\u00e1t hi\u1ec7n di\u1ec5n gi\u1ea3i l\u1ea1i n\u00e2ng cao v\u00e0 nh\u1eadn d\u1ea1ng m\u1eabu vi\u1ebft l\u1ea1i<\/td>\r\n<\/tr>\r\n<tr>\r\n<td>Chi ti\u1ebft b\u00e1o c\u00e1o<\/td>\r\n<td>\u274cC\u00e1c b\u00e1o c\u00e1o c\u01a1 b\u1ea3n v\u1edbi c\u00e1c k\u1ebft qu\u1ea3 tr\u00f9ng kh\u1edbp \u0111\u01b0\u1ee3c \u0111\u00e1nh d\u1ea5u v\u00e0 \u0111i\u1ec3m ph\u1ea7n tr\u0103m; kh\u00f4ng c\u00f3 ph\u1ea3n h\u1ed3i chuy\u00ean s\u00e2u<\/td>\r\n<td>\u2705\u0110i\u1ec3m \u0111\u1ed9c \u0111\u00e1o chi ti\u1ebft, c\u00e1c ngu\u1ed3n tr\u00f9ng kh\u1edbp, c\u1ea3nh b\u00e1o di\u1ec5n gi\u1ea3i l\u1ea1i v\u00e0 c\u00e1c c\u1edd n\u1ed9i dung AI t\u00f9y ch\u1ecdn<\/td>\r\n<\/tr>\r\n<tr>\r\n<td>Ng\u00f4n ng\u1eef \u0111\u01b0\u1ee3c h\u1ed7 tr\u1ee3<\/td>\r\n<td>\u274cCh\u1ee7 y\u1ebfu l\u00e0 ti\u1ebfng Anh; h\u1ed7 tr\u1ee3 h\u1ea1n ch\u1ebf cho c\u00e1c ng\u00f4n ng\u1eef kh\u00e1c<\/td>\r\n<td>\u2705H\u1ed7 tr\u1ee3 \u0111a ng\u00f4n ng\u1eef; hi\u1ec7u su\u1ea5t t\u1ed1t h\u01a1n trong c\u00e1c b\u00e0i n\u1ed9p \u0111a ng\u00f4n ng\u1eef<\/td>\r\n<\/tr>\r\n<tr>\r\n<td>T\u00edch h\u1ee3p Classroom<\/td>\r\n<td>\u2705Ch\u1ec9 v\u1edbi Google Docs th\u00f4ng qua Google Classroom ho\u1eb7c Assignments<\/td>\r\n<td>\u274cKh\u00f4ng t\u00edch h\u1ee3p classroom, nh\u01b0ng ph\u00f9 h\u1ee3p v\u1edbi nhi\u1ec1u lo\u1ea1i t\u1ec7p<\/td>\r\n<\/tr>\r\n<tr>\r\n<td>Quy\u1ec1n truy c\u1eadp c\u1ee7a ng\u01b0\u1eddi d\u00f9ng<\/td>\r\n<td>\u274cSinh vi\u00ean v\u00e0 gi\u00e1o vi\u00ean trong Google Workspace for Education<\/td>\r\n<td>\u2705M\u1edf cho c\u00e1c c\u00e1 nh\u00e2n, sinh vi\u00ean, gi\u00e1o vi\u00ean, nh\u00e0 nghi\u00ean c\u1ee9u v\u00e0 ng\u01b0\u1eddi s\u00e1ng t\u1ea1o n\u1ed9i dung<\/td>\r\n<\/tr>\r\n<tr>\r\n<td>Chi ph\u00ed<\/td>\r\n<td>\u274cC\u00e1c g\u00f3i mi\u1ec5n ph\u00ed cho c\u00e1c tr\u01b0\u1eddng h\u1ecdc c\u00f3 Google Workspace, nh\u01b0ng b\u1ecb gi\u1edbi h\u1ea1n (5 b\u00e1o c\u00e1o\/sinh vi\u00ean\/l\u1edbp trong phi\u00ean b\u1ea3n mi\u1ec5n ph\u00ed)<\/td>\r\n<td>\u2705C\u00e1c g\u00f3i tr\u1ea3 ph\u00ed \u0111\u1ec3 ki\u1ec3m tra AI v\u00e0 \u0111\u1ea1o v\u0103n, nh\u01b0ng c\u00f3 b\u1ea3n d\u00f9ng th\u1eed mi\u1ec5n ph\u00ed v\u00e0 ki\u1ec3m tra h\u00e0ng ng\u00e0y<\/td>\r\n<\/tr>\r\n<tr>\r\n<td>Lo\u1ea1i t\u1ec7p \u0111\u01b0\u1ee3c h\u1ed7 tr\u1ee3<\/td>\r\n<td>\u274cCh\u1ec9 Google Docs<\/td>\r\n<td>\u2705Nhi\u1ec1u \u0111\u1ecbnh d\u1ea1ng (PDF, DOCX, TXT, v.v.)<\/td>\r\n<\/tr>\r\n<tr>\r\n<td>Quy\u1ec1n ri\u00eang t\u01b0 &amp; Quy\u1ec1n s\u1edf h\u1eefu<\/td>\r\n<td>B\u00e0i t\u1eadp c\u1ee7a sinh vi\u00ean c\u00f3 th\u1ec3 \u0111\u01b0\u1ee3c Google l\u01b0u tr\u1eef n\u1ebfu t\u1ed5 ch\u1ee9c cho ph\u00e9p \u0111\u1ed1i s\u00e1nh kho l\u01b0u tr\u1eef<\/td>\r\n<td>Tuy\u00ean b\u1ed1 l\u01b0u tr\u1eef t\u00e0i li\u1ec7u m\u1ed9t c\u00e1ch an to\u00e0n; t\u00e0i li\u1ec7u kh\u00f4ng \u0111\u01b0\u1ee3c chia s\u1ebb ho\u1eb7c c\u00f4ng khai m\u00e0 kh\u00f4ng \u0111\u01b0\u1ee3c ph\u00e9p<\/td>\r\n<\/tr>\r\n<\/tbody>\r\n<\/table>\r\n<\/div>\r\n<\/div>\r\n<\/div>\r\n<\/div>\r\n<\/section>\r\n"},"excerpt":{"rendered":"B\u00e1o c\u00e1o T\u00ednh \u0111\u1ed9c \u0111\u00e1o c\u1ee7a Google so v\u1edbi OriginalityReport.com Gi\u1ea3i ph\u00e1p thay th\u1ebf B\u00e1o c\u00e1o T\u00ednh \u0111\u1ed9c \u0111\u00e1o c\u1ee7a Google cho sinh vi\u00ean: Ki\u1ec3m tra h\u00e0ng ng\u00e0y mi\u1ec5n ph\u00ed v\u1edbi OriginalityReport.com T\u00ednh n\u0103ng B\u00e1o c\u00e1o T\u00ednh \u0111\u1ed9c \u0111\u00e1o c\u1ee7a Google OriginalityReport.com T\u00ednh kh\u1ea3 d\u1ee5ng \u2705T\u00edch h\u1ee3p v\u1edbi Google Classroom v\u00e0 B\u00e0i t\u1eadp (Google Workspace for Education) \u274cN\u1ec1n t\u1ea3ng d\u1ef1a tr\u00ean web, kh\u00f4ng t\u00edch h\u1ee3p Classroom; d\u00e0nh cho sinh vi\u00ean v\u00e0 chuy\u00ean gia Ph\u1ea1m vi c\u01a1 s\u1edf d\u1eef li\u1ec7u C\u00e1c trang web c\u00f4ng khai v\u00e0 b\u00e0i n\u1ed9p l\u1edbp h\u1ecdc n\u1ed9i b\u1ed9 (n\u1ebfu \u0111\u01b0\u1ee3c b\u1eadt); kh\u00f4ng c\u00f3 quy\u1ec1n truy c\u1eadp.","protected":false,"raw":"B\u00e1o c\u00e1o T\u00ednh \u0111\u1ed9c \u0111\u00e1o c\u1ee7a Google so v\u1edbi OriginalityReport.com Gi\u1ea3i ph\u00e1p thay th\u1ebf B\u00e1o c\u00e1o T\u00ednh \u0111\u1ed9c \u0111\u00e1o c\u1ee7a Google cho sinh vi\u00ean: Ki\u1ec3m tra h\u00e0ng ng\u00e0y mi\u1ec5n ph\u00ed v\u1edbi OriginalityReport.com T\u00ednh n\u0103ng B\u00e1o c\u00e1o T\u00ednh \u0111\u1ed9c \u0111\u00e1o c\u1ee7a Google OriginalityReport.com T\u00ednh kh\u1ea3 d\u1ee5ng \u2705T\u00edch h\u1ee3p v\u1edbi Google Classroom v\u00e0 B\u00e0i t\u1eadp (Google Workspace for Education) \u274cN\u1ec1n t\u1ea3ng d\u1ef1a tr\u00ean web, kh\u00f4ng t\u00edch h\u1ee3p Classroom; d\u00e0nh cho sinh vi\u00ean v\u00e0 chuy\u00ean gia Ph\u1ea1m vi c\u01a1 s\u1edf d\u1eef li\u1ec7u C\u00e1c trang web c\u00f4ng khai v\u00e0 b\u00e0i n\u1ed9p l\u1edbp h\u1ecdc n\u1ed9i b\u1ed9 (n\u1ebfu \u0111\u01b0\u1ee3c b\u1eadt); kh\u00f4ng c\u00f3 quy\u1ec1n truy c\u1eadp."},"author":1,"featured_media":0,"parent":0,"menu_order":0,"comment_status":"closed","ping_status":"closed","template":"tpl-landing.php","meta":{"_aioseo_title":"OriginalityReport.com | Ki\u1ec3m tra \u0111\u1ea1o v\u0103n &amp; ph\u00e1t hi\u1ec7n AI","_aioseo_description":"OriginalityReport.com h\u1ed7 tr\u1ee3 ki\u1ec3m tra \u0111\u1ea1o v\u0103n v\u00e0 ph\u00e1t hi\u1ec7n n\u1ed9i dung AI. Nhanh ch\u00f3ng, ch\u00ednh x\u00e1c, \u0111a ng\u00f4n ng\u1eef v\u00e0 an to\u00e0n cho h\u1ecdc thu\u1eadt &amp; doanh nghi\u1ec7p.","_locale":"vi","_original_post":"https:\/\/originalityreport.com\/?page_id=24","footnotes":""},"class_list":["post-1512","page","type-page","status-publish","hentry","vi"],"aioseo_notices":[],"_links":{"self":[{"href":"https:\/\/originalityreport.com\/wp-json\/wp\/v2\/pages\/1512","targetHints":{"allow":["GET"]}}],"collection":[{"href":"https:\/\/originalityreport.com\/wp-json\/wp\/v2\/pages"}],"about":[{"href":"https:\/\/originalityreport.com\/wp-json\/wp\/v2\/types\/page"}],"author":[{"embeddable":true,"href":"https:\/\/originalityreport.com\/wp-json\/wp\/v2\/users\/1"}],"replies":[{"embeddable":true,"href":"https:\/\/originalityreport.com\/wp-json\/wp\/v2\/comments?post=1512"}],"version-history":[{"count":1,"href":"https:\/\/originalityreport.com\/wp-json\/wp\/v2\/pages\/1512\/revisions"}],"predecessor-version":[{"id":1517,"href":"https:\/\/originalityreport.com\/wp-json\/wp\/v2\/pages\/1512\/revisions\/1517"}],"wp:attachment":[{"href":"https:\/\/originalityreport.com\/wp-json\/wp\/v2\/media?parent=1512"}],"curies":[{"name":"wp","href":"https:\/\/api.w.org\/{rel}","templated":true}]}}