{"id":1492,"date":"2025-11-06T12:01:32","date_gmt":"2025-11-06T12:01:32","guid":{"rendered":"https:\/\/originalityreport.com\/?page_id=1492","raw":"https:\/\/originalityreport.com\/?page_id=1492"},"modified":"2026-02-23T11:10:43","modified_gmt":"2026-02-23T11:10:43","slug":"contact-us","status":"publish","type":"page","link":"https:\/\/originalityreport.com\/vi\/contact-us\/","title":{"rendered":"Li\u00ean h\u1ec7","raw":"Li\u00ean h\u1ec7"},"content":{"rendered":"","protected":false,"raw":""},"excerpt":{"rendered":"","protected":false,"raw":""},"author":1,"featured_media":0,"parent":0,"menu_order":0,"comment_status":"closed","ping_status":"closed","template":"","meta":{"_aioseo_title":"Li\u00ean h\u1ec7 OriginalityReport \u2013 H\u1ed7 tr\u1ee3 ki\u1ec3m tra AI &amp; \u0111\u1ea1o v\u0103n","_aioseo_description":"Li\u00ean h\u1ec7 v\u1edbi \u0111\u1ed9i ng\u0169 OriginalityReport \u0111\u1ec3 \u0111\u01b0\u1ee3c h\u1ed7 tr\u1ee3 v\u1ec1 c\u00f4ng c\u1ee5 ki\u1ec3m tra \u0111\u1ea1o v\u0103n v\u00e0 ph\u00e1t hi\u1ec7n n\u1ed9i dung AI. Ch\u00fang t\u00f4i lu\u00f4n s\u1eb5n s\u00e0ng gi\u00fap b\u1ea1n.","_locale":"vi","_original_post":"https:\/\/originalityreport.com\/?page_id=11","footnotes":""},"class_list":["post-1492","page","type-page","status-publish","hentry","vi"],"aioseo_notices":[],"_links":{"self":[{"href":"https:\/\/originalityreport.com\/wp-json\/wp\/v2\/pages\/1492","targetHints":{"allow":["GET"]}}],"collection":[{"href":"https:\/\/originalityreport.com\/wp-json\/wp\/v2\/pages"}],"about":[{"href":"https:\/\/originalityreport.com\/wp-json\/wp\/v2\/types\/page"}],"author":[{"embeddable":true,"href":"https:\/\/originalityreport.com\/wp-json\/wp\/v2\/users\/1"}],"replies":[{"embeddable":true,"href":"https:\/\/originalityreport.com\/wp-json\/wp\/v2\/comments?post=1492"}],"version-history":[{"count":1,"href":"https:\/\/originalityreport.com\/wp-json\/wp\/v2\/pages\/1492\/revisions"}],"predecessor-version":[{"id":1494,"href":"https:\/\/originalityreport.com\/wp-json\/wp\/v2\/pages\/1492\/revisions\/1494"}],"wp:attachment":[{"href":"https:\/\/originalityreport.com\/wp-json\/wp\/v2\/media?parent=1492"}],"curies":[{"name":"wp","href":"https:\/\/api.w.org\/{rel}","templated":true}]}}