{"id":551,"date":"2025-03-24T11:46:10","date_gmt":"2025-03-24T11:46:10","guid":{"rendered":"https:\/\/originalityreport.com\/?page_id=551","raw":"https:\/\/originalityreport.com\/?page_id=551"},"modified":"2025-04-04T08:46:51","modified_gmt":"2025-04-04T08:46:51","slug":"privacy-policy","status":"publish","type":"page","link":"https:\/\/originalityreport.com\/tr\/privacy-policy\/","title":{"rendered":"Gizlilik Politikas\u0131","raw":"Gizlilik Politikas\u0131"},"content":{"rendered":"<p>Sistem Teknoloji \u0130nternet \u0130spanya SL., Calle Pintor P\u00e9rez Gil 2, b.46 03540, Alicante, \u0130spanya (&#8216;biz&#8217;, &#8216;biz&#8217; veya &#8216;bizim&#8217;) orijinalityreport.com web sitesini i\u015fletiyor ve ki\u015fisel verilerinizin kontrol\u00f6r\u00fcd\u00fcr.<\/p>\n<p>Sunumlar\u0131m\u0131z\u0131 g\u00f6zden ge\u00e7irmek i\u00e7in harcad\u0131\u011f\u0131n\u0131z zaman\u0131 ve \u015firketimize hizmetlerimizi ilgi g\u00f6stermenizi belirtmek isteriz. Ki\u015fisel ayr\u0131nt\u0131lar\u0131n gizlili\u011fini garanti edebilece\u011fimizi temin edebilirsiniz. M\u00fc\u015fterilerimizin sa\u011flad\u0131\u011f\u0131 t\u00fcm ki\u015fisel bilgiler g\u00fcvende ve \u00f6zel kalacakt\u0131r. E\u011fer \u015firketimize hizmetler se\u00e7erseniz, herhangi bir ayr\u0131nt\u0131n\u0131n k\u00f6t\u00fcye kullan\u0131lmas\u0131 veya kaybolmas\u0131 m\u00fcmk\u00fcn de\u011fildir.<\/p>\n<p>A\u015fa\u011f\u0131da, m\u00fc\u015fterilerimizden toplad\u0131\u011f\u0131m\u0131z veri hakk\u0131nda a\u00e7\u0131klamalar\u0131 bulabilirsiniz.<\/p>\n<p>\u0130\u015fbirli\u011fi s\u0131ras\u0131nda a\u015fa\u011f\u0131daki detaylara ihtiyac\u0131m\u0131z var:<\/p>\n<ul>\n<li>M\u00fc\u015fterilerimiz;\n<\/li>\n<li>Web sitesi ziyaret\u00e7ilerimiz.<\/li>\n<\/ul>\n<p>Bu ayr\u0131nt\u0131lar, web sitesi sunucusu taraf\u0131ndan toplanm\u0131\u015ft\u0131r ve \u015funlar\u0131 i\u00e7erir:<\/p>\n<ul>\n<li>Taray\u0131c\u0131 t\u00fcr\u00fc;<\/li>\n<li>Web sitesine eri\u015fim g\u00fcn\u00fc ve saati;<\/li>\n<li>\u0130\u015fletim sistemi t\u00fcr\u00fc.<\/li>\n<\/ul>\n<p>Toplad\u0131\u011f\u0131m\u0131z bilgi hi\u00e7bir zaman sat\u0131lmaz veya payla\u015f\u0131lmaz; kimli\u011fin a\u00e7\u0131klanmas\u0131ndan ba\u011f\u0131ms\u0131zd\u0131r. Toplanan verileri toplayan tek amac\u0131, verileri \u00f6zelle\u015ftirmek ve web sitesinin i\u00e7eri\u011fini geli\u015ftirmektir.<\/p>\n<p><strong>Kuki&#8217;ler<\/strong><\/p>\n<p>originalityreport.com&#8217;a ait web sayfalar\u0131, web taray\u0131c\u0131s\u0131 \u00fczerinden bilgisayar sisteminize aktar\u0131lan \u201c\u00e7erez\u201d adl\u0131 dosyalar\u0131n\u0131 kullan\u0131r. Bu dosyalar, bu web sitesini ziyaret eden ki\u015filere kullan\u0131c\u0131 dostu i\u00e7erik sunmam\u0131z\u0131 sa\u011flar.<\/p>\n<p>\u00c7erezlerin toplanmas\u0131, web taray\u0131c\u0131lar\u0131n\u0131n ayarlar\u0131n\u0131 de\u011fi\u015ftirerek durdurulabilir. Zaten yerle\u015ftirilmi\u015f \u00e7erez dosyalar\u0131, belirli bilgisayar programlar\u0131 veya \u0130nternet \u00fczerinden silinebilir. Web sitemizde sunulan baz\u0131 i\u015flevlerin, \u00e7erez toplamay\u0131 devre d\u0131\u015f\u0131 b\u0131rakt\u0131ktan sonra kullan\u0131lamamas\u0131 olas\u0131l\u0131\u011f\u0131n\u0131 unutmay\u0131n.<\/p>\n<p><strong>Sat\u0131n Alma Verilerinin Toplanmas\u0131<\/strong><\/p>\n<p>originalityreport.com, isim, telefon numaras\u0131, e-posta adresi, do\u011fum \u00fclkesi ve do\u011fum tarihi gibi ki\u015fisel bilgileri toplar. Kullan\u0131c\u0131 taleplerini verimli bir \u015fekilde i\u015flemek amac\u0131yla, kaynak ayr\u0131ca kredi kart\u0131 ve pasaport numaralar\u0131, sa\u011fl\u0131k ge\u00e7mi\u015fleri gibi baz\u0131 gizli bilgileri de toplar ve bunlar\u0131 sigorta ortaklar\u0131m\u0131za g\u00f6nderir. Ba\u015fka herhangi bir \u015fekilde originalityreport.com, hi\u00e7bir gizli bilgi toplamaz veya saklamaz.<\/p>\n<p><strong>Ki\u015fisel Olmayan Bilgilerin Toplanmas\u0131<\/strong><\/p>\n<p>originalityreport.com a\u011f\u0131na ait web sayfalar\u0131, a\u015fa\u011f\u0131daki verileri toplayabilir:<\/p>\n<ul>\n<li>T\u00fcr\u00fc web g\u00f6rme yaz\u0131l\u0131m\u0131;<\/li>\n<li>Kullan\u0131lan PC sistemi;<\/li>\n<li>\u00c7evrimi\u00e7i kaynak, internet sitemize eri\u015fim yap\u0131lmas\u0131 i\u00e7in kullan\u0131l\u0131r;<\/li>\n<li>Sayfalar\u0131n alt\u0131nda yer alan sayfalar;<\/li>\n<li>\u0130nternet sitesine ne zaman ziyaret edildi\u011fi tarih ve saat;<\/li>\n<li>IP adresi;<\/li>\n<li>Web sa\u011flay\u0131c\u0131s\u0131;<\/li>\n<li>Bilgi teknolojisi sistemlerimizi sald\u0131rmak i\u00e7in kullan\u0131labilen di\u011fer veriler.<\/li>\n<\/ul>\n<p>S\u00f6ylenen bilgiler a\u015fa\u011f\u0131daki ama\u00e7larla kullan\u0131l\u0131r:<\/p>\n<ul>\n<li>\u0130\u00e7eri\u011fimizi uygun \u015fekilde sunun;\n<\/li>\n<li>\u0130\u00e7eri\u011fi ve nas\u0131l tan\u0131t\u0131ld\u0131\u011f\u0131n\u0131 geli\u015ftirin;\n<\/li>\n<li>Teknolojik uygulanabilirli\u011fi garanti edin;\n<\/li>\n<\/ul>\n<p>Siber sald\u0131r\u0131larla ilgili su\u00e7 soru\u015fturmalar\u0131n\u0131n yap\u0131labilmesi i\u00e7in yetkililere gerekli verileri sa\u011flay\u0131n. Toplanan ger\u00e7ekler, hem \u015firketimizin hem de m\u00fc\u015fterilerimizin veri g\u00fcvenli\u011fini art\u0131rmak amac\u0131yla incelenmektedir.<\/p>\n<p><strong>Kullan\u0131c\u0131lar\u0131n \u00c7erezleri Kulland\u0131\u011f\u0131 Yerler<\/strong><\/p>\n<p>&#8216;\u00c7erezleri&#8217; kullan\u0131yoruz \u00e7\u00fcnk\u00fc bu sayede web sitemizin ziyaretleri ve kullan\u0131m\u0131na dair istatistiksel verileri toplayabiliriz. Ayr\u0131ca, etkili bir gezinme olu\u015fturman\u0131n iyi bir se\u00e7ene\u011fidir.<\/p>\n<p><strong>Ki\u015fisel Bilgilerin Toplanmas\u0131<\/strong><\/p>\n<p>M\u00fc\u015fterilerimiz kaydolurken a\u015fa\u011f\u0131daki ki\u015fisel bilgiyi sa\u011flamalar\u0131 istenir:<\/p>\n<ul>\n<li>Ad<\/li>\n<li>Kontak telefon numaras\u0131<\/li>\n<li>E-posta<\/li>\n<\/ul>\n<p>Bu nedenle, ileti\u015fim bilgilerinin do\u011frulu\u011funu sa\u011flamak \u00f6nerilir \u00e7\u00fcnk\u00fc bu sunulan hizmetlerin y\u00fcksek kalitesinin garantisi olarak kabul edilir.<\/p>\n<p>Uygulamam\u0131z, kullan\u0131c\u0131 do\u011frulamas\u0131ndan sonra yaln\u0131zca Google kullan\u0131c\u0131 verilerine eri\u015fir. T\u00fcm bu veri yaln\u0131zca benzerlik tespiti ama\u00e7lar\u0131 i\u00e7in kullan\u0131lacakt\u0131r; ki\u015fisel bilgilerin payla\u015f\u0131lmas\u0131 veya saklanmas\u0131 d\u00fc\u015f\u00fcn\u00fclmemektedir. originalityreport.com Google kullan\u0131c\u0131 verilerini saklamaz, kullanmaz ya da payla\u015fmaz.<\/p>\n<p>M\u00fc\u015fterilerimiz, ki\u015fisel verilerinin sadece \u015firket personeline d\u0131\u015f\u0131nda hi\u00e7 kimsenin eri\u015febilece\u011fi bir garantisi oldu\u011funu %100 olarak al\u0131rlar. Hi\u00e7bir a\u00e7\u0131klama, payla\u015fma, sat\u0131\u015f, yay\u0131n veya \u00fc\u00e7\u00fcnc\u00fc taraflara g\u00f6nderme m\u00fcmk\u00fcn de\u011fildir. Plagiarizm tespit arac\u0131m\u0131z ile tarad\u0131\u011f\u0131n\u0131z herhangi bir metin \u00fc\u00e7\u00fcnc\u00fc taraf ile aktar\u0131lmaz ya da ba\u015fka ama\u00e7lar i\u00e7in kullan\u0131lmaz. Benzersizli\u011fi kontrol etmek amac\u0131yla sunulan metnin sahibi yaln\u0131zca sizsinizsiniz.<\/p>\n<p><strong>Cebirsel \u0130\u015flemler<\/strong><\/p>\n<p>G\u00fcvenli online i\u015flemler i\u00e7in yaln\u0131zca bilgi s\u0131zd\u0131r\u0131lmas\u0131n\u0131n m\u00fcmk\u00fcn olmad\u0131\u011f\u0131 g\u00fcvenilir \u00f6deme sistemlerini kullan\u0131yoruz. Baz\u0131 durumlarda, Finans Departman\u0131m\u0131z m\u00fc\u015fterilerimizle ileti\u015fime ge\u00e7erek kimliklerinin do\u011frulanmas\u0131 ve t\u00fcm t\u00fcrden \u00e7evrimi\u00e7i doland\u0131r\u0131c\u0131l\u0131klar\u0131n \u00f6nlenmesini sa\u011flamak amac\u0131yla onlar\u0131 arayabilir.<\/p>\n<p><strong>M\u00fc\u015fterilerin Haklar\u0131<\/strong><\/p>\n<p>M\u00fc\u015fteri profili i\u00e7indeki bilgilerin kullan\u0131c\u0131 taraf\u0131ndan d\u00fczeltilmesi, d\u00fczenlenmesi, de\u011fi\u015ftirilmesi ya da silinmesine izin verilir. Herhangi bir de\u011fi\u015fiklik veya yard\u0131ma ihtiyac\u0131n\u0131z oldu\u011funda m\u00fc\u015fteri destek ekibiyle ileti\u015fime ge\u00e7mekten \u00e7ekinmeyin.<\/p>\n<p>Ki\u015fisel kullan\u0131m tercihlerinizle ilgili olarak plagiye tespit hizmetlerimizin ve d\u00fczenleme\/yeniden yazma\/d\u00fczeltme se\u00e7eneklerinin de\u011ferini \u00e7ok y\u00fcksek tutuyoruz. Ki\u015fisel bilgileriniz sadece i\u00e7 \u015firket ama\u00e7lar\u0131 i\u00e7in kullan\u0131lacakt\u0131r. Hizmetlerimizi kullanman\u0131z, gizlilik politikalar\u0131m\u0131za ve d\u00fczenlemelerimize onay\u0131n\u0131z anlam\u0131na gelmektedir.<\/p>\n<p><strong>Google Drive &amp; Hesap Bilgileri<\/strong><\/p>\n<p>Google Drivde ki\u015fisel kullan\u0131m i\u00e7in saklad\u0131\u011f\u0131n\u0131z bilgileri kullanm\u0131yoruz. Ad\u0131n\u0131z, e-posta adresiniz ve dosya ba\u011flant\u0131lar\u0131 otomatik olarak sunucular\u0131m\u0131zda saklanmaz, bunlar\u0131 uygulamam\u0131z \u00fczerinden y\u00fckledi\u011finizde hari\u00e7. Dosyalar\u0131n\u0131z\u0131 veya ki\u015fisel bilgilerinizi \u00fc\u00e7\u00fcnc\u00fc taraflarla payla\u015fmay\u0131 d\u00fc\u015f\u00fcnmemektediriz. Uygulamam\u0131z arac\u0131l\u0131\u011f\u0131yla ya da Google Drivde do\u011frudan yapt\u0131\u011f\u0131n\u0131z de\u011fi\u015fiklikler d\u0131\u015f\u0131nda dosyalar\u0131n\u0131za herhangi bir de\u011fi\u015fiklik yapmazs\u0131n\u0131z. E\u011fer bizimle payla\u015ft\u0131\u011f\u0131n\u0131z metin dosyas\u0131n\u0131 sildi\u011finizi se\u00e7erseniz, veriler h\u0131zl\u0131ca sunucumuzdan kald\u0131r\u0131lacakt\u0131r. Ancak dosyalar Google Drivden silinmez. Herhangi bir zamanda Google Drive verilere eri\u015fim yetene\u011fimizi geri alabilirsiniz. Uygulamam\u0131za Google Drivde eri\u015fmek i\u00e7in kimse kullanamayaca\u011f\u0131na dair hak\u0131m\u0131z\u0131 sakl\u0131 tutar\u0131z.<\/p>\n<p>Ba\u015f\u0131m\u0131zdaki web sitesi kullan\u0131c\u0131lar\u0131n Google Drivdeki dosyalar\u0131na eri\u015febilir, ancak sadece okuma iznine sahip olacakt\u0131r (spesifik olarak, &#8216;https:\/\/www.googleapis.com\/auth\/drive.readonly&#8217; kapsam\u0131). Sadece kullan\u0131c\u0131n\u0131n metin halindeki dosyalar\u0131n\u0131 saklayaca\u011f\u0131z. Kullan\u0131c\u0131 herhangi bir zamanda bu verileri silebilme yetene\u011fine sahiptir.<\/p>\n<p><strong>Google API Hizmet Anla\u015fmas\u0131<\/strong><\/p>\n<p>originalityreport.com\u2019in Google API\u2019leri arac\u0131l\u0131\u011f\u0131yla elde edilen verileri ba\u015fka bir uygulamaya aktarmas\u0131 ve kullan\u0131m\u0131, Google API Hizmetleri Kullan\u0131c\u0131 Verisi Politikas\u0131na uygun olacakt\u0131r; bu da S\u0131n\u0131rl\u0131 Kullan\u0131m gereksinimlerini de i\u00e7ermektedir.<\/p>\n<p><strong>GDPR Uyumlu Ki\u015fisel Verilerin Saklanmas\u0131 ve Silinmesi<\/strong><\/p>\n<p>Genel Veri Koruma Y\u00f6netmeli\u011fi&#8217;ne (GDPR) uygun olarak, ki\u015fisel verilerin yasal i\u015flenmesine ba\u011fl\u0131 kal\u0131yoruz. Hizmetlerin sonland\u0131r\u0131lmas\u0131 veya bir s\u00f6zle\u015fmenin veya anla\u015fman\u0131n s\u00fcresinin dolmas\u0131 durumunda, t\u00fcm ki\u015fisel verileri hukuki bir gereklilik olmad\u0131k\u00e7a geri g\u00f6ndermek veya silmek zorunday\u0131z. Eylemlerimiz GDPR y\u00f6nergelerine s\u0131k\u0131 s\u0131k\u0131ya uymak suretiyle bireylerin ki\u015fisel verilerinin gizlili\u011fini ve korunmas\u0131n\u0131 sa\u011flayacakt\u0131r.<\/p>\n","protected":false,"raw":"<p>Sistem Teknoloji \u0130nternet \u0130spanya SL., Calle Pintor P\u00e9rez Gil 2, b.46 03540, Alicante, \u0130spanya ('biz', 'biz' veya 'bizim') orijinalityreport.com web sitesini i\u015fletiyor ve ki\u015fisel verilerinizin kontrol\u00f6r\u00fcd\u00fcr.<\/p>\r\n<p>Sunumlar\u0131m\u0131z\u0131 g\u00f6zden ge\u00e7irmek i\u00e7in harcad\u0131\u011f\u0131n\u0131z zaman\u0131 ve \u015firketimize hizmetlerimizi ilgi g\u00f6stermenizi belirtmek isteriz. Ki\u015fisel ayr\u0131nt\u0131lar\u0131n gizlili\u011fini garanti edebilece\u011fimizi temin edebilirsiniz. M\u00fc\u015fterilerimizin sa\u011flad\u0131\u011f\u0131 t\u00fcm ki\u015fisel bilgiler g\u00fcvende ve \u00f6zel kalacakt\u0131r. E\u011fer \u015firketimize hizmetler se\u00e7erseniz, herhangi bir ayr\u0131nt\u0131n\u0131n k\u00f6t\u00fcye kullan\u0131lmas\u0131 veya kaybolmas\u0131 m\u00fcmk\u00fcn de\u011fildir.<\/p>\r\n<p>A\u015fa\u011f\u0131da, m\u00fc\u015fterilerimizden toplad\u0131\u011f\u0131m\u0131z veri hakk\u0131nda a\u00e7\u0131klamalar\u0131 bulabilirsiniz.<\/p>\r\n<p>\u0130\u015fbirli\u011fi s\u0131ras\u0131nda a\u015fa\u011f\u0131daki detaylara ihtiyac\u0131m\u0131z var:<\/p>\r\n<ul>\r\n<li>M\u00fc\u015fterilerimiz;\r\n<\/li>\r\n<li>Web sitesi ziyaret\u00e7ilerimiz.<\/li>\r\n<\/ul>\r\n<p>Bu ayr\u0131nt\u0131lar, web sitesi sunucusu taraf\u0131ndan toplanm\u0131\u015ft\u0131r ve \u015funlar\u0131 i\u00e7erir:<\/p>\r\n<ul>\r\n<li>Taray\u0131c\u0131 t\u00fcr\u00fc;<\/li>\r\n<li>Web sitesine eri\u015fim g\u00fcn\u00fc ve saati;<\/li>\r\n<li>\u0130\u015fletim sistemi t\u00fcr\u00fc.<\/li>\r\n<\/ul>\r\n<p>Toplad\u0131\u011f\u0131m\u0131z bilgi hi\u00e7bir zaman sat\u0131lmaz veya payla\u015f\u0131lmaz; kimli\u011fin a\u00e7\u0131klanmas\u0131ndan ba\u011f\u0131ms\u0131zd\u0131r. Toplanan verileri toplayan tek amac\u0131, verileri \u00f6zelle\u015ftirmek ve web sitesinin i\u00e7eri\u011fini geli\u015ftirmektir.<\/p>\r\n<p><strong>Kuki'ler<\/strong><\/p>\r\n<p>originalityreport.com'a ait web sayfalar\u0131, web taray\u0131c\u0131s\u0131 \u00fczerinden bilgisayar sisteminize aktar\u0131lan \u201c\u00e7erez\u201d adl\u0131 dosyalar\u0131n\u0131 kullan\u0131r. Bu dosyalar, bu web sitesini ziyaret eden ki\u015filere kullan\u0131c\u0131 dostu i\u00e7erik sunmam\u0131z\u0131 sa\u011flar.<\/p>\r\n<p>\u00c7erezlerin toplanmas\u0131, web taray\u0131c\u0131lar\u0131n\u0131n ayarlar\u0131n\u0131 de\u011fi\u015ftirerek durdurulabilir. Zaten yerle\u015ftirilmi\u015f \u00e7erez dosyalar\u0131, belirli bilgisayar programlar\u0131 veya \u0130nternet \u00fczerinden silinebilir. Web sitemizde sunulan baz\u0131 i\u015flevlerin, \u00e7erez toplamay\u0131 devre d\u0131\u015f\u0131 b\u0131rakt\u0131ktan sonra kullan\u0131lamamas\u0131 olas\u0131l\u0131\u011f\u0131n\u0131 unutmay\u0131n.<\/p>\r\n<p><strong>Sat\u0131n Alma Verilerinin Toplanmas\u0131<\/strong><\/p>\r\n<p>originalityreport.com, isim, telefon numaras\u0131, e-posta adresi, do\u011fum \u00fclkesi ve do\u011fum tarihi gibi ki\u015fisel bilgileri toplar. Kullan\u0131c\u0131 taleplerini verimli bir \u015fekilde i\u015flemek amac\u0131yla, kaynak ayr\u0131ca kredi kart\u0131 ve pasaport numaralar\u0131, sa\u011fl\u0131k ge\u00e7mi\u015fleri gibi baz\u0131 gizli bilgileri de toplar ve bunlar\u0131 sigorta ortaklar\u0131m\u0131za g\u00f6nderir. Ba\u015fka herhangi bir \u015fekilde originalityreport.com, hi\u00e7bir gizli bilgi toplamaz veya saklamaz.<\/p>\r\n<p><strong>Ki\u015fisel Olmayan Bilgilerin Toplanmas\u0131<\/strong><\/p>\r\n<p>originalityreport.com a\u011f\u0131na ait web sayfalar\u0131, a\u015fa\u011f\u0131daki verileri toplayabilir:<\/p>\r\n<ul>\r\n<li>T\u00fcr\u00fc web g\u00f6rme yaz\u0131l\u0131m\u0131;<\/li>\r\n<li>Kullan\u0131lan PC sistemi;<\/li>\r\n<li>\u00c7evrimi\u00e7i kaynak, internet sitemize eri\u015fim yap\u0131lmas\u0131 i\u00e7in kullan\u0131l\u0131r;<\/li>\r\n<li>Sayfalar\u0131n alt\u0131nda yer alan sayfalar;<\/li>\r\n<li>\u0130nternet sitesine ne zaman ziyaret edildi\u011fi tarih ve saat;<\/li>\r\n<li>IP adresi;<\/li>\r\n<li>Web sa\u011flay\u0131c\u0131s\u0131;<\/li>\r\n<li>Bilgi teknolojisi sistemlerimizi sald\u0131rmak i\u00e7in kullan\u0131labilen di\u011fer veriler.<\/li>\r\n<\/ul>\r\n<p>S\u00f6ylenen bilgiler a\u015fa\u011f\u0131daki ama\u00e7larla kullan\u0131l\u0131r:<\/p>\r\n<ul>\r\n<li>\u0130\u00e7eri\u011fimizi uygun \u015fekilde sunun;\r\n<\/li>\r\n<li>\u0130\u00e7eri\u011fi ve nas\u0131l tan\u0131t\u0131ld\u0131\u011f\u0131n\u0131 geli\u015ftirin;\r\n<\/li>\r\n<li>Teknolojik uygulanabilirli\u011fi garanti edin;\r\n<\/li>\r\n<\/ul>\r\n<p>Siber sald\u0131r\u0131larla ilgili su\u00e7 soru\u015fturmalar\u0131n\u0131n yap\u0131labilmesi i\u00e7in yetkililere gerekli verileri sa\u011flay\u0131n. Toplanan ger\u00e7ekler, hem \u015firketimizin hem de m\u00fc\u015fterilerimizin veri g\u00fcvenli\u011fini art\u0131rmak amac\u0131yla incelenmektedir.<\/p>\r\n<p><strong>Kullan\u0131c\u0131lar\u0131n \u00c7erezleri Kulland\u0131\u011f\u0131 Yerler<\/strong><\/p>\r\n<p>'\u00c7erezleri' kullan\u0131yoruz \u00e7\u00fcnk\u00fc bu sayede web sitemizin ziyaretleri ve kullan\u0131m\u0131na dair istatistiksel verileri toplayabiliriz. Ayr\u0131ca, etkili bir gezinme olu\u015fturman\u0131n iyi bir se\u00e7ene\u011fidir.<\/p>\r\n<p><strong>Ki\u015fisel Bilgilerin Toplanmas\u0131<\/strong><\/p>\r\n<p>M\u00fc\u015fterilerimiz kaydolurken a\u015fa\u011f\u0131daki ki\u015fisel bilgiyi sa\u011flamalar\u0131 istenir:<\/p>\r\n<ul>\r\n<li>Ad<\/li>\r\n<li>Kontak telefon numaras\u0131<\/li>\r\n<li>E-posta<\/li>\r\n<\/ul>\r\n<p>Bu nedenle, ileti\u015fim bilgilerinin do\u011frulu\u011funu sa\u011flamak \u00f6nerilir \u00e7\u00fcnk\u00fc bu sunulan hizmetlerin y\u00fcksek kalitesinin garantisi olarak kabul edilir.<\/p>\r\n<p>Uygulamam\u0131z, kullan\u0131c\u0131 do\u011frulamas\u0131ndan sonra yaln\u0131zca Google kullan\u0131c\u0131 verilerine eri\u015fir. T\u00fcm bu veri yaln\u0131zca benzerlik tespiti ama\u00e7lar\u0131 i\u00e7in kullan\u0131lacakt\u0131r; ki\u015fisel bilgilerin payla\u015f\u0131lmas\u0131 veya saklanmas\u0131 d\u00fc\u015f\u00fcn\u00fclmemektedir. originalityreport.com Google kullan\u0131c\u0131 verilerini saklamaz, kullanmaz ya da payla\u015fmaz.<\/p>\r\n<p>M\u00fc\u015fterilerimiz, ki\u015fisel verilerinin sadece \u015firket personeline d\u0131\u015f\u0131nda hi\u00e7 kimsenin eri\u015febilece\u011fi bir garantisi oldu\u011funu %100 olarak al\u0131rlar. Hi\u00e7bir a\u00e7\u0131klama, payla\u015fma, sat\u0131\u015f, yay\u0131n veya \u00fc\u00e7\u00fcnc\u00fc taraflara g\u00f6nderme m\u00fcmk\u00fcn de\u011fildir. Plagiarizm tespit arac\u0131m\u0131z ile tarad\u0131\u011f\u0131n\u0131z herhangi bir metin \u00fc\u00e7\u00fcnc\u00fc taraf ile aktar\u0131lmaz ya da ba\u015fka ama\u00e7lar i\u00e7in kullan\u0131lmaz. Benzersizli\u011fi kontrol etmek amac\u0131yla sunulan metnin sahibi yaln\u0131zca sizsinizsiniz.<\/p>\r\n<p><strong>Cebirsel \u0130\u015flemler<\/strong><\/p>\r\n<p>G\u00fcvenli online i\u015flemler i\u00e7in yaln\u0131zca bilgi s\u0131zd\u0131r\u0131lmas\u0131n\u0131n m\u00fcmk\u00fcn olmad\u0131\u011f\u0131 g\u00fcvenilir \u00f6deme sistemlerini kullan\u0131yoruz. Baz\u0131 durumlarda, Finans Departman\u0131m\u0131z m\u00fc\u015fterilerimizle ileti\u015fime ge\u00e7erek kimliklerinin do\u011frulanmas\u0131 ve t\u00fcm t\u00fcrden \u00e7evrimi\u00e7i doland\u0131r\u0131c\u0131l\u0131klar\u0131n \u00f6nlenmesini sa\u011flamak amac\u0131yla onlar\u0131 arayabilir.<\/p>\r\n<p><strong>M\u00fc\u015fterilerin Haklar\u0131<\/strong><\/p>\r\n<p>M\u00fc\u015fteri profili i\u00e7indeki bilgilerin kullan\u0131c\u0131 taraf\u0131ndan d\u00fczeltilmesi, d\u00fczenlenmesi, de\u011fi\u015ftirilmesi ya da silinmesine izin verilir. Herhangi bir de\u011fi\u015fiklik veya yard\u0131ma ihtiyac\u0131n\u0131z oldu\u011funda m\u00fc\u015fteri destek ekibiyle ileti\u015fime ge\u00e7mekten \u00e7ekinmeyin.<\/p>\r\n<p>Ki\u015fisel kullan\u0131m tercihlerinizle ilgili olarak plagiye tespit hizmetlerimizin ve d\u00fczenleme\/yeniden yazma\/d\u00fczeltme se\u00e7eneklerinin de\u011ferini \u00e7ok y\u00fcksek tutuyoruz. Ki\u015fisel bilgileriniz sadece i\u00e7 \u015firket ama\u00e7lar\u0131 i\u00e7in kullan\u0131lacakt\u0131r. Hizmetlerimizi kullanman\u0131z, gizlilik politikalar\u0131m\u0131za ve d\u00fczenlemelerimize onay\u0131n\u0131z anlam\u0131na gelmektedir.<\/p>\r\n<p><strong>Google Drive &amp; Hesap Bilgileri<\/strong><\/p>\r\n<p>Google Drivde ki\u015fisel kullan\u0131m i\u00e7in saklad\u0131\u011f\u0131n\u0131z bilgileri kullanm\u0131yoruz. Ad\u0131n\u0131z, e-posta adresiniz ve dosya ba\u011flant\u0131lar\u0131 otomatik olarak sunucular\u0131m\u0131zda saklanmaz, bunlar\u0131 uygulamam\u0131z \u00fczerinden y\u00fckledi\u011finizde hari\u00e7. Dosyalar\u0131n\u0131z\u0131 veya ki\u015fisel bilgilerinizi \u00fc\u00e7\u00fcnc\u00fc taraflarla payla\u015fmay\u0131 d\u00fc\u015f\u00fcnmemektediriz. Uygulamam\u0131z arac\u0131l\u0131\u011f\u0131yla ya da Google Drivde do\u011frudan yapt\u0131\u011f\u0131n\u0131z de\u011fi\u015fiklikler d\u0131\u015f\u0131nda dosyalar\u0131n\u0131za herhangi bir de\u011fi\u015fiklik yapmazs\u0131n\u0131z. E\u011fer bizimle payla\u015ft\u0131\u011f\u0131n\u0131z metin dosyas\u0131n\u0131 sildi\u011finizi se\u00e7erseniz, veriler h\u0131zl\u0131ca sunucumuzdan kald\u0131r\u0131lacakt\u0131r. Ancak dosyalar Google Drivden silinmez. Herhangi bir zamanda Google Drive verilere eri\u015fim yetene\u011fimizi geri alabilirsiniz. Uygulamam\u0131za Google Drivde eri\u015fmek i\u00e7in kimse kullanamayaca\u011f\u0131na dair hak\u0131m\u0131z\u0131 sakl\u0131 tutar\u0131z.<\/p>\r\n<p>Ba\u015f\u0131m\u0131zdaki web sitesi kullan\u0131c\u0131lar\u0131n Google Drivdeki dosyalar\u0131na eri\u015febilir, ancak sadece okuma iznine sahip olacakt\u0131r (spesifik olarak, 'https:\/\/www.googleapis.com\/auth\/drive.readonly' kapsam\u0131). Sadece kullan\u0131c\u0131n\u0131n metin halindeki dosyalar\u0131n\u0131 saklayaca\u011f\u0131z. Kullan\u0131c\u0131 herhangi bir zamanda bu verileri silebilme yetene\u011fine sahiptir.<\/p>\r\n<p><strong>Google API Hizmet Anla\u015fmas\u0131<\/strong><\/p>\r\n<p>originalityreport.com\u2019in Google API\u2019leri arac\u0131l\u0131\u011f\u0131yla elde edilen verileri ba\u015fka bir uygulamaya aktarmas\u0131 ve kullan\u0131m\u0131, Google API Hizmetleri Kullan\u0131c\u0131 Verisi Politikas\u0131na uygun olacakt\u0131r; bu da S\u0131n\u0131rl\u0131 Kullan\u0131m gereksinimlerini de i\u00e7ermektedir.<\/p>\r\n<p><strong>GDPR Uyumlu Ki\u015fisel Verilerin Saklanmas\u0131 ve Silinmesi<\/strong><\/p>\r\n<p>Genel Veri Koruma Y\u00f6netmeli\u011fi'ne (GDPR) uygun olarak, ki\u015fisel verilerin yasal i\u015flenmesine ba\u011fl\u0131 kal\u0131yoruz. Hizmetlerin sonland\u0131r\u0131lmas\u0131 veya bir s\u00f6zle\u015fmenin veya anla\u015fman\u0131n s\u00fcresinin dolmas\u0131 durumunda, t\u00fcm ki\u015fisel verileri hukuki bir gereklilik olmad\u0131k\u00e7a geri g\u00f6ndermek veya silmek zorunday\u0131z. Eylemlerimiz GDPR y\u00f6nergelerine s\u0131k\u0131 s\u0131k\u0131ya uymak suretiyle bireylerin ki\u015fisel verilerinin gizlili\u011fini ve korunmas\u0131n\u0131 sa\u011flayacakt\u0131r.<\/p>"},"excerpt":{"rendered":"Sistem Teknoloji \u0130nternet \u0130spanya SL., Calle Pintor P\u00e9rez Gil 2, b.46 03540, Alicante, \u0130spanya (&#8220;bizim&#8221;, &#8220;biz&#8221; veya &#8220;bizim&#8221;) orijinalityreport.com web sitesini i\u015fletiyor ve ki\u015fisel verilerinizin kontrol\u00f6r\u00fcd\u00fcr. Sunumlar\u0131m\u0131z\u0131 g\u00f6zden ge\u00e7irmek i\u00e7in harcad\u0131\u011f\u0131n\u0131z zaman\u0131 ve \u015firketimize hizmetlerimizi ilgi g\u00f6stermenizi belirtmek isteriz. Sizin.","protected":false,"raw":"Sistem Teknoloji \u0130nternet \u0130spanya SL., Calle Pintor P\u00e9rez Gil 2, b.46 03540, Alicante, \u0130spanya (&#8220;bizim&#8221;, &#8220;biz&#8221; veya &#8220;bizim&#8221;) orijinalityreport.com web sitesini i\u015fletiyor ve ki\u015fisel verilerinizin kontrol\u00f6r\u00fcd\u00fcr. Sunumlar\u0131m\u0131z\u0131 g\u00f6zden ge\u00e7irmek i\u00e7in harcad\u0131\u011f\u0131n\u0131z zaman\u0131 ve \u015firketimize hizmetlerimizi ilgi g\u00f6stermenizi belirtmek isteriz. Sizin."},"author":1,"featured_media":0,"parent":0,"menu_order":0,"comment_status":"closed","ping_status":"closed","template":"","meta":{"_aioseo_title":null,"_aioseo_description":null,"_locale":"tr_TR","_original_post":"https:\/\/originalityreport.com\/?page_id=49","footnotes":""},"class_list":["post-551","page","type-page","status-publish","hentry","tr-TR"],"aioseo_notices":[],"_links":{"self":[{"href":"https:\/\/originalityreport.com\/wp-json\/wp\/v2\/pages\/551","targetHints":{"allow":["GET"]}}],"collection":[{"href":"https:\/\/originalityreport.com\/wp-json\/wp\/v2\/pages"}],"about":[{"href":"https:\/\/originalityreport.com\/wp-json\/wp\/v2\/types\/page"}],"author":[{"embeddable":true,"href":"https:\/\/originalityreport.com\/wp-json\/wp\/v2\/users\/1"}],"replies":[{"embeddable":true,"href":"https:\/\/originalityreport.com\/wp-json\/wp\/v2\/comments?post=551"}],"version-history":[{"count":3,"href":"https:\/\/originalityreport.com\/wp-json\/wp\/v2\/pages\/551\/revisions"}],"predecessor-version":[{"id":907,"href":"https:\/\/originalityreport.com\/wp-json\/wp\/v2\/pages\/551\/revisions\/907"}],"wp:attachment":[{"href":"https:\/\/originalityreport.com\/wp-json\/wp\/v2\/media?parent=551"}],"curies":[{"name":"wp","href":"https:\/\/api.w.org\/{rel}","templated":true}]}}