{"id":387,"date":"2025-03-24T16:48:48","date_gmt":"2025-03-24T16:48:48","guid":{"rendered":"https:\/\/originalityreport.com\/?page_id=387","raw":"https:\/\/originalityreport.com\/?page_id=387"},"modified":"2025-07-24T20:51:06","modified_gmt":"2025-07-24T20:51:06","slug":"home","status":"publish","type":"page","link":"https:\/\/originalityreport.com\/","title":{"rendered":"Ana Sayfa","raw":"Ana Sayfa"},"content":{"rendered":"","protected":false,"raw":""},"excerpt":{"rendered":"","protected":false,"raw":""},"author":1,"featured_media":0,"parent":0,"menu_order":0,"comment_status":"closed","ping_status":"closed","template":"","meta":{"_aioseo_title":"OriginalityReport: \u0130ntihal Kontrol\u00fc &amp; AI\u2011Metin Analizi","_aioseo_description":"Eksiksiz platform ile hem intihal kontrol\u00fc hem de yapay zeka ile olu\u015fturulmu\u015f metinlerin analizi. G\u00fcvenilir sonu\u00e7lar, kullan\u0131c\u0131 dostu aray\u00fcz \u2013 \u00f6\u011frenciler ideal.","_locale":"tr_TR","_original_post":"https:\/\/originalityreport.com\/?page_id=24","footnotes":""},"class_list":["post-387","page","type-page","status-publish","hentry","tr-TR"],"aioseo_notices":[],"_links":{"self":[{"href":"https:\/\/originalityreport.com\/wp-json\/wp\/v2\/pages\/387","targetHints":{"allow":["GET"]}}],"collection":[{"href":"https:\/\/originalityreport.com\/wp-json\/wp\/v2\/pages"}],"about":[{"href":"https:\/\/originalityreport.com\/wp-json\/wp\/v2\/types\/page"}],"author":[{"embeddable":true,"href":"https:\/\/originalityreport.com\/wp-json\/wp\/v2\/users\/1"}],"replies":[{"embeddable":true,"href":"https:\/\/originalityreport.com\/wp-json\/wp\/v2\/comments?post=387"}],"version-history":[{"count":1,"href":"https:\/\/originalityreport.com\/wp-json\/wp\/v2\/pages\/387\/revisions"}],"predecessor-version":[{"id":388,"href":"https:\/\/originalityreport.com\/wp-json\/wp\/v2\/pages\/387\/revisions\/388"}],"wp:attachment":[{"href":"https:\/\/originalityreport.com\/wp-json\/wp\/v2\/media?parent=387"}],"curies":[{"name":"wp","href":"https:\/\/api.w.org\/{rel}","templated":true}]}}