{"id":333,"date":"2025-03-24T16:56:05","date_gmt":"2025-03-24T16:56:05","guid":{"rendered":"https:\/\/originalityreport.com\/?page_id=333","raw":"https:\/\/originalityreport.com\/?page_id=333"},"modified":"2025-04-04T08:47:54","modified_gmt":"2025-04-04T08:47:54","slug":"contact-us","status":"publish","type":"page","link":"https:\/\/originalityreport.com\/tr\/contact-us\/","title":{"rendered":"\u0130leti\u015fimler","raw":"\u0130leti\u015fimler"},"content":{"rendered":"","protected":false,"raw":""},"excerpt":{"rendered":"\u0130leti\u015fimler","protected":false,"raw":"\u0130leti\u015fimler"},"author":1,"featured_media":0,"parent":0,"menu_order":0,"comment_status":"closed","ping_status":"closed","template":"","meta":{"_aioseo_title":null,"_aioseo_description":null,"_locale":"tr_TR","_original_post":"https:\/\/originalityreport.com\/?page_id=11","footnotes":""},"class_list":["post-333","page","type-page","status-publish","hentry","tr-TR"],"aioseo_notices":[],"_links":{"self":[{"href":"https:\/\/originalityreport.com\/wp-json\/wp\/v2\/pages\/333","targetHints":{"allow":["GET"]}}],"collection":[{"href":"https:\/\/originalityreport.com\/wp-json\/wp\/v2\/pages"}],"about":[{"href":"https:\/\/originalityreport.com\/wp-json\/wp\/v2\/types\/page"}],"author":[{"embeddable":true,"href":"https:\/\/originalityreport.com\/wp-json\/wp\/v2\/users\/1"}],"replies":[{"embeddable":true,"href":"https:\/\/originalityreport.com\/wp-json\/wp\/v2\/comments?post=333"}],"version-history":[{"count":1,"href":"https:\/\/originalityreport.com\/wp-json\/wp\/v2\/pages\/333\/revisions"}],"predecessor-version":[{"id":334,"href":"https:\/\/originalityreport.com\/wp-json\/wp\/v2\/pages\/333\/revisions\/334"}],"wp:attachment":[{"href":"https:\/\/originalityreport.com\/wp-json\/wp\/v2\/media?parent=333"}],"curies":[{"name":"wp","href":"https:\/\/api.w.org\/{rel}","templated":true}]}}