{"id":1652,"date":"2025-11-06T10:28:42","date_gmt":"2025-11-06T10:28:42","guid":{"rendered":"https:\/\/originalityreport.com\/?page_id=1652","raw":"https:\/\/originalityreport.com\/?page_id=1652"},"modified":"2026-03-30T16:46:50","modified_gmt":"2026-03-30T16:46:50","slug":"blog","status":"publish","type":"page","link":"https:\/\/originalityreport.com\/tr\/blog\/","title":{"rendered":"Blog","raw":"Blog"},"content":{"rendered":"<div class=\"blog-top-part\">\n<h1 class=\"page-title\">\u0130\u00e7g\u00f6r\u00fcler &amp; G\u00fcncellemeler<\/h1>\n<div class=\"page-green-subtitle\">Trendleri, \u0130pu\u00e7lar\u0131n\u0131 ve Yenilikleri Ke\u015ffedin<\/div>\n<div class=\"page-subtitle\">\u00c7al\u0131\u015fman\u0131z\u0131 korumak ve dijital \u00e7a\u011fda \u00f6nde olmak i\u00e7in teknoloji, yapay zeka, intihal tespiti ve yazma ipu\u00e7lar\u0131 hakk\u0131ndaki uzman makaleleri ke\u015ffedin.<\/div>\n<\/div>\n","protected":false,"raw":"<div class=\"blog-top-part\">\r\n<h1 class=\"page-title\">\u0130\u00e7g\u00f6r\u00fcler &amp; G\u00fcncellemeler<\/h1>\r\n<div class=\"page-green-subtitle\">Trendleri, \u0130pu\u00e7lar\u0131n\u0131 ve Yenilikleri Ke\u015ffedin<\/div>\r\n<div class=\"page-subtitle\">\u00c7al\u0131\u015fman\u0131z\u0131 korumak ve dijital \u00e7a\u011fda \u00f6nde olmak i\u00e7in teknoloji, yapay zeka, intihal tespiti ve yazma ipu\u00e7lar\u0131 hakk\u0131ndaki uzman makaleleri ke\u015ffedin.<\/div>\r\n<\/div>\r\n"},"excerpt":{"rendered":"\u0130\u00e7g\u00f6r\u00fcler &#038; G\u00fcncellemeler Trendleri, \u0130pu\u00e7lar\u0131n\u0131 ve Yenilikleri Ke\u015ffedin \u00c7al\u0131\u015fman\u0131z\u0131 korumak ve dijital \u00e7a\u011fda \u00f6nde olmak i\u00e7in teknoloji, yapay zeka, intihal tespiti ve yazma ipu\u00e7lar\u0131 hakk\u0131nda uzman makaleleri ke\u015ffedin.","protected":false,"raw":"\u0130\u00e7g\u00f6r\u00fcler & G\u00fcncellemeler Trendleri, \u0130pu\u00e7lar\u0131n\u0131 ve Yenilikleri Ke\u015ffedin \u00c7al\u0131\u015fman\u0131z\u0131 korumak ve dijital \u00e7a\u011fda \u00f6nde olmak i\u00e7in teknoloji, yapay zeka, intihal tespiti ve yazma ipu\u00e7lar\u0131 hakk\u0131nda uzman makaleleri ke\u015ffedin."},"author":1,"featured_media":0,"parent":0,"menu_order":0,"comment_status":"closed","ping_status":"closed","template":"","meta":{"_aioseo_title":"Orijinallik Raporu Blogu | Yapay Zeka, \u0130ntihal ve Yazma \u0130pu\u00e7lar\u0131","_aioseo_description":"Orijinallik Raporu Blogu\u2019nda yapay zeka, intihal tespiti, i\u00e7erik \u00fcretimi ve yazma ipu\u00e7lar\u0131 hakk\u0131nda g\u00fcncel makalelerle bilginizi art\u0131r\u0131n; akademik ve profesyonel \u00e7al\u0131\u015fmalar\u0131n\u0131z\u0131 g\u00fcvenle geli\u015ftirin.","_locale":"tr_TR","_original_post":"https:\/\/originalityreport.com\/?page_id=1003","footnotes":""},"class_list":["post-1652","page","type-page","status-publish","hentry","tr-TR"],"aioseo_notices":[],"_links":{"self":[{"href":"https:\/\/originalityreport.com\/wp-json\/wp\/v2\/pages\/1652","targetHints":{"allow":["GET"]}}],"collection":[{"href":"https:\/\/originalityreport.com\/wp-json\/wp\/v2\/pages"}],"about":[{"href":"https:\/\/originalityreport.com\/wp-json\/wp\/v2\/types\/page"}],"author":[{"embeddable":true,"href":"https:\/\/originalityreport.com\/wp-json\/wp\/v2\/users\/1"}],"replies":[{"embeddable":true,"href":"https:\/\/originalityreport.com\/wp-json\/wp\/v2\/comments?post=1652"}],"version-history":[{"count":1,"href":"https:\/\/originalityreport.com\/wp-json\/wp\/v2\/pages\/1652\/revisions"}],"predecessor-version":[{"id":1657,"href":"https:\/\/originalityreport.com\/wp-json\/wp\/v2\/pages\/1652\/revisions\/1657"}],"wp:attachment":[{"href":"https:\/\/originalityreport.com\/wp-json\/wp\/v2\/media?parent=1652"}],"curies":[{"name":"wp","href":"https:\/\/api.w.org\/{rel}","templated":true}]}}