{"id":549,"date":"2025-03-24T11:46:19","date_gmt":"2025-03-24T11:46:19","guid":{"rendered":"https:\/\/originalityreport.com\/?page_id=549","raw":"https:\/\/originalityreport.com\/?page_id=549"},"modified":"2025-04-04T08:49:49","modified_gmt":"2025-04-04T08:49:49","slug":"privacy-policy","status":"publish","type":"page","link":"https:\/\/originalityreport.com\/sv\/privacy-policy\/","title":{"rendered":"Integritetspolicy","raw":"Integritetspolicy"},"content":{"rendered":"<p>System Technology Online Spain SL., Calle Pintor P\u00e9rez Gil 2, b.46 03540, Alicante, Spanien (\u201coss\u201d, \u201cvi\u201d, eller \u201cv\u00e5rt\u201d) driver originalityreport.com-webbplatsen och \u00e4r kontrollant av dina personuppgifter.<\/p>\n<p>Vi skulle vilja uttrycka v\u00e5r tacksamhet f\u00f6r den tid du har spenderat p\u00e5 att granska v\u00e5ra erbjudanden och ditt intresse f\u00f6r v\u00e5rt f\u00f6retags tj\u00e4nster. Du kan vara s\u00e4ker p\u00e5 att vi garanterar konfidentialiteten av alla personuppgifter hos v\u00e5ra kunder. Alla typer av personlig information som v\u00e5ra kunder ger till k\u00e4nna f\u00f6rblir s\u00e4kra och privat. Ingen missbrukning eller f\u00f6rlust av detaljerna \u00e4r m\u00f6jlig om du v\u00e4ljer v\u00e5r f\u00f6retags tj\u00e4nster.<\/p>\n<p>Nedan hittar du f\u00f6rtydliganden ang\u00e5ende de uppgifter vi samlar in fr\u00e5n v\u00e5ra kunder.<\/p>\n<p>Medan ni samarbetar beh\u00f6ver vi f\u00f6ljande detaljer:<\/p>\n<ul>\n<li>V\u00e5ra kunder;<\/li>\n<li>Bes\u00f6kare av v\u00e5r webbplats.<\/li>\n<\/ul>\n<p>Dessa detaljer som samlas in av webbservrar inkluderar:<\/p>\n<ul>\n<li>Typ av webbl\u00e4sare;<\/li>\n<li>Dag och tid f\u00f6r \u00e5tkomst till webbplatsen;<\/li>\n<li>Typ av operativsystem.<\/li>\n<\/ul>\n<p>V\u00e4nligen observera att insamlad information aldrig s\u00e4ljs eller delas; den \u00e4r inte relaterad till avsl\u00f6jandet av n\u00e5gon identitet. Det enda syftet med datainsamlingen \u00e4r anpassning av datan och f\u00f6rb\u00e4ttringen av webbplatsens inneh\u00e5ll.<\/p>\n<p><strong>Kakor<\/strong><\/p>\n<p>Sidor som tillh\u00f6r originalityreport.com anv\u00e4nder filer kallade &#8221;kakor&#8221; \u2013 textfiler som \u00f6verf\u00f6rs till datorsystemet via webbl\u00e4saren. Dessa filer g\u00f6r det m\u00f6jligt f\u00f6r oss att erbjuda bes\u00f6kare av v\u00e5r webbplats inneh\u00e5ll som l\u00e4tt \u00e4r att navigera.<\/p>\n<p>Insamlingen av kakor kan stoppas om du \u00e4ndrar inst\u00e4llningarna i din webbl\u00e4sare. Redan satta kakofiler kan tas bort med hj\u00e4lp av specifika datorprogram eller via Internet. Observera att vissa funktioner som erbjuds p\u00e5 v\u00e5r hemsida kanske inte l\u00e4ngre \u00e4r tillg\u00e4ngliga efter att insamlingen av kakor har inaktiverats.<\/p>\n<p><strong>Ink\u00f6psdatainsamling<\/strong><\/p>\n<p>originalityreport.com samlar in s\u00e5dana personuppgifter som namn, telefonnummer, e-postadress, hemland och f\u00f6delsedatum. F\u00f6r att bearbeta anv\u00e4ndarnas ans\u00f6kningar effektivt samlar v\u00e5r resurs ocks\u00e5 in viss konfidentiell information, dvs kreditkorts- och passnumren samt h\u00e4lsohistorier f\u00f6r att skicka till v\u00e5ra f\u00f6rs\u00e4kringspartners. P\u00e5 n\u00e5got annat s\u00e4tt samlar eller lagrar originalityreport.com inte in n\u00e5gon konfidentiell information.<\/p>\n<p><strong>Samla in allm\u00e4nna uppgifter<\/strong><\/p>\n<p>Webbplatserna som tillh\u00f6r n\u00e4tverket originalityreport.com kan samla in information om:<\/p>\n<ul>\n<li>Typ av webbl\u00e4sarsoftware;<\/li>\n<li>Anv\u00e4nd PC-system;<\/li>\n<li>Omn\u00e4th\u00e5llning fr\u00e5n vilken en \u00e5tkomst till v\u00e5r hemsida g\u00f6rs;<\/li>\n<li>Sidundermeny;<\/li>\n<li>Datum och tidpunkt d\u00e5 v\u00e5r hemsida bes\u00f6ks;<\/li>\n<li>IP-adress;<\/li>\n<li>Webbprovider;<\/li>\n<li>Annan information som kan anv\u00e4ndas f\u00f6r att attackera v\u00e5ra IT-system.<\/li>\n<\/ul>\n<p>Den n\u00e4mnda informationen anv\u00e4nds till:<\/p>\n<ul>\n<li>Presentera v\u00e5ra inneh\u00e5ll p\u00e5 ett l\u00e4mpligt s\u00e4tt;<\/li>\n<li>F\u00f6rb\u00e4ttra b\u00e5de inneh\u00e5llet och hur det annonseras;<\/li>\n<li>S\u00e4kerst\u00e4lla teknisk genomf\u00f6rbarhet;<\/li>\n<\/ul>\n<p>Leverera myndigheter med de uppgifter som beh\u00f6vs f\u00f6r att genomf\u00f6ra en kriminalutredning r\u00f6rande cyberattacker. De insamlade fakta granskas f\u00f6r att f\u00f6rb\u00e4ttra dataskyddet f\u00f6r b\u00e5de v\u00e5r f\u00f6retag och v\u00e5ra kunder.<\/p>\n<p><strong>Anv\u00e4ndningen av kakor<\/strong><\/p>\n<p>Vi anv\u00e4nder oss av &#8217;kakor&#8217; eftersom de g\u00f6r att vi kan samla in statistiska data om bes\u00f6k och anv\u00e4ndning av v\u00e5r hemsida. Dessutom \u00e4r det ett bra s\u00e4tt att skapa effektiv navigering.<\/p>\n<p><strong>Inh\u00e4mtning av personuppgifter<\/strong><\/p>\n<p>V\u00e5ra kunder ombeds att ange f\u00f6ljande personuppgifter vid registreringen:<\/p>\n<ul>\n<li>Namn<\/li>\n<li>Kontaktnummer<\/li>\n<li>E-postadress<\/li>\n<\/ul>\n<p>D\u00e4rf\u00f6r rekommenderas det att s\u00e4kerst\u00e4lla korrektheten av kontaktuppgifterna eftersom det \u00e4r en garanti f\u00f6r h\u00f6g kvalitet p\u00e5 de tillhandah\u00e5llna tj\u00e4nsterna.<\/p>\n<p>V\u00e5r appar \u00e5tkomst till Google-anv\u00e4ndardata endast efter att anv\u00e4ndarens verifiering har skett. All data kommer endast anv\u00e4ndas f\u00f6r att uppt\u00e4cka plagiat, inget delning eller lagring av personlig information \u00e4r t\u00e4nkt. originalityreport.com lagrar inte, anv\u00e4nder eller delar Google-anv\u00e4ndardata.<\/p>\n<p>V\u00e5ra kunder f\u00e5r en garanti p\u00e5 100 % att deras personuppgifter aldrig kommer att vara tillg\u00e4ngliga f\u00f6r n\u00e5gon utom f\u00f6retagets personal. Det \u00e4r inget m\u00f6jligt med avsl\u00f6jande, delning, s\u00e4ljning, publicering eller skicka till tredje parter. Ingen text du skanner med v\u00e5rt plagiatuppt\u00e4ckt verktyg \u00f6verf\u00f6rs till en tredje part eller anv\u00e4nds f\u00f6r n\u00e5gra andra \u00e4ndam\u00e5l. Du \u00e4r den enda \u00e4garen av texten som exponeras f\u00f6r plagiatkontrollen f\u00f6r att verifiera originaliteten av inneh\u00e5llet.<\/p>\n<p><strong>Webbtransaktioner<\/strong><\/p>\n<p>Vi anv\u00e4nder endast s\u00e4kra webbtransaktioner via p\u00e5litliga betalningssystem som utesluter n\u00e5gon m\u00f6jlighet till informationsl\u00e4ckage. I vissa fall kontaktar Finansavdelningen v\u00e5ra kunder f\u00f6r att s\u00e4kerst\u00e4lla verifieringen av deras identiteter och f\u00f6rebygga alla typer av onlinebetr\u00e4geri.<\/p>\n<p><strong>Kundernas r\u00e4ttigheter<\/strong><\/p>\n<p>Informationen i kundens profil kan \u00e4ndras, redigeras, ers\u00e4ttas eller tas bort av anv\u00e4ndaren. Om du beh\u00f6ver n\u00e5gra \u00e4ndringar eller hj\u00e4lp, tveka inte att kontakta supportteamet.<\/p>\n<p>Vi v\u00e4rdes\u00e4tter kundernas preferenser g\u00e4llande det privata anv\u00e4ndandet av v\u00e5ra plagiatuppt\u00e4cktj\u00e4nster samt alternativen f\u00f6r redigering\/omskrivning\/korrekturl\u00e4sning. Din personliga information kommer endast att anv\u00e4ndas till internt f\u00f6retags\u00e4ndam\u00e5l. Anv\u00e4ndandet av v\u00e5ra tj\u00e4nster antar ditt godk\u00e4nnande av v\u00e5r integritetspolicy och regler.<\/p>\n<p><strong>Google Drive &amp; Kontoinformation<\/strong><\/p>\n<p>Vi anv\u00e4nder inte den information du lagrar p\u00e5 din Google Drive f\u00f6r personligt bruk. Ditt namn, e-postadress och fill\u00e4nkar lagras inte automatiskt p\u00e5 v\u00e5ra servrar om du inte laddar upp dem via v\u00e5r app. Vi avser inte att dela dina filer eller personliga uppgifter med tredje parter. Vi g\u00f6r inga \u00e4ndringar till dina filer om du inte g\u00f6r det direkt via v\u00e5r app eller i Google Drive. Om du v\u00e4ljer att radera den textfil du delade med oss kommer data att tas bort omedelbart fr\u00e5n v\u00e5r server. Filerna kommer dock inte att raderas fr\u00e5n din Google Drive. Du kan ocks\u00e5 \u00e5ngra tillg\u00e5ngen till dina Google Drive-data n\u00e4r som helst. Vi reserverar oss r\u00e4tten att f\u00f6rhindra n\u00e5gon fr\u00e5n att anv\u00e4nda v\u00e5r app f\u00f6r att komma \u00e5t sin Google Drive.<\/p>\n<p>V\u00e5r webbplats kommer att komma \u00e5t anv\u00e4ndarnas Google Drive-filer, men endast med l\u00e4sf\u00f6rbeh\u00e5ll (specifikt, \u201dhttps:\/\/www.googleapis.com\/auth\/drive.readonly\u201d omfattning). Vi kommer att lagra filernas renodlade text f\u00f6r anv\u00e4ndaren. Anv\u00e4ndaren beh\u00e5ller m\u00f6jligheten att radera denna data n\u00e4r som helst.<\/p>\n<p><strong>Google API-tj\u00e4nsteavtal<\/strong><\/p>\n<p>originalityreport.com:s anv\u00e4ndning och \u00f6verf\u00f6ring av de data som erh\u00e5llits fr\u00e5n Google-API:er till n\u00e5gon annan app kommer att f\u00f6lja Google API-tj\u00e4nster Anv\u00e4ndar Data Policy, inklusive kravet p\u00e5 Begr\u00e4nsat Anv\u00e4ndande.<\/p>\n<p><strong>SMS-konformitet i bevarande och borttagning av personuppgifter<\/strong><\/p>\n<p>I enlighet med Generalkommissionen om personuppgiftsskydd (GDPR) \u00e4r vi engagerade i att s\u00e4kerst\u00e4lla laglig hantering av personuppgifter. Vid upph\u00f6rande av tj\u00e4nster eller utg\u00e5ngen av ett kontrakt eller avtal \u00e4r vi skyldiga att antingen returnera eller radera alla personuppgifter som finns hos oss, om inte det finns en juridisk krav p\u00e5 att beh\u00e5lla s\u00e5dan information. V\u00e5ra \u00e5tg\u00e4rder kommer strikt att f\u00f6lja GDPR-riktlinjerna f\u00f6r att s\u00e4kerst\u00e4lla integriteten och skyddet av individers personuppgifter.<\/p>\n","protected":false,"raw":"<p>System Technology Online Spain SL., Calle Pintor P\u00e9rez Gil 2, b.46 03540, Alicante, Spanien (\u201coss\u201d, \u201cvi\u201d, eller \u201cv\u00e5rt\u201d) driver originalityreport.com-webbplatsen och \u00e4r kontrollant av dina personuppgifter.<\/p>\r\n<p>Vi skulle vilja uttrycka v\u00e5r tacksamhet f\u00f6r den tid du har spenderat p\u00e5 att granska v\u00e5ra erbjudanden och ditt intresse f\u00f6r v\u00e5rt f\u00f6retags tj\u00e4nster. Du kan vara s\u00e4ker p\u00e5 att vi garanterar konfidentialiteten av alla personuppgifter hos v\u00e5ra kunder. Alla typer av personlig information som v\u00e5ra kunder ger till k\u00e4nna f\u00f6rblir s\u00e4kra och privat. Ingen missbrukning eller f\u00f6rlust av detaljerna \u00e4r m\u00f6jlig om du v\u00e4ljer v\u00e5r f\u00f6retags tj\u00e4nster.<\/p>\r\n<p>Nedan hittar du f\u00f6rtydliganden ang\u00e5ende de uppgifter vi samlar in fr\u00e5n v\u00e5ra kunder.<\/p>\r\n<p>Medan ni samarbetar beh\u00f6ver vi f\u00f6ljande detaljer:<\/p>\r\n<ul>\r\n<li>V\u00e5ra kunder;<\/li>\r\n<li>Bes\u00f6kare av v\u00e5r webbplats.<\/li>\r\n<\/ul>\r\n<p>Dessa detaljer som samlas in av webbservrar inkluderar:<\/p>\r\n<ul>\r\n<li>Typ av webbl\u00e4sare;<\/li>\r\n<li>Dag och tid f\u00f6r \u00e5tkomst till webbplatsen;<\/li>\r\n<li>Typ av operativsystem.<\/li>\r\n<\/ul>\r\n<p>V\u00e4nligen observera att insamlad information aldrig s\u00e4ljs eller delas; den \u00e4r inte relaterad till avsl\u00f6jandet av n\u00e5gon identitet. Det enda syftet med datainsamlingen \u00e4r anpassning av datan och f\u00f6rb\u00e4ttringen av webbplatsens inneh\u00e5ll.<\/p>\r\n<p><strong>Kakor<\/strong><\/p>\r\n<p>Sidor som tillh\u00f6r originalityreport.com anv\u00e4nder filer kallade \"kakor\" \u2013 textfiler som \u00f6verf\u00f6rs till datorsystemet via webbl\u00e4saren. Dessa filer g\u00f6r det m\u00f6jligt f\u00f6r oss att erbjuda bes\u00f6kare av v\u00e5r webbplats inneh\u00e5ll som l\u00e4tt \u00e4r att navigera.<\/p>\r\n<p>Insamlingen av kakor kan stoppas om du \u00e4ndrar inst\u00e4llningarna i din webbl\u00e4sare. Redan satta kakofiler kan tas bort med hj\u00e4lp av specifika datorprogram eller via Internet. Observera att vissa funktioner som erbjuds p\u00e5 v\u00e5r hemsida kanske inte l\u00e4ngre \u00e4r tillg\u00e4ngliga efter att insamlingen av kakor har inaktiverats.<\/p>\r\n<p><strong>Ink\u00f6psdatainsamling<\/strong><\/p>\r\n<p>originalityreport.com samlar in s\u00e5dana personuppgifter som namn, telefonnummer, e-postadress, hemland och f\u00f6delsedatum. F\u00f6r att bearbeta anv\u00e4ndarnas ans\u00f6kningar effektivt samlar v\u00e5r resurs ocks\u00e5 in viss konfidentiell information, dvs kreditkorts- och passnumren samt h\u00e4lsohistorier f\u00f6r att skicka till v\u00e5ra f\u00f6rs\u00e4kringspartners. P\u00e5 n\u00e5got annat s\u00e4tt samlar eller lagrar originalityreport.com inte in n\u00e5gon konfidentiell information.<\/p>\r\n<p><strong>Samla in allm\u00e4nna uppgifter<\/strong><\/p>\r\n<p>Webbplatserna som tillh\u00f6r n\u00e4tverket originalityreport.com kan samla in information om:<\/p>\r\n<ul>\r\n<li>Typ av webbl\u00e4sarsoftware;<\/li>\r\n<li>Anv\u00e4nd PC-system;<\/li>\r\n<li>Omn\u00e4th\u00e5llning fr\u00e5n vilken en \u00e5tkomst till v\u00e5r hemsida g\u00f6rs;<\/li>\r\n<li>Sidundermeny;<\/li>\r\n<li>Datum och tidpunkt d\u00e5 v\u00e5r hemsida bes\u00f6ks;<\/li>\r\n<li>IP-adress;<\/li>\r\n<li>Webbprovider;<\/li>\r\n<li>Annan information som kan anv\u00e4ndas f\u00f6r att attackera v\u00e5ra IT-system.<\/li>\r\n<\/ul>\r\n<p>Den n\u00e4mnda informationen anv\u00e4nds till:<\/p>\r\n<ul>\r\n<li>Presentera v\u00e5ra inneh\u00e5ll p\u00e5 ett l\u00e4mpligt s\u00e4tt;<\/li>\r\n<li>F\u00f6rb\u00e4ttra b\u00e5de inneh\u00e5llet och hur det annonseras;<\/li>\r\n<li>S\u00e4kerst\u00e4lla teknisk genomf\u00f6rbarhet;<\/li>\r\n<\/ul>\r\n<p>Leverera myndigheter med de uppgifter som beh\u00f6vs f\u00f6r att genomf\u00f6ra en kriminalutredning r\u00f6rande cyberattacker. De insamlade fakta granskas f\u00f6r att f\u00f6rb\u00e4ttra dataskyddet f\u00f6r b\u00e5de v\u00e5r f\u00f6retag och v\u00e5ra kunder.<\/p>\r\n<p><strong>Anv\u00e4ndningen av kakor<\/strong><\/p>\r\n<p>Vi anv\u00e4nder oss av 'kakor' eftersom de g\u00f6r att vi kan samla in statistiska data om bes\u00f6k och anv\u00e4ndning av v\u00e5r hemsida. Dessutom \u00e4r det ett bra s\u00e4tt att skapa effektiv navigering.<\/p>\r\n<p><strong>Inh\u00e4mtning av personuppgifter<\/strong><\/p>\r\n<p>V\u00e5ra kunder ombeds att ange f\u00f6ljande personuppgifter vid registreringen:<\/p>\r\n<ul>\r\n<li>Namn<\/li>\r\n<li>Kontaktnummer<\/li>\r\n<li>E-postadress<\/li>\r\n<\/ul>\r\n<p>D\u00e4rf\u00f6r rekommenderas det att s\u00e4kerst\u00e4lla korrektheten av kontaktuppgifterna eftersom det \u00e4r en garanti f\u00f6r h\u00f6g kvalitet p\u00e5 de tillhandah\u00e5llna tj\u00e4nsterna.<\/p>\r\n<p>V\u00e5r appar \u00e5tkomst till Google-anv\u00e4ndardata endast efter att anv\u00e4ndarens verifiering har skett. All data kommer endast anv\u00e4ndas f\u00f6r att uppt\u00e4cka plagiat, inget delning eller lagring av personlig information \u00e4r t\u00e4nkt. originalityreport.com lagrar inte, anv\u00e4nder eller delar Google-anv\u00e4ndardata.<\/p>\r\n<p>V\u00e5ra kunder f\u00e5r en garanti p\u00e5 100 % att deras personuppgifter aldrig kommer att vara tillg\u00e4ngliga f\u00f6r n\u00e5gon utom f\u00f6retagets personal. Det \u00e4r inget m\u00f6jligt med avsl\u00f6jande, delning, s\u00e4ljning, publicering eller skicka till tredje parter. Ingen text du skanner med v\u00e5rt plagiatuppt\u00e4ckt verktyg \u00f6verf\u00f6rs till en tredje part eller anv\u00e4nds f\u00f6r n\u00e5gra andra \u00e4ndam\u00e5l. Du \u00e4r den enda \u00e4garen av texten som exponeras f\u00f6r plagiatkontrollen f\u00f6r att verifiera originaliteten av inneh\u00e5llet.<\/p>\r\n<p><strong>Webbtransaktioner<\/strong><\/p>\r\n<p>Vi anv\u00e4nder endast s\u00e4kra webbtransaktioner via p\u00e5litliga betalningssystem som utesluter n\u00e5gon m\u00f6jlighet till informationsl\u00e4ckage. I vissa fall kontaktar Finansavdelningen v\u00e5ra kunder f\u00f6r att s\u00e4kerst\u00e4lla verifieringen av deras identiteter och f\u00f6rebygga alla typer av onlinebetr\u00e4geri.<\/p>\r\n<p><strong>Kundernas r\u00e4ttigheter<\/strong><\/p>\r\n<p>Informationen i kundens profil kan \u00e4ndras, redigeras, ers\u00e4ttas eller tas bort av anv\u00e4ndaren. Om du beh\u00f6ver n\u00e5gra \u00e4ndringar eller hj\u00e4lp, tveka inte att kontakta supportteamet.<\/p>\r\n<p>Vi v\u00e4rdes\u00e4tter kundernas preferenser g\u00e4llande det privata anv\u00e4ndandet av v\u00e5ra plagiatuppt\u00e4cktj\u00e4nster samt alternativen f\u00f6r redigering\/omskrivning\/korrekturl\u00e4sning. Din personliga information kommer endast att anv\u00e4ndas till internt f\u00f6retags\u00e4ndam\u00e5l. Anv\u00e4ndandet av v\u00e5ra tj\u00e4nster antar ditt godk\u00e4nnande av v\u00e5r integritetspolicy och regler.<\/p>\r\n<p><strong>Google Drive &amp; Kontoinformation<\/strong><\/p>\r\n<p>Vi anv\u00e4nder inte den information du lagrar p\u00e5 din Google Drive f\u00f6r personligt bruk. Ditt namn, e-postadress och fill\u00e4nkar lagras inte automatiskt p\u00e5 v\u00e5ra servrar om du inte laddar upp dem via v\u00e5r app. Vi avser inte att dela dina filer eller personliga uppgifter med tredje parter. Vi g\u00f6r inga \u00e4ndringar till dina filer om du inte g\u00f6r det direkt via v\u00e5r app eller i Google Drive. Om du v\u00e4ljer att radera den textfil du delade med oss kommer data att tas bort omedelbart fr\u00e5n v\u00e5r server. Filerna kommer dock inte att raderas fr\u00e5n din Google Drive. Du kan ocks\u00e5 \u00e5ngra tillg\u00e5ngen till dina Google Drive-data n\u00e4r som helst. Vi reserverar oss r\u00e4tten att f\u00f6rhindra n\u00e5gon fr\u00e5n att anv\u00e4nda v\u00e5r app f\u00f6r att komma \u00e5t sin Google Drive.<\/p>\r\n<p>V\u00e5r webbplats kommer att komma \u00e5t anv\u00e4ndarnas Google Drive-filer, men endast med l\u00e4sf\u00f6rbeh\u00e5ll (specifikt, \u201dhttps:\/\/www.googleapis.com\/auth\/drive.readonly\u201d omfattning). Vi kommer att lagra filernas renodlade text f\u00f6r anv\u00e4ndaren. Anv\u00e4ndaren beh\u00e5ller m\u00f6jligheten att radera denna data n\u00e4r som helst.<\/p>\r\n<p><strong>Google API-tj\u00e4nsteavtal<\/strong><\/p>\r\n<p>originalityreport.com:s anv\u00e4ndning och \u00f6verf\u00f6ring av de data som erh\u00e5llits fr\u00e5n Google-API:er till n\u00e5gon annan app kommer att f\u00f6lja Google API-tj\u00e4nster Anv\u00e4ndar Data Policy, inklusive kravet p\u00e5 Begr\u00e4nsat Anv\u00e4ndande.<\/p>\r\n<p><strong>SMS-konformitet i bevarande och borttagning av personuppgifter<\/strong><\/p>\r\n<p>I enlighet med Generalkommissionen om personuppgiftsskydd (GDPR) \u00e4r vi engagerade i att s\u00e4kerst\u00e4lla laglig hantering av personuppgifter. Vid upph\u00f6rande av tj\u00e4nster eller utg\u00e5ngen av ett kontrakt eller avtal \u00e4r vi skyldiga att antingen returnera eller radera alla personuppgifter som finns hos oss, om inte det finns en juridisk krav p\u00e5 att beh\u00e5lla s\u00e5dan information. V\u00e5ra \u00e5tg\u00e4rder kommer strikt att f\u00f6lja GDPR-riktlinjerna f\u00f6r att s\u00e4kerst\u00e4lla integriteten och skyddet av individers personuppgifter.<\/p>"},"excerpt":{"rendered":"System Technology Online Spain SL., Calle Pintor P\u00e9rez Gil 2, b.46 03540, Alicante, Spanien (&#8220;oss&#8221;, &#8220;vi&#8221;, eller &#8220;v\u00e5rt&#8221;) driver originalityreport.com-webbplatsen och \u00e4r kontrollant av dina personuppgifter. Vi skulle vilja uttrycka v\u00e5r tacksamhet f\u00f6r den tid du har spenderat p\u00e5 att granska v\u00e5ra erbjudanden och ditt intresse f\u00f6r v\u00e5ra f\u00f6retags tj\u00e4nster. Du.","protected":false,"raw":"System Technology Online Spain SL., Calle Pintor P\u00e9rez Gil 2, b.46 03540, Alicante, Spanien (&#8220;oss&#8221;, &#8220;vi&#8221;, eller &#8220;v\u00e5rt&#8221;) driver originalityreport.com-webbplatsen och \u00e4r kontrollant av dina personuppgifter. Vi skulle vilja uttrycka v\u00e5r tacksamhet f\u00f6r den tid du har spenderat p\u00e5 att granska v\u00e5ra erbjudanden och ditt intresse f\u00f6r v\u00e5ra f\u00f6retags tj\u00e4nster. Du."},"author":1,"featured_media":0,"parent":0,"menu_order":0,"comment_status":"closed","ping_status":"closed","template":"","meta":{"_aioseo_title":null,"_aioseo_description":null,"_locale":"sv_SE","_original_post":"https:\/\/originalityreport.com\/?page_id=49","footnotes":""},"class_list":["post-549","page","type-page","status-publish","hentry","sv-SE"],"aioseo_notices":[],"_links":{"self":[{"href":"https:\/\/originalityreport.com\/wp-json\/wp\/v2\/pages\/549","targetHints":{"allow":["GET"]}}],"collection":[{"href":"https:\/\/originalityreport.com\/wp-json\/wp\/v2\/pages"}],"about":[{"href":"https:\/\/originalityreport.com\/wp-json\/wp\/v2\/types\/page"}],"author":[{"embeddable":true,"href":"https:\/\/originalityreport.com\/wp-json\/wp\/v2\/users\/1"}],"replies":[{"embeddable":true,"href":"https:\/\/originalityreport.com\/wp-json\/wp\/v2\/comments?post=549"}],"version-history":[{"count":3,"href":"https:\/\/originalityreport.com\/wp-json\/wp\/v2\/pages\/549\/revisions"}],"predecessor-version":[{"id":906,"href":"https:\/\/originalityreport.com\/wp-json\/wp\/v2\/pages\/549\/revisions\/906"}],"wp:attachment":[{"href":"https:\/\/originalityreport.com\/wp-json\/wp\/v2\/media?parent=549"}],"curies":[{"name":"wp","href":"https:\/\/api.w.org\/{rel}","templated":true}]}}