{"id":331,"date":"2025-03-24T16:56:11","date_gmt":"2025-03-24T16:56:11","guid":{"rendered":"https:\/\/originalityreport.com\/?page_id=331","raw":"https:\/\/originalityreport.com\/?page_id=331"},"modified":"2026-02-23T11:35:07","modified_gmt":"2026-02-23T11:35:07","slug":"contact-us","status":"publish","type":"page","link":"https:\/\/originalityreport.com\/sv\/contact-us\/","title":{"rendered":"Kontakter","raw":"Kontakter"},"content":{"rendered":"","protected":false,"raw":""},"excerpt":{"rendered":"","protected":false,"raw":""},"author":1,"featured_media":0,"parent":0,"menu_order":0,"comment_status":"closed","ping_status":"closed","template":"","meta":{"_aioseo_title":"Kontakta OriginalityReport \u2013 Support f\u00f6r AI\u2011 och plagiatkontroll","_aioseo_description":"Kontakta OriginalityReport\u2011teamet f\u00f6r hj\u00e4lp, fr\u00e5gor eller feedback om v\u00e5ra verktyg f\u00f6r att kontrollera plagiat och AI\u2011genererat inneh\u00e5ll \u2013 vi hj\u00e4lper dig g\u00e4rna.","_locale":"sv_SE","_original_post":"https:\/\/originalityreport.com\/?page_id=11","footnotes":""},"class_list":["post-331","page","type-page","status-publish","hentry","sv-SE"],"aioseo_notices":[],"_links":{"self":[{"href":"https:\/\/originalityreport.com\/wp-json\/wp\/v2\/pages\/331","targetHints":{"allow":["GET"]}}],"collection":[{"href":"https:\/\/originalityreport.com\/wp-json\/wp\/v2\/pages"}],"about":[{"href":"https:\/\/originalityreport.com\/wp-json\/wp\/v2\/types\/page"}],"author":[{"embeddable":true,"href":"https:\/\/originalityreport.com\/wp-json\/wp\/v2\/users\/1"}],"replies":[{"embeddable":true,"href":"https:\/\/originalityreport.com\/wp-json\/wp\/v2\/comments?post=331"}],"version-history":[{"count":1,"href":"https:\/\/originalityreport.com\/wp-json\/wp\/v2\/pages\/331\/revisions"}],"predecessor-version":[{"id":332,"href":"https:\/\/originalityreport.com\/wp-json\/wp\/v2\/pages\/331\/revisions\/332"}],"wp:attachment":[{"href":"https:\/\/originalityreport.com\/wp-json\/wp\/v2\/media?parent=331"}],"curies":[{"name":"wp","href":"https:\/\/api.w.org\/{rel}","templated":true}]}}