{"id":295,"date":"2025-03-24T11:50:02","date_gmt":"2025-03-24T11:50:02","guid":{"rendered":"https:\/\/originalityreport.com\/?page_id=295","raw":"https:\/\/originalityreport.com\/?page_id=295"},"modified":"2025-04-04T08:57:08","modified_gmt":"2025-04-04T08:57:08","slug":"pricing","status":"publish","type":"page","link":"https:\/\/originalityreport.com\/sv\/pricing\/","title":{"rendered":"Priss\u00e4ttning","raw":"Priss\u00e4ttning"},"content":{"rendered":"<section class=\"pricing-page-main-block\">\n<div class=\"container-fluid\">\n<div class=\"container\">\n<div class=\"row\">\n<div class=\"col-12\">\n<div class=\"pricing-main-block-content\">\n<div class=\"ps-widget-container\" data-ps-widget-name=\"Prices\" data-ps-widget-options=\"{}\">\n<p class=\"top-text\">V\u00e4lj Dina Priss\u00e4ttningsalternativ<\/p>\n<h1 class=\"page-title\">Inga dolda avgifter f\u00f6r exakt plagiat- och AI-detektering<\/h1>\n<div class=\"pricing-block\">\n<div class=\"pricing-plan-duration\">\n<button class=\"pricing-plan-duration-item one-time active\" type=\"button\">En g\u00e5ng<\/button><br \/>\n<button class=\"pricing-plan-duration-item monthly\" type=\"button\">M\u00e5nadsvis<\/button><br \/>\n<button class=\"pricing-plan-duration-item 3-months\" type=\"button\">3-M\u00e5nader<\/button><br \/>\n<button class=\"pricing-plan-duration-item yearly\" type=\"button\">\u00c5rlig<\/button>\n<\/div>\n<div class=\"pricing-plan-items-wrapper\">\n<div class=\"pricing-plan-items\">\n<div class=\"pricing-plan-item light\">\n<div class=\"item-header\">\n<span class=\"plan-title\">L\u00e4tt<\/span><\/p>\n<div class=\"plan-price-per-word\">\n<p class=\"price\"><span class=\"value\">$0.23<\/span> per<\/p>\n<p class=\"words-count\">1000 ord<\/p>\n<\/div>\n<\/div>\n<div class=\"item-main\">\n<span class=\"save-up-to-label\">Spara upp till <span class=\"value\">30%<\/span><\/span><\/p>\n<p class=\"plan-price\"><span class=\"value\">$22.95<\/span> \/ <span class=\"duration\">M\u00e5nad<\/span><\/p>\n<p><a class=\"get-started-btn\" href=\"#\">Starta nu<\/a><label class=\"custom-checkbox-label recurring-payments\" for=\"recurring_payments_light\"><span class=\"custom-checkbox\"><\/span><span class=\"custom-checkbox-title\">P\u00e5g\u00e5ende betalningar<\/span><input checked=\"\" id=\"recurring_payments_light\" name=\"recurring-payments-light\" type=\"checkbox\"\/><br \/>\n<\/label><span class=\"sep\"><\/span><\/div>\n<div class=\"item-footer\">\n<ul>\n<li class=\"available\"><span class=\"highlighted\">1<\/span> Plagiatins\u00e4ndning *<\/li>\n<li class=\"available\"><span class=\"highlighted\">1<\/span> AI-ins\u00e4ndning *<\/li>\n<li class=\"available\"><span class=\"highlighted\">Obegr\u00e4nsat<\/span> Tidsram (dagar)<\/li>\n<li class=\"unavailable\"><span class=\"highlighted\">365<\/span> Tidsram (dagar)<\/li>\n<li class=\"unavailable\">S\u00f6k efter AI-text<\/li>\n<\/ul>\n<\/div>\n<\/div>\n<div class=\"pricing-plan-item standard selected\">\n<div class=\"item-header\">\n<span class=\"plan-title\">Standard<\/span><\/p>\n<div class=\"plan-price-per-word\">\n<p class=\"price\"><span class=\"value\">$0.12<\/span> per<\/p>\n<p class=\"words-count\">1000 ord<\/p>\n<\/div>\n<\/div>\n<div class=\"item-main\">\n<span class=\"save-up-to-label\">Spara upp till <span class=\"value\">30%<\/span><\/span><\/p>\n<p class=\"plan-price\"><span class=\"value\">$34.95<\/span> \/ <span class=\"duration\">M\u00e5nad<\/span><\/p>\n<p><a class=\"get-started-btn\" href=\"#\">Starta nu<\/a><label class=\"custom-checkbox-label recurring-payments\" for=\"recurring_payments_standard\"><span class=\"custom-checkbox\"><\/span><span class=\"custom-checkbox-title\">P\u00e5g\u00e5ende betalningar<\/span><input checked=\"\" id=\"recurring_payments_standard\" name=\"recurring-payments-standard\" type=\"checkbox\"\/><\/label><span class=\"sep\"><\/span><\/div>\n<div class=\"item-footer\">\n<ul>\n<li class=\"available\"><span class=\"highlighted\">1<\/span> Plagiatins\u00e4ndning *<\/li>\n<li class=\"available\"><span class=\"highlighted\">1<\/span> AI-ins\u00e4ndning *<\/li>\n<li class=\"available\"><span class=\"highlighted\">Obegr\u00e4nsat<\/span> Tidsram (dagar)<\/li>\n<li class=\"unavailable\"><span class=\"highlighted\">365<\/span> Tidsram (dagar)<\/li>\n<li class=\"unavailable\">S\u00f6k efter AI-text<\/li>\n<\/ul>\n<\/div>\n<\/div>\n<div class=\"pricing-plan-item premium\">\n<div class=\"item-header\">\n<span class=\"plan-title\">Premium<\/span><\/p>\n<div class=\"plan-price-per-word\">\n<p class=\"price\"><span class=\"value\">$0.09<\/span> per<\/p>\n<p class=\"words-count\">1000 ord<\/p>\n<\/div>\n<\/div>\n<div class=\"item-main\">\n<span class=\"save-up-to-label\">Spara upp till <span class=\"value\">30%<\/span><\/span><\/p>\n<p class=\"plan-price\"><span class=\"value\">$54.95<\/span> \/ <span class=\"duration\">M\u00e5nad<\/span><\/p>\n<p><a class=\"get-started-btn\" href=\"#\">Starta nu<\/a><label class=\"custom-checkbox-label recurring-payments\" for=\"recurring_payments_premium\"><span class=\"custom-checkbox\"><\/span><span class=\"custom-checkbox-title\">P\u00e5g\u00e5ende betalningar<\/span><input checked=\"\" id=\"recurring_payments_premium\" name=\"recurring-payments-premium\" type=\"checkbox\"\/><\/label><span class=\"sep\"><\/span><\/div>\n<div class=\"item-footer\">\n<ul>\n<li class=\"available\"><span class=\"highlighted\">1<\/span> Plagiatins\u00e4ndning *<\/li>\n<li class=\"available\"><span class=\"highlighted\">1<\/span> AI-ins\u00e4ndning *<\/li>\n<li class=\"available\"><span class=\"highlighted\">Obegr\u00e4nsat<\/span> Tidsram (dagar)<\/li>\n<li class=\"unavailable\"><span class=\"highlighted\">365<\/span> Tidsram (dagar)<\/li>\n<li class=\"unavailable\">S\u00f6k efter AI-text<\/li>\n<\/ul>\n<\/div>\n<\/div>\n<\/div>\n<\/div>\n<\/div>\n<\/div>\n<\/div>\n<\/div>\n<\/div>\n<\/div>\n<\/div>\n<\/section>\n<section class=\"faq\">\n<div class=\"container-fluid\">\n<div class=\"container\">\n<div class=\"row\">\n<div class=\"col-12\">\n<div class=\"faq-content\">\n<div class=\"faq-text-block\">\n<p class=\"faq-text-top\">V\u00e5r fr\u00e5gesvar-sektion har allt du beh\u00f6ver veta<\/p>\n<p class=\"faq-text-title\">Beh\u00f6ver du mer information om OriginalityReport.com? <\/p>\n<p class=\"faq-text-subtitle\">Vi har analyserat och besvarat fr\u00e5gor som anv\u00e4ndare st\u00e4ller om v\u00e5rt plagiatkontroll- och AI-detektionssystem.<\/p>\n<div class=\"different-question-block\">\n<img decoding=\"async\" alt=\"FAQ\" class=\"faq-icon\" src=\"\/wp-content\/themes\/main\/images\/faq-icon.svg\"\/><\/p>\n<p class=\"title\">Kontakta OriginalityReport.com f\u00f6r fler svar<\/p>\n<p class=\"subtitle\">Om du har fler fr\u00e5gor om v\u00e5r tj\u00e4nst, kontakta v\u00e5rt team. De \u00e4r glada att hj\u00e4lpa dig och f\u00f6rklara den b\u00e4sta metoden f\u00f6r att kontrollera texter f\u00f6r plagiat.<\/p>\n<p><a class=\"contact-support-btn custom-btn cb-black\" href=\"\/contact-us\/\">Kontakta Support Team<\/a><\/div>\n<\/div>\n    <div class=\"faq-questions-block\">\n                <div class=\"faq-accordion\" id=\"faq_accordion\">\n                            <div class=\"faq-accordion-item item-1\">\n                    <button class=\"faq-accordion-question collapsed\" type=\"button\" data-bs-toggle=\"collapse\" data-bs-target=\"#faq_accordion_1\" aria-expanded=\"false\" aria-controls=\"faq_accordion_1\">Har du flera dokument i olika format, kan jag kontrollera dem alla?<\/button>\n                    <div id=\"faq_accordion_1\" class=\"faq-accordion-answer accordion-collapse collapse\" data-bs-parent=\"#faq_accordion\">\n                        <p class=\"answer-text\">Ja, v\u00e5ra verktyg kan anv\u00e4ndas f\u00f6r att skanna dokument i format som PDF, Word och TXT samt \u00e4ven texter som kan klistras in direkt i f\u00e4ltet f\u00f6r kontroll.<\/p>\n                    <\/div>\n                <\/div>\n                            <div class=\"faq-accordion-item item-2\">\n                    <button class=\"faq-accordion-question collapsed\" type=\"button\" data-bs-toggle=\"collapse\" data-bs-target=\"#faq_accordion_2\" aria-expanded=\"false\" aria-controls=\"faq_accordion_2\">\u00c4r resultaten p\u00e5litliga?<\/button>\n                    <div id=\"faq_accordion_2\" class=\"faq-accordion-answer accordion-collapse collapse\" data-bs-parent=\"#faq_accordion\">\n                        <p class=\"answer-text\">Ja, v\u00e5rt verktyg \u00e4r mycket exakt och ger precisa och p\u00e5litliga rapporter som kan anv\u00e4ndas som bevis f\u00f6r uppsatsens \u00e4kthet.<\/p>\n                    <\/div>\n                <\/div>\n                            <div class=\"faq-accordion-item item-3\">\n                    <button class=\"faq-accordion-question collapsed\" type=\"button\" data-bs-toggle=\"collapse\" data-bs-target=\"#faq_accordion_3\" aria-expanded=\"false\" aria-controls=\"faq_accordion_3\">Hur l\u00e5ng tid tar kontrollprocessen?<\/button>\n                    <div id=\"faq_accordion_3\" class=\"faq-accordion-answer accordion-collapse collapse\" data-bs-parent=\"#faq_accordion\">\n                        <p class=\"answer-text\">Kunder kan f\u00e5 resultat p\u00e5 n\u00e5gra minuter. Algoritmen kan kontrollera inneh\u00e5llet f\u00f6r plagiat och AI och j\u00e4mf\u00f6ra det med miljontals andra texter mycket snabbt.<\/p>\n                    <\/div>\n                <\/div>\n                            <div class=\"faq-accordion-item item-4\">\n                    <button class=\"faq-accordion-question collapsed\" type=\"button\" data-bs-toggle=\"collapse\" data-bs-target=\"#faq_accordion_4\" aria-expanded=\"false\" aria-controls=\"faq_accordion_4\">Ger du sekretessgarantier?<\/button>\n                    <div id=\"faq_accordion_4\" class=\"faq-accordion-answer accordion-collapse collapse\" data-bs-parent=\"#faq_accordion\">\n                        <p class=\"answer-text\">Ja, vi fokuserar p\u00e5 konfidentialitet och integritet. V\u00e5r plattform samlar inte in dina data eller lagrar texter.<\/p>\n                    <\/div>\n                <\/div>\n                            <div class=\"faq-accordion-item item-5\">\n                    <button class=\"faq-accordion-question collapsed\" type=\"button\" data-bs-toggle=\"collapse\" data-bs-target=\"#faq_accordion_5\" aria-expanded=\"false\" aria-controls=\"faq_accordion_5\">Kan jag kontrollera min text f\u00f6r att se om den genererades av AI?<\/button>\n                    <div id=\"faq_accordion_5\" class=\"faq-accordion-answer accordion-collapse collapse\" data-bs-parent=\"#faq_accordion\">\n                        <p class=\"answer-text\">Ja, vi \u00e4r en av de b\u00e4sta tj\u00e4nsterna f\u00f6r att identifiera AI-genererat inneh\u00e5ll.<\/p>\n                    <\/div>\n                <\/div>\n                            <div class=\"faq-accordion-item item-6\">\n                    <button class=\"faq-accordion-question collapsed\" type=\"button\" data-bs-toggle=\"collapse\" data-bs-target=\"#faq_accordion_6\" aria-expanded=\"false\" aria-controls=\"faq_accordion_6\">St\u00f6der du flera spr\u00e5k?<\/button>\n                    <div id=\"faq_accordion_6\" class=\"faq-accordion-answer accordion-collapse collapse\" data-bs-parent=\"#faq_accordion\">\n                        <p class=\"answer-text\">Ja, v\u00e5rt verktyg fungerar med olika spr\u00e5k f\u00f6r bekv\u00e4mligheten av internationella anv\u00e4ndare.<\/p>\n                    <\/div>\n                <\/div>\n                            <div class=\"faq-accordion-item item-7\">\n                    <button class=\"faq-accordion-question collapsed\" type=\"button\" data-bs-toggle=\"collapse\" data-bs-target=\"#faq_accordion_7\" aria-expanded=\"false\" aria-controls=\"faq_accordion_7\">Vilka k\u00e4llor granskar ditt system?<\/button>\n                    <div id=\"faq_accordion_7\" class=\"faq-accordion-answer accordion-collapse collapse\" data-bs-parent=\"#faq_accordion\">\n                        <p class=\"answer-text\">Vi analyserar akademiska publikationer, webbsidor och exklusiva databaser f\u00f6r de b\u00e4sta resultaten.<\/p>\n                    <\/div>\n                <\/div>\n                            <div class=\"faq-accordion-item item-8\">\n                    <button class=\"faq-accordion-question collapsed\" type=\"button\" data-bs-toggle=\"collapse\" data-bs-target=\"#faq_accordion_8\" aria-expanded=\"false\" aria-controls=\"faq_accordion_8\">\u00c4r det m\u00f6jligt att kontrollera flera texter samtidigt?<\/button>\n                    <div id=\"faq_accordion_8\" class=\"faq-accordion-answer accordion-collapse collapse\" data-bs-parent=\"#faq_accordion\">\n                        <p class=\"answer-text\">Ja, anv\u00e4ndare kan ladda upp flera texter samtidigt f\u00f6r att spara sin tid.<\/p>\n                    <\/div>\n                <\/div>\n                            <div class=\"faq-accordion-item item-9\">\n                    <button class=\"faq-accordion-question collapsed\" type=\"button\" data-bs-toggle=\"collapse\" data-bs-target=\"#faq_accordion_9\" aria-expanded=\"false\" aria-controls=\"faq_accordion_9\">\u00c4r det ett dokumentstorleksgr\u00e4ns f\u00f6r att ladda upp och kontrollera?<\/button>\n                    <div id=\"faq_accordion_9\" class=\"faq-accordion-answer accordion-collapse collapse\" data-bs-parent=\"#faq_accordion\">\n                        <p class=\"answer-text\">Nej, kunder kan kontrollera kortare texter och st\u00f6rre dokument.<\/p>\n                    <\/div>\n                <\/div>\n                            <div class=\"faq-accordion-item item-10\">\n                    <button class=\"faq-accordion-question collapsed\" type=\"button\" data-bs-toggle=\"collapse\" data-bs-target=\"#faq_accordion_10\" aria-expanded=\"false\" aria-controls=\"faq_accordion_10\">Har du uppdateringar f\u00f6r b\u00e4ttre kontroll?<\/button>\n                    <div id=\"faq_accordion_10\" class=\"faq-accordion-answer accordion-collapse collapse\" data-bs-parent=\"#faq_accordion\">\n                        <p class=\"answer-text\">Ja, v\u00e5ra verktyg anv\u00e4nder avancerade algoritmer och f\u00e5r st\u00e4ndiga uppdateringar f\u00f6r b\u00e4ttre resultat.<\/p>\n                    <\/div>\n                <\/div>\n                            <div class=\"faq-accordion-item item-11\">\n                    <button class=\"faq-accordion-question collapsed\" type=\"button\" data-bs-toggle=\"collapse\" data-bs-target=\"#faq_accordion_11\" aria-expanded=\"false\" aria-controls=\"faq_accordion_11\">Kan ditt plagiatkontrollverktyg anv\u00e4ndas med andra system?<\/button>\n                    <div id=\"faq_accordion_11\" class=\"faq-accordion-answer accordion-collapse collapse\" data-bs-parent=\"#faq_accordion\">\n                        <p class=\"answer-text\">Ja, det finns en m\u00f6jlighet till API-integration.<\/p>\n                    <\/div>\n                <\/div>\n                            <div class=\"faq-accordion-item item-12\">\n                    <button class=\"faq-accordion-question collapsed\" type=\"button\" data-bs-toggle=\"collapse\" data-bs-target=\"#faq_accordion_12\" aria-expanded=\"false\" aria-controls=\"faq_accordion_12\">Kan jag registrera mig f\u00f6r en gratis provversion?<\/button>\n                    <div id=\"faq_accordion_12\" class=\"faq-accordion-answer accordion-collapse collapse\" data-bs-parent=\"#faq_accordion\">\n                        <p class=\"answer-text\">Ja, v\u00e5r gratis provperiod \u00e4r tillg\u00e4nglig f\u00f6r kunder som vill utforska vad v\u00e5r plattform erbjuder.<\/p>\n                    <\/div>\n                <\/div>\n                            <div class=\"faq-accordion-item item-13\">\n                    <button class=\"faq-accordion-question collapsed\" type=\"button\" data-bs-toggle=\"collapse\" data-bs-target=\"#faq_accordion_13\" aria-expanded=\"false\" aria-controls=\"faq_accordion_13\">\u00c4r din kontroll optimerad f\u00f6r mobila enheter?<\/button>\n                    <div id=\"faq_accordion_13\" class=\"faq-accordion-answer accordion-collapse collapse\" data-bs-parent=\"#faq_accordion\">\n                        <p class=\"answer-text\">Ja, v\u00e5rt system \u00e4r mobiltv\u00e4nligt vilket g\u00f6r det mer tillg\u00e4ngligt f\u00f6r kunder.<\/p>\n                    <\/div>\n                <\/div>\n                    <\/div>\n    <\/div>\n    <\/div>\n<\/div>\n<\/div>\n<\/div>\n<\/div>\n<\/section>\n","protected":false,"raw":"<section class=\"pricing-page-main-block\">\r\n<div class=\"container-fluid\">\r\n<div class=\"container\">\r\n<div class=\"row\">\r\n<div class=\"col-12\">\r\n<div class=\"pricing-main-block-content\">\r\n<div class=\"ps-widget-container\" data-ps-widget-name=\"Prices\" data-ps-widget-options=\"{}\">\r\n<p class=\"top-text\">V\u00e4lj Dina Priss\u00e4ttningsalternativ<\/p>\r\n<h1 class=\"page-title\">Inga dolda avgifter f\u00f6r exakt plagiat- och AI-detektering<\/h1>\r\n<div class=\"pricing-block\">\r\n<div class=\"pricing-plan-duration\">\r\n<button class=\"pricing-plan-duration-item one-time active\" type=\"button\">En g\u00e5ng<\/button>\r\n<button class=\"pricing-plan-duration-item monthly\" type=\"button\">M\u00e5nadsvis<\/button>\r\n<button class=\"pricing-plan-duration-item 3-months\" type=\"button\">3-M\u00e5nader<\/button>\r\n<button class=\"pricing-plan-duration-item yearly\" type=\"button\">\u00c5rlig<\/button>\r\n<\/div>\r\n<div class=\"pricing-plan-items-wrapper\">\r\n<div class=\"pricing-plan-items\">\r\n<div class=\"pricing-plan-item light\">\r\n<div class=\"item-header\">\r\n<span class=\"plan-title\">L\u00e4tt<\/span>\r\n<div class=\"plan-price-per-word\">\r\n<p class=\"price\"><span class=\"value\">$0.23<\/span> per<\/p>\r\n<p class=\"words-count\">1000 ord<\/p>\r\n<\/div>\r\n<\/div>\r\n<div class=\"item-main\">\r\n<span class=\"save-up-to-label\">Spara upp till <span class=\"value\">30%<\/span><\/span>\r\n<p class=\"plan-price\"><span class=\"value\">$22.95<\/span> \/ <span class=\"duration\">M\u00e5nad<\/span><\/p><a class=\"get-started-btn\" href=\"#\">Starta nu<\/a><label class=\"custom-checkbox-label recurring-payments\" for=\"recurring_payments_light\"><span class=\"custom-checkbox\"><\/span><span class=\"custom-checkbox-title\">P\u00e5g\u00e5ende betalningar<\/span><input checked=\"\" id=\"recurring_payments_light\" name=\"recurring-payments-light\" type=\"checkbox\"\/>\r\n<\/label><span class=\"sep\"><\/span><\/div>\r\n<div class=\"item-footer\">\r\n<ul>\r\n<li class=\"available\"><span class=\"highlighted\">1<\/span> Plagiatins\u00e4ndning *<\/li>\r\n<li class=\"available\"><span class=\"highlighted\">1<\/span> AI-ins\u00e4ndning *<\/li>\r\n<li class=\"available\"><span class=\"highlighted\">Obegr\u00e4nsat<\/span> Tidsram (dagar)<\/li>\r\n<li class=\"unavailable\"><span class=\"highlighted\">365<\/span> Tidsram (dagar)<\/li>\r\n<li class=\"unavailable\">S\u00f6k efter AI-text<\/li><\/ul><\/div>\r\n<\/div>\r\n<div class=\"pricing-plan-item standard selected\">\r\n<div class=\"item-header\">\r\n<span class=\"plan-title\">Standard<\/span>\r\n<div class=\"plan-price-per-word\">\r\n<p class=\"price\"><span class=\"value\">$0.12<\/span> per<\/p>\r\n<p class=\"words-count\">1000 ord<\/p><\/div><\/div>\r\n<div class=\"item-main\">\r\n<span class=\"save-up-to-label\">Spara upp till <span class=\"value\">30%<\/span><\/span>\r\n<p class=\"plan-price\"><span class=\"value\">$34.95<\/span> \/ <span class=\"duration\">M\u00e5nad<\/span><\/p><a class=\"get-started-btn\" href=\"#\">Starta nu<\/a><label class=\"custom-checkbox-label recurring-payments\" for=\"recurring_payments_standard\"><span class=\"custom-checkbox\"><\/span><span class=\"custom-checkbox-title\">P\u00e5g\u00e5ende betalningar<\/span><input checked=\"\" id=\"recurring_payments_standard\" name=\"recurring-payments-standard\" type=\"checkbox\"\/><\/label><span class=\"sep\"><\/span><\/div>\r\n<div class=\"item-footer\">\r\n<ul>\r\n<li class=\"available\"><span class=\"highlighted\">1<\/span> Plagiatins\u00e4ndning *<\/li>\r\n<li class=\"available\"><span class=\"highlighted\">1<\/span> AI-ins\u00e4ndning *<\/li>\r\n<li class=\"available\"><span class=\"highlighted\">Obegr\u00e4nsat<\/span> Tidsram (dagar)<\/li>\r\n<li class=\"unavailable\"><span class=\"highlighted\">365<\/span> Tidsram (dagar)<\/li>\r\n<li class=\"unavailable\">S\u00f6k efter AI-text<\/li><\/ul><\/div>\r\n<\/div>\r\n<div class=\"pricing-plan-item premium\">\r\n<div class=\"item-header\">\r\n<span class=\"plan-title\">Premium<\/span>\r\n<div class=\"plan-price-per-word\">\r\n<p class=\"price\"><span class=\"value\">$0.09<\/span> per<\/p>\r\n<p class=\"words-count\">1000 ord<\/p>\r\n<\/div>\r\n<\/div>\r\n<div class=\"item-main\">\r\n<span class=\"save-up-to-label\">Spara upp till <span class=\"value\">30%<\/span><\/span>\r\n<p class=\"plan-price\"><span class=\"value\">$54.95<\/span> \/ <span class=\"duration\">M\u00e5nad<\/span><\/p><a class=\"get-started-btn\" href=\"#\">Starta nu<\/a><label class=\"custom-checkbox-label recurring-payments\" for=\"recurring_payments_premium\"><span class=\"custom-checkbox\"><\/span><span class=\"custom-checkbox-title\">P\u00e5g\u00e5ende betalningar<\/span><input checked=\"\" id=\"recurring_payments_premium\" name=\"recurring-payments-premium\" type=\"checkbox\"\/><\/label><span class=\"sep\"><\/span><\/div>\r\n<div class=\"item-footer\">\r\n<ul>\r\n<li class=\"available\"><span class=\"highlighted\">1<\/span> Plagiatins\u00e4ndning *<\/li>\r\n<li class=\"available\"><span class=\"highlighted\">1<\/span> AI-ins\u00e4ndning *<\/li>\r\n<li class=\"available\"><span class=\"highlighted\">Obegr\u00e4nsat<\/span> Tidsram (dagar)<\/li>\r\n<li class=\"unavailable\"><span class=\"highlighted\">365<\/span> Tidsram (dagar)<\/li>\r\n<li class=\"unavailable\">S\u00f6k efter AI-text<\/li><\/ul>\r\n<\/div>\r\n<\/div><\/div><\/div><\/div><\/div><\/div><\/div><\/div><\/div><\/div>\r\n<\/section>\r\n<section class=\"faq\">\r\n<div class=\"container-fluid\">\r\n<div class=\"container\">\r\n<div class=\"row\">\r\n<div class=\"col-12\">\r\n<div class=\"faq-content\">\r\n<div class=\"faq-text-block\">\r\n<p class=\"faq-text-top\">V\u00e5r fr\u00e5gesvar-sektion har allt du beh\u00f6ver veta<\/p>\r\n<p class=\"faq-text-title\">Beh\u00f6ver du mer information om OriginalityReport.com? <\/p>\r\n<p class=\"faq-text-subtitle\">Vi har analyserat och besvarat fr\u00e5gor som anv\u00e4ndare st\u00e4ller om v\u00e5rt plagiatkontroll- och AI-detektionssystem.<\/p>\r\n<div class=\"different-question-block\">\r\n<img alt=\"FAQ\" class=\"faq-icon\" src=\"\/wp-content\/themes\/main\/images\/faq-icon.svg\"\/><p class=\"title\">Kontakta OriginalityReport.com f\u00f6r fler svar<\/p>\r\n<p class=\"subtitle\">Om du har fler fr\u00e5gor om v\u00e5r tj\u00e4nst, kontakta v\u00e5rt team. De \u00e4r glada att hj\u00e4lpa dig och f\u00f6rklara den b\u00e4sta metoden f\u00f6r att kontrollera texter f\u00f6r plagiat.<\/p><a class=\"contact-support-btn custom-btn cb-black\" href=\"\/contact-us\/\">Kontakta Support Team<\/a><\/div>\r\n<\/div>[faq_questions]<\/div><\/div><\/div><\/div><\/div>\r\n<\/section>"},"excerpt":{"rendered":"V\u00e4lj Dina Priss\u00e4ttningsalternativ Inga dolda avgifter f\u00f6r exakt plagiat- och AI-detektering En g\u00e5ng M\u00e5nadligen 3-M\u00e5nader \u00c5rlig L\u00e4tt $0,23 per 1000 ord Spara upp till 30% $22,95 \/ m\u00e5nadStarta nuP\u00e5g\u00e5ende betalningar 1 Plagiatins\u00e4ndning * 1 AI-ins\u00e4ndning * Obegr\u00e4nsad Tidsram (dagar) 365 Tidsram (dagar) S\u00f6k efter AI-text Standard $0,12 per.","protected":false,"raw":"V\u00e4lj Dina Priss\u00e4ttningsalternativ Inga dolda avgifter f\u00f6r exakt plagiat- och AI-detektering En g\u00e5ng M\u00e5nadligen 3-M\u00e5nader \u00c5rlig L\u00e4tt $0,23 per 1000 ord Spara upp till 30% $22,95 \/ m\u00e5nadStarta nuP\u00e5g\u00e5ende betalningar 1 Plagiatins\u00e4ndning * 1 AI-ins\u00e4ndning * Obegr\u00e4nsad Tidsram (dagar) 365 Tidsram (dagar) S\u00f6k efter AI-text Standard $0,12 per."},"author":1,"featured_media":0,"parent":0,"menu_order":0,"comment_status":"closed","ping_status":"closed","template":"tpl-landing.php","meta":{"_aioseo_title":null,"_aioseo_description":null,"_locale":"sv_SE","_original_post":"https:\/\/originalityreport.com\/?page_id=10","footnotes":""},"class_list":["post-295","page","type-page","status-publish","hentry","sv-SE"],"aioseo_notices":[],"_links":{"self":[{"href":"https:\/\/originalityreport.com\/wp-json\/wp\/v2\/pages\/295","targetHints":{"allow":["GET"]}}],"collection":[{"href":"https:\/\/originalityreport.com\/wp-json\/wp\/v2\/pages"}],"about":[{"href":"https:\/\/originalityreport.com\/wp-json\/wp\/v2\/types\/page"}],"author":[{"embeddable":true,"href":"https:\/\/originalityreport.com\/wp-json\/wp\/v2\/users\/1"}],"replies":[{"embeddable":true,"href":"https:\/\/originalityreport.com\/wp-json\/wp\/v2\/comments?post=295"}],"version-history":[{"count":3,"href":"https:\/\/originalityreport.com\/wp-json\/wp\/v2\/pages\/295\/revisions"}],"predecessor-version":[{"id":745,"href":"https:\/\/originalityreport.com\/wp-json\/wp\/v2\/pages\/295\/revisions\/745"}],"wp:attachment":[{"href":"https:\/\/originalityreport.com\/wp-json\/wp\/v2\/media?parent=295"}],"curies":[{"name":"wp","href":"https:\/\/api.w.org\/{rel}","templated":true}]}}