{"id":1646,"date":"2025-11-06T10:28:47","date_gmt":"2025-11-06T10:28:47","guid":{"rendered":"https:\/\/originalityreport.com\/?page_id=1646","raw":"https:\/\/originalityreport.com\/?page_id=1646"},"modified":"2025-11-06T10:28:47","modified_gmt":"2025-11-06T10:28:47","slug":"blog","status":"publish","type":"page","link":"https:\/\/originalityreport.com\/sv\/blog\/","title":{"rendered":"Blogg","raw":"Blogg"},"content":{"rendered":"<div class=\"blog-top-part\">\n<h1 class=\"page-title\">Insikter &amp; Uppdateringar<\/h1>\n<div class=\"page-green-subtitle\">Utforska trender, tips och innovationer<\/div>\n<div class=\"page-subtitle\">Uppt\u00e4ck expertartiklar om teknik, AI, plagiatdetektering och skrivtips f\u00f6r att skydda ditt arbete och ligga steget f\u00f6re i den digitala tids\u00e5ldern.<\/div>\n<\/div>\n","protected":false,"raw":"<div class=\"blog-top-part\">\r\n<h1 class=\"page-title\">Insikter &amp; Uppdateringar<\/h1>\r\n<div class=\"page-green-subtitle\">Utforska trender, tips och innovationer<\/div>\r\n<div class=\"page-subtitle\">Uppt\u00e4ck expertartiklar om teknik, AI, plagiatdetektering och skrivtips f\u00f6r att skydda ditt arbete och ligga steget f\u00f6re i den digitala tids\u00e5ldern.<\/div>\r\n<\/div>\r\n"},"excerpt":{"rendered":"Insikter &amp; Uppdateringar Utforska trender, tips och innovationer Uppt\u00e4ck expertartiklar om teknik, AI, plagiatdetektering och skrivtips f\u00f6r att skydda ditt arbete och ligga steget f\u00f6re i den digitala tids\u00e5ldern.","protected":false,"raw":"Insikter &amp; Uppdateringar Utforska trender, tips och innovationer Uppt\u00e4ck expertartiklar om teknik, AI, plagiatdetektering och skrivtips f\u00f6r att skydda ditt arbete och ligga steget f\u00f6re i den digitala tids\u00e5ldern."},"author":1,"featured_media":0,"parent":0,"menu_order":0,"comment_status":"closed","ping_status":"closed","template":"","meta":{"_aioseo_title":null,"_aioseo_description":null,"_locale":"sv_SE","_original_post":"https:\/\/originalityreport.com\/?page_id=1003","footnotes":""},"class_list":["post-1646","page","type-page","status-publish","hentry","sv-SE"],"aioseo_notices":[],"_links":{"self":[{"href":"https:\/\/originalityreport.com\/wp-json\/wp\/v2\/pages\/1646","targetHints":{"allow":["GET"]}}],"collection":[{"href":"https:\/\/originalityreport.com\/wp-json\/wp\/v2\/pages"}],"about":[{"href":"https:\/\/originalityreport.com\/wp-json\/wp\/v2\/types\/page"}],"author":[{"embeddable":true,"href":"https:\/\/originalityreport.com\/wp-json\/wp\/v2\/users\/1"}],"replies":[{"embeddable":true,"href":"https:\/\/originalityreport.com\/wp-json\/wp\/v2\/comments?post=1646"}],"version-history":[{"count":1,"href":"https:\/\/originalityreport.com\/wp-json\/wp\/v2\/pages\/1646\/revisions"}],"predecessor-version":[{"id":1653,"href":"https:\/\/originalityreport.com\/wp-json\/wp\/v2\/pages\/1646\/revisions\/1653"}],"wp:attachment":[{"href":"https:\/\/originalityreport.com\/wp-json\/wp\/v2\/media?parent=1646"}],"curies":[{"name":"wp","href":"https:\/\/api.w.org\/{rel}","templated":true}]}}