{"id":383,"date":"2025-03-18T12:23:43","date_gmt":"2025-03-18T12:23:43","guid":{"rendered":"https:\/\/originalityreport.com\/?page_id=383","raw":"https:\/\/originalityreport.com\/?page_id=383"},"modified":"2025-07-24T19:02:34","modified_gmt":"2025-07-24T19:02:34","slug":"home","status":"publish","type":"page","link":"https:\/\/originalityreport.com\/","title":{"rendered":"Acas\u0103","raw":"Acas\u0103"},"content":{"rendered":"","protected":false,"raw":""},"excerpt":{"rendered":"","protected":false,"raw":""},"author":1,"featured_media":0,"parent":0,"menu_order":0,"comment_status":"closed","ping_status":"closed","template":"","meta":{"_aioseo_title":"OriginalityReport: Plagiarism &amp; Detector de Con\u021binut AI","_aioseo_description":"Uma plataforma online completa que oferece detec\u00e7\u00e3o abrangente de conte\u00fado gerado por intelig\u00eancia artificial. Possui an\u00e1lise e interface claras.","_locale":"ro_RO","_original_post":"https:\/\/originalityreport.com\/?page_id=24","footnotes":""},"class_list":["post-383","page","type-page","status-publish","hentry","ro-RO"],"aioseo_notices":[],"_links":{"self":[{"href":"https:\/\/originalityreport.com\/wp-json\/wp\/v2\/pages\/383","targetHints":{"allow":["GET"]}}],"collection":[{"href":"https:\/\/originalityreport.com\/wp-json\/wp\/v2\/pages"}],"about":[{"href":"https:\/\/originalityreport.com\/wp-json\/wp\/v2\/types\/page"}],"author":[{"embeddable":true,"href":"https:\/\/originalityreport.com\/wp-json\/wp\/v2\/users\/1"}],"replies":[{"embeddable":true,"href":"https:\/\/originalityreport.com\/wp-json\/wp\/v2\/comments?post=383"}],"version-history":[{"count":2,"href":"https:\/\/originalityreport.com\/wp-json\/wp\/v2\/pages\/383\/revisions"}],"predecessor-version":[{"id":575,"href":"https:\/\/originalityreport.com\/wp-json\/wp\/v2\/pages\/383\/revisions\/575"}],"wp:attachment":[{"href":"https:\/\/originalityreport.com\/wp-json\/wp\/v2\/media?parent=383"}],"curies":[{"name":"wp","href":"https:\/\/api.w.org\/{rel}","templated":true}]}}