{"id":1644,"date":"2025-11-06T10:28:51","date_gmt":"2025-11-06T10:28:51","guid":{"rendered":"https:\/\/originalityreport.com\/?page_id=1644","raw":"https:\/\/originalityreport.com\/?page_id=1644"},"modified":"2025-11-06T10:28:51","modified_gmt":"2025-11-06T10:28:51","slug":"blog","status":"publish","type":"page","link":"https:\/\/originalityreport.com\/ro\/blog\/","title":{"rendered":"Blog","raw":"Blog"},"content":{"rendered":"<div class=\"blog-top-part\">\n<h1 class=\"page-title\">Informa\u021bii \u0219i actualiz\u0103ri<\/h1>\n<div class=\"page-green-subtitle\">Exploreaz\u0103 tendin\u021be, sfaturi \u0219i inova\u021bii<\/div>\n<div class=\"page-subtitle\">Descoper\u0103 articole de specialitate despre tehnologie, inteligen\u021b\u0103 artificial\u0103, detectarea plagiatului \u0219i sfaturi de scriere pentru a-\u021bi proteja munca \u0219i a r\u0103m\u00e2ne \u00een frunte \u00een era digital\u0103.<\/div>\n<\/div>\n","protected":false,"raw":"<div class=\"blog-top-part\">\r\n<h1 class=\"page-title\">Informa\u021bii \u0219i actualiz\u0103ri<\/h1>\r\n<div class=\"page-green-subtitle\">Exploreaz\u0103 tendin\u021be, sfaturi \u0219i inova\u021bii<\/div>\r\n<div class=\"page-subtitle\">Descoper\u0103 articole de specialitate despre tehnologie, inteligen\u021b\u0103 artificial\u0103, detectarea plagiatului \u0219i sfaturi de scriere pentru a-\u021bi proteja munca \u0219i a r\u0103m\u00e2ne \u00een frunte \u00een era digital\u0103.<\/div>\r\n<\/div>\r\n"},"excerpt":{"rendered":"Perspective \u0219i actualiz\u0103ri Exploreaz\u0103 tendin\u021be, sfaturi \u0219i inova\u021bii Descoper\u0103 articole de specialitate despre tehnologie, inteligen\u021b\u0103 artificial\u0103, detectarea plagiatului \u0219i sfaturi de scriere pentru a-\u021bi proteja munca \u0219i a r\u0103m\u00e2ne \u00een frunte \u00een era digital\u0103.","protected":false,"raw":"Perspective \u0219i actualiz\u0103ri Exploreaz\u0103 tendin\u021be, sfaturi \u0219i inova\u021bii Descoper\u0103 articole de specialitate despre tehnologie, inteligen\u021b\u0103 artificial\u0103, detectarea plagiatului \u0219i sfaturi de scriere pentru a-\u021bi proteja munca \u0219i a r\u0103m\u00e2ne \u00een frunte \u00een era digital\u0103."},"author":1,"featured_media":0,"parent":0,"menu_order":0,"comment_status":"closed","ping_status":"closed","template":"","meta":{"_aioseo_title":null,"_aioseo_description":null,"_locale":"ro_RO","_original_post":"https:\/\/originalityreport.com\/?page_id=1003","footnotes":""},"class_list":["post-1644","page","type-page","status-publish","hentry","ro-RO"],"aioseo_notices":[],"_links":{"self":[{"href":"https:\/\/originalityreport.com\/wp-json\/wp\/v2\/pages\/1644","targetHints":{"allow":["GET"]}}],"collection":[{"href":"https:\/\/originalityreport.com\/wp-json\/wp\/v2\/pages"}],"about":[{"href":"https:\/\/originalityreport.com\/wp-json\/wp\/v2\/types\/page"}],"author":[{"embeddable":true,"href":"https:\/\/originalityreport.com\/wp-json\/wp\/v2\/users\/1"}],"replies":[{"embeddable":true,"href":"https:\/\/originalityreport.com\/wp-json\/wp\/v2\/comments?post=1644"}],"version-history":[{"count":1,"href":"https:\/\/originalityreport.com\/wp-json\/wp\/v2\/pages\/1644\/revisions"}],"predecessor-version":[{"id":1649,"href":"https:\/\/originalityreport.com\/wp-json\/wp\/v2\/pages\/1644\/revisions\/1649"}],"wp:attachment":[{"href":"https:\/\/originalityreport.com\/wp-json\/wp\/v2\/media?parent=1644"}],"curies":[{"name":"wp","href":"https:\/\/api.w.org\/{rel}","templated":true}]}}