{"id":381,"date":"2025-03-24T16:48:58","date_gmt":"2025-03-24T16:48:58","guid":{"rendered":"https:\/\/originalityreport.com\/?page_id=381","raw":"https:\/\/originalityreport.com\/?page_id=381"},"modified":"2025-07-24T18:58:26","modified_gmt":"2025-07-24T18:58:26","slug":"home","status":"publish","type":"page","link":"https:\/\/originalityreport.com\/","title":{"rendered":"In\u00edcio","raw":"In\u00edcio"},"content":{"rendered":"","protected":false,"raw":""},"excerpt":{"rendered":"In\u00edcio","protected":false,"raw":"In\u00edcio"},"author":1,"featured_media":0,"parent":0,"menu_order":0,"comment_status":"closed","ping_status":"closed","template":"","meta":{"_aioseo_title":"OriginalityReport: Ferramentas de Verifica\u00e7\u00e3o de Texto e IA","_aioseo_description":"Plataforma completa para verificar pl\u00e1gio e conte\u00fado gerado por IA. Resultados precisos, interface intuitiva e ideal para estudantes, e criadores de conte\u00fado.","_locale":"pt_PT","_original_post":"https:\/\/originalityreport.com\/?page_id=24","footnotes":""},"class_list":["post-381","page","type-page","status-publish","hentry","pt-PT"],"aioseo_notices":[],"_links":{"self":[{"href":"https:\/\/originalityreport.com\/wp-json\/wp\/v2\/pages\/381","targetHints":{"allow":["GET"]}}],"collection":[{"href":"https:\/\/originalityreport.com\/wp-json\/wp\/v2\/pages"}],"about":[{"href":"https:\/\/originalityreport.com\/wp-json\/wp\/v2\/types\/page"}],"author":[{"embeddable":true,"href":"https:\/\/originalityreport.com\/wp-json\/wp\/v2\/users\/1"}],"replies":[{"embeddable":true,"href":"https:\/\/originalityreport.com\/wp-json\/wp\/v2\/comments?post=381"}],"version-history":[{"count":1,"href":"https:\/\/originalityreport.com\/wp-json\/wp\/v2\/pages\/381\/revisions"}],"predecessor-version":[{"id":382,"href":"https:\/\/originalityreport.com\/wp-json\/wp\/v2\/pages\/381\/revisions\/382"}],"wp:attachment":[{"href":"https:\/\/originalityreport.com\/wp-json\/wp\/v2\/media?parent=381"}],"curies":[{"name":"wp","href":"https:\/\/api.w.org\/{rel}","templated":true}]}}