{"id":291,"date":"2025-03-24T11:50:14","date_gmt":"2025-03-24T11:50:14","guid":{"rendered":"https:\/\/originalityreport.com\/?page_id=291","raw":"https:\/\/originalityreport.com\/?page_id=291"},"modified":"2025-04-04T08:54:39","modified_gmt":"2025-04-04T08:54:39","slug":"pricing","status":"publish","type":"page","link":"https:\/\/originalityreport.com\/pt\/pricing\/","title":{"rendered":"Pre\u00e7os","raw":"Pre\u00e7os"},"content":{"rendered":"<section class=\"pricing-page-main-block\">\n<div class=\"container-fluid\">\n<div class=\"container\">\n<div class=\"row\">\n<div class=\"col-12\">\n<div class=\"pricing-main-block-content\">\n<div class=\"ps-widget-container\" data-ps-widget-name=\"Prices\" data-ps-widget-options=\"{}\">\n<p class=\"top-text\">Escolha as suas Op\u00e7\u00f5es de Pre\u00e7os<\/p>\n<h1 class=\"page-title\">Sem taxas ocultas para dete\u00e7\u00e3o precisa de pl\u00e1gio e IA \u2013<\/h1>\n<div class=\"pricing-block\">\n<div class=\"pricing-plan-duration\">\n<button class=\"pricing-plan-duration-item one-time active\" type=\"button\">Um \u00fanico pagamento<\/button><br \/>\n<button class=\"pricing-plan-duration-item monthly\" type=\"button\">Mensal<\/button><br \/>\n<button class=\"pricing-plan-duration-item 3-months\" type=\"button\">Trimestral<\/button><br \/>\n<button class=\"pricing-plan-duration-item yearly\" type=\"button\">Anual<\/button>\n<\/div>\n<div class=\"pricing-plan-items-wrapper\">\n<div class=\"pricing-plan-items\">\n<div class=\"pricing-plan-item light\">\n<div class=\"item-header\">\n<span class=\"plan-title\">Light<\/span><\/p>\n<div class=\"plan-price-per-word\">\n<p class=\"price\"><span class=\"value\">$0.23<\/span> por<\/p>\n<p class=\"words-count\">1000 palavras<\/p>\n<\/div>\n<\/div>\n<div class=\"item-main\">\n<span class=\"save-up-to-label\">Economize at\u00e9 <span class=\"value\">30%<\/span><\/span><\/p>\n<p class=\"plan-price\"><span class=\"value\">$22.95<\/span> \/ <span class=\"duration\">M\u00eas<\/span><\/p>\n<p><a class=\"get-started-btn\" href=\"#\">Comece Agora<\/a><label class=\"custom-checkbox-label recurring-payments\" for=\"recurring_payments_light\"><span class=\"custom-checkbox\"><\/span><span class=\"custom-checkbox-title\">Pagamentos recorrentes<\/span><input checked=\"\" id=\"recurring_payments_light\" name=\"recurring-payments-light\" type=\"checkbox\"\/><br \/>\n<\/label><span class=\"sep\"><\/span><\/div>\n<div class=\"item-footer\">\n<ul>\n<li class=\"available\"><span class=\"highlighted\">1<\/span> Submiss\u00e3o de Plagiarismo *<\/li>\n<li class=\"available\"><span class=\"highlighted\">1<\/span> Submiss\u00e3o de IA *<\/li>\n<li class=\"available\"><span class=\"highlighted\">Ilimitado<\/span> Prazo (dias)<\/li>\n<li class=\"unavailable\"><span class=\"highlighted\">365<\/span> Prazo (dias)<\/li>\n<li class=\"unavailable\">Procurar texto de IA<\/li>\n<\/ul>\n<\/div>\n<\/div>\n<div class=\"pricing-plan-item standatd selected\">\n<div class=\"item-header\">\n<span class=\"plan-title\">Standatd<\/span><\/p>\n<div class=\"plan-price-per-word\">\n<p class=\"price\"><span class=\"value\">$0.12<\/span> por<\/p>\n<p class=\"words-count\">1000 palavras<\/p>\n<\/div>\n<\/div>\n<div class=\"item-main\">\n<span class=\"save-up-to-label\">Economize at\u00e9 <span class=\"value\">30%<\/span><\/span><\/p>\n<p class=\"plan-price\"><span class=\"value\">$34.95<\/span> \/ <span class=\"duration\">M\u00eas<\/span><\/p>\n<p><a class=\"get-started-btn\" href=\"#\">Comece Agora<\/a><label class=\"custom-checkbox-label recurring-payments\" for=\"recurring_payments_standatd\"><span class=\"custom-checkbox\"><\/span><span class=\"custom-checkbox-title\">Pagamentos recorrentes<\/span><input checked=\"\" id=\"recurring_payments_standatd\" name=\"recurring-payments-standatd\" type=\"checkbox\"\/><\/label><span class=\"sep\"><\/span><\/div>\n<div class=\"item-footer\">\n<ul>\n<li class=\"available\"><span class=\"highlighted\">1<\/span> Submiss\u00e3o de Plagiarismo *<\/li>\n<li class=\"available\"><span class=\"highlighted\">1<\/span> Submiss\u00e3o de IA *<\/li>\n<li class=\"available\"><span class=\"highlighted\">Ilimitado<\/span> Prazo (dias)<\/li>\n<li class=\"unavailable\"><span class=\"highlighted\">365<\/span> Prazo (dias)<\/li>\n<li class=\"unavailable\">Procurar texto de IA<\/li>\n<\/ul>\n<\/div>\n<\/div>\n<div class=\"pricing-plan-item premium\">\n<div class=\"item-header\">\n<span class=\"plan-title\">Premium<\/span><\/p>\n<div class=\"plan-price-per-word\">\n<p class=\"price\"><span class=\"value\">$0.09<\/span> por<\/p>\n<p class=\"words-count\">1000 palavras<\/p>\n<\/div>\n<\/div>\n<div class=\"item-main\">\n<span class=\"save-up-to-label\">Economize at\u00e9 <span class=\"value\">30%<\/span><\/span><\/p>\n<p class=\"plan-price\"><span class=\"value\">$54.95<\/span> \/ <span class=\"duration\">M\u00eas<\/span><\/p>\n<p><a class=\"get-started-btn\" href=\"#\">Comece Agora<\/a><label class=\"custom-checkbox-label recurring-payments\" for=\"recurring_payments_premium\"><span class=\"custom-checkbox\"><\/span><span class=\"custom-checkbox-title\">Pagamentos recorrentes<\/span><input checked=\"\" id=\"recurring_payments_premium\" name=\"recurring-payments-premium\" type=\"checkbox\"\/><\/label><span class=\"sep\"><\/span><\/div>\n<div class=\"item-footer\">\n<ul>\n<li class=\"available\"><span class=\"highlighted\">1<\/span> Submiss\u00e3o de Plagiarismo *<\/li>\n<li class=\"available\"><span class=\"highlighted\">1<\/span> Submiss\u00e3o de IA *<\/li>\n<li class=\"available\"><span class=\"highlighted\">Ilimitado<\/span> Prazo (dias)<\/li>\n<li class=\"unavailable\"><span class=\"highlighted\">365<\/span> Prazo (dias)<\/li>\n<li class=\"unavailable\">Procurar texto de IA<\/li>\n<\/ul>\n<\/div>\n<\/div>\n<\/div>\n<\/div>\n<\/div>\n<\/div>\n<\/div>\n<\/div>\n<\/div>\n<\/div>\n<\/div>\n<\/section>\n<section class=\"faq\">\n<div class=\"container-fluid\">\n<div class=\"container\">\n<div class=\"row\">\n<div class=\"col-12\">\n<div class=\"faq-content\">\n<div class=\"faq-text-block\">\n<p class=\"faq-text-top\">A nossa sec\u00e7\u00e3o de FAQ tem tudo o que precisa de saber<\/p>\n<p class=\"faq-text-title\">Precisa de mais informa\u00e7\u00f5es sobre OriginalityReport.com?<\/p>\n<p class=\"faq-text-subtitle\">Analiz\u00e1mos e respondemos \u00e0s perguntas que os utilizadores fazem sobre a verifica\u00e7\u00e3o de pl\u00e1gio e dete\u00e7\u00e3o de IA.<\/p>\n<div class=\"different-question-block\">\n<img decoding=\"async\" alt=\"FAQ\" class=\"faq-icon\" src=\"\/wp-content\/themes\/main\/images\/faq-icon.svg\"\/><\/p>\n<p class=\"title\">Contacte o OriginalityReport.com para mais respostas<\/p>\n<p class=\"subtitle\">Se tiver mais perguntas sobre o nosso servi\u00e7o, contacte a nossa equipa. Est\u00e3o felizes em ajud\u00e1-lo e explicar a melhor maneira de verificar textos para pl\u00e1gio.<\/p>\n<p><a class=\"contact-support-btn custom-btn cb-black\" href=\"\/contact-us\/\">Contacte a Equipa de Apoio<\/a><\/div>\n<\/div>\n    <div class=\"faq-questions-block\">\n                <div class=\"faq-accordion\" id=\"faq_accordion\">\n                            <div class=\"faq-accordion-item item-1\">\n                    <button class=\"faq-accordion-question collapsed\" type=\"button\" data-bs-toggle=\"collapse\" data-bs-target=\"#faq_accordion_1\" aria-expanded=\"false\" aria-controls=\"faq_accordion_1\">Tenho v\u00e1rios documentos em diferentes formatos, posso verificar todos eles?<\/button>\n                    <div id=\"faq_accordion_1\" class=\"faq-accordion-answer accordion-collapse collapse\" data-bs-parent=\"#faq_accordion\">\n                        <p class=\"answer-text\">Sim, as nossas ferramentas podem ser usadas para escanear documentos em PDF, Word, TXT e at\u00e9 mesmo textos que podem ser copiados diretamente no campo para verifica\u00e7\u00e3o.<\/p>\n                    <\/div>\n                <\/div>\n                            <div class=\"faq-accordion-item item-2\">\n                    <button class=\"faq-accordion-question collapsed\" type=\"button\" data-bs-toggle=\"collapse\" data-bs-target=\"#faq_accordion_2\" aria-expanded=\"false\" aria-controls=\"faq_accordion_2\">Posso confiar nos resultados?<\/button>\n                    <div id=\"faq_accordion_2\" class=\"faq-accordion-answer accordion-collapse collapse\" data-bs-parent=\"#faq_accordion\">\n                        <p class=\"answer-text\">Sim, a nossa ferramenta \u00e9 altamente precisa e fornece relat\u00f3rios exatos e confi\u00e1veis que podem ser utilizados como prova da autenticidade do trabalho.<\/p>\n                    <\/div>\n                <\/div>\n                            <div class=\"faq-accordion-item item-3\">\n                    <button class=\"faq-accordion-question collapsed\" type=\"button\" data-bs-toggle=\"collapse\" data-bs-target=\"#faq_accordion_3\" aria-expanded=\"false\" aria-controls=\"faq_accordion_3\">Quanto tempo demora o processo de verifica\u00e7\u00e3o?<\/button>\n                    <div id=\"faq_accordion_3\" class=\"faq-accordion-answer accordion-collapse collapse\" data-bs-parent=\"#faq_accordion\">\n                        <p class=\"answer-text\">Os clientes podem obter resultados em quest\u00e3o de minutos. O algoritmo pode verificar o conte\u00fado por pl\u00e1gio e IA e compar\u00e1-lo com milh\u00f5es de outros textos muito rapidamente.<\/p>\n                    <\/div>\n                <\/div>\n                            <div class=\"faq-accordion-item item-4\">\n                    <button class=\"faq-accordion-question collapsed\" type=\"button\" data-bs-toggle=\"collapse\" data-bs-target=\"#faq_accordion_4\" aria-expanded=\"false\" aria-controls=\"faq_accordion_4\">Oferece garantias de privacidade?<\/button>\n                    <div id=\"faq_accordion_4\" class=\"faq-accordion-answer accordion-collapse collapse\" data-bs-parent=\"#faq_accordion\">\n                        <p class=\"answer-text\">Sim, focamo-nos na confidencialidade e privacidade. A nossa plataforma n\u00e3o recolhe os seus dados nem armazena textos.<\/p>\n                    <\/div>\n                <\/div>\n                            <div class=\"faq-accordion-item item-5\">\n                    <button class=\"faq-accordion-question collapsed\" type=\"button\" data-bs-toggle=\"collapse\" data-bs-target=\"#faq_accordion_5\" aria-expanded=\"false\" aria-controls=\"faq_accordion_5\">Posso verificar o meu texto para ver se foi gerado por IA?<\/button>\n                    <div id=\"faq_accordion_5\" class=\"faq-accordion-answer accordion-collapse collapse\" data-bs-parent=\"#faq_accordion\">\n                        <p class=\"answer-text\">Sim, somos um dos melhores servi\u00e7os para identificar conte\u00fado gerado por IA.<\/p>\n                    <\/div>\n                <\/div>\n                            <div class=\"faq-accordion-item item-6\">\n                    <button class=\"faq-accordion-question collapsed\" type=\"button\" data-bs-toggle=\"collapse\" data-bs-target=\"#faq_accordion_6\" aria-expanded=\"false\" aria-controls=\"faq_accordion_6\">Suporta v\u00e1rios idiomas?<\/button>\n                    <div id=\"faq_accordion_6\" class=\"faq-accordion-answer accordion-collapse collapse\" data-bs-parent=\"#faq_accordion\">\n                        <p class=\"answer-text\">Sim, a nossa ferramenta funciona com diferentes l\u00ednguas para a conveni\u00eancia dos utilizadores internacionais.<\/p>\n                    <\/div>\n                <\/div>\n                            <div class=\"faq-accordion-item item-7\">\n                    <button class=\"faq-accordion-question collapsed\" type=\"button\" data-bs-toggle=\"collapse\" data-bs-target=\"#faq_accordion_7\" aria-expanded=\"false\" aria-controls=\"faq_accordion_7\">Que fontes o sistema revisa?<\/button>\n                    <div id=\"faq_accordion_7\" class=\"faq-accordion-answer accordion-collapse collapse\" data-bs-parent=\"#faq_accordion\">\n                        <p class=\"answer-text\">Analisamos publica\u00e7\u00f5es acad\u00e9micas, p\u00e1ginas web e bases de dados exclusivas para obter os melhores resultados.<\/p>\n                    <\/div>\n                <\/div>\n                            <div class=\"faq-accordion-item item-8\">\n                    <button class=\"faq-accordion-question collapsed\" type=\"button\" data-bs-toggle=\"collapse\" data-bs-target=\"#faq_accordion_8\" aria-expanded=\"false\" aria-controls=\"faq_accordion_8\">\u00c9 poss\u00edvel verificar v\u00e1rios textos ao mesmo tempo?<\/button>\n                    <div id=\"faq_accordion_8\" class=\"faq-accordion-answer accordion-collapse collapse\" data-bs-parent=\"#faq_accordion\">\n                        <p class=\"answer-text\">Sim, os utilizadores podem carregar v\u00e1rios textos de uma s\u00f3 vez para poupar tempo.<\/p>\n                    <\/div>\n                <\/div>\n                            <div class=\"faq-accordion-item item-9\">\n                    <button class=\"faq-accordion-question collapsed\" type=\"button\" data-bs-toggle=\"collapse\" data-bs-target=\"#faq_accordion_9\" aria-expanded=\"false\" aria-controls=\"faq_accordion_9\">Limita o tamanho dos documentos que podem ser carregados para verifica\u00e7\u00e3o?<\/button>\n                    <div id=\"faq_accordion_9\" class=\"faq-accordion-answer accordion-collapse collapse\" data-bs-parent=\"#faq_accordion\">\n                        <p class=\"answer-text\">N\u00e3o, os clientes podem verificar textos pequenos e documentos maiores.<\/p>\n                    <\/div>\n                <\/div>\n                            <div class=\"faq-accordion-item item-10\">\n                    <button class=\"faq-accordion-question collapsed\" type=\"button\" data-bs-toggle=\"collapse\" data-bs-target=\"#faq_accordion_10\" aria-expanded=\"false\" aria-controls=\"faq_accordion_10\">Tem atualiza\u00e7\u00f5es para uma verifica\u00e7\u00e3o mais eficaz?<\/button>\n                    <div id=\"faq_accordion_10\" class=\"faq-accordion-answer accordion-collapse collapse\" data-bs-parent=\"#faq_accordion\">\n                        <p class=\"answer-text\">Sim, as nossas ferramentas utilizam algoritmos avan\u00e7ados e recebem atualiza\u00e7\u00f5es cont\u00ednuas para melhores resultados.<\/p>\n                    <\/div>\n                <\/div>\n                            <div class=\"faq-accordion-item item-11\">\n                    <button class=\"faq-accordion-question collapsed\" type=\"button\" data-bs-toggle=\"collapse\" data-bs-target=\"#faq_accordion_11\" aria-expanded=\"false\" aria-controls=\"faq_accordion_11\">O verificador de pl\u00e1gio pode ser utilizado com outros sistemas?<\/button>\n                    <div id=\"faq_accordion_11\" class=\"faq-accordion-answer accordion-collapse collapse\" data-bs-parent=\"#faq_accordion\">\n                        <p class=\"answer-text\">Sim, existe a op\u00e7\u00e3o de integra\u00e7\u00e3o via API.<\/p>\n                    <\/div>\n                <\/div>\n                            <div class=\"faq-accordion-item item-12\">\n                    <button class=\"faq-accordion-question collapsed\" type=\"button\" data-bs-toggle=\"collapse\" data-bs-target=\"#faq_accordion_12\" aria-expanded=\"false\" aria-controls=\"faq_accordion_12\">Pode inscrever-se numa vers\u00e3o de teste gratuita?<\/button>\n                    <div id=\"faq_accordion_12\" class=\"faq-accordion-answer accordion-collapse collapse\" data-bs-parent=\"#faq_accordion\">\n                        <p class=\"answer-text\">Sim, a nossa vers\u00e3o de demonstra\u00e7\u00e3o gratuita est\u00e1 dispon\u00edvel para clientes que desejam explorar o que a nossa plataforma oferece.<\/p>\n                    <\/div>\n                <\/div>\n                            <div class=\"faq-accordion-item item-13\">\n                    <button class=\"faq-accordion-question collapsed\" type=\"button\" data-bs-toggle=\"collapse\" data-bs-target=\"#faq_accordion_13\" aria-expanded=\"false\" aria-controls=\"faq_accordion_13\">O teu verificador est\u00e1 otimizado para uso m\u00f3vel?<\/button>\n                    <div id=\"faq_accordion_13\" class=\"faq-accordion-answer accordion-collapse collapse\" data-bs-parent=\"#faq_accordion\">\n                        <p class=\"answer-text\">Sim, o nosso sistema \u00e9 amig\u00e1vel para dispositivos m\u00f3veis, tornando-o mais acess\u00edvel aos clientes.<\/p>\n                    <\/div>\n                <\/div>\n                    <\/div>\n    <\/div>\n    <\/div>\n<\/div>\n<\/div>\n<\/div>\n<\/div>\n<\/section>\n","protected":false,"raw":"<section class=\"pricing-page-main-block\">\r\n<div class=\"container-fluid\">\r\n<div class=\"container\">\r\n<div class=\"row\">\r\n<div class=\"col-12\">\r\n<div class=\"pricing-main-block-content\">\r\n<div class=\"ps-widget-container\" data-ps-widget-name=\"Prices\" data-ps-widget-options=\"{}\">\r\n<p class=\"top-text\">Escolha as suas Op\u00e7\u00f5es de Pre\u00e7os<\/p>\r\n<h1 class=\"page-title\">Sem taxas ocultas para dete\u00e7\u00e3o precisa de pl\u00e1gio e IA \u2013<\/h1>\r\n<div class=\"pricing-block\">\r\n<div class=\"pricing-plan-duration\">\r\n<button class=\"pricing-plan-duration-item one-time active\" type=\"button\">Um \u00fanico pagamento<\/button>\r\n<button class=\"pricing-plan-duration-item monthly\" type=\"button\">Mensal<\/button>\r\n<button class=\"pricing-plan-duration-item 3-months\" type=\"button\">Trimestral<\/button>\r\n<button class=\"pricing-plan-duration-item yearly\" type=\"button\">Anual<\/button>\r\n<\/div>\r\n<div class=\"pricing-plan-items-wrapper\">\r\n<div class=\"pricing-plan-items\">\r\n<div class=\"pricing-plan-item light\">\r\n<div class=\"item-header\">\r\n<span class=\"plan-title\">Light<\/span>\r\n<div class=\"plan-price-per-word\">\r\n<p class=\"price\"><span class=\"value\">$0.23<\/span> por<\/p>\r\n<p class=\"words-count\">1000 palavras<\/p>\r\n<\/div>\r\n<\/div>\r\n<div class=\"item-main\">\r\n<span class=\"save-up-to-label\">Economize at\u00e9 <span class=\"value\">30%<\/span><\/span>\r\n<p class=\"plan-price\"><span class=\"value\">$22.95<\/span> \/ <span class=\"duration\">M\u00eas<\/span><\/p><a class=\"get-started-btn\" href=\"#\">Comece Agora<\/a><label class=\"custom-checkbox-label recurring-payments\" for=\"recurring_payments_light\"><span class=\"custom-checkbox\"><\/span><span class=\"custom-checkbox-title\">Pagamentos recorrentes<\/span><input checked=\"\" id=\"recurring_payments_light\" name=\"recurring-payments-light\" type=\"checkbox\"\/>\r\n<\/label><span class=\"sep\"><\/span><\/div>\r\n<div class=\"item-footer\">\r\n<ul>\r\n<li class=\"available\"><span class=\"highlighted\">1<\/span> Submiss\u00e3o de Plagiarismo *<\/li>\r\n<li class=\"available\"><span class=\"highlighted\">1<\/span> Submiss\u00e3o de IA *<\/li>\r\n<li class=\"available\"><span class=\"highlighted\">Ilimitado<\/span> Prazo (dias)<\/li>\r\n<li class=\"unavailable\"><span class=\"highlighted\">365<\/span> Prazo (dias)<\/li>\r\n<li class=\"unavailable\">Procurar texto de IA<\/li><\/ul><\/div><\/div>\r\n<div class=\"pricing-plan-item standatd selected\">\r\n<div class=\"item-header\">\r\n<span class=\"plan-title\">Standatd<\/span>\r\n<div class=\"plan-price-per-word\">\r\n<p class=\"price\"><span class=\"value\">$0.12<\/span> por<\/p>\r\n<p class=\"words-count\">1000 palavras<\/p><\/div><\/div>\r\n<div class=\"item-main\">\r\n<span class=\"save-up-to-label\">Economize at\u00e9 <span class=\"value\">30%<\/span><\/span>\r\n<p class=\"plan-price\"><span class=\"value\">$34.95<\/span> \/ <span class=\"duration\">M\u00eas<\/span><\/p><a class=\"get-started-btn\" href=\"#\">Comece Agora<\/a><label class=\"custom-checkbox-label recurring-payments\" for=\"recurring_payments_standatd\"><span class=\"custom-checkbox\"><\/span><span class=\"custom-checkbox-title\">Pagamentos recorrentes<\/span><input checked=\"\" id=\"recurring_payments_standatd\" name=\"recurring-payments-standatd\" type=\"checkbox\"\/><\/label><span class=\"sep\"><\/span><\/div>\r\n<div class=\"item-footer\">\r\n<ul>\r\n<li class=\"available\"><span class=\"highlighted\">1<\/span> Submiss\u00e3o de Plagiarismo *<\/li>\r\n<li class=\"available\"><span class=\"highlighted\">1<\/span> Submiss\u00e3o de IA *<\/li>\r\n<li class=\"available\"><span class=\"highlighted\">Ilimitado<\/span> Prazo (dias)<\/li>\r\n<li class=\"unavailable\"><span class=\"highlighted\">365<\/span> Prazo (dias)<\/li>\r\n<li class=\"unavailable\">Procurar texto de IA<\/li><\/ul><\/div><\/div>\r\n<div class=\"pricing-plan-item premium\">\r\n<div class=\"item-header\">\r\n<span class=\"plan-title\">Premium<\/span>\r\n<div class=\"plan-price-per-word\">\r\n<p class=\"price\"><span class=\"value\">$0.09<\/span> por<\/p>\r\n<p class=\"words-count\">1000 palavras<\/p>\r\n<\/div>\r\n<\/div>\r\n<div class=\"item-main\">\r\n<span class=\"save-up-to-label\">Economize at\u00e9 <span class=\"value\">30%<\/span><\/span>\r\n<p class=\"plan-price\"><span class=\"value\">$54.95<\/span> \/ <span class=\"duration\">M\u00eas<\/span><\/p><a class=\"get-started-btn\" href=\"#\">Comece Agora<\/a><label class=\"custom-checkbox-label recurring-payments\" for=\"recurring_payments_premium\"><span class=\"custom-checkbox\"><\/span><span class=\"custom-checkbox-title\">Pagamentos recorrentes<\/span><input checked=\"\" id=\"recurring_payments_premium\" name=\"recurring-payments-premium\" type=\"checkbox\"\/><\/label><span class=\"sep\"><\/span><\/div>\r\n<div class=\"item-footer\">\r\n<ul>\r\n<li class=\"available\"><span class=\"highlighted\">1<\/span> Submiss\u00e3o de Plagiarismo *<\/li>\r\n<li class=\"available\"><span class=\"highlighted\">1<\/span> Submiss\u00e3o de IA *<\/li>\r\n<li class=\"available\"><span class=\"highlighted\">Ilimitado<\/span> Prazo (dias)<\/li>\r\n<li class=\"unavailable\"><span class=\"highlighted\">365<\/span> Prazo (dias)<\/li>\r\n<li class=\"unavailable\">Procurar texto de IA<\/li><\/ul><\/div><\/div><\/div><\/div><\/div><\/div><\/div><\/div><\/div><\/div><\/div>\r\n<\/section>\r\n<section class=\"faq\">\r\n<div class=\"container-fluid\">\r\n<div class=\"container\">\r\n<div class=\"row\">\r\n<div class=\"col-12\">\r\n<div class=\"faq-content\">\r\n<div class=\"faq-text-block\">\r\n<p class=\"faq-text-top\">A nossa sec\u00e7\u00e3o de FAQ tem tudo o que precisa de saber<\/p>\r\n<p class=\"faq-text-title\">Precisa de mais informa\u00e7\u00f5es sobre OriginalityReport.com?<\/p>\r\n<p class=\"faq-text-subtitle\">Analiz\u00e1mos e respondemos \u00e0s perguntas que os utilizadores fazem sobre a verifica\u00e7\u00e3o de pl\u00e1gio e dete\u00e7\u00e3o de IA.<\/p>\r\n<div class=\"different-question-block\">\r\n<img alt=\"FAQ\" class=\"faq-icon\" src=\"\/wp-content\/themes\/main\/images\/faq-icon.svg\"\/><p class=\"title\">Contacte o OriginalityReport.com para mais respostas<\/p>\r\n<p class=\"subtitle\">Se tiver mais perguntas sobre o nosso servi\u00e7o, contacte a nossa equipa. Est\u00e3o felizes em ajud\u00e1-lo e explicar a melhor maneira de verificar textos para pl\u00e1gio.<\/p><a class=\"contact-support-btn custom-btn cb-black\" href=\"\/contact-us\/\">Contacte a Equipa de Apoio<\/a><\/div>\r\n<\/div>[faq_questions]<\/div>\r\n<\/div>\r\n<\/div>\r\n<\/div>\r\n<\/div>\r\n<\/section>"},"excerpt":{"rendered":"Escolha as suas Op\u00e7\u00f5es de Pre\u00e7os Sem taxas ocultas para dete\u00e7\u00e3o precisa de pl\u00e1gio e IA \u2013 Um \u00fanico pagamento Mensal Trimestral Anual Light $0,23 por 1000 palavras Economize at\u00e9 30% $22,95 \/ M\u00easComece AgoraPagamentos recorrentes 1 Submiss\u00e3o de Plagiarismo * 1 Submiss\u00e3o de AI * Tempo ilimitado (dias) 365 Prazo (dias) Procurar texto de IA Est\u00e1ndar $0,12 por.","protected":false,"raw":"Escolha as suas Op\u00e7\u00f5es de Pre\u00e7os Sem taxas ocultas para dete\u00e7\u00e3o precisa de pl\u00e1gio e IA \u2013 Um \u00fanico pagamento Mensal Trimestral Anual Light $0,23 por 1000 palavras Economize at\u00e9 30% $22,95 \/ M\u00easComece AgoraPagamentos recorrentes 1 Submiss\u00e3o de Plagiarismo * 1 Submiss\u00e3o de AI * Tempo ilimitado (dias) 365 Prazo (dias) Procurar texto de IA Est\u00e1ndar $0,12 por."},"author":1,"featured_media":0,"parent":0,"menu_order":0,"comment_status":"closed","ping_status":"closed","template":"tpl-landing.php","meta":{"_aioseo_title":null,"_aioseo_description":null,"_locale":"pt_PT","_original_post":"https:\/\/originalityreport.com\/?page_id=10","footnotes":""},"class_list":["post-291","page","type-page","status-publish","hentry","pt-PT"],"aioseo_notices":[],"_links":{"self":[{"href":"https:\/\/originalityreport.com\/wp-json\/wp\/v2\/pages\/291","targetHints":{"allow":["GET"]}}],"collection":[{"href":"https:\/\/originalityreport.com\/wp-json\/wp\/v2\/pages"}],"about":[{"href":"https:\/\/originalityreport.com\/wp-json\/wp\/v2\/types\/page"}],"author":[{"embeddable":true,"href":"https:\/\/originalityreport.com\/wp-json\/wp\/v2\/users\/1"}],"replies":[{"embeddable":true,"href":"https:\/\/originalityreport.com\/wp-json\/wp\/v2\/comments?post=291"}],"version-history":[{"count":3,"href":"https:\/\/originalityreport.com\/wp-json\/wp\/v2\/pages\/291\/revisions"}],"predecessor-version":[{"id":743,"href":"https:\/\/originalityreport.com\/wp-json\/wp\/v2\/pages\/291\/revisions\/743"}],"wp:attachment":[{"href":"https:\/\/originalityreport.com\/wp-json\/wp\/v2\/media?parent=291"}],"curies":[{"name":"wp","href":"https:\/\/api.w.org\/{rel}","templated":true}]}}