{"id":1642,"date":"2025-11-06T10:28:53","date_gmt":"2025-11-06T10:28:53","guid":{"rendered":"https:\/\/originalityreport.com\/?page_id=1642","raw":"https:\/\/originalityreport.com\/?page_id=1642"},"modified":"2025-11-06T10:28:53","modified_gmt":"2025-11-06T10:28:53","slug":"blog","status":"publish","type":"page","link":"https:\/\/originalityreport.com\/pt\/blog\/","title":{"rendered":"Blog","raw":"Blog"},"content":{"rendered":"<div class=\"blog-top-part\">\n<h1 class=\"page-title\">Insights &amp; Updates<\/h1>\n<div class=\"page-green-subtitle\">Explore Tend\u00eancias, Dicas e Inova\u00e7\u00f5es<\/div>\n<div class=\"page-subtitle\">Descubra artigos de especialistas sobre tecnologia, IA, dete\u00e7\u00e3o de pl\u00e1gio e dicas de escrita para proteger o seu trabalho e manter-se \u00e0 frente na era digital.<\/div>\n<\/div>\n","protected":false,"raw":"<div class=\"blog-top-part\">\r\n<h1 class=\"page-title\">Insights &amp; Updates<\/h1>\r\n<div class=\"page-green-subtitle\">Explore Tend\u00eancias, Dicas e Inova\u00e7\u00f5es<\/div>\r\n<div class=\"page-subtitle\">Descubra artigos de especialistas sobre tecnologia, IA, dete\u00e7\u00e3o de pl\u00e1gio e dicas de escrita para proteger o seu trabalho e manter-se \u00e0 frente na era digital.<\/div>\r\n<\/div>\r\n"},"excerpt":{"rendered":"Insights &amp; Updates Explore Tend\u00eancias, Dicas e Inova\u00e7\u00f5es Descubra artigos de especialistas sobre tecnologia, IA, dete\u00e7\u00e3o de pl\u00e1gio e dicas de escrita para proteger o seu trabalho e manter-se \u00e0 frente na era digital.","protected":false,"raw":"Insights &amp; Updates Explore Tend\u00eancias, Dicas e Inova\u00e7\u00f5es Descubra artigos de especialistas sobre tecnologia, IA, dete\u00e7\u00e3o de pl\u00e1gio e dicas de escrita para proteger o seu trabalho e manter-se \u00e0 frente na era digital."},"author":1,"featured_media":0,"parent":0,"menu_order":0,"comment_status":"closed","ping_status":"closed","template":"","meta":{"_aioseo_title":null,"_aioseo_description":null,"_locale":"pt_PT","_original_post":"https:\/\/originalityreport.com\/?page_id=1003","footnotes":""},"class_list":["post-1642","page","type-page","status-publish","hentry","pt-PT"],"aioseo_notices":[],"_links":{"self":[{"href":"https:\/\/originalityreport.com\/wp-json\/wp\/v2\/pages\/1642","targetHints":{"allow":["GET"]}}],"collection":[{"href":"https:\/\/originalityreport.com\/wp-json\/wp\/v2\/pages"}],"about":[{"href":"https:\/\/originalityreport.com\/wp-json\/wp\/v2\/types\/page"}],"author":[{"embeddable":true,"href":"https:\/\/originalityreport.com\/wp-json\/wp\/v2\/users\/1"}],"replies":[{"embeddable":true,"href":"https:\/\/originalityreport.com\/wp-json\/wp\/v2\/comments?post=1642"}],"version-history":[{"count":1,"href":"https:\/\/originalityreport.com\/wp-json\/wp\/v2\/pages\/1642\/revisions"}],"predecessor-version":[{"id":1647,"href":"https:\/\/originalityreport.com\/wp-json\/wp\/v2\/pages\/1642\/revisions\/1647"}],"wp:attachment":[{"href":"https:\/\/originalityreport.com\/wp-json\/wp\/v2\/media?parent=1642"}],"curies":[{"name":"wp","href":"https:\/\/api.w.org\/{rel}","templated":true}]}}