{"id":533,"date":"2025-03-24T11:50:19","date_gmt":"2025-03-24T11:50:19","guid":{"rendered":"https:\/\/originalityreport.com\/?page_id=533","raw":"https:\/\/originalityreport.com\/?page_id=533"},"modified":"2025-04-04T08:52:45","modified_gmt":"2025-04-04T08:52:45","slug":"pricing","status":"publish","type":"page","link":"https:\/\/originalityreport.com\/pl\/pricing\/","title":{"rendered":"Oferta cenowa","raw":"Oferta cenowa"},"content":{"rendered":"<section class=\"pricing-page-main-block\">\n<div class=\"container-fluid\">\n<div class=\"container\">\n<div class=\"row\">\n<div class=\"col-12\">\n<div class=\"pricing-main-block-content\">\n<div class=\"ps-widget-container\" data-ps-widget-name=\"Prices\" data-ps-widget-options=\"{}\">\n<p class=\"top-text\">Wybierz swoje opcje cenowe<\/p>\n<h1 class=\"page-title\">Bez ukrytych op\u0142at dla dok\u0142adnej detekcji plagiat\u00f3w i AI \u2014<\/h1>\n<div class=\"pricing-block\">\n<div class=\"pricing-plan-duration\">\n<button class=\"pricing-plan-duration-item one-time active\" type=\"button\">Jednorazowa<\/button><br \/>\n<button class=\"pricing-plan-duration-item monthly\" type=\"button\">Miesi\u0119czna<\/button><br \/>\n<button class=\"pricing-plan-duration-item 3-months\" type=\"button\">3 miesi\u0105ce<\/button><br \/>\n<button class=\"pricing-plan-duration-item yearly\" type=\"button\">Roczna<\/button>\n<\/div>\n<div class=\"pricing-plan-items-wrapper\">\n<div class=\"pricing-plan-items\">\n<div class=\"pricing-plan-item light\">\n<div class=\"item-header\">\n<span class=\"plan-title\">\u0141agodne<\/span><\/p>\n<div class=\"plan-price-per-word\">\n<p class=\"price\"><span class=\"value\">$0,23<\/span> za<\/p>\n<p class=\"words-count\">1000 s\u0142\u00f3w<\/p>\n<\/div>\n<\/div>\n<div class=\"item-main\">\n<span class=\"save-up-to-label\">Oszcz\u0119d\u017a do <span class=\"value\">30%<\/span><\/span><\/p>\n<p class=\"plan-price\"><span class=\"value\">$22,95<\/span> \/ <span class=\"duration\">Miesi\u0105c<\/span><\/p>\n<p><a class=\"get-started-btn\" href=\"#\">Rozpocznij teraz<\/a><label class=\"custom-checkbox-label recurring-payments\" for=\"recurring_payments_light\"><span class=\"custom-checkbox\"><\/span><span class=\"custom-checkbox-title\">P\u0142atno\u015bci cykliczne<\/span><input checked=\"\" id=\"recurring_payments_light\" name=\"recurring-payments-light\" type=\"checkbox\"\/><br \/>\n<\/label><span class=\"sep\"><\/span><\/div>\n<div class=\"item-footer\">\n<ul>\n<li class=\"available\"><span class=\"highlighted\">1<\/span> Wersja sprawdzenia na plagiaty *<\/li>\n<li class=\"available\"><span class=\"highlighted\">1<\/span> Wersja sprawdzenia AI *<\/li>\n<li class=\"available\"><span class=\"highlighted\">Nieograniczona<\/span> Czas trwania (dni)<\/li>\n<li class=\"unavailable\"><span class=\"highlighted\">365<\/span> Czas trwania (dni)<\/li>\n<li class=\"unavailable\">Szukaj tekstu AI<\/li>\n<\/ul>\n<\/div>\n<\/div>\n<div class=\"pricing-plan-item standatd selected\">\n<div class=\"item-header\">\n<span class=\"plan-title\">Standartowe<\/span><\/p>\n<div class=\"plan-price-per-word\">\n<p class=\"price\"><span class=\"value\">$0,12<\/span> za<\/p>\n<p class=\"words-count\">1000 s\u0142\u00f3w<\/p>\n<\/div>\n<\/div>\n<div class=\"item-main\">\n<span class=\"save-up-to-label\">Oszcz\u0119d\u017a do <span class=\"value\">30%<\/span><\/span><\/p>\n<p class=\"plan-price\"><span class=\"value\">$34,95<\/span> \/ <span class=\"duration\">Miesi\u0105c<\/span><\/p>\n<p><a class=\"get-started-btn\" href=\"#\">Rozpocznij teraz<\/a><label class=\"custom-checkbox-label recurring-payments\" for=\"recurring_payments_standatd\"><span class=\"custom-checkbox\"><\/span><span class=\"custom-checkbox-title\">P\u0142atno\u015bci cykliczne<\/span><input checked=\"\" id=\"recurring_payments_standatd\" name=\"recurring-payments-standatd\" type=\"checkbox\"\/><\/label><span class=\"sep\"><\/span><\/div>\n<div class=\"item-footer\">\n<ul>\n<li class=\"available\"><span class=\"highlighted\">1<\/span> Wersja sprawdzenia na plagiaty *<\/li>\n<li class=\"available\"><span class=\"highlighted\">1<\/span> Wersja sprawdzenia AI *<\/li>\n<li class=\"available\"><span class=\"highlighted\">Nieograniczona<\/span> Czas trwania (dni)<\/li>\n<li class=\"unavailable\"><span class=\"highlighted\">365<\/span> Czas trwania (dni)<\/li>\n<li class=\"unavailable\">Szukaj tekstu AI<\/li>\n<\/ul>\n<\/div>\n<\/div>\n<div class=\"pricing-plan-item premium\">\n<div class=\"item-header\">\n<span class=\"plan-title\">Premium<\/span><\/p>\n<div class=\"plan-price-per-word\">\n<p class=\"price\"><span class=\"value\">$0,09<\/span> na<\/p>\n<p class=\"words-count\">1000 s\u0142\u00f3w<\/p>\n<\/div>\n<\/div>\n<div class=\"item-main\">\n<span class=\"save-up-to-label\">Oszcz\u0119d\u017a do <span class=\"value\">30%<\/span><\/span><\/p>\n<p class=\"plan-price\"><span class=\"value\">$54,95<\/span> \/ <span class=\"duration\">Miesi\u0105c<\/span><\/p>\n<p><a class=\"get-started-btn\" href=\"#\">Rozpocznij teraz<\/a><label class=\"custom-checkbox-label recurring-payments\" for=\"recurring_payments_premium\"><span class=\"custom-checkbox\"><\/span><span class=\"custom-checkbox-title\">P\u0142atno\u015bci cykliczne<\/span><input checked=\"\" id=\"recurring_payments_premium\" name=\"recurring-payments-premium\" type=\"checkbox\"\/><\/label><span class=\"sep\"><\/span><\/div>\n<div class=\"item-footer\">\n<ul>\n<li class=\"available\"><span class=\"highlighted\">1<\/span> Wersja sprawdzenia na plagiaty *<\/li>\n<li class=\"available\"><span class=\"highlighted\">1<\/span> Wersja sprawdzenia AI *<\/li>\n<li class=\"available\"><span class=\"highlighted\">Nieograniczona<\/span> Czas trwania (dni)<\/li>\n<li class=\"unavailable\"><span class=\"highlighted\">365<\/span> Czas trwania (dni)<\/li>\n<li class=\"unavailable\">Szukaj tekstu AI<\/li>\n<\/ul>\n<\/div>\n<\/div>\n<\/div>\n<\/div>\n<\/div>\n<\/div>\n<\/div>\n<\/div>\n<\/div>\n<\/div>\n<\/div>\n<\/section>\n<section class=\"faq\">\n<div class=\"container-fluid\">\n<div class=\"container\">\n<div class=\"row\">\n<div class=\"col-12\">\n<div class=\"faq-content\">\n<div class=\"faq-text-block\">\n<p class=\"faq-text-top\">Nasza sekcja FAQ zawiera wszystkie informacje, kt\u00f3re potrzebujesz<\/p>\n<p class=\"faq-text-title\">Czy potrzebujesz wi\u0119cej informacji o OriginalityReport.com?<\/p>\n<p class=\"faq-text-subtitle\">Przeprowadzili\u015bmy analiz\u0119 i odpowiedzieli\u015bmy na pytania zadawane przez u\u017cytkownik\u00f3w dotycz\u0105ce sprawdzania plagiat\u00f3w i wykrywania AI.<\/p>\n<div class=\"different-question-block\">\n<img decoding=\"async\" alt=\"FAQ\" class=\"faq-icon\" src=\"\/wp-content\/themes\/main\/images\/faq-icon.svg\"\/><\/p>\n<p class=\"title\">Skontaktuj si\u0119 z OriginalityReport.com dla wi\u0119cej odpowiedzi<\/p>\n<p class=\"subtitle\">Je\u015bli masz dodatkowe pytania dotycz\u0105ce naszej us\u0142ugi, skontaktuj si\u0119 z naszym zespo\u0142em. Z przyjemno\u015bci\u0105 pomog\u0105 Ci i wyja\u015bni\u0105 najlepszy spos\u00f3b sprawdzania tekstu na plagiaty.<\/p>\n<p><a class=\"contact-support-btn custom-btn cb-black\" href=\"\/contact-us\/\">Skontaktuj si\u0119 z zespo\u0142em wsparcia<\/a><\/div>\n<\/div>\n    <div class=\"faq-questions-block\">\n                <div class=\"faq-accordion\" id=\"faq_accordion\">\n                            <div class=\"faq-accordion-item item-1\">\n                    <button class=\"faq-accordion-question collapsed\" type=\"button\" data-bs-toggle=\"collapse\" data-bs-target=\"#faq_accordion_1\" aria-expanded=\"false\" aria-controls=\"faq_accordion_1\">Jak d\u0142ugo trwa proces sprawdzania?\n\nMam kilka dokument\u00f3w w r\u00f3\u017cnych formatach, czy mog\u0119 je wszystkie sprawdzi\u0107?<\/button>\n                    <div id=\"faq_accordion_1\" class=\"faq-accordion-answer accordion-collapse collapse\" data-bs-parent=\"#faq_accordion\">\n                        <p class=\"answer-text\">Tak, nasze narz\u0119dzia mog\u0105 by\u0107 u\u017cywane do skanowania dokument\u00f3w w formatach PDF, Word, TXT oraz tekst\u00f3w, kt\u00f3re mo\u017cna bezpo\u015brednio skopiowa\u0107 do pola do sprawdzenia.<\/p>\n                    <\/div>\n                <\/div>\n                            <div class=\"faq-accordion-item item-2\">\n                    <button class=\"faq-accordion-question collapsed\" type=\"button\" data-bs-toggle=\"collapse\" data-bs-target=\"#faq_accordion_2\" aria-expanded=\"false\" aria-controls=\"faq_accordion_2\">Czy wyniki mog\u0105 by\u0107 uznane za wiarygodne?<\/button>\n                    <div id=\"faq_accordion_2\" class=\"faq-accordion-answer accordion-collapse collapse\" data-bs-parent=\"#faq_accordion\">\n                        <p class=\"answer-text\">Tak, nasze narz\u0119dzie jest bardzo dok\u0142adne i dostarcza precyzyjnych i niezawodnych raport\u00f3w, kt\u00f3re mog\u0105 by\u0107 u\u017cywane jako dow\u00f3d autentyczno\u015bci pracy.<\/p>\n                    <\/div>\n                <\/div>\n                            <div class=\"faq-accordion-item item-3\">\n                    <button class=\"faq-accordion-question collapsed\" type=\"button\" data-bs-toggle=\"collapse\" data-bs-target=\"#faq_accordion_3\" aria-expanded=\"false\" aria-controls=\"faq_accordion_3\">Jaki jest czas przetwarzania?<\/button>\n                    <div id=\"faq_accordion_3\" class=\"faq-accordion-answer accordion-collapse collapse\" data-bs-parent=\"#faq_accordion\">\n                        <p class=\"answer-text\">Klienci mog\u0105 otrzyma\u0107 wyniki w ci\u0105gu kilku minut. Algorytm mo\u017ce sprawdzi\u0107 tre\u015b\u0107 pod k\u0105tem plagiatu i AI oraz por\u00f3wna\u0107 j\u0105 z milionami innych tekst\u00f3w bardzo szybko.<\/p>\n                    <\/div>\n                <\/div>\n                            <div class=\"faq-accordion-item item-4\">\n                    <button class=\"faq-accordion-question collapsed\" type=\"button\" data-bs-toggle=\"collapse\" data-bs-target=\"#faq_accordion_4\" aria-expanded=\"false\" aria-controls=\"faq_accordion_4\">Czy \u015bwiadczysz gwarancje prywatno\u015bci?<\/button>\n                    <div id=\"faq_accordion_4\" class=\"faq-accordion-answer accordion-collapse collapse\" data-bs-parent=\"#faq_accordion\">\n                        <p class=\"answer-text\">Tak, skupiamy si\u0119 na poufno\u015bci i prywatno\u015bci. Nasza platforma nie zbiera Twoich danych ani nie przechowuje tekst\u00f3w.<\/p>\n                    <\/div>\n                <\/div>\n                            <div class=\"faq-accordion-item item-5\">\n                    <button class=\"faq-accordion-question collapsed\" type=\"button\" data-bs-toggle=\"collapse\" data-bs-target=\"#faq_accordion_5\" aria-expanded=\"false\" aria-controls=\"faq_accordion_5\">Czy mog\u0119 sprawdzi\u0107 sw\u00f3j tekst, aby zobaczy\u0107, czy zosta\u0142 wygenerowany przez AI?<\/button>\n                    <div id=\"faq_accordion_5\" class=\"faq-accordion-answer accordion-collapse collapse\" data-bs-parent=\"#faq_accordion\">\n                        <p class=\"answer-text\">Tak, jeste\u015bmy jednym z najlepszych us\u0142ug do identyfikacji tre\u015bci wygenerowanych przez sztuczn\u0105 inteligencj\u0119.<\/p>\n                    <\/div>\n                <\/div>\n                            <div class=\"faq-accordion-item item-6\">\n                    <button class=\"faq-accordion-question collapsed\" type=\"button\" data-bs-toggle=\"collapse\" data-bs-target=\"#faq_accordion_6\" aria-expanded=\"false\" aria-controls=\"faq_accordion_6\">Czy wspierasz wiele j\u0119zyk\u00f3w?<\/button>\n                    <div id=\"faq_accordion_6\" class=\"faq-accordion-answer accordion-collapse collapse\" data-bs-parent=\"#faq_accordion\">\n                        <p class=\"answer-text\">Tak, nasze narz\u0119dzie wsp\u00f3\u0142pracuje z r\u00f3\u017cnymi j\u0119zykami dla wygody u\u017cytkownik\u00f3w mi\u0119dzynarodowych.<\/p>\n                    <\/div>\n                <\/div>\n                            <div class=\"faq-accordion-item item-7\">\n                    <button class=\"faq-accordion-question collapsed\" type=\"button\" data-bs-toggle=\"collapse\" data-bs-target=\"#faq_accordion_7\" aria-expanded=\"false\" aria-controls=\"faq_accordion_7\">Jakie \u017ar\u00f3d\u0142a przegl\u0105da Tw\u00f3j system?<\/button>\n                    <div id=\"faq_accordion_7\" class=\"faq-accordion-answer accordion-collapse collapse\" data-bs-parent=\"#faq_accordion\">\n                        <p class=\"answer-text\">Analizujemy publikacje akademiczne, strony internetowe i ekskluzywne bazy danych w celu uzyskania najlepszych wynik\u00f3w.<\/p>\n                    <\/div>\n                <\/div>\n                            <div class=\"faq-accordion-item item-8\">\n                    <button class=\"faq-accordion-question collapsed\" type=\"button\" data-bs-toggle=\"collapse\" data-bs-target=\"#faq_accordion_8\" aria-expanded=\"false\" aria-controls=\"faq_accordion_8\">Czy mo\u017cliwe jest jednoczesne sprawdzanie kilku tekst\u00f3w?<\/button>\n                    <div id=\"faq_accordion_8\" class=\"faq-accordion-answer accordion-collapse collapse\" data-bs-parent=\"#faq_accordion\">\n                        <p class=\"answer-text\">Tak, u\u017cytkownicy mog\u0105 przesy\u0142a\u0107 wiele tekst\u00f3w jednocze\u015bnie, aby oszcz\u0119dzi\u0107 czas.<\/p>\n                    <\/div>\n                <\/div>\n                            <div class=\"faq-accordion-item item-9\">\n                    <button class=\"faq-accordion-question collapsed\" type=\"button\" data-bs-toggle=\"collapse\" data-bs-target=\"#faq_accordion_9\" aria-expanded=\"false\" aria-controls=\"faq_accordion_9\">Czy ograniczasz rozmiar dokument\u00f3w, kt\u00f3re mog\u0105 by\u0107 przesy\u0142ane na sprawdzenie?<\/button>\n                    <div id=\"faq_accordion_9\" class=\"faq-accordion-answer accordion-collapse collapse\" data-bs-parent=\"#faq_accordion\">\n                        <p class=\"answer-text\">\u2013 Nie, klienci mog\u0105 sprawdza\u0107 ma\u0142e teksty i wi\u0119ksze dokumenty.<\/p>\n                    <\/div>\n                <\/div>\n                            <div class=\"faq-accordion-item item-10\">\n                    <button class=\"faq-accordion-question collapsed\" type=\"button\" data-bs-toggle=\"collapse\" data-bs-target=\"#faq_accordion_10\" aria-expanded=\"false\" aria-controls=\"faq_accordion_10\">Czy masz aktualizacje do lepszej kontroli?<\/button>\n                    <div id=\"faq_accordion_10\" class=\"faq-accordion-answer accordion-collapse collapse\" data-bs-parent=\"#faq_accordion\">\n                        <p class=\"answer-text\">Tak, nasze narz\u0119dzia wykorzystuj\u0105 zaawansowane algorytmy i regularnie otrzymuj\u0105 aktualizacje w celu uzyskania lepszych wynik\u00f3w.<\/p>\n                    <\/div>\n                <\/div>\n                            <div class=\"faq-accordion-item item-11\">\n                    <button class=\"faq-accordion-question collapsed\" type=\"button\" data-bs-toggle=\"collapse\" data-bs-target=\"#faq_accordion_11\" aria-expanded=\"false\" aria-controls=\"faq_accordion_11\">Mo\u017ce si\u0119 sprawdzi\u0107, czy narz\u0119dzie do wykrywania plagiatu mo\u017ce by\u0107 u\u017cywane z innymi systemami?<\/button>\n                    <div id=\"faq_accordion_11\" class=\"faq-accordion-answer accordion-collapse collapse\" data-bs-parent=\"#faq_accordion\">\n                        <p class=\"answer-text\">Tak, dost\u0119pna jest opcja integracji API.<\/p>\n                    <\/div>\n                <\/div>\n                            <div class=\"faq-accordion-item item-12\">\n                    <button class=\"faq-accordion-question collapsed\" type=\"button\" data-bs-toggle=\"collapse\" data-bs-target=\"#faq_accordion_12\" aria-expanded=\"false\" aria-controls=\"faq_accordion_12\">Mo\u017cna si\u0119 zarejestrowa\u0107 na bezp\u0142atny okres pr\u00f3bny?<\/button>\n                    <div id=\"faq_accordion_12\" class=\"faq-accordion-answer accordion-collapse collapse\" data-bs-parent=\"#faq_accordion\">\n                        <p class=\"answer-text\">Tak, nasza wersja pr\u00f3bna jest dost\u0119pna dla klient\u00f3w, kt\u00f3rzy chc\u0105 zbada\u0107, co oferuje nasza platforma.<\/p>\n                    <\/div>\n                <\/div>\n                            <div class=\"faq-accordion-item item-13\">\n                    <button class=\"faq-accordion-question collapsed\" type=\"button\" data-bs-toggle=\"collapse\" data-bs-target=\"#faq_accordion_13\" aria-expanded=\"false\" aria-controls=\"faq_accordion_13\">Czy Tw\u00f3j sprawdza\u0144cik jest zoptymalizowany pod k\u0105tem u\u017cytkowania mobilnego?<\/button>\n                    <div id=\"faq_accordion_13\" class=\"faq-accordion-answer accordion-collapse collapse\" data-bs-parent=\"#faq_accordion\">\n                        <p class=\"answer-text\">Tak, nasz system jest przyjazny urz\u0105dzeniom mobilnym, czyni\u0105c go bardziej dost\u0119pnym dla klient\u00f3w.<\/p>\n                    <\/div>\n                <\/div>\n                    <\/div>\n    <\/div>\n    <\/div>\n<\/div>\n<\/div>\n<\/div>\n<\/div>\n<\/section>\n","protected":false,"raw":"<section class=\"pricing-page-main-block\">\r\n<div class=\"container-fluid\">\r\n<div class=\"container\">\r\n<div class=\"row\">\r\n<div class=\"col-12\">\r\n<div class=\"pricing-main-block-content\">\r\n<div class=\"ps-widget-container\" data-ps-widget-name=\"Prices\" data-ps-widget-options=\"{}\">\r\n<p class=\"top-text\">Wybierz swoje opcje cenowe<\/p>\r\n<h1 class=\"page-title\">Bez ukrytych op\u0142at dla dok\u0142adnej detekcji plagiat\u00f3w i AI \u2014<\/h1>\r\n<div class=\"pricing-block\">\r\n<div class=\"pricing-plan-duration\">\r\n<button class=\"pricing-plan-duration-item one-time active\" type=\"button\">Jednorazowa<\/button>\r\n<button class=\"pricing-plan-duration-item monthly\" type=\"button\">Miesi\u0119czna<\/button>\r\n<button class=\"pricing-plan-duration-item 3-months\" type=\"button\">3 miesi\u0105ce<\/button>\r\n<button class=\"pricing-plan-duration-item yearly\" type=\"button\">Roczna<\/button>\r\n<\/div>\r\n<div class=\"pricing-plan-items-wrapper\">\r\n<div class=\"pricing-plan-items\">\r\n<div class=\"pricing-plan-item light\">\r\n<div class=\"item-header\">\r\n<span class=\"plan-title\">\u0141agodne<\/span>\r\n<div class=\"plan-price-per-word\">\r\n<p class=\"price\"><span class=\"value\">$0,23<\/span> za<\/p>\r\n<p class=\"words-count\">1000 s\u0142\u00f3w<\/p>\r\n<\/div>\r\n<\/div>\r\n<div class=\"item-main\">\r\n<span class=\"save-up-to-label\">Oszcz\u0119d\u017a do <span class=\"value\">30%<\/span><\/span>\r\n<p class=\"plan-price\"><span class=\"value\">$22,95<\/span> \/ <span class=\"duration\">Miesi\u0105c<\/span><\/p><a class=\"get-started-btn\" href=\"#\">Rozpocznij teraz<\/a><label class=\"custom-checkbox-label recurring-payments\" for=\"recurring_payments_light\"><span class=\"custom-checkbox\"><\/span><span class=\"custom-checkbox-title\">P\u0142atno\u015bci cykliczne<\/span><input checked=\"\" id=\"recurring_payments_light\" name=\"recurring-payments-light\" type=\"checkbox\"\/>\r\n<\/label><span class=\"sep\"><\/span><\/div>\r\n<div class=\"item-footer\">\r\n<ul>\r\n<li class=\"available\"><span class=\"highlighted\">1<\/span> Wersja sprawdzenia na plagiaty *<\/li>\r\n<li class=\"available\"><span class=\"highlighted\">1<\/span> Wersja sprawdzenia AI *<\/li>\r\n<li class=\"available\"><span class=\"highlighted\">Nieograniczona<\/span> Czas trwania (dni)<\/li>\r\n<li class=\"unavailable\"><span class=\"highlighted\">365<\/span> Czas trwania (dni)<\/li>\r\n<li class=\"unavailable\">Szukaj tekstu AI<\/li><\/ul><\/div><\/div>\r\n<div class=\"pricing-plan-item standatd selected\">\r\n<div class=\"item-header\">\r\n<span class=\"plan-title\">Standartowe<\/span>\r\n<div class=\"plan-price-per-word\">\r\n<p class=\"price\"><span class=\"value\">$0,12<\/span> za<\/p>\r\n<p class=\"words-count\">1000 s\u0142\u00f3w<\/p><\/div><\/div>\r\n<div class=\"item-main\">\r\n<span class=\"save-up-to-label\">Oszcz\u0119d\u017a do <span class=\"value\">30%<\/span><\/span>\r\n<p class=\"plan-price\"><span class=\"value\">$34,95<\/span> \/ <span class=\"duration\">Miesi\u0105c<\/span><\/p><a class=\"get-started-btn\" href=\"#\">Rozpocznij teraz<\/a><label class=\"custom-checkbox-label recurring-payments\" for=\"recurring_payments_standatd\"><span class=\"custom-checkbox\"><\/span><span class=\"custom-checkbox-title\">P\u0142atno\u015bci cykliczne<\/span><input checked=\"\" id=\"recurring_payments_standatd\" name=\"recurring-payments-standatd\" type=\"checkbox\"\/><\/label><span class=\"sep\"><\/span><\/div>\r\n<div class=\"item-footer\">\r\n<ul>\r\n<li class=\"available\"><span class=\"highlighted\">1<\/span> Wersja sprawdzenia na plagiaty *<\/li>\r\n<li class=\"available\"><span class=\"highlighted\">1<\/span> Wersja sprawdzenia AI *<\/li>\r\n<li class=\"available\"><span class=\"highlighted\">Nieograniczona<\/span> Czas trwania (dni)<\/li>\r\n<li class=\"unavailable\"><span class=\"highlighted\">365<\/span> Czas trwania (dni)<\/li>\r\n<li class=\"unavailable\">Szukaj tekstu AI<\/li><\/ul><\/div><\/div>\r\n<div class=\"pricing-plan-item premium\">\r\n<div class=\"item-header\">\r\n<span class=\"plan-title\">Premium<\/span>\r\n<div class=\"plan-price-per-word\">\r\n<p class=\"price\"><span class=\"value\">$0,09<\/span> na<\/p>\r\n<p class=\"words-count\">1000 s\u0142\u00f3w<\/p>\r\n<\/div>\r\n<\/div>\r\n<div class=\"item-main\">\r\n<span class=\"save-up-to-label\">Oszcz\u0119d\u017a do <span class=\"value\">30%<\/span><\/span>\r\n<p class=\"plan-price\"><span class=\"value\">$54,95<\/span> \/ <span class=\"duration\">Miesi\u0105c<\/span><\/p><a class=\"get-started-btn\" href=\"#\">Rozpocznij teraz<\/a><label class=\"custom-checkbox-label recurring-payments\" for=\"recurring_payments_premium\"><span class=\"custom-checkbox\"><\/span><span class=\"custom-checkbox-title\">P\u0142atno\u015bci cykliczne<\/span><input checked=\"\" id=\"recurring_payments_premium\" name=\"recurring-payments-premium\" type=\"checkbox\"\/><\/label><span class=\"sep\"><\/span><\/div>\r\n<div class=\"item-footer\">\r\n<ul>\r\n<li class=\"available\"><span class=\"highlighted\">1<\/span> Wersja sprawdzenia na plagiaty *<\/li>\r\n<li class=\"available\"><span class=\"highlighted\">1<\/span> Wersja sprawdzenia AI *<\/li>\r\n<li class=\"available\"><span class=\"highlighted\">Nieograniczona<\/span> Czas trwania (dni)<\/li>\r\n<li class=\"unavailable\"><span class=\"highlighted\">365<\/span> Czas trwania (dni)<\/li>\r\n<li class=\"unavailable\">Szukaj tekstu AI<\/li><\/ul><\/div><\/div><\/div><\/div><\/div><\/div><\/div><\/div><\/div><\/div><\/div>\r\n<\/section>\r\n<section class=\"faq\">\r\n<div class=\"container-fluid\">\r\n<div class=\"container\">\r\n<div class=\"row\">\r\n<div class=\"col-12\">\r\n<div class=\"faq-content\">\r\n<div class=\"faq-text-block\">\r\n<p class=\"faq-text-top\">Nasza sekcja FAQ zawiera wszystkie informacje, kt\u00f3re potrzebujesz<\/p>\r\n<p class=\"faq-text-title\">Czy potrzebujesz wi\u0119cej informacji o OriginalityReport.com?<\/p>\r\n<p class=\"faq-text-subtitle\">Przeprowadzili\u015bmy analiz\u0119 i odpowiedzieli\u015bmy na pytania zadawane przez u\u017cytkownik\u00f3w dotycz\u0105ce sprawdzania plagiat\u00f3w i wykrywania AI.<\/p>\r\n<div class=\"different-question-block\">\r\n<img alt=\"FAQ\" class=\"faq-icon\" src=\"\/wp-content\/themes\/main\/images\/faq-icon.svg\"\/><p class=\"title\">Skontaktuj si\u0119 z OriginalityReport.com dla wi\u0119cej odpowiedzi<\/p>\r\n<p class=\"subtitle\">Je\u015bli masz dodatkowe pytania dotycz\u0105ce naszej us\u0142ugi, skontaktuj si\u0119 z naszym zespo\u0142em. Z przyjemno\u015bci\u0105 pomog\u0105 Ci i wyja\u015bni\u0105 najlepszy spos\u00f3b sprawdzania tekstu na plagiaty.<\/p><a class=\"contact-support-btn custom-btn cb-black\" href=\"\/contact-us\/\">Skontaktuj si\u0119 z zespo\u0142em wsparcia<\/a><\/div>\r\n<\/div>[faq_questions]<\/div><\/div><\/div><\/div><\/div>\r\n<\/section>"},"excerpt":{"rendered":"Wybierz swoje opcje cenowe\nNie ma ukrytych op\u0142at dla dok\u0142adnej detekcji plagiat\u00f3w i AI* \u2014 jednorazowa p\u0142atno\u015b\u0107 miesi\u0119czna roczna Oszcz\u0119d\u017a do 30%\n\n\u0141agodne: $0,23 za 1000 s\u0142\u00f3w\n$22,95 \/ Miesi\u0105c Rozpocznij teraz P\u0142atno\u015bci cykliczne 1 Wersja sprawdzenia na plagiaty* 1 Wersja sprawdzenia AI* Nieograniczona Czas trwania (dni) 365 Szukaj tekstu AI Standardowe $0,12 za.","protected":false,"raw":"Wybierz swoje opcje cenowe\nNie ma ukrytych op\u0142at dla dok\u0142adnej detekcji plagiat\u00f3w i AI* \u2014 jednorazowa p\u0142atno\u015b\u0107 miesi\u0119czna roczna Oszcz\u0119d\u017a do 30%\n\n\u0141agodne: $0,23 za 1000 s\u0142\u00f3w\n$22,95 \/ Miesi\u0105c Rozpocznij teraz P\u0142atno\u015bci cykliczne 1 Wersja sprawdzenia na plagiaty* 1 Wersja sprawdzenia AI* Nieograniczona Czas trwania (dni) 365 Szukaj tekstu AI Standardowe $0,12 za."},"author":1,"featured_media":0,"parent":0,"menu_order":0,"comment_status":"closed","ping_status":"closed","template":"tpl-landing.php","meta":{"_aioseo_title":null,"_aioseo_description":null,"_locale":"pl_PL","_original_post":"https:\/\/originalityreport.com\/?page_id=10","footnotes":""},"class_list":["post-533","page","type-page","status-publish","hentry","pl-PL"],"aioseo_notices":[],"_links":{"self":[{"href":"https:\/\/originalityreport.com\/wp-json\/wp\/v2\/pages\/533","targetHints":{"allow":["GET"]}}],"collection":[{"href":"https:\/\/originalityreport.com\/wp-json\/wp\/v2\/pages"}],"about":[{"href":"https:\/\/originalityreport.com\/wp-json\/wp\/v2\/types\/page"}],"author":[{"embeddable":true,"href":"https:\/\/originalityreport.com\/wp-json\/wp\/v2\/users\/1"}],"replies":[{"embeddable":true,"href":"https:\/\/originalityreport.com\/wp-json\/wp\/v2\/comments?post=533"}],"version-history":[{"count":3,"href":"https:\/\/originalityreport.com\/wp-json\/wp\/v2\/pages\/533\/revisions"}],"predecessor-version":[{"id":742,"href":"https:\/\/originalityreport.com\/wp-json\/wp\/v2\/pages\/533\/revisions\/742"}],"wp:attachment":[{"href":"https:\/\/originalityreport.com\/wp-json\/wp\/v2\/media?parent=533"}],"curies":[{"name":"wp","href":"https:\/\/api.w.org\/{rel}","templated":true}]}}