{"id":523,"date":"2025-03-24T11:46:38","date_gmt":"2025-03-24T11:46:38","guid":{"rendered":"https:\/\/originalityreport.com\/?page_id=523","raw":"https:\/\/originalityreport.com\/?page_id=523"},"modified":"2025-04-04T08:53:40","modified_gmt":"2025-04-04T08:53:40","slug":"privacy-policy","status":"publish","type":"page","link":"https:\/\/originalityreport.com\/pl\/privacy-policy\/","title":{"rendered":"Polityka Prywatno\u015bci","raw":"Polityka Prywatno\u015bci"},"content":{"rendered":"<p>System Technology Online Spain SL., Calle Pintor P\u00e9rez Gil 2, b.46 03540, Alicante, Hiszpania (\u201cnas\u201d, \u201cmamy\u201d lub \u201cnasze\u201d) zarz\u0105dza stron\u0105 internetow\u0105 originalityreport.com i jest kontrolerem Twoich danych osobowych.<\/p>\n<p>Chcieliby\u015bmy wyrazi\u0107 nasz\u0105 wdzi\u0119czno\u015b\u0107 za czas, jaki po\u015bwi\u0119cili\u015bcie na przegl\u0105danie naszych ofert oraz zainteresowanie naszymi us\u0142ugami. Mo\u017cecie by\u0107 pewni, \u017ce gwarantujemy ochron\u0119 poufno\u015bci wszystkich danych osobowych naszych klient\u00f3w. Ka\u017cdy rodzaj dostarczanych przez Waszych klient\u00f3w informacji osobistych jest bezpieczny i prywatny. \u017badne nieprawid\u0142owe korzystanie ani zagubienie szczeg\u00f3\u0142\u00f3w nie jest mo\u017cliwe, je\u015bli wybierzecie us\u0142ugi naszej firmy.<\/p>\n<p>Poni\u017cej znajdziesz wyja\u015bnienia dotycz\u0105ce danych, kt\u00f3re zbieramy od naszych klient\u00f3w.<\/p>\n<p>Podczas wsp\u00f3\u0142pracy potrzebujemy nast\u0119puj\u0105cych informacji:<\/p>\n<ul>\n<li>Nasi klienci;<\/li>\n<li>Odwiedzaj\u0105cy nasz\u0105 stron\u0119 internetow\u0105.<\/li>\n<\/ul>\n<p>Takie informacje, zbierane przez serwer strony internetowej, zawieraj\u0105:<\/p>\n<ul>\n<li>Rodzaj przegl\u0105darki;<\/li>\n<li>Dzie\u0144 i godzin\u0119 dost\u0119pu do strony internetowej;<\/li>\n<li>Rodzaj systemu operacyjnego.<\/li>\n<\/ul>\n<p>Zwr\u00f3\u0107 prosz\u0119 uwag\u0119, \u017ce zebrane informacje nigdy nie s\u0105 sprzedawane ani udost\u0119pniane; nie maj\u0105 one zwi\u0105zku z ujawnianiem \u017cadnej to\u017csamo\u015bci. Jedyne przeznaczenie zbierania tych danych polega na dostosowywaniu tre\u015bci i poprawianiu zawarto\u015bci strony internetowej.<\/p>\n<p><strong>Kukiety<\/strong><\/p>\n<p>Strony internetowe nale\u017c\u0105ce do oryginalno\u015b\u0107raport.pl u\u017cywaj\u0105 plik\u00f3w o nazwie \u201ekukiety\u201d \u2013 tekstowych plik\u00f3w przesy\u0142anych na system komputerowy za po\u015brednictwem przegl\u0105darki internetowej. Te pliki pozwalaj\u0105 nam zapewni\u0107 u\u017cytkownikom naszej strony tre\u015bci przyjazne dla u\u017cytkownika.<\/p>\n<p>Zbieranie kukiety mo\u017ce zosta\u0107 zatrzymane, je\u015bli zmieni si\u0119 ustawienia przegl\u0105darek internetowych. Ju\u017c ustawione pliki kukiety mo\u017cna usun\u0105\u0107 za pomoc\u0105 specjalistycznych program\u00f3w komputerowych lub poprzez Internet. Pami\u0119taj, \u017ce niekt\u00f3re funkcje oferowane przez nasz\u0105 stron\u0119 mog\u0105 sta\u0107 si\u0119 niedost\u0119pne po wy\u0142\u0105czeniu zbierania kukiety.<\/p>\n<p><strong>Zbieranie danych zakupowych<\/strong><\/p>\n<p>originalityreport.com zbiera takie osobiste informacje jak imi\u0119, numer telefonu, e-mail, kraj zamieszkania i dat\u0119 urodzenia. W celu efektywnego przetwarzania wniosk\u00f3w u\u017cytkownik\u00f3w nasze zasoby r\u00f3wnie\u017c gromadz\u0105 pewne poufne dane, tj. numery kart kredytowych i paszport\u00f3w, historie zdrowotne do wys\u0142ania ich naszym wsp\u00f3lnikom ubezpieczeniowym. W inny spos\u00f3b originalityreport.com nie zbiera ani nie przechowuje \u017cadnych poufnych informacji.<\/p>\n<p><strong>Zbieranie Og\u00f3lnej Informacji<\/strong><\/p>\n<p>Strony internetowe nale\u017c\u0105ce do sieci originalityreport.com mog\u0105 zbiera\u0107 dane o nast\u0119puj\u0105cych rzeczach:<\/p>\n<ul>\n<li>Rodzaj oprogramowania do przegl\u0105dania stron internetowych;<\/li>\n<li>Zastosowana system operacyjna komputera stacjonarnego;<\/li>\n<li>Strona internetowa, z kt\u00f3rej odbywany jest dost\u0119p do naszego witryny;<\/li>\n<li>Podstrony;<\/li>\n<li>Data i godzina odwiedzenia naszej strony internetowej;<\/li>\n<li>Adres IP;<\/li>\n<li>Dostawca us\u0142ug internetowych;<\/li>\n<li>Inne dane, kt\u00f3re mog\u0105 by\u0107 wykorzystane do atakowania naszych system\u00f3w IT.<\/li>\n<\/ul>\n<p>Powy\u017csze informacje s\u0105 u\u017cywane do:<\/p>\n<ul>\n<li>Zapewnienie naszego tre\u015bci w odpowiedni spos\u00f3b;<\/li>\n<li>Powi\u0119kszenie zar\u00f3wno tre\u015bci, jak i sposobu reklamowania ich;<\/li>\n<li>Gwarantowanie mo\u017cliwo\u015bci technicznych.<\/li>\n<\/ul>\n<p>Zapewnienie organom uprawnionym niezb\u0119dnych danych do prowadzenia dochodze\u0144 kryminalnych zwi\u0105zanych z atakami cybernetycznymi. Zbierane fakty s\u0105 badane w celu poprawy bezpiecze\u0144stwa danych zar\u00f3wno naszej firmy, jak i klient\u00f3w.<\/p>\n<p><strong>U\u017cywanie ciasteczek (cookies)<\/strong><\/p>\n<p>U\u017cywamy 'ciasteczek&#8217; (cookies), poniewa\u017c umo\u017cliwiaj\u0105 nam zbieranie danych statystycznych dotycz\u0105cych odwiedzin i korzystania z naszej witryny. Ponadto jest to dobry spos\u00f3b na stworzenie efektywnego nawigowania.<\/p>\n<p><strong>Zbieranie danych osobowych<\/strong><\/p>\n<p>Nasi klienci proszeni s\u0105 o podanie nast\u0119puj\u0105cych danych osobowych w trakcie rejestracji:<\/p>\n<ul>\n<li>Nazwa<\/li>\n<li>Numer telefonu kontaktowego<\/li>\n<li>E-mail<\/li>\n<\/ul>\n<p>Dlatego zaleca si\u0119 upewnienie si\u0119 o dok\u0142adno\u015bci danych kontaktowych, poniewa\u017c jest to gwarancja wysokiej jako\u015bci \u015bwiadczonych us\u0142ug.<\/p>\n<p>Nasza aplikacja uzyskuje dost\u0119p do danych u\u017cytkownika Google tylko po zweryfikowaniu to\u017csamo\u015bci u\u017cytkownika. Wszystkie dane b\u0119d\u0105 wykorzystywane wy\u0142\u0105cznie w celach detekcji plagiat\u00f3w, nie planujemy udost\u0119pniania ani przechowywania informacji osobistych. originalityreport.com nie przechowuje, nie wykorzystuje ani nie udost\u0119pnia danych u\u017cytkownik\u00f3w Google.<\/p>\n<p>Nasi klienci maj\u0105 gwarancj\u0119 na poziomie 100%, \u017ce ich dane osobowe nigdy nie b\u0119d\u0105 dost\u0119pne dla nikogo innego ni\u017c osoby pracuj\u0105ce w firmie. Nie ma mo\u017cliwo\u015bci ujawnienia, udost\u0119pniania, sprzeda\u017cy, publikacji ani przesy\u0142ania danych do podmiot\u00f3w trzecich. \u017baden tekst, kt\u00f3ry skanujesz za pomoc\u0105 naszego narz\u0119dzia detekcji plagiat\u00f3w, nie zostanie przes\u0142any podmiotowi trzeciemu ani wykorzystany w inny spos\u00f3b. Ty jeste\u015b jedynym w\u0142a\u015bcicielem tekstu wystawionego na sprawdzenie plagiat\u00f3w, z kt\u00f3rego celuje si\u0119 w zweryfikowanie oryginalno\u015bci tre\u015bci.<\/p>\n<p><strong>Transakcje online<\/strong><\/p>\n<p>Wszelkie transakcje online przeprowadzamy wy\u0142\u0105cznie za pomoc\u0105 bezpiecznych system\u00f3w p\u0142atniczych, kt\u00f3re eliminuj\u0105 wszelk\u0105 mo\u017cliwo\u015b\u0107 ujawnienia informacji. W niekt\u00f3rych przypadkach Wydzia\u0142 Finansowy kontaktuje si\u0119 z naszymi klientami w celu zweryfikowania ich to\u017csamo\u015bci i zapobiegania wszelkim rodzajom oszustw online.<\/p>\n<p><strong>Prawa Klient\u00f3w<\/strong><\/p>\n<p>Informacje w profilu klienta mog\u0105 by\u0107 zmieniane, edytowane, zast\u0119powane lub usuwane przez u\u017cytkownika. W przypadku potrzeby jakichkolwiek zmian lub pomocy, nie wahaj si\u0119 skontaktowa\u0107 z zespo\u0142em wsparcia klienta.<\/p>\n<p>Nadawamy du\u017c\u0105 wag\u0119 preferencjom klient\u00f3w dotycz\u0105cym prywatnego korzystania z naszych us\u0142ug detekcji plagiat\u00f3w, a tak\u017ce opcji edytowania\/rewritingu\/korekty. Twoje dane osobowe b\u0119d\u0105 wykorzystywane wy\u0142\u0105cznie do wewn\u0119trznych cel\u00f3w firmy. Korzystanie z naszych us\u0142ug oznacza twoj\u0105 zgod\u0119 na polityk\u0119 prywatno\u015bci i regulacje.<\/p>\n<p><strong>Google Drive &amp; Account Information<\/strong><\/p>\n<p>Nie wykorzystujemy informacji, kt\u00f3re przechowujesz na swoim Google Drive do w\u0142asnego u\u017cytku. Twoje imi\u0119, adres e-mail oraz linki do plik\u00f3w nie s\u0105 automatycznie przechowywane na naszych serwerach, chyba \u017ce przeka\u017cesz je poprzez nasz\u0105 aplikacj\u0119. Nie zamierzamy dzieli\u0107 si\u0119 Twoimi plikami ani informacjami osobowymi z \u017cadnymi stronami trzecimi. Nie dokonujemy \u017cadnych zmian w Twoich plikach, chyba \u017ce to robisz bezpo\u015brednio poprzez nasz\u0105 aplikacj\u0119 lub Google Drive. Je\u015bli zdecydujesz si\u0119 usun\u0105\u0107 tekstowy plik, kt\u00f3ry udost\u0119pni\u0142e\u015b nam, dane zostan\u0105 natychmiast usuni\u0119te z naszego serwera. Jednak\u017ce pliki nie zostan\u0105 usuni\u0119te ze Twojego Google Drive. Mo\u017cesz r\u00f3wnie\u017c w ka\u017cdej chwili odwo\u0142a\u0107 nasz dost\u0119p do danych Google Drive. Zachowujemy sobie prawo zapobiegania korzystaniu z naszej aplikacji przez kogo\u015b, aby uzyska\u0107 dost\u0119p do ich Google Drive.<\/p>\n<p>Nasza strona internetowa uzyska dost\u0119p do plik\u00f3w Google Drive u\u017cytkownik\u00f3w, ale tylko z uprawnieniami odczytu (konkretnie, w zakresie \u201ehttps:\/\/www.googleapis.com\/auth\/drive.readonly\u201d). Przechowujemy tylko tekstowy ci\u0105g plik\u00f3w dla u\u017cytkownika. U\u017cytkownik ma mo\u017cliwo\u015b\u0107 usuni\u0119cia tych danych w dowolnym momencie.<\/p>\n<p><strong>Zgodno\u015b\u0107 z us\u0142ug\u0105 Google API<\/strong><\/p>\n<p>korzystanie i przenoszenie danych uzyskanych przez originalityreport.com z Google API do innych aplikacji b\u0119dzie zgodne z Polityk\u0105 u\u017cytkownik\u00f3w dotycz\u0105c\u0105 danych w us\u0142ugach Google API, w tym wymaganiami dotycz\u0105cymi Ograniczonego U\u017cycia.<\/p>\n<p><strong>Zgodno\u015b\u0107 z RODO w zakresie przechowywania i usuwania danych osobowych<\/strong><\/p>\n<p>Zgodnie z Rozporz\u0105dzeniem Og\u00f3lnym o Ochronie Danych (RODO), jeste\u015bmy zaanga\u017cowani w zapewnienie prawnego przetwarzania danych osobowych. Po zako\u0144czeniu \u015bwiadczenia us\u0142ug, lub wyga\u015bni\u0119ciu umowy czy kontraktu, jeste\u015bmy zobowi\u0105zani do zwr\u00f3cenia lub usuni\u0119cia wszystkich danych osobowych w naszej posiad\u0142o\u015bci, chyba \u017ce istnieje obowi\u0105zek prawnego zachowania takich danych. Nasze dzia\u0142ania b\u0119d\u0105 \u015bci\u015ble przestrzega\u0107 wytycznych RODO, aby zapewni\u0107 prywatno\u015b\u0107 i ochron\u0119 indywidualnych danych osobowych.<\/p>\n","protected":false,"raw":"<p>System Technology Online Spain SL., Calle Pintor P\u00e9rez Gil 2, b.46 03540, Alicante, Hiszpania (\u201cnas\u201d, \u201cmamy\u201d lub \u201cnasze\u201d) zarz\u0105dza stron\u0105 internetow\u0105 originalityreport.com i jest kontrolerem Twoich danych osobowych.<\/p>\r\n<p>Chcieliby\u015bmy wyrazi\u0107 nasz\u0105 wdzi\u0119czno\u015b\u0107 za czas, jaki po\u015bwi\u0119cili\u015bcie na przegl\u0105danie naszych ofert oraz zainteresowanie naszymi us\u0142ugami. Mo\u017cecie by\u0107 pewni, \u017ce gwarantujemy ochron\u0119 poufno\u015bci wszystkich danych osobowych naszych klient\u00f3w. Ka\u017cdy rodzaj dostarczanych przez Waszych klient\u00f3w informacji osobistych jest bezpieczny i prywatny. \u017badne nieprawid\u0142owe korzystanie ani zagubienie szczeg\u00f3\u0142\u00f3w nie jest mo\u017cliwe, je\u015bli wybierzecie us\u0142ugi naszej firmy.<\/p>\r\n<p>Poni\u017cej znajdziesz wyja\u015bnienia dotycz\u0105ce danych, kt\u00f3re zbieramy od naszych klient\u00f3w.<\/p>\r\n<p>Podczas wsp\u00f3\u0142pracy potrzebujemy nast\u0119puj\u0105cych informacji:<\/p>\r\n<ul>\r\n<li>Nasi klienci;<\/li>\r\n<li>Odwiedzaj\u0105cy nasz\u0105 stron\u0119 internetow\u0105.<\/li>\r\n<\/ul>\r\n<p>Takie informacje, zbierane przez serwer strony internetowej, zawieraj\u0105:<\/p>\r\n<ul>\r\n<li>Rodzaj przegl\u0105darki;<\/li>\r\n<li>Dzie\u0144 i godzin\u0119 dost\u0119pu do strony internetowej;<\/li>\r\n<li>Rodzaj systemu operacyjnego.<\/li>\r\n<\/ul>\r\n<p>Zwr\u00f3\u0107 prosz\u0119 uwag\u0119, \u017ce zebrane informacje nigdy nie s\u0105 sprzedawane ani udost\u0119pniane; nie maj\u0105 one zwi\u0105zku z ujawnianiem \u017cadnej to\u017csamo\u015bci. Jedyne przeznaczenie zbierania tych danych polega na dostosowywaniu tre\u015bci i poprawianiu zawarto\u015bci strony internetowej.<\/p>\r\n<p><strong>Kukiety<\/strong><\/p>\r\n<p>Strony internetowe nale\u017c\u0105ce do oryginalno\u015b\u0107raport.pl u\u017cywaj\u0105 plik\u00f3w o nazwie \u201ekukiety\u201d \u2013 tekstowych plik\u00f3w przesy\u0142anych na system komputerowy za po\u015brednictwem przegl\u0105darki internetowej. Te pliki pozwalaj\u0105 nam zapewni\u0107 u\u017cytkownikom naszej strony tre\u015bci przyjazne dla u\u017cytkownika.<\/p>\r\n<p>Zbieranie kukiety mo\u017ce zosta\u0107 zatrzymane, je\u015bli zmieni si\u0119 ustawienia przegl\u0105darek internetowych. Ju\u017c ustawione pliki kukiety mo\u017cna usun\u0105\u0107 za pomoc\u0105 specjalistycznych program\u00f3w komputerowych lub poprzez Internet. Pami\u0119taj, \u017ce niekt\u00f3re funkcje oferowane przez nasz\u0105 stron\u0119 mog\u0105 sta\u0107 si\u0119 niedost\u0119pne po wy\u0142\u0105czeniu zbierania kukiety.<\/p>\r\n<p><strong>Zbieranie danych zakupowych<\/strong><\/p>\r\n<p>originalityreport.com zbiera takie osobiste informacje jak imi\u0119, numer telefonu, e-mail, kraj zamieszkania i dat\u0119 urodzenia. W celu efektywnego przetwarzania wniosk\u00f3w u\u017cytkownik\u00f3w nasze zasoby r\u00f3wnie\u017c gromadz\u0105 pewne poufne dane, tj. numery kart kredytowych i paszport\u00f3w, historie zdrowotne do wys\u0142ania ich naszym wsp\u00f3lnikom ubezpieczeniowym. W inny spos\u00f3b originalityreport.com nie zbiera ani nie przechowuje \u017cadnych poufnych informacji.<\/p>\r\n<p><strong>Zbieranie Og\u00f3lnej Informacji<\/strong><\/p>\r\n<p>Strony internetowe nale\u017c\u0105ce do sieci originalityreport.com mog\u0105 zbiera\u0107 dane o nast\u0119puj\u0105cych rzeczach:<\/p>\r\n<ul>\r\n<li>Rodzaj oprogramowania do przegl\u0105dania stron internetowych;<\/li>\r\n<li>Zastosowana system operacyjna komputera stacjonarnego;<\/li>\r\n<li>Strona internetowa, z kt\u00f3rej odbywany jest dost\u0119p do naszego witryny;<\/li>\r\n<li>Podstrony;<\/li>\r\n<li>Data i godzina odwiedzenia naszej strony internetowej;<\/li>\r\n<li>Adres IP;<\/li>\r\n<li>Dostawca us\u0142ug internetowych;<\/li>\r\n<li>Inne dane, kt\u00f3re mog\u0105 by\u0107 wykorzystane do atakowania naszych system\u00f3w IT.<\/li>\r\n<\/ul>\r\n<p>Powy\u017csze informacje s\u0105 u\u017cywane do:<\/p>\r\n<ul>\r\n<li>Zapewnienie naszego tre\u015bci w odpowiedni spos\u00f3b;<\/li>\r\n<li>Powi\u0119kszenie zar\u00f3wno tre\u015bci, jak i sposobu reklamowania ich;<\/li>\r\n<li>Gwarantowanie mo\u017cliwo\u015bci technicznych.<\/li>\r\n<\/ul>\r\n<p>Zapewnienie organom uprawnionym niezb\u0119dnych danych do prowadzenia dochodze\u0144 kryminalnych zwi\u0105zanych z atakami cybernetycznymi. Zbierane fakty s\u0105 badane w celu poprawy bezpiecze\u0144stwa danych zar\u00f3wno naszej firmy, jak i klient\u00f3w.<\/p>\r\n<p><strong>U\u017cywanie ciasteczek (cookies)<\/strong><\/p>\r\n<p>U\u017cywamy 'ciasteczek' (cookies), poniewa\u017c umo\u017cliwiaj\u0105 nam zbieranie danych statystycznych dotycz\u0105cych odwiedzin i korzystania z naszej witryny. Ponadto jest to dobry spos\u00f3b na stworzenie efektywnego nawigowania.<\/p>\r\n<p><strong>Zbieranie danych osobowych<\/strong><\/p>\r\n<p>Nasi klienci proszeni s\u0105 o podanie nast\u0119puj\u0105cych danych osobowych w trakcie rejestracji:<\/p>\r\n<ul>\r\n<li>Nazwa<\/li>\r\n<li>Numer telefonu kontaktowego<\/li>\r\n<li>E-mail<\/li>\r\n<\/ul>\r\n<p>Dlatego zaleca si\u0119 upewnienie si\u0119 o dok\u0142adno\u015bci danych kontaktowych, poniewa\u017c jest to gwarancja wysokiej jako\u015bci \u015bwiadczonych us\u0142ug.<\/p>\r\n<p>Nasza aplikacja uzyskuje dost\u0119p do danych u\u017cytkownika Google tylko po zweryfikowaniu to\u017csamo\u015bci u\u017cytkownika. Wszystkie dane b\u0119d\u0105 wykorzystywane wy\u0142\u0105cznie w celach detekcji plagiat\u00f3w, nie planujemy udost\u0119pniania ani przechowywania informacji osobistych. originalityreport.com nie przechowuje, nie wykorzystuje ani nie udost\u0119pnia danych u\u017cytkownik\u00f3w Google.<\/p>\r\n<p>Nasi klienci maj\u0105 gwarancj\u0119 na poziomie 100%, \u017ce ich dane osobowe nigdy nie b\u0119d\u0105 dost\u0119pne dla nikogo innego ni\u017c osoby pracuj\u0105ce w firmie. Nie ma mo\u017cliwo\u015bci ujawnienia, udost\u0119pniania, sprzeda\u017cy, publikacji ani przesy\u0142ania danych do podmiot\u00f3w trzecich. \u017baden tekst, kt\u00f3ry skanujesz za pomoc\u0105 naszego narz\u0119dzia detekcji plagiat\u00f3w, nie zostanie przes\u0142any podmiotowi trzeciemu ani wykorzystany w inny spos\u00f3b. Ty jeste\u015b jedynym w\u0142a\u015bcicielem tekstu wystawionego na sprawdzenie plagiat\u00f3w, z kt\u00f3rego celuje si\u0119 w zweryfikowanie oryginalno\u015bci tre\u015bci.<\/p>\r\n<p><strong>Transakcje online<\/strong><\/p>\r\n<p>Wszelkie transakcje online przeprowadzamy wy\u0142\u0105cznie za pomoc\u0105 bezpiecznych system\u00f3w p\u0142atniczych, kt\u00f3re eliminuj\u0105 wszelk\u0105 mo\u017cliwo\u015b\u0107 ujawnienia informacji. W niekt\u00f3rych przypadkach Wydzia\u0142 Finansowy kontaktuje si\u0119 z naszymi klientami w celu zweryfikowania ich to\u017csamo\u015bci i zapobiegania wszelkim rodzajom oszustw online.<\/p>\r\n<p><strong>Prawa Klient\u00f3w<\/strong><\/p>\r\n<p>Informacje w profilu klienta mog\u0105 by\u0107 zmieniane, edytowane, zast\u0119powane lub usuwane przez u\u017cytkownika. W przypadku potrzeby jakichkolwiek zmian lub pomocy, nie wahaj si\u0119 skontaktowa\u0107 z zespo\u0142em wsparcia klienta.<\/p>\r\n<p>Nadawamy du\u017c\u0105 wag\u0119 preferencjom klient\u00f3w dotycz\u0105cym prywatnego korzystania z naszych us\u0142ug detekcji plagiat\u00f3w, a tak\u017ce opcji edytowania\/rewritingu\/korekty. Twoje dane osobowe b\u0119d\u0105 wykorzystywane wy\u0142\u0105cznie do wewn\u0119trznych cel\u00f3w firmy. Korzystanie z naszych us\u0142ug oznacza twoj\u0105 zgod\u0119 na polityk\u0119 prywatno\u015bci i regulacje.<\/p>\r\n<p><strong>Google Drive &amp; Account Information<\/strong><\/p>\r\n<p>Nie wykorzystujemy informacji, kt\u00f3re przechowujesz na swoim Google Drive do w\u0142asnego u\u017cytku. Twoje imi\u0119, adres e-mail oraz linki do plik\u00f3w nie s\u0105 automatycznie przechowywane na naszych serwerach, chyba \u017ce przeka\u017cesz je poprzez nasz\u0105 aplikacj\u0119. Nie zamierzamy dzieli\u0107 si\u0119 Twoimi plikami ani informacjami osobowymi z \u017cadnymi stronami trzecimi. Nie dokonujemy \u017cadnych zmian w Twoich plikach, chyba \u017ce to robisz bezpo\u015brednio poprzez nasz\u0105 aplikacj\u0119 lub Google Drive. Je\u015bli zdecydujesz si\u0119 usun\u0105\u0107 tekstowy plik, kt\u00f3ry udost\u0119pni\u0142e\u015b nam, dane zostan\u0105 natychmiast usuni\u0119te z naszego serwera. Jednak\u017ce pliki nie zostan\u0105 usuni\u0119te ze Twojego Google Drive. Mo\u017cesz r\u00f3wnie\u017c w ka\u017cdej chwili odwo\u0142a\u0107 nasz dost\u0119p do danych Google Drive. Zachowujemy sobie prawo zapobiegania korzystaniu z naszej aplikacji przez kogo\u015b, aby uzyska\u0107 dost\u0119p do ich Google Drive.<\/p>\r\n<p>Nasza strona internetowa uzyska dost\u0119p do plik\u00f3w Google Drive u\u017cytkownik\u00f3w, ale tylko z uprawnieniami odczytu (konkretnie, w zakresie \u201ehttps:\/\/www.googleapis.com\/auth\/drive.readonly\u201d). Przechowujemy tylko tekstowy ci\u0105g plik\u00f3w dla u\u017cytkownika. U\u017cytkownik ma mo\u017cliwo\u015b\u0107 usuni\u0119cia tych danych w dowolnym momencie.<\/p>\r\n<p><strong>Zgodno\u015b\u0107 z us\u0142ug\u0105 Google API<\/strong><\/p>\r\n<p>korzystanie i przenoszenie danych uzyskanych przez originalityreport.com z Google API do innych aplikacji b\u0119dzie zgodne z Polityk\u0105 u\u017cytkownik\u00f3w dotycz\u0105c\u0105 danych w us\u0142ugach Google API, w tym wymaganiami dotycz\u0105cymi Ograniczonego U\u017cycia.<\/p>\r\n<p><strong>Zgodno\u015b\u0107 z RODO w zakresie przechowywania i usuwania danych osobowych<\/strong><\/p>\r\n<p>Zgodnie z Rozporz\u0105dzeniem Og\u00f3lnym o Ochronie Danych (RODO), jeste\u015bmy zaanga\u017cowani w zapewnienie prawnego przetwarzania danych osobowych. Po zako\u0144czeniu \u015bwiadczenia us\u0142ug, lub wyga\u015bni\u0119ciu umowy czy kontraktu, jeste\u015bmy zobowi\u0105zani do zwr\u00f3cenia lub usuni\u0119cia wszystkich danych osobowych w naszej posiad\u0142o\u015bci, chyba \u017ce istnieje obowi\u0105zek prawnego zachowania takich danych. Nasze dzia\u0142ania b\u0119d\u0105 \u015bci\u015ble przestrzega\u0107 wytycznych RODO, aby zapewni\u0107 prywatno\u015b\u0107 i ochron\u0119 indywidualnych danych osobowych.<\/p>"},"excerpt":{"rendered":"System Technology Online Spain SL., Calle Pintor P\u00e9rez Gil 2, b.46 03540, Alicante, Hiszpania (&#8220;nas&#8221;, &#8220;mamy&#8221; lub &#8220;nasze&#8221;) zarz\u0105dza stron\u0105 internetow\u0105 originalityreport.com i jest kontrolerem Twoich danych osobowych. Chcieliby\u015bmy wyrazi\u0107 nasz\u0105 wdzi\u0119czno\u015b\u0107 za czas, jaki po\u015bwi\u0119ci\u0142e\u015b na przegl\u0105danie naszych ofert oraz zainteresowanie naszymi us\u0142ugami. Ty.","protected":false,"raw":"System Technology Online Spain SL., Calle Pintor P\u00e9rez Gil 2, b.46 03540, Alicante, Hiszpania (&#8220;nas&#8221;, &#8220;mamy&#8221; lub &#8220;nasze&#8221;) zarz\u0105dza stron\u0105 internetow\u0105 originalityreport.com i jest kontrolerem Twoich danych osobowych. Chcieliby\u015bmy wyrazi\u0107 nasz\u0105 wdzi\u0119czno\u015b\u0107 za czas, jaki po\u015bwi\u0119ci\u0142e\u015b na przegl\u0105danie naszych ofert oraz zainteresowanie naszymi us\u0142ugami. Ty."},"author":1,"featured_media":0,"parent":0,"menu_order":0,"comment_status":"closed","ping_status":"closed","template":"","meta":{"_aioseo_title":null,"_aioseo_description":null,"_locale":"pl_PL","_original_post":"https:\/\/originalityreport.com\/?page_id=49","footnotes":""},"class_list":["post-523","page","type-page","status-publish","hentry","pl-PL"],"aioseo_notices":[],"_links":{"self":[{"href":"https:\/\/originalityreport.com\/wp-json\/wp\/v2\/pages\/523","targetHints":{"allow":["GET"]}}],"collection":[{"href":"https:\/\/originalityreport.com\/wp-json\/wp\/v2\/pages"}],"about":[{"href":"https:\/\/originalityreport.com\/wp-json\/wp\/v2\/types\/page"}],"author":[{"embeddable":true,"href":"https:\/\/originalityreport.com\/wp-json\/wp\/v2\/users\/1"}],"replies":[{"embeddable":true,"href":"https:\/\/originalityreport.com\/wp-json\/wp\/v2\/comments?post=523"}],"version-history":[{"count":3,"href":"https:\/\/originalityreport.com\/wp-json\/wp\/v2\/pages\/523\/revisions"}],"predecessor-version":[{"id":903,"href":"https:\/\/originalityreport.com\/wp-json\/wp\/v2\/pages\/523\/revisions\/903"}],"wp:attachment":[{"href":"https:\/\/originalityreport.com\/wp-json\/wp\/v2\/media?parent=523"}],"curies":[{"name":"wp","href":"https:\/\/api.w.org\/{rel}","templated":true}]}}