{"id":325,"date":"2025-03-24T16:56:30","date_gmt":"2025-03-24T16:56:30","guid":{"rendered":"https:\/\/originalityreport.com\/?page_id=325","raw":"https:\/\/originalityreport.com\/?page_id=325"},"modified":"2025-04-04T08:50:54","modified_gmt":"2025-04-04T08:50:54","slug":"contact-us","status":"publish","type":"page","link":"https:\/\/originalityreport.com\/pl\/contact-us\/","title":{"rendered":"Kontakty","raw":"Kontakty"},"content":{"rendered":"","protected":false,"raw":""},"excerpt":{"rendered":"Jeste\u015bmy zawsze gotowi pom\u00f3c! Je\u015bli masz pytania lub potrzebujesz wsparcia, skontaktuj si\u0119 z nami:\n\n\n  Email: kontakt@przykladowydomena.pl\n  Tel: +48 123 456 789\n  Fax: +48 987 654 321\n\n\nNasze biuro jest otwarte od poniedzia\u0142ku do pi\u0105tku, w godzinach pracy 9:00 &#8211; 17:00. \n\nDzi\u0119kujemy za kontakt!","protected":false,"raw":"Jeste\u015bmy zawsze gotowi pom\u00f3c! Je\u015bli masz pytania lub potrzebujesz wsparcia, skontaktuj si\u0119 z nami:\n\n\n  Email: kontakt@przykladowydomena.pl\n  Tel: +48 123 456 789\n  Fax: +48 987 654 321\n\n\nNasze biuro jest otwarte od poniedzia\u0142ku do pi\u0105tku, w godzinach pracy 9:00 - 17:00. \n\nDzi\u0119kujemy za kontakt!"},"author":1,"featured_media":0,"parent":0,"menu_order":0,"comment_status":"closed","ping_status":"closed","template":"","meta":{"_aioseo_title":null,"_aioseo_description":null,"_locale":"pl_PL","_original_post":"https:\/\/originalityreport.com\/?page_id=11","footnotes":""},"class_list":["post-325","page","type-page","status-publish","hentry","pl-PL"],"aioseo_notices":[],"_links":{"self":[{"href":"https:\/\/originalityreport.com\/wp-json\/wp\/v2\/pages\/325","targetHints":{"allow":["GET"]}}],"collection":[{"href":"https:\/\/originalityreport.com\/wp-json\/wp\/v2\/pages"}],"about":[{"href":"https:\/\/originalityreport.com\/wp-json\/wp\/v2\/types\/page"}],"author":[{"embeddable":true,"href":"https:\/\/originalityreport.com\/wp-json\/wp\/v2\/users\/1"}],"replies":[{"embeddable":true,"href":"https:\/\/originalityreport.com\/wp-json\/wp\/v2\/comments?post=325"}],"version-history":[{"count":1,"href":"https:\/\/originalityreport.com\/wp-json\/wp\/v2\/pages\/325\/revisions"}],"predecessor-version":[{"id":326,"href":"https:\/\/originalityreport.com\/wp-json\/wp\/v2\/pages\/325\/revisions\/326"}],"wp:attachment":[{"href":"https:\/\/originalityreport.com\/wp-json\/wp\/v2\/media?parent=325"}],"curies":[{"name":"wp","href":"https:\/\/api.w.org\/{rel}","templated":true}]}}