{"id":1640,"date":"2025-11-06T10:28:58","date_gmt":"2025-11-06T10:28:58","guid":{"rendered":"https:\/\/originalityreport.com\/?page_id=1640","raw":"https:\/\/originalityreport.com\/?page_id=1640"},"modified":"2026-03-30T16:58:03","modified_gmt":"2026-03-30T16:58:03","slug":"blog","status":"publish","type":"page","link":"https:\/\/originalityreport.com\/pl\/blog\/","title":{"rendered":"Blog","raw":"Blog"},"content":{"rendered":"<div class=\"blog-top-part\">\n<h1 class=\"page-title\">Wgl\u0105dy i aktualizacje<\/h1>\n<div class=\"page-green-subtitle\">Odkrywaj trendy, porady i innowacje<\/div>\n<div class=\"page-subtitle\">Odkryj artyku\u0142y eksperckie na temat technologii, sztucznej inteligencji, wykrywania plagiat\u00f3w i wskaz\u00f3wki dotycz\u0105ce pisania, aby chroni\u0107 swoj\u0105 prac\u0119 i wyprzedza\u0107 konkurencj\u0119 w erze cyfrowej.<\/div>\n<\/div>\n","protected":false,"raw":"<div class=\"blog-top-part\">\r\n<h1 class=\"page-title\">Wgl\u0105dy i aktualizacje<\/h1>\r\n<div class=\"page-green-subtitle\">Odkrywaj trendy, porady i innowacje<\/div>\r\n<div class=\"page-subtitle\">Odkryj artyku\u0142y eksperckie na temat technologii, sztucznej inteligencji, wykrywania plagiat\u00f3w i wskaz\u00f3wki dotycz\u0105ce pisania, aby chroni\u0107 swoj\u0105 prac\u0119 i wyprzedza\u0107 konkurencj\u0119 w erze cyfrowej.<\/div>\r\n<\/div>\r\n"},"excerpt":{"rendered":"Wgl\u0105d i aktualizacje Poznaj trendy, wskaz\u00f3wki i innowacje Odkryj artyku\u0142y eksperckie na temat technologii, sztucznej inteligencji, wykrywania plagiat\u00f3w i wskaz\u00f3wki dotycz\u0105ce pisania, aby chroni\u0107 swoj\u0105 prac\u0119 i wyprzedza\u0107 konkurencj\u0119 w erze cyfrowej.","protected":false,"raw":"Wgl\u0105d i aktualizacje Poznaj trendy, wskaz\u00f3wki i innowacje Odkryj artyku\u0142y eksperckie na temat technologii, sztucznej inteligencji, wykrywania plagiat\u00f3w i wskaz\u00f3wki dotycz\u0105ce pisania, aby chroni\u0107 swoj\u0105 prac\u0119 i wyprzedza\u0107 konkurencj\u0119 w erze cyfrowej."},"author":1,"featured_media":0,"parent":0,"menu_order":0,"comment_status":"closed","ping_status":"closed","template":"","meta":{"_aioseo_title":"Originality Report Blog PL | AI, Plagiat &amp; Porady Pisarskie","_aioseo_description":"Poznaj Originality Report Blog PL z artyku\u0142ami o AI, wykrywaniu plagiatu i poradach pisarskich. Chro\u0144 swoj\u0105 prac\u0119 i rozwijaj umiej\u0119tno\u015bci pisania.","_locale":"pl_PL","_original_post":"https:\/\/originalityreport.com\/?page_id=1003","footnotes":""},"class_list":["post-1640","page","type-page","status-publish","hentry","pl-PL"],"aioseo_notices":[],"_links":{"self":[{"href":"https:\/\/originalityreport.com\/wp-json\/wp\/v2\/pages\/1640","targetHints":{"allow":["GET"]}}],"collection":[{"href":"https:\/\/originalityreport.com\/wp-json\/wp\/v2\/pages"}],"about":[{"href":"https:\/\/originalityreport.com\/wp-json\/wp\/v2\/types\/page"}],"author":[{"embeddable":true,"href":"https:\/\/originalityreport.com\/wp-json\/wp\/v2\/users\/1"}],"replies":[{"embeddable":true,"href":"https:\/\/originalityreport.com\/wp-json\/wp\/v2\/comments?post=1640"}],"version-history":[{"count":1,"href":"https:\/\/originalityreport.com\/wp-json\/wp\/v2\/pages\/1640\/revisions"}],"predecessor-version":[{"id":1643,"href":"https:\/\/originalityreport.com\/wp-json\/wp\/v2\/pages\/1640\/revisions\/1643"}],"wp:attachment":[{"href":"https:\/\/originalityreport.com\/wp-json\/wp\/v2\/media?parent=1640"}],"curies":[{"name":"wp","href":"https:\/\/api.w.org\/{rel}","templated":true}]}}