{"id":517,"date":"2025-03-24T11:46:58","date_gmt":"2025-03-24T11:46:58","guid":{"rendered":"https:\/\/originalityreport.com\/?page_id=517","raw":"https:\/\/originalityreport.com\/?page_id=517"},"modified":"2025-04-04T08:48:04","modified_gmt":"2025-04-04T08:48:04","slug":"privacy-policy","status":"publish","type":"page","link":"https:\/\/originalityreport.com\/it\/privacy-policy\/","title":{"rendered":"Informativa sulla Privacy","raw":"Informativa sulla Privacy"},"content":{"rendered":"<p>System Technology Online Spain SL., Calle Pintor P\u00e9rez Gil 2, b.46 03540, Alicante, Spagna (<\/p>\n<p>Vorremmo esprimere la nostra gratitudine per il tempo che avete dedicato alla revisione delle nostre offerte e il vostro interesse nei servizi della nostra azienda. Potete essere sicuri che garantiamo la riservatezza di qualsiasi dettaglio personale dei nostri clienti. Tutte le informazioni personali fornite dai nostri clienti rimangono sicure e private. Non \u00e8 possibile alcun uso improprio o perdita dei dati se scegliete i servizi della nostra azienda.<\/p>\n<p>Sotto potete trovare le chiarificazioni riguardanti i dati che raccogliamo dai nostri clienti.<\/p>\n<p>Mentre collaboriamo, abbiamo bisogno dei seguenti dettagli:<\/p>\n<ul>\n<li>I nostri clienti;<\/li>\n<li>Gli utenti del nostro sito web.<\/li>\n<\/ul>\n<p>Dettagli che vengono raccolti dal server del sito web includono:<\/p>\n<ul>\n<li>Tipo di browser;<\/li>\n<li>Data e ora dell&#8217;accesso al sito web;<\/li>\n<li>Tipo di sistema operativo.<\/li>\n<\/ul>\n<p>Prego, prendere nota che le informazioni raccolte non vengono mai vendute o condivise; non sono collegate alla divulgazione di alcuna identit\u00e0. Lo scopo unico della raccolta di tali dati \u00e8 personalizzare i dati e migliorare il contenuto del sito web.<\/p>\n<p><strong>Cookie<\/strong><\/p>\n<p>I pagine del sito originalityreport.com utilizzano i file chiamati &#8220;cookie&#8221; &#8211; file di testo trasferiti al sistema informatico tramite il browser web. Questi file ci permettono di fornire agli utenti che navigano sul nostro sito contenuti user-friendly.<\/p>\n<p>L&#8217;acquisizione dei cookie pu\u00f2 essere interrotta modificando le impostazioni del proprio browser web. I file cookie gi\u00e0 impostati possono essere rimossi utilizzando programmi specifici per computer o tramite Internet. Si noti che alcune funzioni offerte dal nostro sito potrebbero non essere disponibili dopo aver disattivato la raccolta dei cookie.<\/p>\n<p><strong>Raccolta dei Dati di Acquisto<\/strong><\/p>\n<p>originalityreport.com raccoglie dettagli personali come nome, numero di telefono, email, paese di residenza e data di nascita. Con l&#8217;unico obiettivo di elaborare le richieste degli utenti in modo efficiente, il nostro sito raccoglie anche alcuni dati confidenziali, ovvero numeri di carte di credito e passaporto, storie cliniche da inviare ai nostri partner assicurativi. In nessun altro modo originalityreport.com accumula o conserva alcuna informazione confidenziale.<\/p>\n<p><strong>Raccolta di Informazioni Generali<\/strong><\/p>\n<p>I pagine del sito appartenenti alla rete originalityreport.com possono raccogliere dati riguardanti il:<\/p>\n<ul>\n<li>Tipo di software per la navigazione web;<\/li>\n<li>Sistema PC utilizzato;<\/li>\n<li>Risorsa online da cui \u00e8 stato effettuato l&#8217;accesso al nostro sito;<\/li>\n<li>Pagine secondarie;<\/li>\n<li>Data e ora dell&#8217;accesso al nostro sito;<\/li>\n<li>Indirizzo IP;<\/li>\n<li>Fornitore di servizi web;<\/li>\n<li>Altri dati che potrebbero essere utilizzati per attaccare i nostri sistemi IT.<\/li>\n<\/ul>\n<p>I dati sopra citati sono utilizzati per:<\/p>\n<ul>\n<li>Fornire il nostro contenuto in modo appropriato;<\/li>\n<li>Migliorare sia il contenuto che la sua promozione;<\/li>\n<li>Garantire la fattibilit\u00e0 tecnica;<\/li>\n<\/ul>\n<p>Fornire alle autorit\u00e0 i dati necessari per condurre indagini penali relative agli attacchi informatici. I fatti raccolti vengono esaminati allo scopo di migliorare la sicurezza dei dati sia della nostra azienda che dei clienti.<\/p>\n<p><strong>L&#8217;Utilizzo dei Cookie<\/strong><\/p>\n<p>Usiamo i &#8216;cookie&#8217; poich\u00e9 ci permettono di raccogliere dati statistici relativi alle visite e all&#8217;utilizzo del nostro sito web. Inoltre, \u00e8 un buon modo per creare una navigazione efficiente.<\/p>\n<p><strong>Raccolta di Dati Personali<\/strong><\/p>\n<p>I nostri clienti vengono invitati a fornire le seguenti informazioni personali durante la registrazione:<\/p>\n<ul>\n<li>Nome<\/li>\n<li>N. di telefono di contatto<\/li>\n<li>Email<\/li>\n<\/ul>\n<p>Pertanto, \u00e8 consigliabile garantire l&#8217;accuratezza dei dettagli di contatto poich\u00e9 ne assicura la qualit\u00e0 elevata dei servizi forniti.<\/p>\n<p>La nostra app accede ai dati dell&#8217;utente Google solo dopo la verifica dell&#8217;utente. Tutti i dati verranno utilizzati esclusivamente per scopi di rilevamento del plagio, non \u00e8 prevista alcuna condivisione o memorizzazione dei dati personali. originalityreport.com non memorizza, utilizza n\u00e9 condivide i dati degli utenti Google.<\/p>\n<p>I nostri clienti hanno la garanzia al 100% che i loro dati personali non saranno mai disponibili a nessuno, tranne il personale aziendale. Non \u00e8 possibile alcuna divulgazione, condivisione, vendita, pubblicazione o invio a terzi. Nessun testo scansionato utilizzando il nostro strumento di rilevamento del plagio sar\u00e0 trasmesso a un terzo n\u00e9 utilizzato per altri scopi. Tu sei l&#8217;unico proprietario del testo sottoposto al controllo di plagio per verificare l&#8217;originalit\u00e0 dei contenuti.<\/p>\n<p><strong>Transazioni online<\/strong><\/p>\n<p>Utilizziamo solo transazioni online sicure tramite sistemi di pagamento affidabili che escludono qualsiasi possibilit\u00e0 di divulgazione delle informazioni. In alcuni casi, il Dipartimento Finanziario contatta i nostri clienti per garantire la verifica delle loro identit\u00e0 e prevenire ogni tipo di frode online.<\/p>\n<p><strong>Diritto dei Clienti<\/strong><\/p>\n<p>I dati nel profilo del cliente possono essere modificati, editi, sostituiti o eliminati dall&#8217;utente. Nel caso in cui abbiate bisogno di modifiche o assistenza, non esitate a contattare il team di supporto clienti.<\/p>\n<p>Valorizziamo molto le preferenze dei clienti riguardo all&#8217;uso privato dei nostri servizi di rilevamento del plagio, cos\u00ec come le opzioni di editing\/revisione\/dizione. Le tue informazioni personali verranno utilizzate solo per scopi interni all&#8217;azienda. L&#8217;utilizzo dei nostri servizi presuppone il tuo consenso alle nostre politiche sulla privacy e alle regolamentazioni.<\/p>\n<p><strong>Google Drive &amp; Account Information<\/strong><\/p>\n<p>No utilizziamo le informazioni che conservi sul tuo Google Drive per uso personale. Il tuo nome, indirizzo email e i link ai file non vengono memorizzati automaticamente sui nostri server a meno che tu non li carichi attraverso la nostra applicazione. Non intendiamo condividere i tuoi file o le tue informazioni personali con terze parti. Non apportiamo modifiche ai tuoi file a meno che tu non lo faccia direttamente tramite la nostra applicazione o in Google Drive. Se scegli di eliminare il file di testo che hai condiviso con noi, i dati saranno immediatamente rimossi dal nostro server. Tuttavia, i file non verranno cancellati dal tuo Google Drive. Puoi anche revocare l&#8217;accesso ai tuoi dati di Google Drive in qualsiasi momento. Ci riserviamo il diritto di impedire a chiunque di utilizzare la nostra applicazione per accedere al proprio Google Drive.<\/p>\n<p>Sito web acceder\u00e0 ai file di Google Drive degli utenti, ma solo con permesso di sola lettura (specificamente, l'&#8221;https:\/\/www.googleapis.com\/auth\/drive.readonly&#8221; ambito). Memorizzeremo il testo semplice dei file per l&#8217;utente solo. L&#8217;utente mantiene la possibilit\u00e0 di eliminare questi dati in qualsiasi momento.<\/p>\n<p><strong>Patto di Servizio Google API<\/strong><\/p>\n<p>L&#8217;utilizzo e la trasmissione dei dati ottenuti da Google API in qualsiasi altra applicazione di originalityreport.com rispetteranno le politiche sui dati degli utenti del servizio Google API, inclusi i requisiti per l&#8217;Uso Limitato.<\/p>\n<p><strong>Conformit\u00e0 al GDPR sulla Conservazione e Cancellazione dei Dati Personali<\/strong><\/p>\n<p>In conformit\u00e0 al Regolamento Generale sulla Protezione dei Dati (GDPR), ci impegniamo a garantire il trattamento legittimo dei dati personali. Al termine dei servizi, o alla scadenza di un contratto o accordo, siamo obbligati a restituire o cancellare tutti i dati personali in nostro possesso, salvo che non vi sia un obbligo legale che richieda la loro conservazione. Le nostre azioni seguiranno rigorosamente le linee guida del GDPR per garantire la privacy e la protezione dei dati personali individuali.<\/p>\n","protected":false,"raw":"<p>System Technology Online Spain SL., Calle Pintor P\u00e9rez Gil 2, b.46 03540, Alicante, Spagna (<\/p>\r\n<p>Vorremmo esprimere la nostra gratitudine per il tempo che avete dedicato alla revisione delle nostre offerte e il vostro interesse nei servizi della nostra azienda. Potete essere sicuri che garantiamo la riservatezza di qualsiasi dettaglio personale dei nostri clienti. Tutte le informazioni personali fornite dai nostri clienti rimangono sicure e private. Non \u00e8 possibile alcun uso improprio o perdita dei dati se scegliete i servizi della nostra azienda.<\/p>\r\n<p>Sotto potete trovare le chiarificazioni riguardanti i dati che raccogliamo dai nostri clienti.<\/p>\r\n<p>Mentre collaboriamo, abbiamo bisogno dei seguenti dettagli:<\/p>\r\n<ul>\r\n<li>I nostri clienti;<\/li>\r\n<li>Gli utenti del nostro sito web.<\/li>\r\n<\/ul>\r\n<p>Dettagli che vengono raccolti dal server del sito web includono:<\/p>\r\n<ul>\r\n<li>Tipo di browser;<\/li>\r\n<li>Data e ora dell'accesso al sito web;<\/li>\r\n<li>Tipo di sistema operativo.<\/li>\r\n<\/ul>\r\n<p>Prego, prendere nota che le informazioni raccolte non vengono mai vendute o condivise; non sono collegate alla divulgazione di alcuna identit\u00e0. Lo scopo unico della raccolta di tali dati \u00e8 personalizzare i dati e migliorare il contenuto del sito web.<\/p>\r\n<p><strong>Cookie<\/strong><\/p>\r\n<p>I pagine del sito originalityreport.com utilizzano i file chiamati \"cookie\" - file di testo trasferiti al sistema informatico tramite il browser web. Questi file ci permettono di fornire agli utenti che navigano sul nostro sito contenuti user-friendly.<\/p>\r\n<p>L'acquisizione dei cookie pu\u00f2 essere interrotta modificando le impostazioni del proprio browser web. I file cookie gi\u00e0 impostati possono essere rimossi utilizzando programmi specifici per computer o tramite Internet. Si noti che alcune funzioni offerte dal nostro sito potrebbero non essere disponibili dopo aver disattivato la raccolta dei cookie.<\/p>\r\n<p><strong>Raccolta dei Dati di Acquisto<\/strong><\/p>\r\n<p>originalityreport.com raccoglie dettagli personali come nome, numero di telefono, email, paese di residenza e data di nascita. Con l'unico obiettivo di elaborare le richieste degli utenti in modo efficiente, il nostro sito raccoglie anche alcuni dati confidenziali, ovvero numeri di carte di credito e passaporto, storie cliniche da inviare ai nostri partner assicurativi. In nessun altro modo originalityreport.com accumula o conserva alcuna informazione confidenziale.<\/p>\r\n<p><strong>Raccolta di Informazioni Generali<\/strong><\/p>\r\n<p>I pagine del sito appartenenti alla rete originalityreport.com possono raccogliere dati riguardanti il:<\/p>\r\n<ul>\r\n<li>Tipo di software per la navigazione web;<\/li>\r\n<li>Sistema PC utilizzato;<\/li>\r\n<li>Risorsa online da cui \u00e8 stato effettuato l'accesso al nostro sito;<\/li>\r\n<li>Pagine secondarie;<\/li>\r\n<li>Data e ora dell'accesso al nostro sito;<\/li>\r\n<li>Indirizzo IP;<\/li>\r\n<li>Fornitore di servizi web;<\/li>\r\n<li>Altri dati che potrebbero essere utilizzati per attaccare i nostri sistemi IT.<\/li>\r\n<\/ul>\r\n<p>I dati sopra citati sono utilizzati per:<\/p>\r\n<ul>\r\n<li>Fornire il nostro contenuto in modo appropriato;<\/li>\r\n<li>Migliorare sia il contenuto che la sua promozione;<\/li>\r\n<li>Garantire la fattibilit\u00e0 tecnica;<\/li>\r\n<\/ul>\r\n<p>Fornire alle autorit\u00e0 i dati necessari per condurre indagini penali relative agli attacchi informatici. I fatti raccolti vengono esaminati allo scopo di migliorare la sicurezza dei dati sia della nostra azienda che dei clienti.<\/p>\r\n<p><strong>L'Utilizzo dei Cookie<\/strong><\/p>\r\n<p>Usiamo i 'cookie' poich\u00e9 ci permettono di raccogliere dati statistici relativi alle visite e all'utilizzo del nostro sito web. Inoltre, \u00e8 un buon modo per creare una navigazione efficiente.<\/p>\r\n<p><strong>Raccolta di Dati Personali<\/strong><\/p>\r\n<p>I nostri clienti vengono invitati a fornire le seguenti informazioni personali durante la registrazione:<\/p>\r\n<ul>\r\n<li>Nome<\/li>\r\n<li>N. di telefono di contatto<\/li>\r\n<li>Email<\/li>\r\n<\/ul>\r\n<p>Pertanto, \u00e8 consigliabile garantire l'accuratezza dei dettagli di contatto poich\u00e9 ne assicura la qualit\u00e0 elevata dei servizi forniti.<\/p>\r\n<p>La nostra app accede ai dati dell'utente Google solo dopo la verifica dell'utente. Tutti i dati verranno utilizzati esclusivamente per scopi di rilevamento del plagio, non \u00e8 prevista alcuna condivisione o memorizzazione dei dati personali. originalityreport.com non memorizza, utilizza n\u00e9 condivide i dati degli utenti Google.<\/p>\r\n<p>I nostri clienti hanno la garanzia al 100% che i loro dati personali non saranno mai disponibili a nessuno, tranne il personale aziendale. Non \u00e8 possibile alcuna divulgazione, condivisione, vendita, pubblicazione o invio a terzi. Nessun testo scansionato utilizzando il nostro strumento di rilevamento del plagio sar\u00e0 trasmesso a un terzo n\u00e9 utilizzato per altri scopi. Tu sei l'unico proprietario del testo sottoposto al controllo di plagio per verificare l'originalit\u00e0 dei contenuti.<\/p>\r\n<p><strong>Transazioni online<\/strong><\/p>\r\n<p>Utilizziamo solo transazioni online sicure tramite sistemi di pagamento affidabili che escludono qualsiasi possibilit\u00e0 di divulgazione delle informazioni. In alcuni casi, il Dipartimento Finanziario contatta i nostri clienti per garantire la verifica delle loro identit\u00e0 e prevenire ogni tipo di frode online.<\/p>\r\n<p><strong>Diritto dei Clienti<\/strong><\/p>\r\n<p>I dati nel profilo del cliente possono essere modificati, editi, sostituiti o eliminati dall'utente. Nel caso in cui abbiate bisogno di modifiche o assistenza, non esitate a contattare il team di supporto clienti.<\/p>\r\n<p>Valorizziamo molto le preferenze dei clienti riguardo all'uso privato dei nostri servizi di rilevamento del plagio, cos\u00ec come le opzioni di editing\/revisione\/dizione. Le tue informazioni personali verranno utilizzate solo per scopi interni all'azienda. L'utilizzo dei nostri servizi presuppone il tuo consenso alle nostre politiche sulla privacy e alle regolamentazioni.<\/p>\r\n<p><strong>Google Drive &amp; Account Information<\/strong><\/p>\r\n<p>No utilizziamo le informazioni che conservi sul tuo Google Drive per uso personale. Il tuo nome, indirizzo email e i link ai file non vengono memorizzati automaticamente sui nostri server a meno che tu non li carichi attraverso la nostra applicazione. Non intendiamo condividere i tuoi file o le tue informazioni personali con terze parti. Non apportiamo modifiche ai tuoi file a meno che tu non lo faccia direttamente tramite la nostra applicazione o in Google Drive. Se scegli di eliminare il file di testo che hai condiviso con noi, i dati saranno immediatamente rimossi dal nostro server. Tuttavia, i file non verranno cancellati dal tuo Google Drive. Puoi anche revocare l'accesso ai tuoi dati di Google Drive in qualsiasi momento. Ci riserviamo il diritto di impedire a chiunque di utilizzare la nostra applicazione per accedere al proprio Google Drive.<\/p>\r\n<p>Sito web acceder\u00e0 ai file di Google Drive degli utenti, ma solo con permesso di sola lettura (specificamente, l'\"https:\/\/www.googleapis.com\/auth\/drive.readonly\" ambito). Memorizzeremo il testo semplice dei file per l'utente solo. L'utente mantiene la possibilit\u00e0 di eliminare questi dati in qualsiasi momento.<\/p>\r\n<p><strong>Patto di Servizio Google API<\/strong><\/p>\r\n<p>L'utilizzo e la trasmissione dei dati ottenuti da Google API in qualsiasi altra applicazione di originalityreport.com rispetteranno le politiche sui dati degli utenti del servizio Google API, inclusi i requisiti per l'Uso Limitato.<\/p>\r\n<p><strong>Conformit\u00e0 al GDPR sulla Conservazione e Cancellazione dei Dati Personali<\/strong><\/p>\r\n<p>In conformit\u00e0 al Regolamento Generale sulla Protezione dei Dati (GDPR), ci impegniamo a garantire il trattamento legittimo dei dati personali. Al termine dei servizi, o alla scadenza di un contratto o accordo, siamo obbligati a restituire o cancellare tutti i dati personali in nostro possesso, salvo che non vi sia un obbligo legale che richieda la loro conservazione. Le nostre azioni seguiranno rigorosamente le linee guida del GDPR per garantire la privacy e la protezione dei dati personali individuali.<\/p>"},"excerpt":{"rendered":"System Technology Online Spain SL., Calle Pintor P\u00e9rez Gil 2, b.46 03540, Alicante, Spagna (&#8220;us&#8221;, &#8220;we&#8221;, o &#8220;our&#8221;) gestisce il sito web originalityreport.com ed \u00e8 il responsabile dei vostri dati personali. Vorremmo esprimere la nostra gratitudine per il tempo che avete dedicato alla revisione delle nostre offerte e il vostro interesse nei servizi della nostra azienda. Voi.","protected":false,"raw":"System Technology Online Spain SL., Calle Pintor P\u00e9rez Gil 2, b.46 03540, Alicante, Spagna (\"us\", \"we\", o \"our\") gestisce il sito web originalityreport.com ed \u00e8 il responsabile dei vostri dati personali. Vorremmo esprimere la nostra gratitudine per il tempo che avete dedicato alla revisione delle nostre offerte e il vostro interesse nei servizi della nostra azienda. Voi."},"author":1,"featured_media":0,"parent":0,"menu_order":0,"comment_status":"closed","ping_status":"closed","template":"","meta":{"_aioseo_title":null,"_aioseo_description":null,"_locale":"it_IT","_original_post":"https:\/\/originalityreport.com\/?page_id=49","footnotes":""},"class_list":["post-517","page","type-page","status-publish","hentry","it-IT"],"aioseo_notices":[],"_links":{"self":[{"href":"https:\/\/originalityreport.com\/wp-json\/wp\/v2\/pages\/517","targetHints":{"allow":["GET"]}}],"collection":[{"href":"https:\/\/originalityreport.com\/wp-json\/wp\/v2\/pages"}],"about":[{"href":"https:\/\/originalityreport.com\/wp-json\/wp\/v2\/types\/page"}],"author":[{"embeddable":true,"href":"https:\/\/originalityreport.com\/wp-json\/wp\/v2\/users\/1"}],"replies":[{"embeddable":true,"href":"https:\/\/originalityreport.com\/wp-json\/wp\/v2\/comments?post=517"}],"version-history":[{"count":3,"href":"https:\/\/originalityreport.com\/wp-json\/wp\/v2\/pages\/517\/revisions"}],"predecessor-version":[{"id":900,"href":"https:\/\/originalityreport.com\/wp-json\/wp\/v2\/pages\/517\/revisions\/900"}],"wp:attachment":[{"href":"https:\/\/originalityreport.com\/wp-json\/wp\/v2\/media?parent=517"}],"curies":[{"name":"wp","href":"https:\/\/api.w.org\/{rel}","templated":true}]}}