{"id":283,"date":"2025-03-24T11:50:38","date_gmt":"2025-03-24T11:50:38","guid":{"rendered":"https:\/\/originalityreport.com\/?page_id=283","raw":"https:\/\/originalityreport.com\/?page_id=283"},"modified":"2025-04-04T08:55:05","modified_gmt":"2025-04-04T08:55:05","slug":"pricing","status":"publish","type":"page","link":"https:\/\/originalityreport.com\/it\/pricing\/","title":{"rendered":"Prezzi","raw":"Prezzi"},"content":{"rendered":"<section class=\"pricing-page-main-block\">\n<div class=\"container-fluid\">\n<div class=\"container\">\n<div class=\"row\">\n<div class=\"col-12\">\n<div class=\"pricing-main-block-content\">\n<div class=\"ps-widget-container\" data-ps-widget-name=\"Prices\" data-ps-widget-options=\"{}\">\n<p class=\"top-text\">Seleziona le Opzioni di Prezzo<\/p>\n<h1 class=\"page-title\">Nessun costo nascosto per la rilevazione accurata di plagio e AI \u2013<\/h1>\n<div class=\"pricing-block\">\n<div class=\"pricing-plan-duration\">\n<button class=\"pricing-plan-duration-item one-time active\" type=\"button\">Una tantum<\/button><br \/>\n<button class=\"pricing-plan-duration-item monthly\" type=\"button\">Mensile<\/button><br \/>\n<button class=\"pricing-plan-duration-item 3-months\" type=\"button\">3-Mesi<\/button><br \/>\n<button class=\"pricing-plan-duration-item yearly\" type=\"button\">Annuale<\/button>\n<\/div>\n<div class=\"pricing-plan-items-wrapper\">\n<div class=\"pricing-plan-items\">\n<div class=\"pricing-plan-item light\">\n<div class=\"item-header\">\n<span class=\"plan-title\">Leggero<\/span><\/p>\n<div class=\"plan-price-per-word\">\n<p class=\"price\"><span class=\"value\">$0.23<\/span> per<\/p>\n<p class=\"words-count\">1000 parole<\/p>\n<\/div>\n<\/div>\n<div class=\"item-main\">\n<span class=\"save-up-to-label\">Risparmia fino al <span class=\"value\">30%<\/span><\/span><\/p>\n<p class=\"plan-price\"><span class=\"value\">$22.95<\/span> \/ <span class=\"duration\">Mese<\/span><\/p>\n<p><a class=\"get-started-btn\" href=\"#\">Parti Adesso<\/a><label class=\"custom-checkbox-label recurring-payments\" for=\"recurring_payments_light\"><span class=\"custom-checkbox\"><\/span><span class=\"custom-checkbox-title\">Pagamenti ricorrenti<\/span><input checked=\"\" id=\"recurring_payments_light\" name=\"recurring-payments-light\" type=\"checkbox\"\/><br \/>\n<\/label><span class=\"sep\"><\/span><\/div>\n<div class=\"item-footer\">\n<ul>\n<li class=\"available\"><span class=\"highlighted\">1<\/span> Invio di Plagio *<\/li>\n<li class=\"available\"><span class=\"highlighted\">1<\/span> Invio di AI *<\/li>\n<li class=\"available\"><span class=\"highlighted\">Illimitato<\/span> Fattore temporale (giorni)<\/li>\n<li class=\"unavailable\"><span class=\"highlighted\">365<\/span> Fattore temporale (giorni)<\/li>\n<li class=\"unavailable\">Cerca testo di AI<\/li>\n<\/ul>\n<\/div>\n<\/div>\n<div class=\"pricing-plan-item standatd selected\">\n<div class=\"item-header\">\n<span class=\"plan-title\">Standatd<\/span><\/p>\n<div class=\"plan-price-per-word\">\n<p class=\"price\"><span class=\"value\">$0.12<\/span> per<\/p>\n<p class=\"words-count\">1000 parole<\/p>\n<\/div>\n<\/div>\n<div class=\"item-main\">\n<span class=\"save-up-to-label\">Risparmia fino al <span class=\"value\">30%<\/span><\/span><\/p>\n<p class=\"plan-price\"><span class=\"value\">$34.95<\/span> \/ <span class=\"duration\">Mese<\/span><\/p>\n<p><a class=\"get-started-btn\" href=\"#\">Parti Adesso<\/a><label class=\"custom-checkbox-label recurring-payments\" for=\"recurring_payments_standatd\"><span class=\"custom-checkbox\"><\/span><span class=\"custom-checkbox-title\">Pagamenti ricorrenti<\/span><input checked=\"\" id=\"recurring_payments_standatd\" name=\"recurring-payments-standatd\" type=\"checkbox\"\/><\/label><span class=\"sep\"><\/span><\/div>\n<div class=\"item-footer\">\n<ul>\n<li class=\"available\"><span class=\"highlighted\">1<\/span> Invio di Plagio *<\/li>\n<li class=\"available\"><span class=\"highlighted\">1<\/span> Invio di AI *<\/li>\n<li class=\"available\"><span class=\"highlighted\">Illimitato<\/span> Fattore temporale (giorni)<\/li>\n<li class=\"unavailable\"><span class=\"highlighted\">365<\/span> Fattore temporale (giorni)<\/li>\n<li class=\"unavailable\">Cerca testo di AI<\/li>\n<\/ul>\n<\/div>\n<\/div>\n<div class=\"pricing-plan-item premium\">\n<div class=\"item-header\">\n<span class=\"plan-title\">Premium<\/span><\/p>\n<div class=\"plan-price-per-word\">\n<p class=\"price\"><span class=\"value\">$0.09<\/span> per<\/p>\n<p class=\"words-count\">1000 parole<\/p>\n<\/div>\n<\/div>\n<div class=\"item-main\">\n<span class=\"save-up-to-label\">Risparmia fino al <span class=\"value\">30%<\/span><\/span><\/p>\n<p class=\"plan-price\"><span class=\"value\">$54.95<\/span> \/ <span class=\"duration\">Mese<\/span><\/p>\n<p><a class=\"get-started-btn\" href=\"#\">Parti Adesso<\/a><label class=\"custom-checkbox-label recurring-payments\" for=\"recurring_payments_premium\"><span class=\"custom-checkbox\"><\/span><span class=\"custom-checkbox-title\">Pagamenti ricorrenti<\/span><input checked=\"\" id=\"recurring_payments_premium\" name=\"recurring-payments-premium\" type=\"checkbox\"\/><\/label><span class=\"sep\"><\/span><\/div>\n<div class=\"item-footer\">\n<ul>\n<li class=\"available\"><span class=\"highlighted\">1<\/span> Invio di Plagio *<\/li>\n<li class=\"available\"><span class=\"highlighted\">1<\/span> Invio di AI *<\/li>\n<li class=\"available\"><span class=\"highlighted\">Illimitato<\/span> Fattore temporale (giorni)<\/li>\n<li class=\"unavailable\"><span class=\"highlighted\">365<\/span> Fattore temporale (giorni)<\/li>\n<li class=\"unavailable\">Cerca testo di AI<\/li>\n<\/ul>\n<\/div>\n<\/div>\n<\/div>\n<\/div>\n<\/div>\n<\/div>\n<\/div>\n<\/div>\n<\/div>\n<\/div>\n<\/div>\n<\/section>\n<section class=\"faq\">\n<div class=\"container-fluid\">\n<div class=\"container\">\n<div class=\"row\">\n<div class=\"col-12\">\n<div class=\"faq-content\">\n<div class=\"faq-text-block\">\n<p class=\"faq-text-top\">La nostra sezione FAQ ha tutto ci\u00f2 che devi sapere<\/p>\n<p class=\"faq-text-title\">Hai bisogno di pi\u00f9 informazioni su OriginalityReport.com?<\/p>\n<p class=\"faq-text-subtitle\">Abbiamo analizzato e risposto alle domande che gli utenti pongono sul nostro controllo della plagiabilit\u00e0 e sulla rilevazione AI.<\/p>\n<div class=\"different-question-block\">\n<img decoding=\"async\" alt=\"FAQ\" class=\"faq-icon\" src=\"\/wp-content\/themes\/main\/images\/faq-icon.svg\"\/><\/p>\n<p class=\"title\">Contatta OriginalityReport.com per ulteriori risposte<\/p>\n<p class=\"subtitle\">Se hai altre domande sul nostro servizio, contatta il nostro team. Sono felici di assisterti e spiegarti il modo migliore per controllare i testi per la plagiabilit\u00e0.<\/p>\n<p><a class=\"contact-support-btn custom-btn cb-black\" href=\"\/contact-us\/\">Contatta il Team Supporto<\/a><\/div>\n<\/div>\n    <div class=\"faq-questions-block\">\n                <div class=\"faq-accordion\" id=\"faq_accordion\">\n                            <div class=\"faq-accordion-item item-1\">\n                    <button class=\"faq-accordion-question collapsed\" type=\"button\" data-bs-toggle=\"collapse\" data-bs-target=\"#faq_accordion_1\" aria-expanded=\"false\" aria-controls=\"faq_accordion_1\">Ho diversi documenti in formati diversi, posso controllarli tutti?<\/button>\n                    <div id=\"faq_accordion_1\" class=\"faq-accordion-answer accordion-collapse collapse\" data-bs-parent=\"#faq_accordion\">\n                        <p class=\"answer-text\">S\u00ec, i nostri strumenti possono essere utilizzati per scansionare documenti in formato PDF, Word, TXT e anche testi che possono essere copiati direttamente nel campo per la verifica.<\/p>\n                    <\/div>\n                <\/div>\n                            <div class=\"faq-accordion-item item-2\">\n                    <button class=\"faq-accordion-question collapsed\" type=\"button\" data-bs-toggle=\"collapse\" data-bs-target=\"#faq_accordion_2\" aria-expanded=\"false\" aria-controls=\"faq_accordion_2\">Posso fidarmi dei risultati?<\/button>\n                    <div id=\"faq_accordion_2\" class=\"faq-accordion-answer accordion-collapse collapse\" data-bs-parent=\"#faq_accordion\">\n                        <p class=\"answer-text\">S\u00ec, il nostro strumento \u00e8 molto accurato e fornisce rapporti precisi e affidabili che possono essere utilizzati come prova dell&#039;autenticit\u00e0 del documento.<\/p>\n                    <\/div>\n                <\/div>\n                            <div class=\"faq-accordion-item item-3\">\n                    <button class=\"faq-accordion-question collapsed\" type=\"button\" data-bs-toggle=\"collapse\" data-bs-target=\"#faq_accordion_3\" aria-expanded=\"false\" aria-controls=\"faq_accordion_3\">Quanto tempo dura il processo di controllo?<\/button>\n                    <div id=\"faq_accordion_3\" class=\"faq-accordion-answer accordion-collapse collapse\" data-bs-parent=\"#faq_accordion\">\n                        <p class=\"answer-text\">I clienti possono ottenere i risultati in pochi minuti. L&#039;algoritmo pu\u00f2 verificare il contenuto per plagio e AI e confrontarlo con milioni di altri testi molto velocemente.<\/p>\n                    <\/div>\n                <\/div>\n                            <div class=\"faq-accordion-item item-4\">\n                    <button class=\"faq-accordion-question collapsed\" type=\"button\" data-bs-toggle=\"collapse\" data-bs-target=\"#faq_accordion_4\" aria-expanded=\"false\" aria-controls=\"faq_accordion_4\">Fornisci garanzie di privacy?<\/button>\n                    <div id=\"faq_accordion_4\" class=\"faq-accordion-answer accordion-collapse collapse\" data-bs-parent=\"#faq_accordion\">\n                        <p class=\"answer-text\">S\u00ec, ci concentriamo sulla riservatezza e la privacy. La nostra piattaforma non raccoglie i tuoi dati o memorizza testi.<\/p>\n                    <\/div>\n                <\/div>\n                            <div class=\"faq-accordion-item item-5\">\n                    <button class=\"faq-accordion-question collapsed\" type=\"button\" data-bs-toggle=\"collapse\" data-bs-target=\"#faq_accordion_5\" aria-expanded=\"false\" aria-controls=\"faq_accordion_5\">Posso verificare il mio testo per vedere se \u00e8 stato generato dall&#039;AI?<\/button>\n                    <div id=\"faq_accordion_5\" class=\"faq-accordion-answer accordion-collapse collapse\" data-bs-parent=\"#faq_accordion\">\n                        <p class=\"answer-text\">S\u00ec, siamo uno dei migliori servizi per identificare contenuti generati dall&#039;AI.<\/p>\n                    <\/div>\n                <\/div>\n                            <div class=\"faq-accordion-item item-6\">\n                    <button class=\"faq-accordion-question collapsed\" type=\"button\" data-bs-toggle=\"collapse\" data-bs-target=\"#faq_accordion_6\" aria-expanded=\"false\" aria-controls=\"faq_accordion_6\">Supporti pi\u00f9 lingue?<\/button>\n                    <div id=\"faq_accordion_6\" class=\"faq-accordion-answer accordion-collapse collapse\" data-bs-parent=\"#faq_accordion\">\n                        <p class=\"answer-text\">S\u00ec, il nostro strumento funziona con diverse lingue per la comodit\u00e0 degli utenti internazionali.<\/p>\n                    <\/div>\n                <\/div>\n                            <div class=\"faq-accordion-item item-7\">\n                    <button class=\"faq-accordion-question collapsed\" type=\"button\" data-bs-toggle=\"collapse\" data-bs-target=\"#faq_accordion_7\" aria-expanded=\"false\" aria-controls=\"faq_accordion_7\">Quali fonti il tuo sistema esamina?<\/button>\n                    <div id=\"faq_accordion_7\" class=\"faq-accordion-answer accordion-collapse collapse\" data-bs-parent=\"#faq_accordion\">\n                        <p class=\"answer-text\">Analizziamo le pubblicazioni accademiche, le pagine web e database esclusivi per ottenere i migliori risultati.<\/p>\n                    <\/div>\n                <\/div>\n                            <div class=\"faq-accordion-item item-8\">\n                    <button class=\"faq-accordion-question collapsed\" type=\"button\" data-bs-toggle=\"collapse\" data-bs-target=\"#faq_accordion_8\" aria-expanded=\"false\" aria-controls=\"faq_accordion_8\">\u00c8 possibile controllare pi\u00f9 testi contemporaneamente?<\/button>\n                    <div id=\"faq_accordion_8\" class=\"faq-accordion-answer accordion-collapse collapse\" data-bs-parent=\"#faq_accordion\">\n                        <p class=\"answer-text\">S\u00ec, gli utenti possono caricare diversi testi contemporaneamente per risparmiare tempo.<\/p>\n                    <\/div>\n                <\/div>\n                            <div class=\"faq-accordion-item item-9\">\n                    <button class=\"faq-accordion-question collapsed\" type=\"button\" data-bs-toggle=\"collapse\" data-bs-target=\"#faq_accordion_9\" aria-expanded=\"false\" aria-controls=\"faq_accordion_9\">Limiti la dimensione dei documenti che possono essere caricati per il controllo?<\/button>\n                    <div id=\"faq_accordion_9\" class=\"faq-accordion-answer accordion-collapse collapse\" data-bs-parent=\"#faq_accordion\">\n                        <p class=\"answer-text\">No, i clienti possono controllare testi brevi e documenti pi\u00f9 grandi.<\/p>\n                    <\/div>\n                <\/div>\n                            <div class=\"faq-accordion-item item-10\">\n                    <button class=\"faq-accordion-question collapsed\" type=\"button\" data-bs-toggle=\"collapse\" data-bs-target=\"#faq_accordion_10\" aria-expanded=\"false\" aria-controls=\"faq_accordion_10\">Hai aggiornamenti per un controllo migliore?<\/button>\n                    <div id=\"faq_accordion_10\" class=\"faq-accordion-answer accordion-collapse collapse\" data-bs-parent=\"#faq_accordion\">\n                        <p class=\"answer-text\">S\u00ec, i nostri strumenti utilizzano algoritmi avanzati e ricevono aggiornamenti costanti per risultati migliori.<\/p>\n                    <\/div>\n                <\/div>\n                            <div class=\"faq-accordion-item item-11\">\n                    <button class=\"faq-accordion-question collapsed\" type=\"button\" data-bs-toggle=\"collapse\" data-bs-target=\"#faq_accordion_11\" aria-expanded=\"false\" aria-controls=\"faq_accordion_11\">Il tuo rilevatore di plagio pu\u00f2 essere utilizzato con altri sistemi?<\/button>\n                    <div id=\"faq_accordion_11\" class=\"faq-accordion-answer accordion-collapse collapse\" data-bs-parent=\"#faq_accordion\">\n                        <p class=\"answer-text\">S\u00ec, c&#039;\u00e8 un&#039;opzione per l&#039;integrazione con l&#039;API.<\/p>\n                    <\/div>\n                <\/div>\n                            <div class=\"faq-accordion-item item-12\">\n                    <button class=\"faq-accordion-question collapsed\" type=\"button\" data-bs-toggle=\"collapse\" data-bs-target=\"#faq_accordion_12\" aria-expanded=\"false\" aria-controls=\"faq_accordion_12\">\u00c8 possibile iscriversi ad una prova gratuita?<\/button>\n                    <div id=\"faq_accordion_12\" class=\"faq-accordion-answer accordion-collapse collapse\" data-bs-parent=\"#faq_accordion\">\n                        <p class=\"answer-text\">S\u00ec, la nostra prova gratuita \u00e8 disponibile per i clienti che desiderano esplorare ci\u00f2 che offre la nostra piattaforma.<\/p>\n                    <\/div>\n                <\/div>\n                            <div class=\"faq-accordion-item item-13\">\n                    <button class=\"faq-accordion-question collapsed\" type=\"button\" data-bs-toggle=\"collapse\" data-bs-target=\"#faq_accordion_13\" aria-expanded=\"false\" aria-controls=\"faq_accordion_13\">Il tuo controllore \u00e8 ottimizzato per l&#039;uso mobile?<\/button>\n                    <div id=\"faq_accordion_13\" class=\"faq-accordion-answer accordion-collapse collapse\" data-bs-parent=\"#faq_accordion\">\n                        <p class=\"answer-text\">S\u00ec, il nostro sistema \u00e8 compatibile con i dispositivi mobili, rendendolo pi\u00f9 accessibile per i clienti.<\/p>\n                    <\/div>\n                <\/div>\n                    <\/div>\n    <\/div>\n    <\/div>\n<\/div>\n<\/div>\n<\/div>\n<\/div>\n<\/section>\n","protected":false,"raw":"<section class=\"pricing-page-main-block\">\r\n<div class=\"container-fluid\">\r\n<div class=\"container\">\r\n<div class=\"row\">\r\n<div class=\"col-12\">\r\n<div class=\"pricing-main-block-content\">\r\n<div class=\"ps-widget-container\" data-ps-widget-name=\"Prices\" data-ps-widget-options=\"{}\">\r\n<p class=\"top-text\">Seleziona le Opzioni di Prezzo<\/p>\r\n<h1 class=\"page-title\">Nessun costo nascosto per la rilevazione accurata di plagio e AI \u2013<\/h1>\r\n<div class=\"pricing-block\">\r\n<div class=\"pricing-plan-duration\">\r\n<button class=\"pricing-plan-duration-item one-time active\" type=\"button\">Una tantum<\/button>\r\n<button class=\"pricing-plan-duration-item monthly\" type=\"button\">Mensile<\/button>\r\n<button class=\"pricing-plan-duration-item 3-months\" type=\"button\">3-Mesi<\/button>\r\n<button class=\"pricing-plan-duration-item yearly\" type=\"button\">Annuale<\/button>\r\n<\/div>\r\n<div class=\"pricing-plan-items-wrapper\">\r\n<div class=\"pricing-plan-items\">\r\n<div class=\"pricing-plan-item light\">\r\n<div class=\"item-header\">\r\n<span class=\"plan-title\">Leggero<\/span>\r\n<div class=\"plan-price-per-word\">\r\n<p class=\"price\"><span class=\"value\">$0.23<\/span> per<\/p>\r\n<p class=\"words-count\">1000 parole<\/p>\r\n<\/div>\r\n<\/div>\r\n<div class=\"item-main\">\r\n<span class=\"save-up-to-label\">Risparmia fino al <span class=\"value\">30%<\/span><\/span>\r\n<p class=\"plan-price\"><span class=\"value\">$22.95<\/span> \/ <span class=\"duration\">Mese<\/span><\/p><a class=\"get-started-btn\" href=\"#\">Parti Adesso<\/a><label class=\"custom-checkbox-label recurring-payments\" for=\"recurring_payments_light\"><span class=\"custom-checkbox\"><\/span><span class=\"custom-checkbox-title\">Pagamenti ricorrenti<\/span><input checked=\"\" id=\"recurring_payments_light\" name=\"recurring-payments-light\" type=\"checkbox\"\/>\r\n<\/label><span class=\"sep\"><\/span><\/div>\r\n<div class=\"item-footer\">\r\n<ul>\r\n<li class=\"available\"><span class=\"highlighted\">1<\/span> Invio di Plagio *<\/li>\r\n<li class=\"available\"><span class=\"highlighted\">1<\/span> Invio di AI *<\/li>\r\n<li class=\"available\"><span class=\"highlighted\">Illimitato<\/span> Fattore temporale (giorni)<\/li>\r\n<li class=\"unavailable\"><span class=\"highlighted\">365<\/span> Fattore temporale (giorni)<\/li>\r\n<li class=\"unavailable\">Cerca testo di AI<\/li><\/ul><\/div>\r\n<\/div>\r\n<div class=\"pricing-plan-item standatd selected\">\r\n<div class=\"item-header\">\r\n<span class=\"plan-title\">Standatd<\/span>\r\n<div class=\"plan-price-per-word\">\r\n<p class=\"price\"><span class=\"value\">$0.12<\/span> per<\/p>\r\n<p class=\"words-count\">1000 parole<\/p><\/div><\/div>\r\n<div class=\"item-main\">\r\n<span class=\"save-up-to-label\">Risparmia fino al <span class=\"value\">30%<\/span><\/span>\r\n<p class=\"plan-price\"><span class=\"value\">$34.95<\/span> \/ <span class=\"duration\">Mese<\/span><\/p><a class=\"get-started-btn\" href=\"#\">Parti Adesso<\/a><label class=\"custom-checkbox-label recurring-payments\" for=\"recurring_payments_standatd\"><span class=\"custom-checkbox\"><\/span><span class=\"custom-checkbox-title\">Pagamenti ricorrenti<\/span><input checked=\"\" id=\"recurring_payments_standatd\" name=\"recurring-payments-standatd\" type=\"checkbox\"\/><\/label><span class=\"sep\"><\/span><\/div>\r\n<div class=\"item-footer\">\r\n<ul>\r\n<li class=\"available\"><span class=\"highlighted\">1<\/span> Invio di Plagio *<\/li>\r\n<li class=\"available\"><span class=\"highlighted\">1<\/span> Invio di AI *<\/li>\r\n<li class=\"available\"><span class=\"highlighted\">Illimitato<\/span> Fattore temporale (giorni)<\/li>\r\n<li class=\"unavailable\"><span class=\"highlighted\">365<\/span> Fattore temporale (giorni)<\/li>\r\n<li class=\"unavailable\">Cerca testo di AI<\/li><\/ul><\/div><\/div>\r\n<div class=\"pricing-plan-item premium\">\r\n<div class=\"item-header\">\r\n<span class=\"plan-title\">Premium<\/span>\r\n<div class=\"plan-price-per-word\">\r\n<p class=\"price\"><span class=\"value\">$0.09<\/span> per<\/p>\r\n<p class=\"words-count\">1000 parole<\/p>\r\n<\/div>\r\n<\/div>\r\n<div class=\"item-main\">\r\n<span class=\"save-up-to-label\">Risparmia fino al <span class=\"value\">30%<\/span><\/span>\r\n<p class=\"plan-price\"><span class=\"value\">$54.95<\/span> \/ <span class=\"duration\">Mese<\/span><\/p><a class=\"get-started-btn\" href=\"#\">Parti Adesso<\/a><label class=\"custom-checkbox-label recurring-payments\" for=\"recurring_payments_premium\"><span class=\"custom-checkbox\"><\/span><span class=\"custom-checkbox-title\">Pagamenti ricorrenti<\/span><input checked=\"\" id=\"recurring_payments_premium\" name=\"recurring-payments-premium\" type=\"checkbox\"\/><\/label><span class=\"sep\"><\/span><\/div>\r\n<div class=\"item-footer\">\r\n<ul>\r\n<li class=\"available\"><span class=\"highlighted\">1<\/span> Invio di Plagio *<\/li>\r\n<li class=\"available\"><span class=\"highlighted\">1<\/span> Invio di AI *<\/li>\r\n<li class=\"available\"><span class=\"highlighted\">Illimitato<\/span> Fattore temporale (giorni)<\/li>\r\n<li class=\"unavailable\"><span class=\"highlighted\">365<\/span> Fattore temporale (giorni)<\/li>\r\n<li class=\"unavailable\">Cerca testo di AI<\/li><\/ul><\/div><\/div><\/div><\/div><\/div><\/div><\/div><\/div><\/div><\/div><\/div>\r\n<\/section>\r\n<section class=\"faq\">\r\n<div class=\"container-fluid\">\r\n<div class=\"container\">\r\n<div class=\"row\">\r\n<div class=\"col-12\">\r\n<div class=\"faq-content\">\r\n<div class=\"faq-text-block\">\r\n<p class=\"faq-text-top\">La nostra sezione FAQ ha tutto ci\u00f2 che devi sapere<\/p>\r\n<p class=\"faq-text-title\">Hai bisogno di pi\u00f9 informazioni su OriginalityReport.com?<\/p>\r\n<p class=\"faq-text-subtitle\">Abbiamo analizzato e risposto alle domande che gli utenti pongono sul nostro controllo della plagiabilit\u00e0 e sulla rilevazione AI.<\/p>\r\n<div class=\"different-question-block\">\r\n<img alt=\"FAQ\" class=\"faq-icon\" src=\"\/wp-content\/themes\/main\/images\/faq-icon.svg\"\/><p class=\"title\">Contatta OriginalityReport.com per ulteriori risposte<\/p>\r\n<p class=\"subtitle\">Se hai altre domande sul nostro servizio, contatta il nostro team. Sono felici di assisterti e spiegarti il modo migliore per controllare i testi per la plagiabilit\u00e0.<\/p><a class=\"contact-support-btn custom-btn cb-black\" href=\"\/contact-us\/\">Contatta il Team Supporto<\/a><\/div>\r\n<\/div>[faq_questions]<\/div><\/div><\/div><\/div><\/div>\r\n<\/section>"},"excerpt":{"rendered":"Seleziona le Opzioni di Prezzo Nessun costo nascosto per la rilevazione accurata di plagio e AI \u2013 una tantum Mensile 3-Mesi Annuale Leggero $0.23 ogni 1000 parole Risparmia fino al 30% $22.95 \/ MeseParti AdessoPagamenti ricorrenti 1 Invio di Plagio * 1 Invio di AI * Fattore temporale (giorni) Illimitato Fattore temporale (giorni) Cerca testo di AI Standard $0.12 per.","protected":false,"raw":"Seleziona le Opzioni di Prezzo Nessun costo nascosto per la rilevazione accurata di plagio e AI \u2013 una tantum Mensile 3-Mesi Annuale Leggero $0.23 ogni 1000 parole Risparmia fino al 30% $22.95 \/ MeseParti AdessoPagamenti ricorrenti 1 Invio di Plagio * 1 Invio di AI * Fattore temporale (giorni) Illimitato Fattore temporale (giorni) Cerca testo di AI Standard $0.12 per."},"author":1,"featured_media":0,"parent":0,"menu_order":0,"comment_status":"closed","ping_status":"closed","template":"tpl-landing.php","meta":{"_aioseo_title":null,"_aioseo_description":null,"_locale":"it_IT","_original_post":"https:\/\/originalityreport.com\/?page_id=10","footnotes":""},"class_list":["post-283","page","type-page","status-publish","hentry","it-IT"],"aioseo_notices":[],"_links":{"self":[{"href":"https:\/\/originalityreport.com\/wp-json\/wp\/v2\/pages\/283","targetHints":{"allow":["GET"]}}],"collection":[{"href":"https:\/\/originalityreport.com\/wp-json\/wp\/v2\/pages"}],"about":[{"href":"https:\/\/originalityreport.com\/wp-json\/wp\/v2\/types\/page"}],"author":[{"embeddable":true,"href":"https:\/\/originalityreport.com\/wp-json\/wp\/v2\/users\/1"}],"replies":[{"embeddable":true,"href":"https:\/\/originalityreport.com\/wp-json\/wp\/v2\/comments?post=283"}],"version-history":[{"count":4,"href":"https:\/\/originalityreport.com\/wp-json\/wp\/v2\/pages\/283\/revisions"}],"predecessor-version":[{"id":739,"href":"https:\/\/originalityreport.com\/wp-json\/wp\/v2\/pages\/283\/revisions\/739"}],"wp:attachment":[{"href":"https:\/\/originalityreport.com\/wp-json\/wp\/v2\/media?parent=283"}],"curies":[{"name":"wp","href":"https:\/\/api.w.org\/{rel}","templated":true}]}}