{"id":515,"date":"2025-03-24T11:47:04","date_gmt":"2025-03-24T11:47:04","guid":{"rendered":"https:\/\/originalityreport.com\/?page_id=515","raw":"https:\/\/originalityreport.com\/?page_id=515"},"modified":"2025-04-04T08:53:47","modified_gmt":"2025-04-04T08:53:47","slug":"privacy-policy","status":"publish","type":"page","link":"https:\/\/originalityreport.com\/hr\/privacy-policy\/","title":{"rendered":"Pravila o za\u0161titi osobnih podataka","raw":"Pravila o za\u0161titi osobnih podataka"},"content":{"rendered":"<p>System Technology Online Spain SL., Calle Pintor P\u00e9rez Gil 2, b.46 03540, Alicante, \u0160panjolska (\u201cmi\u201d, \u201cnas\u201d, ili \u201cna\u0161\u201d) posjeduje web stranicu originalityreport.com i kontroler je Va\u0161ih osobnih podataka.<\/p>\n<p>\u017delimo Vam izre\u0107i zahvalnost na vremenu provedenom u razmatranju na\u0161ih ponuda te Va\u0161em interesu za usluge na\u0161e tvrtke. Mo\u017eete biti sigurni da jam\u010dimo neobjavljivanje nikakvih osobnih detalja na\u0161ih klijenata. Sve vrste osobnih informacija koje pru\u017ee na\u0161i kupci ostaju sigurne i privatne. Nema zlouporabe ili gubitka navedenih podataka ako odaberete usluge na\u0161e tvrtke.<\/p>\n<p>U nastavku mo\u017eete prona\u0107i poja\u0161njenja vezana uz podatke koje prikupljamo od na\u0161ih klijenata.<\/p>\n<p>Tijekom suradnje, potrebni su nam sljede\u0107i detalji:<\/p>\n<ul>\n<li>Na\u0161i kupci;<\/li>\n<li>Posjetitelji na\u0161e web stranice.<\/li>\n<\/ul>\n<p>Ti detalji, koje prikuplja serverska web stranica, uklju\u010duju:<\/p>\n<ul>\n<li>Tip preglednika;<\/li>\n<li>Dan i vrijeme pristupa web stranici;<\/li>\n<li>Tip operativnog sustava.<\/li>\n<\/ul>\n<p>Imajte na umu da prikupljene informacije nikada se ne prodaju niti dijele; one nisu povezane s otkrivanjem identiteta. Jedini cilj prikupljanja tih podataka je prilagodba podataka i pobolj\u0161anje sadr\u017eaja web stranice.<\/p>\n<p><strong>Kola\u010di\u0107i<\/strong><\/p>\n<p>Web stranice koje pripadaju originalityreport.com koriste datoteke pod nazivom \u201ekola\u010di\u0107i\u201d \u2013 tekstualne datoteke prenesene u sustav ra\u010dunala putem web preglednika. Te datoteke omogu\u0107uju nam da pru\u017eimo korisnicima koji posje\u0107uju na\u0161u web stranicu sadr\u017eaj prilago\u0111en korisniku.<\/p>\n<p>Prikupljanje kola\u010di\u0107a mo\u017ee se zaustaviti ako se promijeni postavke web preglednika. Ve\u0107 postavljene datoteke s kola\u010di\u0107ima mogu se ukloniti pomo\u0107u posebnih programa za ra\u010dunalo ili putem interneta. Imajte na umu da neke funkcije koje nudi na\u0161a web stranica mogu biti nedostupne nakon deaktivacije prikupljanja kola\u010di\u0107a.<\/p>\n<p><strong>Prikupljanje podataka o kupnji<\/strong><\/p>\n<p>originalityreport.com prikuplja takve osobne podatke kao \u0161to su ime, broj telefona, e-po\u0161ta, dr\u017eava prebivanja i datum ro\u0111enja. S jedinim ciljem u\u010dinkovitog obrade korisni\u010dkih zahtjeva, na\u0161a resursa tako\u0111er prikuplja neke povjerljive podatke, tj. brojeve kreditnih kartica i putovnica, zdravstvene povijesti kako bi ih poslala na\u0161im osiguravaju\u0107im partnerima. Na bilo koji drugi na\u010din, originalityreport.com ne prikuplja niti pohranjuje nikakve povjerljive informacije.<\/p>\n<p><strong>Prikupljanje op\u0107ih informacija<\/strong><\/p>\n<p>Web stranice pripadaju\u0107e mre\u017ei originalityreport.com mogu prikupljati podatke o:<\/p>\n<ul>\n<li>Vrsta softvera za pregled web stranica;<\/li>\n<li>Kori\u0161teni sustav ra\u010dunala;<\/li>\n<li>Online izvor iz kojeg se pristupa na\u0161oj web stranici;<\/li>\n<li>Pod-web stranice;<\/li>\n<li>Datum i vrijeme kada je na\u0161a web stranica posjetila;<\/li>\n<li>IP adresa;<\/li>\n<li>Davatelj usluga interneta;<\/li>\n<li>Ostali podaci koji se mogu koristiti za napad na na\u0161e IT sustave.<\/li>\n<\/ul>\n<p>Gorenavedene informacije koriste se za:<\/p>\n<ul>\n<li>Pru\u017eanje na\u0161eg sadr\u017eaja prikladno;<\/li>\n<li>Pobolj\u0161anje kako sadr\u017eaja, tako i na\u010dina na koji se ogla\u0161ava;<\/li>\n<li>Jam\u010denje tehni\u010dke izvedivosti;<\/li>\n<\/ul>\n<p>Pru\u017eiti vlastima podatke potrebne za vo\u0111enje kaznenog postupka u vezi s kiberneti\u010dkim napadima. Prikupili smo \u010dinjenice koje se ispituju kako bismo pobolj\u0161ali sigurnost podataka na\u0161e tvrtke i na\u0161ih klijenata.<\/p>\n<p><strong>Kori\u0161tenje kola\u010di\u0107a<\/strong><\/p>\n<p>Kori\u0161tenjem &#8216;kola\u010di\u0107a&#8217; omogu\u0107ujemo si prikupljanje statisti\u010dkih podataka o posjetima i kori\u0161tenju na\u0161e web stranice. Osim toga, ovo je dobra opcija za stvaranje u\u010dinkovite navigacije.<\/p>\n<p><strong>Prikupljanje osobnih podataka<\/strong><\/p>\n<p>Na\u0161i klijenti se tra\u017ee pru\u017eiti sljede\u0107e osobne podatke tijekom registracije:<\/p>\n<ul>\n<li>Ime<\/li>\n<li>Broj telefona za kontakt<\/li>\n<li>E-mail<\/li>\n<\/ul>\n<p>Stoga se preporu\u010duje osigurati to\u010dnost kontaktnih podataka jer je to jamstvo kvalitetne usluge.<\/p>\n<p>Na\u0161a aplikacija pristupa podacima korisnika Googlea tek nakon provjere korisnika. Svi podaci \u0107e se koristiti samo za potrebe otkrivanja plagijata, nema predvi\u0111eno dijeljenje ili pohranu osobnih podataka. originalityreport.com ne pohranjuje, koristi niti dijeli podatke korisnika Googlea.<\/p>\n<p>Na\u0161i klijenti dobivaju 100% jamstvo da njihovi osobni podaci ne\u0107e biti dostupni nikome osim osoblja tvrtke. Nema otkrivanja, dijeljenja, prodaje, objavljivanja ili slanja tre\u0107im stranama. Svaki tekst koji pregledate pomo\u0107u na\u0161eg alata za otkrivanje plagijata ne\u0107e se prenositi tre\u0107oj strani niti \u0107e se koristiti u druge svrhe. Vi ste jedini vlasnik teksta izlo\u017eenog provjeri na plagijat kako bi se potvrdila izvornost sadr\u017eaja.<\/p>\n<p><strong>Mre\u017ene transakcije<\/strong><\/p>\n<p>Koristimo isklju\u010divo sigurne mre\u017ene transakcije putem pouzdanih sustava pla\u0107anja koji isklju\u010duju svaku mogu\u0107nost otkrivanja informacija. U nekim slu\u010dajevima, Slu\u017eba financija kontaktira na\u0161e klijente kako bi osigurala provjeru njihovih identiteta i sprije\u010dila sve vrste online prijevare.<\/p>\n<p><strong>Prava klijenata<\/strong><\/p>\n<p>Podatke u korisnikovom profilu mo\u017ee promijeniti, urediti, zamijeniti ili obrisati sam korisnik. Ako vam je potrebna bilo kakva promjena ili pomo\u0107, ne ustru\u010davajte se kontaktirati slu\u017ebu podr\u0161ke korisnicima.<\/p>\n<p>Visoko cijenimo preferencije kupaca u vezi s privatnom uporabom na\u0161ih usluga otkrivanja plagijata kao i opcija ure\u0111ivanja\/prepisivanja\/ispravljanja. Va\u0161e osobne informacije koristit \u0107e se samo za potrebe tvrtke. Kori\u0161tenje na\u0161ih usluga pretpostavlja va\u0161 pristanak na na\u0161e politike privatnosti i propise.<\/p>\n<p><strong>Google Pogon &amp; Informacije o ra\u010dunu<\/strong><\/p>\n<p>Ne koristimo informacije pohranjene na va\u0161em Google Pogonu za osobne svrhe. Va\u0161e ime, adresa e-po\u0161te i poveznice do datoteka ne pohranjuju se automatski na na\u0161e poslu\u017eitelje osim ako ih u\u010ditate putem na\u0161e aplikacije. Ne\u0107emo dijeliti va\u0161e datoteke ili osobne podatke s tre\u0107im stranama. Ne vr\u0161imo nikakve izmjene na va\u0161im datotekama osim ako to u\u010dinite izravno putem na\u0161e aplikacije ili u Google Pogonu. Ako se odlu\u010dite obrisati tekstualnu datoteku koju ste podijelili s nama, podaci \u0107e biti odmah uklonjeni s na\u0161eg poslu\u017eitelja. Me\u0111utim, datoteke ne\u0107e biti obrisane iz va\u0161eg Google Pograma. Tako\u0111er mo\u017eete opozvati na\u0161 pristup va\u0161im podatcima Google Pograma u bilo koje vrijeme. Odr\u017eavamo pravo sprije\u010diti bilo koga od kori\u0161tenja na\u0161e aplikacije za pristup svom Google Pogonu.<\/p>\n<p>Na\u0161a web-stranica \u0107e pristupiti datotekama korisnikovog Google Pograma, ali samo s dozvolom za \u010ditanje (konkretno, opseg \u201chttps:\/\/www.googleapis.com\/auth\/drive.readonly\u201d). Pohranjujemo isklju\u010divo obi\u010dni tekst datoteka za korisnika. Korisnik zadr\u017eava mogu\u0107nost izbrisanja tih podataka u bilo koje vrijeme.<\/p>\n<p><strong>Ugovor o uslugama Google API-ja<\/strong><\/p>\n<p>Kori\u0161tenje i prijenos podataka dobivenih putem Google API-ja od strane originalityreport.com na bilo koju drugu aplikaciju uskladit \u0107e se s Google API Services User Data Policyjem, uklju\u010duju\u0107i zahtjeve za ograni\u010denu upotrebu.<\/p>\n<p><strong>Uskla\u0111enost s GDPR-om u vezi zadr\u017eavanja i brisanja osobnih podataka<\/strong><\/p>\n<p>Sukladno Op\u0107oj uredbi o za\u0161titi podataka (GDPR), obvezujemo se osigurati zakonsku obradu osobnih podataka. Po prestanku pru\u017eanja usluga ili isteku ugovora ili sporazuma, obvezni smo vratiti ili izbrisati sve osobne podatke koje posjedujemo, osim ako postoji zakonska potreba za zadr\u017eavanjem takvih podataka. Na\u0161e \u0107e radnje strogo slijediti smjernice GDPR-a kako bi se osigurala privatnost i za\u0161tita osobnih podataka pojedinaca.<\/p>\n","protected":false,"raw":"<p>System Technology Online Spain SL., Calle Pintor P\u00e9rez Gil 2, b.46 03540, Alicante, \u0160panjolska (\u201cmi\u201d, \u201cnas\u201d, ili \u201cna\u0161\u201d) posjeduje web stranicu originalityreport.com i kontroler je Va\u0161ih osobnih podataka.<\/p>\r\n<p>\u017delimo Vam izre\u0107i zahvalnost na vremenu provedenom u razmatranju na\u0161ih ponuda te Va\u0161em interesu za usluge na\u0161e tvrtke. Mo\u017eete biti sigurni da jam\u010dimo neobjavljivanje nikakvih osobnih detalja na\u0161ih klijenata. Sve vrste osobnih informacija koje pru\u017ee na\u0161i kupci ostaju sigurne i privatne. Nema zlouporabe ili gubitka navedenih podataka ako odaberete usluge na\u0161e tvrtke.<\/p>\r\n<p>U nastavku mo\u017eete prona\u0107i poja\u0161njenja vezana uz podatke koje prikupljamo od na\u0161ih klijenata.<\/p>\r\n<p>Tijekom suradnje, potrebni su nam sljede\u0107i detalji:<\/p>\r\n<ul>\r\n<li>Na\u0161i kupci;<\/li>\r\n<li>Posjetitelji na\u0161e web stranice.<\/li>\r\n<\/ul>\r\n<p>Ti detalji, koje prikuplja serverska web stranica, uklju\u010duju:<\/p>\r\n<ul>\r\n<li>Tip preglednika;<\/li>\r\n<li>Dan i vrijeme pristupa web stranici;<\/li>\r\n<li>Tip operativnog sustava.<\/li>\r\n<\/ul>\r\n<p>Imajte na umu da prikupljene informacije nikada se ne prodaju niti dijele; one nisu povezane s otkrivanjem identiteta. Jedini cilj prikupljanja tih podataka je prilagodba podataka i pobolj\u0161anje sadr\u017eaja web stranice.<\/p>\r\n<p><strong>Kola\u010di\u0107i<\/strong><\/p>\r\n<p>Web stranice koje pripadaju originalityreport.com koriste datoteke pod nazivom \u201ekola\u010di\u0107i\u201d \u2013 tekstualne datoteke prenesene u sustav ra\u010dunala putem web preglednika. Te datoteke omogu\u0107uju nam da pru\u017eimo korisnicima koji posje\u0107uju na\u0161u web stranicu sadr\u017eaj prilago\u0111en korisniku.<\/p>\r\n<p>Prikupljanje kola\u010di\u0107a mo\u017ee se zaustaviti ako se promijeni postavke web preglednika. Ve\u0107 postavljene datoteke s kola\u010di\u0107ima mogu se ukloniti pomo\u0107u posebnih programa za ra\u010dunalo ili putem interneta. Imajte na umu da neke funkcije koje nudi na\u0161a web stranica mogu biti nedostupne nakon deaktivacije prikupljanja kola\u010di\u0107a.<\/p>\r\n<p><strong>Prikupljanje podataka o kupnji<\/strong><\/p>\r\n<p>originalityreport.com prikuplja takve osobne podatke kao \u0161to su ime, broj telefona, e-po\u0161ta, dr\u017eava prebivanja i datum ro\u0111enja. S jedinim ciljem u\u010dinkovitog obrade korisni\u010dkih zahtjeva, na\u0161a resursa tako\u0111er prikuplja neke povjerljive podatke, tj. brojeve kreditnih kartica i putovnica, zdravstvene povijesti kako bi ih poslala na\u0161im osiguravaju\u0107im partnerima. Na bilo koji drugi na\u010din, originalityreport.com ne prikuplja niti pohranjuje nikakve povjerljive informacije.<\/p>\r\n<p><strong>Prikupljanje op\u0107ih informacija<\/strong><\/p>\r\n<p>Web stranice pripadaju\u0107e mre\u017ei originalityreport.com mogu prikupljati podatke o:<\/p>\r\n<ul>\r\n<li>Vrsta softvera za pregled web stranica;<\/li>\r\n<li>Kori\u0161teni sustav ra\u010dunala;<\/li>\r\n<li>Online izvor iz kojeg se pristupa na\u0161oj web stranici;<\/li>\r\n<li>Pod-web stranice;<\/li>\r\n<li>Datum i vrijeme kada je na\u0161a web stranica posjetila;<\/li>\r\n<li>IP adresa;<\/li>\r\n<li>Davatelj usluga interneta;<\/li>\r\n<li>Ostali podaci koji se mogu koristiti za napad na na\u0161e IT sustave.<\/li>\r\n<\/ul>\r\n<p>Gorenavedene informacije koriste se za:<\/p>\r\n<ul>\r\n<li>Pru\u017eanje na\u0161eg sadr\u017eaja prikladno;<\/li>\r\n<li>Pobolj\u0161anje kako sadr\u017eaja, tako i na\u010dina na koji se ogla\u0161ava;<\/li>\r\n<li>Jam\u010denje tehni\u010dke izvedivosti;<\/li>\r\n<\/ul>\r\n<p>Pru\u017eiti vlastima podatke potrebne za vo\u0111enje kaznenog postupka u vezi s kiberneti\u010dkim napadima. Prikupili smo \u010dinjenice koje se ispituju kako bismo pobolj\u0161ali sigurnost podataka na\u0161e tvrtke i na\u0161ih klijenata.<\/p>\r\n<p><strong>Kori\u0161tenje kola\u010di\u0107a<\/strong><\/p>\r\n<p>Kori\u0161tenjem 'kola\u010di\u0107a' omogu\u0107ujemo si prikupljanje statisti\u010dkih podataka o posjetima i kori\u0161tenju na\u0161e web stranice. Osim toga, ovo je dobra opcija za stvaranje u\u010dinkovite navigacije.<\/p>\r\n<p><strong>Prikupljanje osobnih podataka<\/strong><\/p>\r\n<p>Na\u0161i klijenti se tra\u017ee pru\u017eiti sljede\u0107e osobne podatke tijekom registracije:<\/p>\r\n<ul>\r\n<li>Ime<\/li>\r\n<li>Broj telefona za kontakt<\/li>\r\n<li>E-mail<\/li>\r\n<\/ul>\r\n<p>Stoga se preporu\u010duje osigurati to\u010dnost kontaktnih podataka jer je to jamstvo kvalitetne usluge.<\/p>\r\n<p>Na\u0161a aplikacija pristupa podacima korisnika Googlea tek nakon provjere korisnika. Svi podaci \u0107e se koristiti samo za potrebe otkrivanja plagijata, nema predvi\u0111eno dijeljenje ili pohranu osobnih podataka. originalityreport.com ne pohranjuje, koristi niti dijeli podatke korisnika Googlea.<\/p>\r\n<p>Na\u0161i klijenti dobivaju 100% jamstvo da njihovi osobni podaci ne\u0107e biti dostupni nikome osim osoblja tvrtke. Nema otkrivanja, dijeljenja, prodaje, objavljivanja ili slanja tre\u0107im stranama. Svaki tekst koji pregledate pomo\u0107u na\u0161eg alata za otkrivanje plagijata ne\u0107e se prenositi tre\u0107oj strani niti \u0107e se koristiti u druge svrhe. Vi ste jedini vlasnik teksta izlo\u017eenog provjeri na plagijat kako bi se potvrdila izvornost sadr\u017eaja.<\/p>\r\n<p><strong>Mre\u017ene transakcije<\/strong><\/p>\r\n<p>Koristimo isklju\u010divo sigurne mre\u017ene transakcije putem pouzdanih sustava pla\u0107anja koji isklju\u010duju svaku mogu\u0107nost otkrivanja informacija. U nekim slu\u010dajevima, Slu\u017eba financija kontaktira na\u0161e klijente kako bi osigurala provjeru njihovih identiteta i sprije\u010dila sve vrste online prijevare.<\/p>\r\n<p><strong>Prava klijenata<\/strong><\/p>\r\n<p>Podatke u korisnikovom profilu mo\u017ee promijeniti, urediti, zamijeniti ili obrisati sam korisnik. Ako vam je potrebna bilo kakva promjena ili pomo\u0107, ne ustru\u010davajte se kontaktirati slu\u017ebu podr\u0161ke korisnicima.<\/p>\r\n<p>Visoko cijenimo preferencije kupaca u vezi s privatnom uporabom na\u0161ih usluga otkrivanja plagijata kao i opcija ure\u0111ivanja\/prepisivanja\/ispravljanja. Va\u0161e osobne informacije koristit \u0107e se samo za potrebe tvrtke. Kori\u0161tenje na\u0161ih usluga pretpostavlja va\u0161 pristanak na na\u0161e politike privatnosti i propise.<\/p>\r\n<p><strong>Google Pogon &amp; Informacije o ra\u010dunu<\/strong><\/p>\r\n<p>Ne koristimo informacije pohranjene na va\u0161em Google Pogonu za osobne svrhe. Va\u0161e ime, adresa e-po\u0161te i poveznice do datoteka ne pohranjuju se automatski na na\u0161e poslu\u017eitelje osim ako ih u\u010ditate putem na\u0161e aplikacije. Ne\u0107emo dijeliti va\u0161e datoteke ili osobne podatke s tre\u0107im stranama. Ne vr\u0161imo nikakve izmjene na va\u0161im datotekama osim ako to u\u010dinite izravno putem na\u0161e aplikacije ili u Google Pogonu. Ako se odlu\u010dite obrisati tekstualnu datoteku koju ste podijelili s nama, podaci \u0107e biti odmah uklonjeni s na\u0161eg poslu\u017eitelja. Me\u0111utim, datoteke ne\u0107e biti obrisane iz va\u0161eg Google Pograma. Tako\u0111er mo\u017eete opozvati na\u0161 pristup va\u0161im podatcima Google Pograma u bilo koje vrijeme. Odr\u017eavamo pravo sprije\u010diti bilo koga od kori\u0161tenja na\u0161e aplikacije za pristup svom Google Pogonu.<\/p>\r\n<p>Na\u0161a web-stranica \u0107e pristupiti datotekama korisnikovog Google Pograma, ali samo s dozvolom za \u010ditanje (konkretno, opseg \u201chttps:\/\/www.googleapis.com\/auth\/drive.readonly\u201d). Pohranjujemo isklju\u010divo obi\u010dni tekst datoteka za korisnika. Korisnik zadr\u017eava mogu\u0107nost izbrisanja tih podataka u bilo koje vrijeme.<\/p>\r\n<p><strong>Ugovor o uslugama Google API-ja<\/strong><\/p>\r\n<p>Kori\u0161tenje i prijenos podataka dobivenih putem Google API-ja od strane originalityreport.com na bilo koju drugu aplikaciju uskladit \u0107e se s Google API Services User Data Policyjem, uklju\u010duju\u0107i zahtjeve za ograni\u010denu upotrebu.<\/p>\r\n<p><strong>Uskla\u0111enost s GDPR-om u vezi zadr\u017eavanja i brisanja osobnih podataka<\/strong><\/p>\r\n<p>Sukladno Op\u0107oj uredbi o za\u0161titi podataka (GDPR), obvezujemo se osigurati zakonsku obradu osobnih podataka. Po prestanku pru\u017eanja usluga ili isteku ugovora ili sporazuma, obvezni smo vratiti ili izbrisati sve osobne podatke koje posjedujemo, osim ako postoji zakonska potreba za zadr\u017eavanjem takvih podataka. Na\u0161e \u0107e radnje strogo slijediti smjernice GDPR-a kako bi se osigurala privatnost i za\u0161tita osobnih podataka pojedinaca.<\/p>"},"excerpt":{"rendered":"System Technology Online Spain SL., Calle Pintor P\u00e9rez Gil 2, b.46 03540, Alicante, \u0160panjolska (&#8220;mi&#8221;, &#8220;nas&#8221;, ili &#8220;na\u0161&#8221;) posjeduje web stranicu originalityreport.com i kontroler je Va\u0161ih osobnih podataka. \u017delimo Vam izre\u0107i zahvalnost na vremenu provedenom u razmatranju na\u0161ih ponuda te Va\u0161em interesu za usluge na\u0161e tvrtke. Vi.","protected":false,"raw":"System Technology Online Spain SL., Calle Pintor P\u00e9rez Gil 2, b.46 03540, Alicante, \u0160panjolska (&#8220;mi&#8221;, &#8220;nas&#8221;, ili &#8220;na\u0161&#8221;) posjeduje web stranicu originalityreport.com i kontroler je Va\u0161ih osobnih podataka. \u017delimo Vam izre\u0107i zahvalnost na vremenu provedenom u razmatranju na\u0161ih ponuda te Va\u0161em interesu za usluge na\u0161e tvrtke. Vi."},"author":1,"featured_media":0,"parent":0,"menu_order":0,"comment_status":"closed","ping_status":"closed","template":"","meta":{"_aioseo_title":null,"_aioseo_description":null,"_locale":"hr","_original_post":"https:\/\/originalityreport.com\/?page_id=49","footnotes":""},"class_list":["post-515","page","type-page","status-publish","hentry","hr"],"aioseo_notices":[],"_links":{"self":[{"href":"https:\/\/originalityreport.com\/wp-json\/wp\/v2\/pages\/515","targetHints":{"allow":["GET"]}}],"collection":[{"href":"https:\/\/originalityreport.com\/wp-json\/wp\/v2\/pages"}],"about":[{"href":"https:\/\/originalityreport.com\/wp-json\/wp\/v2\/types\/page"}],"author":[{"embeddable":true,"href":"https:\/\/originalityreport.com\/wp-json\/wp\/v2\/users\/1"}],"replies":[{"embeddable":true,"href":"https:\/\/originalityreport.com\/wp-json\/wp\/v2\/comments?post=515"}],"version-history":[{"count":3,"href":"https:\/\/originalityreport.com\/wp-json\/wp\/v2\/pages\/515\/revisions"}],"predecessor-version":[{"id":899,"href":"https:\/\/originalityreport.com\/wp-json\/wp\/v2\/pages\/515\/revisions\/899"}],"wp:attachment":[{"href":"https:\/\/originalityreport.com\/wp-json\/wp\/v2\/media?parent=515"}],"curies":[{"name":"wp","href":"https:\/\/api.w.org\/{rel}","templated":true}]}}