{"id":281,"date":"2025-03-24T11:50:43","date_gmt":"2025-03-24T11:50:43","guid":{"rendered":"https:\/\/originalityreport.com\/?page_id=281","raw":"https:\/\/originalityreport.com\/?page_id=281"},"modified":"2025-04-04T08:37:09","modified_gmt":"2025-04-04T08:37:09","slug":"pricing","status":"publish","type":"page","link":"https:\/\/originalityreport.com\/hr\/pricing\/","title":{"rendered":"Cijene","raw":"Cijene"},"content":{"rendered":"<section class=\"pricing-page-main-block\">\n<div class=\"container-fluid\">\n<div class=\"container\">\n<div class=\"row\">\n<div class=\"col-12\">\n<div class=\"pricing-main-block-content\">\n<div class=\"ps-widget-container\" data-ps-widget-name=\"Prices\" data-ps-widget-options=\"{}\">\n<p class=\"top-text\">Odaberite svoje cijene opcije<\/p>\n<h1 class=\"page-title\">Nema skrivene naknade za to\u010dno otkrivanje plagijata i AI-a<\/h1>\n<div class=\"pricing-block\">\n<div class=\"pricing-plan-duration\"><button class=\"pricing-plan-duration-item one-time active\" type=\"button\">Jednorazno<\/button><button class=\"pricing-plan-duration-item monthly\" type=\"button\">Mjese\u010dno<\/button><button class=\"pricing-plan-duration-item 3-months\" type=\"button\">3-Mjeseci<\/button><button class=\"pricing-plan-duration-item yearly\" type=\"button\">Godi\u0161nje<\/button><\/div>\n<div class=\"pricing-plan-items-wrapper\">\n<div class=\"pricing-plan-items\">\n<div class=\"pricing-plan-item light\">\n<div class=\"item-header\"><span class=\"plan-title\">Light<\/span><\/p>\n<div class=\"plan-price-per-word\">\n<p class=\"price\"><span class=\"value\">$0.23<\/span> po<\/p>\n<p class=\"words-count\">1000 rije\u010di<\/p>\n<\/div>\n<\/div>\n<div class=\"item-main\"><span class=\"save-up-to-label\">U\u0161tedite do <span class=\"value\">30%<\/span><\/span><\/p>\n<p class=\"plan-price\"><span class=\"value\">$22.95<\/span> \/ <span class=\"duration\">Mjesec<\/span><\/p>\n<p><a class=\"get-started-btn\" href=\"#\">Po\u010dni<\/a><label class=\"custom-checkbox-label recurring-payments\" for=\"recurring_payments_light\"><span class=\"custom-checkbox\"><\/span><span class=\"custom-checkbox-title\">Ponavljaju\u0107e pla\u0107anja<\/span><input checked=\"checked\" id=\"recurring_payments_light\" name=\"recurring-payments-light\" type=\"checkbox\"\/><br \/>\n<\/label><span class=\"sep\"><\/span><\/div>\n<div class=\"item-footer\">\n<ul>\n<li class=\"available\"><span class=\"highlighted\">1<\/span> predaja plagijata *<\/li>\n<li class=\"available\"><span class=\"highlighted\">1<\/span> AI predaja *<\/li>\n<li class=\"available\"><span class=\"highlighted\">Neprekidno<\/span> vrijeme (dana)<\/li>\n<li class=\"unavailable\"><span class=\"highlighted\">365<\/span> vrijeme (dana)<\/li>\n<li class=\"unavailable\">Pretra\u017eivanje AI teksta<\/li>\n<\/ul>\n<\/div>\n<\/div>\n<div class=\"pricing-plan-item standatd selected\">\n<div class=\"item-header\"><span class=\"plan-title\">Standatd<\/span><\/p>\n<div class=\"plan-price-per-word\">\n<p class=\"price\"><span class=\"value\">$0.12<\/span> po<\/p>\n<p class=\"words-count\">1000 rije\u010di<\/p>\n<\/div>\n<\/div>\n<div class=\"item-main\"><span class=\"save-up-to-label\">U\u0161tedite do <span class=\"value\">30%<\/span><\/span><\/p>\n<p class=\"plan-price\"><span class=\"value\">$34.95<\/span> \/ <span class=\"duration\">Mjesec<\/span><\/p>\n<p><a class=\"get-started-btn\" href=\"#\">Po\u010dni<\/a><label class=\"custom-checkbox-label recurring-payments\" for=\"recurring_payments_standatd\"><span class=\"custom-checkbox\"><\/span><span class=\"custom-checkbox-title\">Ponavljaju\u0107e pla\u0107anja<\/span><input checked=\"checked\" id=\"recurring_payments_standatd\" name=\"recurring-payments-standatd\" type=\"checkbox\"\/><\/label><span class=\"sep\"><\/span><\/div>\n<div class=\"item-footer\">\n<ul>\n<li class=\"available\"><span class=\"highlighted\">1<\/span> predaja plagijata *<\/li>\n<li class=\"available\"><span class=\"highlighted\">1<\/span> AI predaja *<\/li>\n<li class=\"available\"><span class=\"highlighted\">Neprekidno<\/span> vrijeme (dana)<\/li>\n<li class=\"unavailable\"><span class=\"highlighted\">365<\/span> vrijeme (dana)<\/li>\n<li class=\"unavailable\">Pretra\u017eivanje AI teksta<\/li>\n<\/ul>\n<\/div>\n<\/div>\n<div class=\"pricing-plan-item premium\">\n<div class=\"item-header\"><span class=\"plan-title\">Premium<\/span><\/p>\n<div class=\"plan-price-per-word\">\n<p class=\"price\"><span class=\"value\">$0.09<\/span> po<\/p>\n<p class=\"words-count\">1000 rije\u010di<\/p>\n<\/div>\n<\/div>\n<div class=\"item-main\"><span class=\"save-up-to-label\">U\u0161tedite do <span class=\"value\">30%<\/span><\/span><\/p>\n<p class=\"plan-price\"><span class=\"value\">$54.95<\/span> \/ <span class=\"duration\">Mjesec<\/span><\/p>\n<p><a class=\"get-started-btn\" href=\"#\">Po\u010dni<\/a><label class=\"custom-checkbox-label recurring-payments\" for=\"recurring_payments_premium\"><span class=\"custom-checkbox\"><\/span><span class=\"custom-checkbox-title\">Ponavljaju\u0107e pla\u0107anja<\/span><input checked=\"checked\" id=\"recurring_payments_premium\" name=\"recurring-payments-premium\" type=\"checkbox\"\/><\/label><span class=\"sep\"><\/span><\/div>\n<div class=\"item-footer\">\n<ul>\n<li class=\"available\"><span class=\"highlighted\">1<\/span> predaja plagijata *<\/li>\n<li class=\"available\"><span class=\"highlighted\">1<\/span> AI predaja *<\/li>\n<li class=\"available\"><span class=\"highlighted\">Neprekidno<\/span> vrijeme (dana)<\/li>\n<li class=\"unavailable\"><span class=\"highlighted\">365<\/span> vrijeme (dana)<\/li>\n<li class=\"unavailable\">Pretra\u017eivanje AI teksta<\/li>\n<\/ul>\n<\/div>\n<\/div>\n<\/div>\n<\/div>\n<\/div>\n<\/div>\n<\/div>\n<\/div>\n<\/div>\n<\/div>\n<\/div>\n<\/section>\n<section class=\"faq\">\n<div class=\"container-fluid\">\n<div class=\"container\">\n<div class=\"row\">\n<div class=\"col-12\">\n<div class=\"faq-content\">\n<div class=\"faq-text-block\">\n<p class=\"faq-text-top\">Sekcija FAQ sadr\u017ei sve \u0161to trebate znati<\/p>\n<p class=\"faq-text-title\">Treba vam vi\u0161e informacija o OriginalityReport.com?<\/p>\n<p class=\"faq-text-subtitle\">Analizirali smo i odgovorili na pitanja koja korisnici postavljaju o na\u0161oj provjeri plagijata i otkrivanju AI.<\/p>\n<div class=\"different-question-block\"><img decoding=\"async\" alt=\"FAQ\" class=\"faq-icon\" src=\"\/wp-content\/themes\/main\/images\/faq-icon.svg\"\/><\/p>\n<p class=\"title\">Pove\u017eite se s OriginalityReport.com za vi\u0161e odgovora<\/p>\n<p class=\"subtitle\">Ako imate jo\u0161 pitanja o na\u0161oj usluzi, kontaktirajte na\u0161 tim. Rado \u0107e vam pomo\u0107i i objasniti najbolji na\u010din za provjeru teksta na plagijat.<\/p>\n<p><a class=\"contact-support-btn custom-btn cb-black\" href=\"\/kontaktiraj-nas\/\">Kontaktiraj podr\u0161ku<\/a><\/div>\n<\/div>\n    <div class=\"faq-questions-block\">\n                <div class=\"faq-accordion\" id=\"faq_accordion\">\n                            <div class=\"faq-accordion-item item-1\">\n                    <button class=\"faq-accordion-question collapsed\" type=\"button\" data-bs-toggle=\"collapse\" data-bs-target=\"#faq_accordion_1\" aria-expanded=\"false\" aria-controls=\"faq_accordion_1\">Imam vi\u0161e dokumenta u razli\u010ditim formatima, mogu li ih sve provjeriti?<\/button>\n                    <div id=\"faq_accordion_1\" class=\"faq-accordion-answer accordion-collapse collapse\" data-bs-parent=\"#faq_accordion\">\n                        <p class=\"answer-text\">da, na\u0161i alati mogu se koristiti da skenuju dokumenta u formatima PDF, Word, TXT i \u010dak tekstova koje mo\u017eete direktno kopirati u polje za provjeru.<\/p>\n                    <\/div>\n                <\/div>\n                            <div class=\"faq-accordion-item item-2\">\n                    <button class=\"faq-accordion-question collapsed\" type=\"button\" data-bs-toggle=\"collapse\" data-bs-target=\"#faq_accordion_2\" aria-expanded=\"false\" aria-controls=\"faq_accordion_2\">Mo\u017ee li se pouzdati u rezultate?<\/button>\n                    <div id=\"faq_accordion_2\" class=\"faq-accordion-answer accordion-collapse collapse\" data-bs-parent=\"#faq_accordion\">\n                        <p class=\"answer-text\">Da, na\u0161 alat je vrlo precizan i pru\u017ea to\u010dne i pouzdane izvje\u0161taje koji se mogu koristiti kao dokaz autenti\u010dnosti rada.<\/p>\n                    <\/div>\n                <\/div>\n                            <div class=\"faq-accordion-item item-3\">\n                    <button class=\"faq-accordion-question collapsed\" type=\"button\" data-bs-toggle=\"collapse\" data-bs-target=\"#faq_accordion_3\" aria-expanded=\"false\" aria-controls=\"faq_accordion_3\">Koliko dugo traje proces provjere?<\/button>\n                    <div id=\"faq_accordion_3\" class=\"faq-accordion-answer accordion-collapse collapse\" data-bs-parent=\"#faq_accordion\">\n                        <p class=\"answer-text\">Korisnici mogu dobiti rezultate za samo par minuta. Algoritam mo\u017ee provjeriti sadr\u017eaj na plagijat i AI i usporediti ga s milijunima drugih tekstova vrlo brzo.<\/p>\n                    <\/div>\n                <\/div>\n                            <div class=\"faq-accordion-item item-4\">\n                    <button class=\"faq-accordion-question collapsed\" type=\"button\" data-bs-toggle=\"collapse\" data-bs-target=\"#faq_accordion_4\" aria-expanded=\"false\" aria-controls=\"faq_accordion_4\">Pru\u017eate li jamstva o privatnosti?<\/button>\n                    <div id=\"faq_accordion_4\" class=\"faq-accordion-answer accordion-collapse collapse\" data-bs-parent=\"#faq_accordion\">\n                        <p class=\"answer-text\">Da, fokusiramo se na povjerljivost i privatnost. Na\u0161a platforma ne skuplja va\u0161e podatke ili pohranjuje tekstove.<\/p>\n                    <\/div>\n                <\/div>\n                            <div class=\"faq-accordion-item item-5\">\n                    <button class=\"faq-accordion-question collapsed\" type=\"button\" data-bs-toggle=\"collapse\" data-bs-target=\"#faq_accordion_5\" aria-expanded=\"false\" aria-controls=\"faq_accordion_5\">Mogu li provjeriti svoj tekst da vidim je li ga generirala ve\u0161ta\u010dka inteligencija?<\/button>\n                    <div id=\"faq_accordion_5\" class=\"faq-accordion-answer accordion-collapse collapse\" data-bs-parent=\"#faq_accordion\">\n                        <p class=\"answer-text\">Da, smemo se pohvaliti brzim provjerama plagiata, ali u potpunosti se oslanjamo na AI da bi smo dobili pouzdane rezultate.<\/p>\n                    <\/div>\n                <\/div>\n                            <div class=\"faq-accordion-item item-6\">\n                    <button class=\"faq-accordion-question collapsed\" type=\"button\" data-bs-toggle=\"collapse\" data-bs-target=\"#faq_accordion_6\" aria-expanded=\"false\" aria-controls=\"faq_accordion_6\">Podr\u017eavate li vi\u0161e jezika?<\/button>\n                    <div id=\"faq_accordion_6\" class=\"faq-accordion-answer accordion-collapse collapse\" data-bs-parent=\"#faq_accordion\">\n                        <p class=\"answer-text\">Da, na\u0161 alat radi s razli\u010ditim jezicima za udobnost me\u0111unarodnih korisnika.<\/p>\n                    <\/div>\n                <\/div>\n                            <div class=\"faq-accordion-item item-7\">\n                    <button class=\"faq-accordion-question collapsed\" type=\"button\" data-bs-toggle=\"collapse\" data-bs-target=\"#faq_accordion_7\" aria-expanded=\"false\" aria-controls=\"faq_accordion_7\">Koji izvori se pregledaju?<\/button>\n                    <div id=\"faq_accordion_7\" class=\"faq-accordion-answer accordion-collapse collapse\" data-bs-parent=\"#faq_accordion\">\n                        <p class=\"answer-text\">Analiziramo akademska objavlivanja, web-stranice i isklju\u010dive baze podataka za najbolje rezultate.<\/p>\n                    <\/div>\n                <\/div>\n                            <div class=\"faq-accordion-item item-8\">\n                    <button class=\"faq-accordion-question collapsed\" type=\"button\" data-bs-toggle=\"collapse\" data-bs-target=\"#faq_accordion_8\" aria-expanded=\"false\" aria-controls=\"faq_accordion_8\">Mogu li provjeriti nekoliko tekstova istovremeno?<\/button>\n                    <div id=\"faq_accordion_8\" class=\"faq-accordion-answer accordion-collapse collapse\" data-bs-parent=\"#faq_accordion\">\n                        <p class=\"answer-text\">Da, korisnici mogu uzeti vi\u0161e tekstova odjednom da bi u\u0161tedjeli vrijeme.<\/p>\n                    <\/div>\n                <\/div>\n                            <div class=\"faq-accordion-item item-9\">\n                    <button class=\"faq-accordion-question collapsed\" type=\"button\" data-bs-toggle=\"collapse\" data-bs-target=\"#faq_accordion_9\" aria-expanded=\"false\" aria-controls=\"faq_accordion_9\">Ograni\u010dujete li veli\u010dinu dokumenta koji se mogu preuzeti za provjeravanje?<\/button>\n                    <div id=\"faq_accordion_9\" class=\"faq-accordion-answer accordion-collapse collapse\" data-bs-parent=\"#faq_accordion\">\n                        <p class=\"answer-text\">Ne, kupci mogu provjeriti kratke tekstove i ve\u0107e dokumente.<\/p>\n                    <\/div>\n                <\/div>\n                            <div class=\"faq-accordion-item item-10\">\n                    <button class=\"faq-accordion-question collapsed\" type=\"button\" data-bs-toggle=\"collapse\" data-bs-target=\"#faq_accordion_10\" aria-expanded=\"false\" aria-controls=\"faq_accordion_10\">Imate li a\u017euriranja za bolje provjeravanje?<\/button>\n                    <div id=\"faq_accordion_10\" class=\"faq-accordion-answer accordion-collapse collapse\" data-bs-parent=\"#faq_accordion\">\n                        <p class=\"answer-text\">Da, na\u0161i alati koriste napredne algoritme i primaju stalne a\u017euriranja za bolje rezultate.<\/p>\n                    <\/div>\n                <\/div>\n                            <div class=\"faq-accordion-item item-11\">\n                    <button class=\"faq-accordion-question collapsed\" type=\"button\" data-bs-toggle=\"collapse\" data-bs-target=\"#faq_accordion_11\" aria-expanded=\"false\" aria-controls=\"faq_accordion_11\">Mo\u017ee li se va\u0161 provjeritelj plagiranja koristiti s drugim sustavima?<\/button>\n                    <div id=\"faq_accordion_11\" class=\"faq-accordion-answer accordion-collapse collapse\" data-bs-parent=\"#faq_accordion\">\n                        <p class=\"answer-text\">da, postoji mogu\u0107nost integracije API-a.<\/p>\n                    <\/div>\n                <\/div>\n                            <div class=\"faq-accordion-item item-12\">\n                    <button class=\"faq-accordion-question collapsed\" type=\"button\" data-bs-toggle=\"collapse\" data-bs-target=\"#faq_accordion_12\" aria-expanded=\"false\" aria-controls=\"faq_accordion_12\">Mo\u017eem li provjeriti svoj tekst da vidim je li ga generirala ve\u0161ta\u010dka inteligencija?<\/button>\n                    <div id=\"faq_accordion_12\" class=\"faq-accordion-answer accordion-collapse collapse\" data-bs-parent=\"#faq_accordion\">\n                        <p class=\"answer-text\">Da, na\u0161a besplatna probna verzija je dostupna kupcima koji \u017eele istra\u017eiti \u0161to nudi na\u0161a platforma.<\/p>\n                    <\/div>\n                <\/div>\n                            <div class=\"faq-accordion-item item-13\">\n                    <button class=\"faq-accordion-question collapsed\" type=\"button\" data-bs-toggle=\"collapse\" data-bs-target=\"#faq_accordion_13\" aria-expanded=\"false\" aria-controls=\"faq_accordion_13\">Optimiziran je va\u0161 provjeritelj za upotrebu na mobilnim ure\u0111ajima?<\/button>\n                    <div id=\"faq_accordion_13\" class=\"faq-accordion-answer accordion-collapse collapse\" data-bs-parent=\"#faq_accordion\">\n                        <p class=\"answer-text\">da, na\u0161 sistem je prijateljski prema mobilnim ure\u0111ajima, \u010dine\u0107i ga pristupa\u010dnijim za klijente.<\/p>\n                    <\/div>\n                <\/div>\n                    <\/div>\n    <\/div>\n    <\/div>\n<\/div>\n<\/div>\n<\/div>\n<\/div>\n<\/section>\n","protected":false,"raw":"<section class=\"pricing-page-main-block\">\r\n<div class=\"container-fluid\">\r\n<div class=\"container\">\r\n<div class=\"row\">\r\n<div class=\"col-12\">\r\n<div class=\"pricing-main-block-content\">\r\n<div class=\"ps-widget-container\" data-ps-widget-name=\"Prices\" data-ps-widget-options=\"{}\">\r\n<p class=\"top-text\">Odaberite svoje cijene opcije<\/p>\r\n<h1 class=\"page-title\">Nema skrivene naknade za to\u010dno otkrivanje plagijata i AI-a<\/h1>\r\n<div class=\"pricing-block\">\r\n<div class=\"pricing-plan-duration\"><button class=\"pricing-plan-duration-item one-time active\" type=\"button\">Jednorazno<\/button><button class=\"pricing-plan-duration-item monthly\" type=\"button\">Mjese\u010dno<\/button><button class=\"pricing-plan-duration-item 3-months\" type=\"button\">3-Mjeseci<\/button><button class=\"pricing-plan-duration-item yearly\" type=\"button\">Godi\u0161nje<\/button><\/div>\r\n<div class=\"pricing-plan-items-wrapper\">\r\n<div class=\"pricing-plan-items\">\r\n<div class=\"pricing-plan-item light\"><div class=\"item-header\"><span class=\"plan-title\">Light<\/span><div class=\"plan-price-per-word\"><p class=\"price\"><span class=\"value\">$0.23<\/span> po<\/p><p class=\"words-count\">1000 rije\u010di<\/p><\/div><\/div><div class=\"item-main\"><span class=\"save-up-to-label\">U\u0161tedite do <span class=\"value\">30%<\/span><\/span><p class=\"plan-price\"><span class=\"value\">$22.95<\/span> \/ <span class=\"duration\">Mjesec<\/span><\/p><a class=\"get-started-btn\" href=\"#\">Po\u010dni<\/a><label class=\"custom-checkbox-label recurring-payments\" for=\"recurring_payments_light\"><span class=\"custom-checkbox\"><\/span><span class=\"custom-checkbox-title\">Ponavljaju\u0107e pla\u0107anja<\/span><input checked=\"checked\" id=\"recurring_payments_light\" name=\"recurring-payments-light\" type=\"checkbox\"\/>\r\n<\/label><span class=\"sep\"><\/span><\/div><div class=\"item-footer\"><ul><li class=\"available\"><span class=\"highlighted\">1<\/span> predaja plagijata *<\/li><li class=\"available\"><span class=\"highlighted\">1<\/span> AI predaja *<\/li><li class=\"available\"><span class=\"highlighted\">Neprekidno<\/span> vrijeme (dana)<\/li><li class=\"unavailable\"><span class=\"highlighted\">365<\/span> vrijeme (dana)<\/li><li class=\"unavailable\">Pretra\u017eivanje AI teksta<\/li><\/ul><\/div><\/div>\r\n<div class=\"pricing-plan-item standatd selected\"><div class=\"item-header\"><span class=\"plan-title\">Standatd<\/span><div class=\"plan-price-per-word\"><p class=\"price\"><span class=\"value\">$0.12<\/span> po<\/p><p class=\"words-count\">1000 rije\u010di<\/p><\/div><\/div><div class=\"item-main\"><span class=\"save-up-to-label\">U\u0161tedite do <span class=\"value\">30%<\/span><\/span><p class=\"plan-price\"><span class=\"value\">$34.95<\/span> \/ <span class=\"duration\">Mjesec<\/span><\/p><a class=\"get-started-btn\" href=\"#\">Po\u010dni<\/a><label class=\"custom-checkbox-label recurring-payments\" for=\"recurring_payments_standatd\"><span class=\"custom-checkbox\"><\/span><span class=\"custom-checkbox-title\">Ponavljaju\u0107e pla\u0107anja<\/span><input checked=\"checked\" id=\"recurring_payments_standatd\" name=\"recurring-payments-standatd\" type=\"checkbox\"\/><\/label><span class=\"sep\"><\/span><\/div><div class=\"item-footer\"><ul><li class=\"available\"><span class=\"highlighted\">1<\/span> predaja plagijata *<\/li><li class=\"available\"><span class=\"highlighted\">1<\/span> AI predaja *<\/li><li class=\"available\"><span class=\"highlighted\">Neprekidno<\/span> vrijeme (dana)<\/li><li class=\"unavailable\"><span class=\"highlighted\">365<\/span> vrijeme (dana)<\/li><li class=\"unavailable\">Pretra\u017eivanje AI teksta<\/li><\/ul><\/div><\/div>\r\n<div class=\"pricing-plan-item premium\"><div class=\"item-header\"><span class=\"plan-title\">Premium<\/span><div class=\"plan-price-per-word\"><p class=\"price\"><span class=\"value\">$0.09<\/span> po<\/p><p class=\"words-count\">1000 rije\u010di<\/p><\/div><\/div><div class=\"item-main\"><span class=\"save-up-to-label\">U\u0161tedite do <span class=\"value\">30%<\/span><\/span><p class=\"plan-price\"><span class=\"value\">$54.95<\/span> \/ <span class=\"duration\">Mjesec<\/span><\/p><a class=\"get-started-btn\" href=\"#\">Po\u010dni<\/a><label class=\"custom-checkbox-label recurring-payments\" for=\"recurring_payments_premium\"><span class=\"custom-checkbox\"><\/span><span class=\"custom-checkbox-title\">Ponavljaju\u0107e pla\u0107anja<\/span><input checked=\"checked\" id=\"recurring_payments_premium\" name=\"recurring-payments-premium\" type=\"checkbox\"\/><\/label><span class=\"sep\"><\/span><\/div><div class=\"item-footer\"><ul><li class=\"available\"><span class=\"highlighted\">1<\/span> predaja plagijata *<\/li><li class=\"available\"><span class=\"highlighted\">1<\/span> AI predaja *<\/li><li class=\"available\"><span class=\"highlighted\">Neprekidno<\/span> vrijeme (dana)<\/li><li class=\"unavailable\"><span class=\"highlighted\">365<\/span> vrijeme (dana)<\/li><li class=\"unavailable\">Pretra\u017eivanje AI teksta<\/li><\/ul><\/div><\/div><\/div><\/div><\/div><\/div><\/div><\/div><\/div><\/div><\/div>\r\n<\/section>\r\n<section class=\"faq\"><div class=\"container-fluid\"><div class=\"container\"><div class=\"row\"><div class=\"col-12\"><div class=\"faq-content\"><div class=\"faq-text-block\"><p class=\"faq-text-top\">Sekcija FAQ sadr\u017ei sve \u0161to trebate znati<\/p><p class=\"faq-text-title\">Treba vam vi\u0161e informacija o OriginalityReport.com?<\/p><p class=\"faq-text-subtitle\">Analizirali smo i odgovorili na pitanja koja korisnici postavljaju o na\u0161oj provjeri plagijata i otkrivanju AI.<\/p><div class=\"different-question-block\"><img alt=\"FAQ\" class=\"faq-icon\" src=\"\/wp-content\/themes\/main\/images\/faq-icon.svg\"\/><p class=\"title\">Pove\u017eite se s OriginalityReport.com za vi\u0161e odgovora<\/p><p class=\"subtitle\">Ako imate jo\u0161 pitanja o na\u0161oj usluzi, kontaktirajte na\u0161 tim. Rado \u0107e vam pomo\u0107i i objasniti najbolji na\u010din za provjeru teksta na plagijat.<\/p><a class=\"contact-support-btn custom-btn cb-black\" href=\"\/kontaktiraj-nas\/\">Kontaktiraj podr\u0161ku<\/a><\/div><\/div>[faq_questions]<\/div><\/div><\/div><\/div><\/div><\/section>"},"excerpt":{"rendered":"Izaberite svoj prora\u010dun","protected":false,"raw":"Izaberite svoj prora\u010dun"},"author":1,"featured_media":0,"parent":0,"menu_order":0,"comment_status":"closed","ping_status":"closed","template":"tpl-landing.php","meta":{"_aioseo_title":null,"_aioseo_description":null,"_locale":"hr","_original_post":"https:\/\/originalityreport.com\/?page_id=10","footnotes":""},"class_list":["post-281","page","type-page","status-publish","hentry","hr"],"aioseo_notices":[],"_links":{"self":[{"href":"https:\/\/originalityreport.com\/wp-json\/wp\/v2\/pages\/281","targetHints":{"allow":["GET"]}}],"collection":[{"href":"https:\/\/originalityreport.com\/wp-json\/wp\/v2\/pages"}],"about":[{"href":"https:\/\/originalityreport.com\/wp-json\/wp\/v2\/types\/page"}],"author":[{"embeddable":true,"href":"https:\/\/originalityreport.com\/wp-json\/wp\/v2\/users\/1"}],"replies":[{"embeddable":true,"href":"https:\/\/originalityreport.com\/wp-json\/wp\/v2\/comments?post=281"}],"version-history":[{"count":3,"href":"https:\/\/originalityreport.com\/wp-json\/wp\/v2\/pages\/281\/revisions"}],"predecessor-version":[{"id":738,"href":"https:\/\/originalityreport.com\/wp-json\/wp\/v2\/pages\/281\/revisions\/738"}],"wp:attachment":[{"href":"https:\/\/originalityreport.com\/wp-json\/wp\/v2\/media?parent=281"}],"curies":[{"name":"wp","href":"https:\/\/api.w.org\/{rel}","templated":true}]}}