{"id":1628,"date":"2025-11-06T11:40:34","date_gmt":"2025-11-06T11:40:34","guid":{"rendered":"https:\/\/originalityreport.com\/?page_id=1628","raw":"https:\/\/originalityreport.com\/?page_id=1628"},"modified":"2026-03-30T16:54:58","modified_gmt":"2026-03-30T16:54:58","slug":"blog","status":"publish","type":"page","link":"https:\/\/originalityreport.com\/hr\/blog\/","title":{"rendered":"Blog","raw":"Blog"},"content":{"rendered":"<div class=\"blog-top-part\">\n<h1 class=\"page-title\">Uvidi i novosti<\/h1>\n<div class=\"page-green-subtitle\">Istra\u017eite trendove, savjete i inovacije<\/div>\n<div class=\"page-subtitle\">Otkrijte stru\u010dne \u010dlanke o tehnologiji, umjetnoj inteligenciji, otkrivanju plagijata i savjete za pisanje kako biste za\u0161titili svoj rad i ostali korak ispred u digitalnom dobu.<\/div>\n<\/div>\n","protected":false,"raw":"<div class=\"blog-top-part\">\r\n<h1 class=\"page-title\">Uvidi i novosti<\/h1>\r\n<div class=\"page-green-subtitle\">Istra\u017eite trendove, savjete i inovacije<\/div>\r\n<div class=\"page-subtitle\">Otkrijte stru\u010dne \u010dlanke o tehnologiji, umjetnoj inteligenciji, otkrivanju plagijata i savjete za pisanje kako biste za\u0161titili svoj rad i ostali korak ispred u digitalnom dobu.<\/div>\r\n<\/div>\r\n"},"excerpt":{"rendered":"Uvidi &amp; A\u017euriranja Istra\u017eite trendove, savjete i inovacije Otkrijte stru\u010dne \u010dlanke o tehnologiji, umjetnoj inteligenciji, otkrivanju plagijata i savjetima za pisanje kako biste za\u0161titili svoj rad i ostali korak ispred u digitalnom dobu.","protected":false,"raw":"Uvidi &amp; A\u017euriranja Istra\u017eite trendove, savjete i inovacije Otkrijte stru\u010dne \u010dlanke o tehnologiji, umjetnoj inteligenciji, otkrivanju plagijata i savjetima za pisanje kako biste za\u0161titili svoj rad i ostali korak ispred u digitalnom dobu."},"author":1,"featured_media":0,"parent":0,"menu_order":0,"comment_status":"closed","ping_status":"closed","template":"","meta":{"_aioseo_title":"Originality Report Blog HR | AI, Plagijat &amp; Savjeti za Pisanje","_aioseo_description":"Istra\u017eite Originality Report Blog HR s \u010dlancima o AI, otkrivanju plagijata i savjetima za pisanje. Za\u0161titite svoj rad i razvijajte vje\u0161tine pisanja.","_locale":"hr","_original_post":"https:\/\/originalityreport.com\/?page_id=1003","footnotes":""},"class_list":["post-1628","page","type-page","status-publish","hentry","hr"],"aioseo_notices":[],"_links":{"self":[{"href":"https:\/\/originalityreport.com\/wp-json\/wp\/v2\/pages\/1628","targetHints":{"allow":["GET"]}}],"collection":[{"href":"https:\/\/originalityreport.com\/wp-json\/wp\/v2\/pages"}],"about":[{"href":"https:\/\/originalityreport.com\/wp-json\/wp\/v2\/types\/page"}],"author":[{"embeddable":true,"href":"https:\/\/originalityreport.com\/wp-json\/wp\/v2\/users\/1"}],"replies":[{"embeddable":true,"href":"https:\/\/originalityreport.com\/wp-json\/wp\/v2\/comments?post=1628"}],"version-history":[{"count":1,"href":"https:\/\/originalityreport.com\/wp-json\/wp\/v2\/pages\/1628\/revisions"}],"predecessor-version":[{"id":1633,"href":"https:\/\/originalityreport.com\/wp-json\/wp\/v2\/pages\/1628\/revisions\/1633"}],"wp:attachment":[{"href":"https:\/\/originalityreport.com\/wp-json\/wp\/v2\/media?parent=1628"}],"curies":[{"name":"wp","href":"https:\/\/api.w.org\/{rel}","templated":true}]}}