{"id":545,"date":"2025-03-24T11:47:10","date_gmt":"2025-03-24T11:47:10","guid":{"rendered":"https:\/\/originalityreport.com\/?page_id=545","raw":"https:\/\/originalityreport.com\/?page_id=545"},"modified":"2025-04-04T08:53:30","modified_gmt":"2025-04-04T08:53:30","slug":"privacy-policy","status":"publish","type":"page","link":"https:\/\/originalityreport.com\/fr\/privacy-policy\/","title":{"rendered":"Politique de Confidentialit\u00e9","raw":"Politique de Confidentialit\u00e9"},"content":{"rendered":"<p>System Technology Online Spain SL., Calle Pintor P\u00e9rez Gil 2, b.46 03540, Alicante, Espagne (\u201cnous\u201d, \u201cnous\u201d ou \u201cnotre\u201d) op\u00e8re le site originalityreport.com et est responsable de vos donn\u00e9es personnelles.<\/p>\n<p>Nous tenons \u00e0 exprimer notre gratitude pour le temps que vous avez pass\u00e9 \u00e0 examiner nos offres et votre int\u00e9r\u00eat pour les services de notre entreprise. Vous pouvez \u00eatre s\u00fbr que nous garantissons la confidentialit\u00e9 de tous les d\u00e9tails personnels de nos clients. Toutes sortes d&rsquo;informations personnelles fournies par nos clients restent s\u00e9curis\u00e9es et confidentielles. Aucune mauvaise utilisation ou perte des informations n&rsquo;est possible si vous choisissez les services de notre entreprise.<\/p>\n<p>Sous cet article, vous trouverez des pr\u00e9cisions concernant les donn\u00e9es que nous recueillons aupr\u00e8s de nos clients.<\/p>\n<p>Tandis que nous collaborons, voici les d\u00e9tails n\u00e9cessaires\u00a0:<\/p>\n<ul>\n<li>Nos clients ;<\/li>\n<li>Les visiteurs de notre site web.<\/li>\n<\/ul>\n<p>Ces d\u00e9tails, collect\u00e9s par le serveur du site web, incluent :<\/p>\n<ul>\n<li>Type de navigateur ;<\/li>\n<li>Jour et heure d\u2019acc\u00e8s au site web ;<\/li>\n<li>Type de syst\u00e8me d\u2019exploitation.<\/li>\n<\/ul>\n<p>Veuillez noter que les informations recueillies ne sont jamais vendues ni partag\u00e9es ; elles n\u2019ont aucun rapport avec la divulgation d\u2019une identit\u00e9. Le seul but de la collecte de ces donn\u00e9es est de personnaliser les donn\u00e9es et d\u2019am\u00e9liorer le contenu du site web.<\/p>\n<p><strong>Cookies<\/strong><\/p>\n<p>Les pages Web du site originalityreport.com utilisent des fichiers appel\u00e9s \u00ab cookies \u00bb \u2013 des fichiers texte transf\u00e9r\u00e9s vers le syst\u00e8me informatique via le navigateur web. Ces fichiers nous permettent de fournir aux internautes visitant notre site un contenu convivial.<\/p>\n<p>L&rsquo;ensemble des cookies peut \u00eatre arr\u00eat\u00e9 si les param\u00e8tres du navigateur web sont modifi\u00e9s. Les fichiers cookies d\u00e9j\u00e0 d\u00e9finis peuvent \u00eatre supprim\u00e9s \u00e0 l&rsquo;aide de programmes informatiques sp\u00e9cifiques ou via Internet. Notez que certaines fonctions propos\u00e9es par notre site Web pourraient ne plus \u00eatre disponibles apr\u00e8s la d\u00e9sactivation de la collecte des cookies.<\/p>\n<p><strong>R\u00e9colte des Donn\u00e9es d&rsquo;Achat<\/strong><\/p>\n<p>originalityreport.com collect des informations personnelles telles que le nom, le num\u00e9ro de t\u00e9l\u00e9phone, l&#8217;email, le pays d&rsquo;origine et la date de naissance. Dans le seul but de traiter les demandes des utilisateurs efficacement, notre ressource r\u00e9colte \u00e9galement certaines donn\u00e9es confidentielles, \u00e0 savoir les num\u00e9ros de carte bancaire et de passeport, ainsi que les ant\u00e9c\u00e9dents m\u00e9dicaux pour les transmettre \u00e0 nos partenaires d&rsquo;assurance. De quelque autre mani\u00e8re, originalityreport.com ne collecte ni n&rsquo;h\u00e9berge aucune information confidentielle.<\/p>\n<p><strong>R\u00e9colte des Informations G\u00e9n\u00e9rales<\/strong><\/p>\n<p>Les pages Web du r\u00e9seau originalityreport.com peuvent recueillir des donn\u00e9es sur :<\/p>\n<ul>\n<li>Type de logiciel de navigation web ;<\/li>\n<li>Syst\u00e8me d&rsquo;exploitation du PC utilis\u00e9 ;<\/li>\n<li>Ressource en ligne \u00e0 partir de laquelle l&rsquo;acc\u00e8s \u00e0 notre site Web est effectu\u00e9 ;<\/li>\n<li>Subpages;<\/li>\n<li>Date et heure de la visite sur notre site Web ;<\/li>\n<li>Adresse IP ;<\/li>\n<li>Fournisseur d&rsquo;acc\u00e8s Internet ;<\/li>\n<li>D&rsquo;autres donn\u00e9es qui pourraient \u00eatre utilis\u00e9es pour attaquer nos syst\u00e8mes informatiques.<\/li>\n<\/ul>\n<p>L&rsquo;information mentionn\u00e9e ci-dessus est utilis\u00e9e pour :<\/p>\n<ul>\n<li>Fournir notre contenu de mani\u00e8re appropri\u00e9e ;<\/li>\n<li>Am\u00e9liorer \u00e0 la fois le contenu et sa promotion ;<\/li>\n<li>Garantir la faisabilit\u00e9 technologique ;<\/li>\n<\/ul>\n<p>Fournir aux autorit\u00e9s les donn\u00e9es n\u00e9cessaires pour mener une enqu\u00eate criminelle relative aux cyberattaques. Les faits recueillis sont examin\u00e9s dans le but d&rsquo;am\u00e9liorer la s\u00e9curit\u00e9 des donn\u00e9es de notre entreprise et de nos clients.<\/p>\n<p><strong>L&rsquo;Utilisation des Cookies<\/strong><\/p>\n<p>Nous utilisons les \u00ab cookies \u00bb car ils nous permettent de recueillir des donn\u00e9es statistiques concernant les visites et l&rsquo;utilisation de notre site Web. De plus, c&rsquo;est une excellente solution pour cr\u00e9er une navigation efficace.<\/p>\n<p><strong>R\u00e9colte des D\u00e9tails Personnels<\/strong><\/p>\n<p>Nos clients sont invit\u00e9s \u00e0 fournir les informations personnelles suivantes lors de leur inscription :<\/p>\n<ul>\n<li>Nom<\/li>\n<li>Num\u00e9ro de t\u00e9l\u00e9phone de contact<\/li>\n<li>Email<\/li>\n<\/ul>\n<p>Ainsi, il est recommand\u00e9 de s&rsquo;assurer de l&rsquo;exactitude des coordonn\u00e9es de contact, car cela garantit une haute qualit\u00e9 des services fournis.<\/p>\n<p>Nos applications acc\u00e8dent aux donn\u00e9es des utilisateurs Google uniquement apr\u00e8s la v\u00e9rification de l&rsquo;utilisateur. Toutes les donn\u00e9es seront utilis\u00e9es exclusivement \u00e0 des fins de d\u00e9tection de plagiat; aucune diffusion ni stockage d&rsquo;informations personnelles n&rsquo;est pr\u00e9vu. originalityreport.com ne stocke, n&rsquo;utilise ni ne partage les donn\u00e9es des utilisateurs Google.<\/p>\n<p>Nos clients b\u00e9n\u00e9ficient d&rsquo;une garantie de 100 % que leurs donn\u00e9es personnelles ne seront jamais accessibles \u00e0 quiconque sauf au personnel de l&rsquo;entreprise. Aucune divulgation, partage, vente, publication ou transmission \u00e0 des tiers n&rsquo;est possible. Tout texte scann\u00e9 avec notre outil de d\u00e9tection du plagiat ne sera transmis \u00e0 un tiers ni utilis\u00e9 \u00e0 d&rsquo;autres fins. Vous \u00eates le seul propri\u00e9taire du texte soumis au contr\u00f4le anti-plagiat destin\u00e9 \u00e0 v\u00e9rifier l&rsquo;originalit\u00e9 du contenu.<\/p>\n<p><strong>Transactions en ligne<\/strong><\/p>\n<p>Nous utilisons uniquement des transactions en ligne s\u00e9curis\u00e9es via des syst\u00e8mes de paiement fiables qui excluent toute possibilit\u00e9 de divulgation d&rsquo;informations. Dans certains cas, le d\u00e9partement financier contacte nos clients pour v\u00e9rifier leur identit\u00e9 et pr\u00e9venir tous types de fraude en ligne.<\/p>\n<p><strong>Droits des clients<\/strong><\/p>\n<p>L&rsquo;information dans le profil du client peut \u00eatre modifi\u00e9e, \u00e9dit\u00e9e, remplac\u00e9e ou supprim\u00e9e par l&rsquo;utilisateur. Si vous avez besoin de modifications ou d&rsquo;une aide, n&rsquo;h\u00e9sitez pas \u00e0 contacter notre \u00e9quipe de support client.<\/p>\n<p>Nous appr\u00e9cions grandement les pr\u00e9f\u00e9rences des clients concernant l&rsquo;utilisation priv\u00e9e de nos services de d\u00e9tection du plagiat ainsi que les options d&rsquo;\u00e9dition\/r\u00e9\u00e9criture\/correction. Vos informations personnelles seront utilis\u00e9es uniquement \u00e0 des fins internes au sein de l&rsquo;entreprise. L&rsquo;utilisation de nos services implique votre approbation de nos politiques et r\u00e8glements en mati\u00e8re de confidentialit\u00e9.<\/p>\n<p><strong>Fichier Google Drive et Informations sur le Compte<\/strong><\/p>\n<p>Nous n&rsquo;utilisons pas les informations que vous stockez sur votre Google Drive \u00e0 des fins personnelles. Votre nom, adresse e-mail et liens de fichiers ne sont pas automatiquement enregistr\u00e9s sur nos serveurs, sauf si vous les t\u00e9l\u00e9chargez via notre application. Nous ne pr\u00e9voyons pas de partager vos fichiers ou informations personnelles avec des tiers. Nous ne modifions pas vos fichiers \u00e0 moins que vous le fassiez directement via notre application ou Google Drive. Si vous choisissez de supprimer le fichier texte partag\u00e9 avec nous, les donn\u00e9es seront imm\u00e9diatement supprim\u00e9es de notre serveur. Cependant, les fichiers ne seront pas supprim\u00e9s de votre Google Drive. Vous pouvez \u00e9galement r\u00e9voquer notre acc\u00e8s aux donn\u00e9es de votre Google Drive \u00e0 tout moment. Nous nous r\u00e9servons le droit d&#8217;emp\u00eacher quiconque d&rsquo;utiliser notre application pour acc\u00e9der \u00e0 son Google Drive.<\/p>\n<p>Notre site Web acc\u00e9dera aux fichiers de Google Drive des utilisateurs, mais uniquement avec l&rsquo;autorisation de lecture (sp\u00e9cifiquement, la \u00ab\u00a0https:\/\/www.googleapis.com\/auth\/drive.readonly\u00a0\u00bb scope). Nous conserverons le texte brut des fichiers pour l&rsquo;utilisateur seul. L&rsquo;utilisateur conserve la capacit\u00e9 de supprimer ces donn\u00e9es \u00e0 tout moment.<\/p>\n<p><strong>Accord de Services Google API<\/strong><\/p>\n<p>L&rsquo;utilisation et le transfert des donn\u00e9es obtenues par originalityreport.com \u00e0 partir des API de Google vers toute autre application seront conformes \u00e0 la Politique des Donn\u00e9es Utilisateur des Services Google API, y compris les exigences d&rsquo;Utilisation Limit\u00e9e.<\/p>\n<p><strong>Conformit\u00e9 au RGPD en mati\u00e8re de conservation et de suppression des donn\u00e9es \u00e0 caract\u00e8re personnel<\/strong><\/p>\n<p>Conform\u00e9ment au R\u00e8glement G\u00e9n\u00e9ral sur la Protection des Donn\u00e9es (RGPD), nous nous engageons \u00e0 garantir un traitement l\u00e9gal des donn\u00e9es \u00e0 caract\u00e8re personnel. \u00c0 l&rsquo;expiration ou \u00e0 la r\u00e9siliation de nos services, d&rsquo;un contrat ou d&rsquo;une convention, nous sommes tenus de restituer ou de supprimer toutes les donn\u00e9es personnelles que nous d\u00e9tenons, sauf si une obligation l\u00e9gale exige leur conservation. Nos actions respecteront strictement les directives du RGPD afin de garantir la protection et la confidentialit\u00e9 des donn\u00e9es \u00e0 caract\u00e8re personnel individuelles.<\/p>\n","protected":false,"raw":"<p>System Technology Online Spain SL., Calle Pintor P\u00e9rez Gil 2, b.46 03540, Alicante, Espagne (\u201cnous\u201d, \u201cnous\u201d ou \u201cnotre\u201d) op\u00e8re le site originalityreport.com et est responsable de vos donn\u00e9es personnelles.<\/p>\r\n<p>Nous tenons \u00e0 exprimer notre gratitude pour le temps que vous avez pass\u00e9 \u00e0 examiner nos offres et votre int\u00e9r\u00eat pour les services de notre entreprise. Vous pouvez \u00eatre s\u00fbr que nous garantissons la confidentialit\u00e9 de tous les d\u00e9tails personnels de nos clients. Toutes sortes d'informations personnelles fournies par nos clients restent s\u00e9curis\u00e9es et confidentielles. Aucune mauvaise utilisation ou perte des informations n'est possible si vous choisissez les services de notre entreprise.<\/p>\r\n<p>Sous cet article, vous trouverez des pr\u00e9cisions concernant les donn\u00e9es que nous recueillons aupr\u00e8s de nos clients.<\/p>\r\n<p>Tandis que nous collaborons, voici les d\u00e9tails n\u00e9cessaires\u00a0:<\/p>\r\n<ul>\r\n<li>Nos clients ;<\/li>\r\n<li>Les visiteurs de notre site web.<\/li>\r\n<\/ul>\r\n<p>Ces d\u00e9tails, collect\u00e9s par le serveur du site web, incluent :<\/p>\r\n<ul>\r\n<li>Type de navigateur ;<\/li>\r\n<li>Jour et heure d\u2019acc\u00e8s au site web ;<\/li>\r\n<li>Type de syst\u00e8me d\u2019exploitation.<\/li>\r\n<\/ul>\r\n<p>Veuillez noter que les informations recueillies ne sont jamais vendues ni partag\u00e9es ; elles n\u2019ont aucun rapport avec la divulgation d\u2019une identit\u00e9. Le seul but de la collecte de ces donn\u00e9es est de personnaliser les donn\u00e9es et d\u2019am\u00e9liorer le contenu du site web.<\/p>\r\n<p><strong>Cookies<\/strong><\/p>\r\n<p>Les pages Web du site originalityreport.com utilisent des fichiers appel\u00e9s \u00ab cookies \u00bb \u2013 des fichiers texte transf\u00e9r\u00e9s vers le syst\u00e8me informatique via le navigateur web. Ces fichiers nous permettent de fournir aux internautes visitant notre site un contenu convivial.<\/p>\r\n<p>L'ensemble des cookies peut \u00eatre arr\u00eat\u00e9 si les param\u00e8tres du navigateur web sont modifi\u00e9s. Les fichiers cookies d\u00e9j\u00e0 d\u00e9finis peuvent \u00eatre supprim\u00e9s \u00e0 l'aide de programmes informatiques sp\u00e9cifiques ou via Internet. Notez que certaines fonctions propos\u00e9es par notre site Web pourraient ne plus \u00eatre disponibles apr\u00e8s la d\u00e9sactivation de la collecte des cookies.<\/p>\r\n<p><strong>R\u00e9colte des Donn\u00e9es d'Achat<\/strong><\/p>\r\n<p>originalityreport.com collect des informations personnelles telles que le nom, le num\u00e9ro de t\u00e9l\u00e9phone, l'email, le pays d'origine et la date de naissance. Dans le seul but de traiter les demandes des utilisateurs efficacement, notre ressource r\u00e9colte \u00e9galement certaines donn\u00e9es confidentielles, \u00e0 savoir les num\u00e9ros de carte bancaire et de passeport, ainsi que les ant\u00e9c\u00e9dents m\u00e9dicaux pour les transmettre \u00e0 nos partenaires d'assurance. De quelque autre mani\u00e8re, originalityreport.com ne collecte ni n'h\u00e9berge aucune information confidentielle.<\/p>\r\n<p><strong>R\u00e9colte des Informations G\u00e9n\u00e9rales<\/strong><\/p>\r\n<p>Les pages Web du r\u00e9seau originalityreport.com peuvent recueillir des donn\u00e9es sur :<\/p>\r\n<ul>\r\n<li>Type de logiciel de navigation web ;<\/li>\r\n<li>Syst\u00e8me d'exploitation du PC utilis\u00e9 ;<\/li>\r\n<li>Ressource en ligne \u00e0 partir de laquelle l'acc\u00e8s \u00e0 notre site Web est effectu\u00e9 ;<\/li>\r\n<li>Subpages;<\/li>\r\n<li>Date et heure de la visite sur notre site Web ;<\/li>\r\n<li>Adresse IP ;<\/li>\r\n<li>Fournisseur d'acc\u00e8s Internet ;<\/li>\r\n<li>D'autres donn\u00e9es qui pourraient \u00eatre utilis\u00e9es pour attaquer nos syst\u00e8mes informatiques.<\/li>\r\n<\/ul>\r\n<p>L'information mentionn\u00e9e ci-dessus est utilis\u00e9e pour :<\/p>\r\n<ul>\r\n<li>Fournir notre contenu de mani\u00e8re appropri\u00e9e ;<\/li>\r\n<li>Am\u00e9liorer \u00e0 la fois le contenu et sa promotion ;<\/li>\r\n<li>Garantir la faisabilit\u00e9 technologique ;<\/li>\r\n<\/ul>\r\n<p>Fournir aux autorit\u00e9s les donn\u00e9es n\u00e9cessaires pour mener une enqu\u00eate criminelle relative aux cyberattaques. Les faits recueillis sont examin\u00e9s dans le but d'am\u00e9liorer la s\u00e9curit\u00e9 des donn\u00e9es de notre entreprise et de nos clients.<\/p>\r\n<p><strong>L'Utilisation des Cookies<\/strong><\/p>\r\n<p>Nous utilisons les \u00ab cookies \u00bb car ils nous permettent de recueillir des donn\u00e9es statistiques concernant les visites et l'utilisation de notre site Web. De plus, c'est une excellente solution pour cr\u00e9er une navigation efficace.<\/p>\r\n<p><strong>R\u00e9colte des D\u00e9tails Personnels<\/strong><\/p>\r\n<p>Nos clients sont invit\u00e9s \u00e0 fournir les informations personnelles suivantes lors de leur inscription :<\/p>\r\n<ul>\r\n<li>Nom<\/li>\r\n<li>Num\u00e9ro de t\u00e9l\u00e9phone de contact<\/li>\r\n<li>Email<\/li>\r\n<\/ul>\r\n<p>Ainsi, il est recommand\u00e9 de s'assurer de l'exactitude des coordonn\u00e9es de contact, car cela garantit une haute qualit\u00e9 des services fournis.<\/p>\r\n<p>Nos applications acc\u00e8dent aux donn\u00e9es des utilisateurs Google uniquement apr\u00e8s la v\u00e9rification de l'utilisateur. Toutes les donn\u00e9es seront utilis\u00e9es exclusivement \u00e0 des fins de d\u00e9tection de plagiat; aucune diffusion ni stockage d'informations personnelles n'est pr\u00e9vu. originalityreport.com ne stocke, n'utilise ni ne partage les donn\u00e9es des utilisateurs Google.<\/p>\r\n<p>Nos clients b\u00e9n\u00e9ficient d'une garantie de 100 % que leurs donn\u00e9es personnelles ne seront jamais accessibles \u00e0 quiconque sauf au personnel de l'entreprise. Aucune divulgation, partage, vente, publication ou transmission \u00e0 des tiers n'est possible. Tout texte scann\u00e9 avec notre outil de d\u00e9tection du plagiat ne sera transmis \u00e0 un tiers ni utilis\u00e9 \u00e0 d'autres fins. Vous \u00eates le seul propri\u00e9taire du texte soumis au contr\u00f4le anti-plagiat destin\u00e9 \u00e0 v\u00e9rifier l'originalit\u00e9 du contenu.<\/p>\r\n<p><strong>Transactions en ligne<\/strong><\/p>\r\n<p>Nous utilisons uniquement des transactions en ligne s\u00e9curis\u00e9es via des syst\u00e8mes de paiement fiables qui excluent toute possibilit\u00e9 de divulgation d'informations. Dans certains cas, le d\u00e9partement financier contacte nos clients pour v\u00e9rifier leur identit\u00e9 et pr\u00e9venir tous types de fraude en ligne.<\/p>\r\n<p><strong>Droits des clients<\/strong><\/p>\r\n<p>L'information dans le profil du client peut \u00eatre modifi\u00e9e, \u00e9dit\u00e9e, remplac\u00e9e ou supprim\u00e9e par l'utilisateur. Si vous avez besoin de modifications ou d'une aide, n'h\u00e9sitez pas \u00e0 contacter notre \u00e9quipe de support client.<\/p>\r\n<p>Nous appr\u00e9cions grandement les pr\u00e9f\u00e9rences des clients concernant l'utilisation priv\u00e9e de nos services de d\u00e9tection du plagiat ainsi que les options d'\u00e9dition\/r\u00e9\u00e9criture\/correction. Vos informations personnelles seront utilis\u00e9es uniquement \u00e0 des fins internes au sein de l'entreprise. L'utilisation de nos services implique votre approbation de nos politiques et r\u00e8glements en mati\u00e8re de confidentialit\u00e9.<\/p>\r\n<p><strong>Fichier Google Drive et Informations sur le Compte<\/strong><\/p>\r\n<p>Nous n'utilisons pas les informations que vous stockez sur votre Google Drive \u00e0 des fins personnelles. Votre nom, adresse e-mail et liens de fichiers ne sont pas automatiquement enregistr\u00e9s sur nos serveurs, sauf si vous les t\u00e9l\u00e9chargez via notre application. Nous ne pr\u00e9voyons pas de partager vos fichiers ou informations personnelles avec des tiers. Nous ne modifions pas vos fichiers \u00e0 moins que vous le fassiez directement via notre application ou Google Drive. Si vous choisissez de supprimer le fichier texte partag\u00e9 avec nous, les donn\u00e9es seront imm\u00e9diatement supprim\u00e9es de notre serveur. Cependant, les fichiers ne seront pas supprim\u00e9s de votre Google Drive. Vous pouvez \u00e9galement r\u00e9voquer notre acc\u00e8s aux donn\u00e9es de votre Google Drive \u00e0 tout moment. Nous nous r\u00e9servons le droit d'emp\u00eacher quiconque d'utiliser notre application pour acc\u00e9der \u00e0 son Google Drive.<\/p>\r\n<p>Notre site Web acc\u00e9dera aux fichiers de Google Drive des utilisateurs, mais uniquement avec l'autorisation de lecture (sp\u00e9cifiquement, la \u00ab\u00a0https:\/\/www.googleapis.com\/auth\/drive.readonly\u00a0\u00bb scope). Nous conserverons le texte brut des fichiers pour l'utilisateur seul. L'utilisateur conserve la capacit\u00e9 de supprimer ces donn\u00e9es \u00e0 tout moment.<\/p>\r\n<p><strong>Accord de Services Google API<\/strong><\/p>\r\n<p>L'utilisation et le transfert des donn\u00e9es obtenues par originalityreport.com \u00e0 partir des API de Google vers toute autre application seront conformes \u00e0 la Politique des Donn\u00e9es Utilisateur des Services Google API, y compris les exigences d'Utilisation Limit\u00e9e.<\/p>\r\n<p><strong>Conformit\u00e9 au RGPD en mati\u00e8re de conservation et de suppression des donn\u00e9es \u00e0 caract\u00e8re personnel<\/strong><\/p>\r\n<p>Conform\u00e9ment au R\u00e8glement G\u00e9n\u00e9ral sur la Protection des Donn\u00e9es (RGPD), nous nous engageons \u00e0 garantir un traitement l\u00e9gal des donn\u00e9es \u00e0 caract\u00e8re personnel. \u00c0 l'expiration ou \u00e0 la r\u00e9siliation de nos services, d'un contrat ou d'une convention, nous sommes tenus de restituer ou de supprimer toutes les donn\u00e9es personnelles que nous d\u00e9tenons, sauf si une obligation l\u00e9gale exige leur conservation. Nos actions respecteront strictement les directives du RGPD afin de garantir la protection et la confidentialit\u00e9 des donn\u00e9es \u00e0 caract\u00e8re personnel individuelles.<\/p>"},"excerpt":{"rendered":"System Technology Online Spain SL., Calle Pintor P\u00e9rez Gil 2, b.46 03540, Alicante, Espagne (&#8220;nous&#8221;, &#8220;nous&#8221; ou &#8220;notre&#8221;) op\u00e8re le site originalityreport.com et est responsable de vos donn\u00e9es personnelles. Nous tenons \u00e0 exprimer notre gratitude pour le temps que vous avez pass\u00e9 \u00e0 examiner nos offres et votre int\u00e9r\u00eat pour les services de notre entreprise. Vous.","protected":false,"raw":"System Technology Online Spain SL., Calle Pintor P\u00e9rez Gil 2, b.46 03540, Alicante, Espagne (&#8220;nous&#8221;, &#8220;nous&#8221; ou &#8220;notre&#8221;) op\u00e8re le site originalityreport.com et est responsable de vos donn\u00e9es personnelles. Nous tenons \u00e0 exprimer notre gratitude pour le temps que vous avez pass\u00e9 \u00e0 examiner nos offres et votre int\u00e9r\u00eat pour les services de notre entreprise. Vous."},"author":1,"featured_media":0,"parent":0,"menu_order":0,"comment_status":"closed","ping_status":"closed","template":"","meta":{"_aioseo_title":null,"_aioseo_description":null,"_locale":"fr_FR","_original_post":"https:\/\/originalityreport.com\/?page_id=49","footnotes":""},"class_list":["post-545","page","type-page","status-publish","hentry","fr-FR"],"aioseo_notices":[],"_links":{"self":[{"href":"https:\/\/originalityreport.com\/wp-json\/wp\/v2\/pages\/545","targetHints":{"allow":["GET"]}}],"collection":[{"href":"https:\/\/originalityreport.com\/wp-json\/wp\/v2\/pages"}],"about":[{"href":"https:\/\/originalityreport.com\/wp-json\/wp\/v2\/types\/page"}],"author":[{"embeddable":true,"href":"https:\/\/originalityreport.com\/wp-json\/wp\/v2\/users\/1"}],"replies":[{"embeddable":true,"href":"https:\/\/originalityreport.com\/wp-json\/wp\/v2\/comments?post=545"}],"version-history":[{"count":3,"href":"https:\/\/originalityreport.com\/wp-json\/wp\/v2\/pages\/545\/revisions"}],"predecessor-version":[{"id":898,"href":"https:\/\/originalityreport.com\/wp-json\/wp\/v2\/pages\/545\/revisions\/898"}],"wp:attachment":[{"href":"https:\/\/originalityreport.com\/wp-json\/wp\/v2\/media?parent=545"}],"curies":[{"name":"wp","href":"https:\/\/api.w.org\/{rel}","templated":true}]}}