{"id":369,"date":"2025-03-24T16:49:18","date_gmt":"2025-03-24T16:49:18","guid":{"rendered":"https:\/\/originalityreport.com\/?page_id=369","raw":"https:\/\/originalityreport.com\/?page_id=369"},"modified":"2025-07-24T19:28:32","modified_gmt":"2025-07-24T19:28:32","slug":"home","status":"publish","type":"page","link":"https:\/\/originalityreport.com\/","title":{"rendered":"Accueil","raw":"Accueil"},"content":{"rendered":"","protected":false,"raw":""},"excerpt":{"rendered":"Accueil","protected":false,"raw":"Accueil"},"author":1,"featured_media":0,"parent":0,"menu_order":0,"comment_status":"closed","ping_status":"closed","template":"","meta":{"_aioseo_title":"OriginalityReport: V\u00e9rification de Plagiat et Analyse IA","_aioseo_description":"Plateforme tout\u2011en\u2011un pour d\u00e9tecter le plagiat et analyser le contenu g\u00e9n\u00e9r\u00e9 par IA. R\u00e9sultats fiables, interface intuitive, id\u00e9ale pour \u00e9tudiants.","_locale":"fr_FR","_original_post":"https:\/\/originalityreport.com\/?page_id=24","footnotes":""},"class_list":["post-369","page","type-page","status-publish","hentry","fr-FR"],"aioseo_notices":[],"_links":{"self":[{"href":"https:\/\/originalityreport.com\/wp-json\/wp\/v2\/pages\/369","targetHints":{"allow":["GET"]}}],"collection":[{"href":"https:\/\/originalityreport.com\/wp-json\/wp\/v2\/pages"}],"about":[{"href":"https:\/\/originalityreport.com\/wp-json\/wp\/v2\/types\/page"}],"author":[{"embeddable":true,"href":"https:\/\/originalityreport.com\/wp-json\/wp\/v2\/users\/1"}],"replies":[{"embeddable":true,"href":"https:\/\/originalityreport.com\/wp-json\/wp\/v2\/comments?post=369"}],"version-history":[{"count":1,"href":"https:\/\/originalityreport.com\/wp-json\/wp\/v2\/pages\/369\/revisions"}],"predecessor-version":[{"id":370,"href":"https:\/\/originalityreport.com\/wp-json\/wp\/v2\/pages\/369\/revisions\/370"}],"wp:attachment":[{"href":"https:\/\/originalityreport.com\/wp-json\/wp\/v2\/media?parent=369"}],"curies":[{"name":"wp","href":"https:\/\/api.w.org\/{rel}","templated":true}]}}