{"id":572,"date":"2025-03-24T11:47:17","date_gmt":"2025-03-24T11:47:17","guid":{"rendered":"https:\/\/originalityreport.com\/?page_id=572","raw":"https:\/\/originalityreport.com\/?page_id=572"},"modified":"2025-04-04T09:02:59","modified_gmt":"2025-04-04T09:02:59","slug":"privacy-policy","status":"publish","type":"page","link":"https:\/\/originalityreport.com\/fi\/privacy-policy\/","title":{"rendered":"Tietosuojak\u00e4yt\u00e4nt\u00f6","raw":"Tietosuojak\u00e4yt\u00e4nt\u00f6"},"content":{"rendered":"<p>System Technology Online Spain SL., Calle Pintor P\u00e9rez Gil 2, b.46 03540, Alicante, Espanja (\u201cmeid\u00e4n\u201d, \u201cmeill\u00e4\u201d, tai \u201cemme\u201d) yll\u00e4pit\u00e4\u00e4 originalityreport.com-verkkosivustoa ja on henkil\u00f6tietojen k\u00e4sittelij\u00e4.<\/p>\n<p>Haluamme ilmaista kiitollisuutemme ajasta, jonka olette viet\u00e4nyt tarjouksiamme tarkistettaessa sek\u00e4 kiinnostuksestanne yrityksemme palveluihin. Voitte varmistaa, ett\u00e4 meill\u00e4 on takuu siit\u00e4, ettei asiakkaiden henkil\u00f6tietoja paljasteta. Kaikki henkil\u00f6kohtainen tieto, jonka asiakkaat antavat, s\u00e4ilyv\u00e4t turvassa ja yksityisyydess\u00e4\u00e4n. Yksityiskohtien v\u00e4\u00e4rink\u00e4ytt\u00f6 tai menetys ei ole mahdollista, jos valitset yrityksemme palvelut.<\/p>\n<p>Alapuolella voit l\u00f6yt\u00e4\u00e4 selvennyksi\u00e4 siit\u00e4, mit\u00e4 tietoja ker\u00e4\u00e4mme asiakkailtaamme.<\/p>\n<p>Kohtaamisessamme meid\u00e4n on tarpeen saada seuraavat tiedot:<\/p>\n<ul>\n<li>K\u00e4ytt\u00e4j\u00e4t;<\/li>\n<li>Sivustollemme vierailijat.<\/li>\n<\/ul>\n<p>Niit\u00e4 tietoja, joita ker\u00e4t\u00e4\u00e4n verkkoserverilta, sis\u00e4lt\u00e4v\u00e4t seuraavat:<\/p>\n<ul>\n<li>Selaimen tyyppi;<\/li>\n<li>P\u00e4\u00e4sy\u00e4ika sivustolle, p\u00e4iv\u00e4m\u00e4\u00e4r\u00e4 ja kellonaika;<\/li>\n<li>Toimintaj\u00e4rjestelm\u00e4n tyyppi.<\/li>\n<\/ul>\n<p>Ole hyv\u00e4 ja huomioi, ett\u00e4 ker\u00e4tty\u00e4 tietoa ei myyd\u00e4 eik\u00e4 jakauda; se ei liity mit\u00e4\u00e4n henkil\u00f6llisyyden paljastamiseen. Ker\u00e4\u00e4mme n\u00e4it\u00e4 tietoja ainoastaan tietojen mukauttamiseksi ja sivuston sis\u00e4lt\u00f6jen parantamiseksi.<\/p>\n<p><strong>Kakut<\/strong><\/p>\n<p>Sivut, jotka kuuluvat alustaan originalityreport.com, k\u00e4ytt\u00e4v\u00e4t niin sanottuja &#8217;kakkuja&#8217; \u2013 tekstitiedostoja, jotka siirret\u00e4\u00e4n tietokonej\u00e4rjestelm\u00e4\u00e4n verkkoselaimen v\u00e4lityksell\u00e4. N\u00e4m\u00e4 tiedostot mahdollistavat meille tarjoamisen k\u00e4ytt\u00e4j\u00e4yst\u00e4v\u00e4llisi\u00e4 sis\u00e4lt\u00f6j\u00e4 sivustollamme vieraille.<\/p>\n<p>Kakujen ker\u00e4\u00e4minen voi pys\u00e4ytet\u00e4, jos muutetaan verkkoselaimien asetuksia. Olemassa olevat kakut voidaan poistaa k\u00e4ytt\u00e4m\u00e4ll\u00e4 tiettyj\u00e4 tietokoneohjelmia tai Internetin kautta. Huomaa, ett\u00e4 jotkin sivustollamme tarjotut toiminnot voivat j\u00e4\u00e4d\u00e4 k\u00e4ytett\u00e4v\u00e4ksi, kun kakujen ker\u00e4\u00e4minen poistetaan p\u00e4\u00e4lt\u00e4.<\/p>\n<p><strong>Tietojen ostokertojen keruu<\/strong><\/p>\n<p>originalityreport.com ker\u00e4\u00e4 henkil\u00f6tietoja kuten nime\u00e4, puhelinnumeroa, s\u00e4hk\u00f6postia, kotimaata ja syntym\u00e4p\u00e4iv\u00e4\u00e4. Yksinomaan k\u00e4ytt\u00e4jien hakemusten tehokkaaseen k\u00e4sittelyyn resurssimme ker\u00e4\u00e4 my\u00f6s luottamuksellisia tietoja, kuten luottokorttitietoja ja passinumeroita sek\u00e4 terveystietoja l\u00e4hett\u00e4m\u00e4\u00e4n niit\u00e4 turvallisuuskumppaneillemme. Muussa tapauksessa originalityreport.com ei ker\u00e4\u00e4 eik\u00e4 tallenna mit\u00e4\u00e4n luottamuksellisia tietoja.<\/p>\n<p><strong>Tiedonkeruu yleisist\u00e4 asioista<\/strong><\/p>\n<p>Sivustot, jotka kuuluvat originalityreport.com -verkkoon, saattavat ker\u00e4t\u00e4 tietoa seuraavista asioista:<\/p>\n<ul>\n<li>Tyypist\u00e4 verkkoselainohjelmasta;<\/li>\n<li>K\u00e4ytetyst\u00e4 tietokonej\u00e4rjestelm\u00e4st\u00e4;<\/li>\n<li>Sis\u00e4ll\u00f6ntuottajasta, josta k\u00e4ytyyn sivustoomme saatiin p\u00e4\u00e4sy;<\/li>\n<li>Alasivustoista;<\/li>\n<li>P\u00e4iv\u00e4m\u00e4\u00e4r\u00e4st\u00e4 ja ajankohdasta, kun sivustoa vierailtiin;<\/li>\n<li>IP-osoitteesta;<\/li>\n<li>Verkkopalveluntarjoajasta;<\/li>\n<li>Muista tietoja, joita voidaan k\u00e4ytt\u00e4\u00e4 hy\u00f6kk\u00e4yksiin verkon IT-j\u00e4rjestelm\u00e4\u00e4 vastaan.<\/li>\n<\/ul>\n<p>Niinp\u00e4 mainittu tieto k\u00e4ytet\u00e4\u00e4n seuraaviin tarkoituksiin:<\/p>\n<ul>\n<li>J\u00e4rjest\u00e4k\u00e4\u00e4mme sis\u00e4lt\u00f6 j\u00e4rkev\u00e4sti;<\/li>\n<li>Parempaa sis\u00e4lt\u00f6\u00e4 ja sen markkinointitapaa;<\/li>\n<li>Varmista teknologinen toimivuus;<\/li>\n<\/ul>\n<p>J\u00e4rjest\u00e4k\u00e4\u00e4mme viranomaisille tarvittavat tiedot s\u00e4hk\u00f6isten hy\u00f6kk\u00e4ysten yhteydess\u00e4 tapahtuvien rikosinvestointien suorittamiseksi. Ker\u00e4ttyjen tosiasioiden tarkasteluun liittyv\u00e4\u00e4 tarkoituksena on parantaa sek\u00e4 yrityksemme ett\u00e4 asiakkaidemme tietoturvaa.<\/p>\n<p><strong>Veden k\u00e4ytt\u00f6 leivoksissa<\/strong><\/p>\n<p>K\u00e4yt\u00e4mme &#8217;leivoksia&#8217;, sill\u00e4 ne mahdollistavat sivuston k\u00e4yntien ja k\u00e4ytt\u00f6tilastojen ker\u00e4\u00e4misen. Lis\u00e4ksi t\u00e4m\u00e4 on tehokkaan navigoinnin luomiseen hyv\u00e4 vaihtoehto.<\/p>\n<p><strong>Henkil\u00f6tietojen ker\u00e4\u00e4minen<\/strong><\/p>\n<p>Kysymme asiakkailtaan seuraavan henkil\u00f6tiedon antamista rekister\u00f6ityess\u00e4\u00e4n:<\/p>\n<ul>\n<li>Nimi<\/li>\n<li>Kontaktinumeroni<\/li>\n<li>S\u00e4hk\u00f6posti<\/li>\n<\/ul>\n<p>T\u00e4st\u00e4 syyst\u00e4 suosittelemme varmistamaan yhteyshenkil\u00f6tietojen tarkkuuden, sill\u00e4 se takaa tarjotun palveluiden korkean laadun.<\/p>\n<p>Ohjelmisto p\u00e4\u00e4see Google-k\u00e4ytt\u00e4j\u00e4tietoihin vain k\u00e4ytt\u00e4j\u00e4n vahvistamisen j\u00e4lkeen. Kaikki tiedot k\u00e4ytet\u00e4\u00e4n ainoastaan plagioinnin havaitsemiseen; henkil\u00f6tietojen jakaminen tai tallentaminen ei ole tarkoitus tehd\u00e4. originalityreport.com ei tallenna, k\u00e4yt\u00e4 eik\u00e4 jaanna Google-k\u00e4ytt\u00e4j\u00e4tietoja.<\/p>\n<p>Kliimmeille varmistetaan 100 % turvallisuus siit\u00e4, ett\u00e4 heid\u00e4n henkil\u00f6tietonsa eiv\u00e4t koskaan ole kenellek\u00e4\u00e4n muulle saatavilla kuin yrityksen henkil\u00f6st\u00f6lle. Ei ole mahdollista paljastaa, jakaa, myyd\u00e4, julkaista tai l\u00e4hett\u00e4\u00e4 kolmansille osapuolille. Mit\u00e4 tahansa teksti\u00e4, jonka skannaat plagioinnin havaitsemiseen tarkoitetulla ty\u00f6kalulla, ei l\u00e4hetet\u00e4 kolmannelle osapuolelle eik\u00e4 k\u00e4ytet\u00e4 mihink\u00e4\u00e4n muuhun tarkoitukseen. Sin\u00e4 olet ainoa tekstin omistaja, joka on altistettu plagioinnin tarkistukselle varmistaaksesi sen alkuper\u00e4isyyden.<\/p>\n<p><strong>Netti-asiat<\/strong><\/p>\n<p>K\u00e4yt\u00e4mme vain turvallisia verkkokauppoja luotettavien maksuj\u00e4rjestelmien v\u00e4lityksell\u00e4, jotka poistavat tiedonsiirron mahdollisuuden. Joissakin tapauksissa Talousosasto ottaa yhteytt\u00e4 asiakkaisiimme henkil\u00f6llisyyden vahvistamiseksi ja kaikkien tyyppisten verkkohuijareiden est\u00e4miseksi.<\/p>\n<p><strong>Asiakkaiden oikeudet<\/strong><\/p>\n<p>K\u00e4ytt\u00e4j\u00e4ll\u00e4 on mahdollisuus muokata, muokata, korvata tai poistaa asiakasprofiilissa olevia tietoja. Jos sinun tarvitsee tehd\u00e4 muutoksia tai apua, \u00e4l\u00e4 ep\u00e4r\u00f6i ottaa yhteytt\u00e4 asiakaspalveluteamiimme.<\/p>\n<p>Akatamme asiakkaiden mielipiteisiin liittyen plagioinnin havaitsemispalveluidemme yksityiseen k\u00e4ytt\u00f6\u00f6n sek\u00e4 muokkaus\/uudelleenkirjoitus\/korjausvaihtoehtoihin. Henkil\u00f6tietojasi k\u00e4ytet\u00e4\u00e4n vain yrityksen sis\u00e4isiin tarkoituksiin. Palvelumme k\u00e4ytt\u00f6 olettaa hyv\u00e4ksynt\u00e4nne yksityisyyssopimuksellemme ja -s\u00e4\u00e4nn\u00f6ksillemme.<\/p>\n<p><strong>Google-tallennus &amp; Tili tiedot<\/strong><\/p>\n<p>Ei k\u00e4ytet\u00e4 henkil\u00f6kohtaista tietoa, jota tallennat Google-tallennukseen. Sinun nimesi, s\u00e4hk\u00f6postiosoite ja tiedoston linkit eiv\u00e4t tallennu automaattisesti palvelimillemme, ellei sinut lataa niit\u00e4 sovelluksemme kautta. Emme aikoa jakaa tietojasi tai henkil\u00f6tietoja mink\u00e4\u00e4n kolmannen osapuolen kanssa. Ei tehd\u00e4 muutoksia tiedostoihisi ilman, ett\u00e4 sinut teet sen suoraan sovelluksemme tai Google-tallennuksen kautta. Jos p\u00e4\u00e4t\u00e4t poistaa tekstitiedoston, jonka jaksoimme meid\u00e4n kanssamme, data poistetaan v\u00e4litt\u00f6m\u00e4sti palvelimiltamme. Tiedostot eiv\u00e4t kuitenkaan poistu Google-tallennuksestasi. Voit my\u00f6s peruuttaa k\u00e4ytt\u00f6oikeutesi Google-tallennustietoihin milloin tahansa. Meill\u00e4 on oikeus est\u00e4\u00e4 kenelt\u00e4k\u00e4\u00e4n k\u00e4ytt\u00e4m\u00e4st\u00e4 sovellustamme p\u00e4\u00e4st\u00e4kseen Google-tallennukseensa.<\/p>\n<p>Sivustollamme k\u00e4ytet\u00e4\u00e4n k\u00e4ytt\u00e4jien Google-tallennusasiakirjoja, mutta vain lukuoikeuksilla (tarkemmin sanottuna \u201dhttps:\/\/www.googleapis.com\/auth\/drive.readonly\u201d-laajuudella). Talletamme asiakkaalle tiedostojen selke\u00e4n tekstin. K\u00e4ytt\u00e4j\u00e4ll\u00e4 on aina mahdollisuus poistaa t\u00e4m\u00e4 data.<\/p>\n<p><strong>Google API-palvelussopimus<\/strong><\/p>\n<p>originalityreport.com:n k\u00e4ytt\u00f6 ja tiedon siirto Google API:st\u00e4 muihin sovelluksiin noudattaa Google API-palveluiden k\u00e4ytt\u00e4j\u00e4tietopolitiikkaa, mukaan lukien rajatut k\u00e4yt\u00f6n vaatimukset.<\/p>\n<p><strong>Sopimus GDPR:n kanssa henkil\u00f6tietojen s\u00e4ilytt\u00e4misess\u00e4 ja poistamisessa<\/strong><\/p>\n<p>Suhtautumme lainmukaisesti yksityisinformaation k\u00e4sittelyyn Euroopan unionin yleisten tietosuoja-asetusten (GDPR) mukaan. Palveluidemme p\u00e4\u00e4ttymisen tai sopimuksen tai sitoumuksen vanhenemisen j\u00e4lkeen meid\u00e4n on palautettava tai poistettava kaikki meill\u00e4 olevat henkil\u00f6tiedot, ellei lain s\u00e4\u00e4d\u00f6s edellyt\u00e4 niiden s\u00e4ilytt\u00e4mist\u00e4. Toimiamme noudattaen tiukasti GDPR-s\u00e4\u00e4nn\u00f6ksi\u00e4 varmistaaksemme yksil\u00f6n yksityisyyden ja henkil\u00f6tietojen suojaamisen.<\/p>\n","protected":false,"raw":"<p>System Technology Online Spain SL., Calle Pintor P\u00e9rez Gil 2, b.46 03540, Alicante, Espanja (\u201cmeid\u00e4n\u201d, \u201cmeill\u00e4\u201d, tai \u201cemme\u201d) yll\u00e4pit\u00e4\u00e4 originalityreport.com-verkkosivustoa ja on henkil\u00f6tietojen k\u00e4sittelij\u00e4.<\/p>\r\n<p>Haluamme ilmaista kiitollisuutemme ajasta, jonka olette viet\u00e4nyt tarjouksiamme tarkistettaessa sek\u00e4 kiinnostuksestanne yrityksemme palveluihin. Voitte varmistaa, ett\u00e4 meill\u00e4 on takuu siit\u00e4, ettei asiakkaiden henkil\u00f6tietoja paljasteta. Kaikki henkil\u00f6kohtainen tieto, jonka asiakkaat antavat, s\u00e4ilyv\u00e4t turvassa ja yksityisyydess\u00e4\u00e4n. Yksityiskohtien v\u00e4\u00e4rink\u00e4ytt\u00f6 tai menetys ei ole mahdollista, jos valitset yrityksemme palvelut.<\/p>\r\n<p>Alapuolella voit l\u00f6yt\u00e4\u00e4 selvennyksi\u00e4 siit\u00e4, mit\u00e4 tietoja ker\u00e4\u00e4mme asiakkailtaamme.<\/p>\r\n<p>Kohtaamisessamme meid\u00e4n on tarpeen saada seuraavat tiedot:<\/p>\r\n<ul>\r\n<li>K\u00e4ytt\u00e4j\u00e4t;<\/li>\r\n<li>Sivustollemme vierailijat.<\/li>\r\n<\/ul>\r\n<p>Niit\u00e4 tietoja, joita ker\u00e4t\u00e4\u00e4n verkkoserverilta, sis\u00e4lt\u00e4v\u00e4t seuraavat:<\/p>\r\n<ul>\r\n<li>Selaimen tyyppi;<\/li>\r\n<li>P\u00e4\u00e4sy\u00e4ika sivustolle, p\u00e4iv\u00e4m\u00e4\u00e4r\u00e4 ja kellonaika;<\/li>\r\n<li>Toimintaj\u00e4rjestelm\u00e4n tyyppi.<\/li>\r\n<\/ul>\r\n<p>Ole hyv\u00e4 ja huomioi, ett\u00e4 ker\u00e4tty\u00e4 tietoa ei myyd\u00e4 eik\u00e4 jakauda; se ei liity mit\u00e4\u00e4n henkil\u00f6llisyyden paljastamiseen. Ker\u00e4\u00e4mme n\u00e4it\u00e4 tietoja ainoastaan tietojen mukauttamiseksi ja sivuston sis\u00e4lt\u00f6jen parantamiseksi.<\/p>\r\n<p><strong>Kakut<\/strong><\/p>\r\n<p>Sivut, jotka kuuluvat alustaan originalityreport.com, k\u00e4ytt\u00e4v\u00e4t niin sanottuja 'kakkuja' \u2013 tekstitiedostoja, jotka siirret\u00e4\u00e4n tietokonej\u00e4rjestelm\u00e4\u00e4n verkkoselaimen v\u00e4lityksell\u00e4. N\u00e4m\u00e4 tiedostot mahdollistavat meille tarjoamisen k\u00e4ytt\u00e4j\u00e4yst\u00e4v\u00e4llisi\u00e4 sis\u00e4lt\u00f6j\u00e4 sivustollamme vieraille.<\/p>\r\n<p>Kakujen ker\u00e4\u00e4minen voi pys\u00e4ytet\u00e4, jos muutetaan verkkoselaimien asetuksia. Olemassa olevat kakut voidaan poistaa k\u00e4ytt\u00e4m\u00e4ll\u00e4 tiettyj\u00e4 tietokoneohjelmia tai Internetin kautta. Huomaa, ett\u00e4 jotkin sivustollamme tarjotut toiminnot voivat j\u00e4\u00e4d\u00e4 k\u00e4ytett\u00e4v\u00e4ksi, kun kakujen ker\u00e4\u00e4minen poistetaan p\u00e4\u00e4lt\u00e4.<\/p>\r\n<p><strong>Tietojen ostokertojen keruu<\/strong><\/p>\r\n<p>originalityreport.com ker\u00e4\u00e4 henkil\u00f6tietoja kuten nime\u00e4, puhelinnumeroa, s\u00e4hk\u00f6postia, kotimaata ja syntym\u00e4p\u00e4iv\u00e4\u00e4. Yksinomaan k\u00e4ytt\u00e4jien hakemusten tehokkaaseen k\u00e4sittelyyn resurssimme ker\u00e4\u00e4 my\u00f6s luottamuksellisia tietoja, kuten luottokorttitietoja ja passinumeroita sek\u00e4 terveystietoja l\u00e4hett\u00e4m\u00e4\u00e4n niit\u00e4 turvallisuuskumppaneillemme. Muussa tapauksessa originalityreport.com ei ker\u00e4\u00e4 eik\u00e4 tallenna mit\u00e4\u00e4n luottamuksellisia tietoja.<\/p>\r\n<p><strong>Tiedonkeruu yleisist\u00e4 asioista<\/strong><\/p>\r\n<p>Sivustot, jotka kuuluvat originalityreport.com -verkkoon, saattavat ker\u00e4t\u00e4 tietoa seuraavista asioista:<\/p>\r\n<ul>\r\n<li>Tyypist\u00e4 verkkoselainohjelmasta;<\/li>\r\n<li>K\u00e4ytetyst\u00e4 tietokonej\u00e4rjestelm\u00e4st\u00e4;<\/li>\r\n<li>Sis\u00e4ll\u00f6ntuottajasta, josta k\u00e4ytyyn sivustoomme saatiin p\u00e4\u00e4sy;<\/li>\r\n<li>Alasivustoista;<\/li>\r\n<li>P\u00e4iv\u00e4m\u00e4\u00e4r\u00e4st\u00e4 ja ajankohdasta, kun sivustoa vierailtiin;<\/li>\r\n<li>IP-osoitteesta;<\/li>\r\n<li>Verkkopalveluntarjoajasta;<\/li>\r\n<li>Muista tietoja, joita voidaan k\u00e4ytt\u00e4\u00e4 hy\u00f6kk\u00e4yksiin verkon IT-j\u00e4rjestelm\u00e4\u00e4 vastaan.<\/li>\r\n<\/ul>\r\n<p>Niinp\u00e4 mainittu tieto k\u00e4ytet\u00e4\u00e4n seuraaviin tarkoituksiin:<\/p>\r\n<ul>\r\n<li>J\u00e4rjest\u00e4k\u00e4\u00e4mme sis\u00e4lt\u00f6 j\u00e4rkev\u00e4sti;<\/li>\r\n<li>Parempaa sis\u00e4lt\u00f6\u00e4 ja sen markkinointitapaa;<\/li>\r\n<li>Varmista teknologinen toimivuus;<\/li>\r\n<\/ul>\r\n<p>J\u00e4rjest\u00e4k\u00e4\u00e4mme viranomaisille tarvittavat tiedot s\u00e4hk\u00f6isten hy\u00f6kk\u00e4ysten yhteydess\u00e4 tapahtuvien rikosinvestointien suorittamiseksi. Ker\u00e4ttyjen tosiasioiden tarkasteluun liittyv\u00e4\u00e4 tarkoituksena on parantaa sek\u00e4 yrityksemme ett\u00e4 asiakkaidemme tietoturvaa.<\/p>\r\n<p><strong>Veden k\u00e4ytt\u00f6 leivoksissa<\/strong><\/p>\r\n<p>K\u00e4yt\u00e4mme 'leivoksia', sill\u00e4 ne mahdollistavat sivuston k\u00e4yntien ja k\u00e4ytt\u00f6tilastojen ker\u00e4\u00e4misen. Lis\u00e4ksi t\u00e4m\u00e4 on tehokkaan navigoinnin luomiseen hyv\u00e4 vaihtoehto.<\/p>\r\n<p><strong>Henkil\u00f6tietojen ker\u00e4\u00e4minen<\/strong><\/p>\r\n<p>Kysymme asiakkailtaan seuraavan henkil\u00f6tiedon antamista rekister\u00f6ityess\u00e4\u00e4n:<\/p>\r\n<ul>\r\n<li>Nimi<\/li>\r\n<li>Kontaktinumeroni<\/li>\r\n<li>S\u00e4hk\u00f6posti<\/li>\r\n<\/ul>\r\n<p>T\u00e4st\u00e4 syyst\u00e4 suosittelemme varmistamaan yhteyshenkil\u00f6tietojen tarkkuuden, sill\u00e4 se takaa tarjotun palveluiden korkean laadun.<\/p>\r\n<p>Ohjelmisto p\u00e4\u00e4see Google-k\u00e4ytt\u00e4j\u00e4tietoihin vain k\u00e4ytt\u00e4j\u00e4n vahvistamisen j\u00e4lkeen. Kaikki tiedot k\u00e4ytet\u00e4\u00e4n ainoastaan plagioinnin havaitsemiseen; henkil\u00f6tietojen jakaminen tai tallentaminen ei ole tarkoitus tehd\u00e4. originalityreport.com ei tallenna, k\u00e4yt\u00e4 eik\u00e4 jaanna Google-k\u00e4ytt\u00e4j\u00e4tietoja.<\/p>\r\n<p>Kliimmeille varmistetaan 100 % turvallisuus siit\u00e4, ett\u00e4 heid\u00e4n henkil\u00f6tietonsa eiv\u00e4t koskaan ole kenellek\u00e4\u00e4n muulle saatavilla kuin yrityksen henkil\u00f6st\u00f6lle. Ei ole mahdollista paljastaa, jakaa, myyd\u00e4, julkaista tai l\u00e4hett\u00e4\u00e4 kolmansille osapuolille. Mit\u00e4 tahansa teksti\u00e4, jonka skannaat plagioinnin havaitsemiseen tarkoitetulla ty\u00f6kalulla, ei l\u00e4hetet\u00e4 kolmannelle osapuolelle eik\u00e4 k\u00e4ytet\u00e4 mihink\u00e4\u00e4n muuhun tarkoitukseen. Sin\u00e4 olet ainoa tekstin omistaja, joka on altistettu plagioinnin tarkistukselle varmistaaksesi sen alkuper\u00e4isyyden.<\/p>\r\n<p><strong>Netti-asiat<\/strong><\/p>\r\n<p>K\u00e4yt\u00e4mme vain turvallisia verkkokauppoja luotettavien maksuj\u00e4rjestelmien v\u00e4lityksell\u00e4, jotka poistavat tiedonsiirron mahdollisuuden. Joissakin tapauksissa Talousosasto ottaa yhteytt\u00e4 asiakkaisiimme henkil\u00f6llisyyden vahvistamiseksi ja kaikkien tyyppisten verkkohuijareiden est\u00e4miseksi.<\/p>\r\n<p><strong>Asiakkaiden oikeudet<\/strong><\/p>\r\n<p>K\u00e4ytt\u00e4j\u00e4ll\u00e4 on mahdollisuus muokata, muokata, korvata tai poistaa asiakasprofiilissa olevia tietoja. Jos sinun tarvitsee tehd\u00e4 muutoksia tai apua, \u00e4l\u00e4 ep\u00e4r\u00f6i ottaa yhteytt\u00e4 asiakaspalveluteamiimme.<\/p>\r\n<p>Akatamme asiakkaiden mielipiteisiin liittyen plagioinnin havaitsemispalveluidemme yksityiseen k\u00e4ytt\u00f6\u00f6n sek\u00e4 muokkaus\/uudelleenkirjoitus\/korjausvaihtoehtoihin. Henkil\u00f6tietojasi k\u00e4ytet\u00e4\u00e4n vain yrityksen sis\u00e4isiin tarkoituksiin. Palvelumme k\u00e4ytt\u00f6 olettaa hyv\u00e4ksynt\u00e4nne yksityisyyssopimuksellemme ja -s\u00e4\u00e4nn\u00f6ksillemme.<\/p>\r\n<p><strong>Google-tallennus &amp; Tili tiedot<\/strong><\/p>\r\n<p>Ei k\u00e4ytet\u00e4 henkil\u00f6kohtaista tietoa, jota tallennat Google-tallennukseen. Sinun nimesi, s\u00e4hk\u00f6postiosoite ja tiedoston linkit eiv\u00e4t tallennu automaattisesti palvelimillemme, ellei sinut lataa niit\u00e4 sovelluksemme kautta. Emme aikoa jakaa tietojasi tai henkil\u00f6tietoja mink\u00e4\u00e4n kolmannen osapuolen kanssa. Ei tehd\u00e4 muutoksia tiedostoihisi ilman, ett\u00e4 sinut teet sen suoraan sovelluksemme tai Google-tallennuksen kautta. Jos p\u00e4\u00e4t\u00e4t poistaa tekstitiedoston, jonka jaksoimme meid\u00e4n kanssamme, data poistetaan v\u00e4litt\u00f6m\u00e4sti palvelimiltamme. Tiedostot eiv\u00e4t kuitenkaan poistu Google-tallennuksestasi. Voit my\u00f6s peruuttaa k\u00e4ytt\u00f6oikeutesi Google-tallennustietoihin milloin tahansa. Meill\u00e4 on oikeus est\u00e4\u00e4 kenelt\u00e4k\u00e4\u00e4n k\u00e4ytt\u00e4m\u00e4st\u00e4 sovellustamme p\u00e4\u00e4st\u00e4kseen Google-tallennukseensa.<\/p>\r\n<p>Sivustollamme k\u00e4ytet\u00e4\u00e4n k\u00e4ytt\u00e4jien Google-tallennusasiakirjoja, mutta vain lukuoikeuksilla (tarkemmin sanottuna \u201dhttps:\/\/www.googleapis.com\/auth\/drive.readonly\u201d-laajuudella). Talletamme asiakkaalle tiedostojen selke\u00e4n tekstin. K\u00e4ytt\u00e4j\u00e4ll\u00e4 on aina mahdollisuus poistaa t\u00e4m\u00e4 data.<\/p>\r\n<p><strong>Google API-palvelussopimus<\/strong><\/p>\r\n<p>originalityreport.com:n k\u00e4ytt\u00f6 ja tiedon siirto Google API:st\u00e4 muihin sovelluksiin noudattaa Google API-palveluiden k\u00e4ytt\u00e4j\u00e4tietopolitiikkaa, mukaan lukien rajatut k\u00e4yt\u00f6n vaatimukset.<\/p>\r\n<p><strong>Sopimus GDPR:n kanssa henkil\u00f6tietojen s\u00e4ilytt\u00e4misess\u00e4 ja poistamisessa<\/strong><\/p>\r\n<p>Suhtautumme lainmukaisesti yksityisinformaation k\u00e4sittelyyn Euroopan unionin yleisten tietosuoja-asetusten (GDPR) mukaan. Palveluidemme p\u00e4\u00e4ttymisen tai sopimuksen tai sitoumuksen vanhenemisen j\u00e4lkeen meid\u00e4n on palautettava tai poistettava kaikki meill\u00e4 olevat henkil\u00f6tiedot, ellei lain s\u00e4\u00e4d\u00f6s edellyt\u00e4 niiden s\u00e4ilytt\u00e4mist\u00e4. Toimiamme noudattaen tiukasti GDPR-s\u00e4\u00e4nn\u00f6ksi\u00e4 varmistaaksemme yksil\u00f6n yksityisyyden ja henkil\u00f6tietojen suojaamisen.<\/p>"},"excerpt":{"rendered":"Sivun kappale: System Technology Online Spain SL., Calle Pintor P\u00e9rez Gil 2, b.46 03540, Alicante, Espanja (&#8220;meid\u00e4n&#8221;, &#8220;meill\u00e4&#8221;, tai &#8220;emme&#8221;) yll\u00e4pit\u00e4\u00e4 originalityreport.com-verkkosivustoa ja on henkil\u00f6tietojen k\u00e4sittelij\u00e4. Haluamme kiitt\u00e4\u00e4 aikaa, jonka olette vietetty l\u00e4pi tarjouksiamme tarkistettaessa sek\u00e4 kiinnostusta palveluihimiemme suhteen. Sinun.","protected":false,"raw":"Sivun kappale: System Technology Online Spain SL., Calle Pintor P\u00e9rez Gil 2, b.46 03540, Alicante, Espanja (&#8220;meid\u00e4n&#8221;, &#8220;meill\u00e4&#8221;, tai &#8220;emme&#8221;) yll\u00e4pit\u00e4\u00e4 originalityreport.com-verkkosivustoa ja on henkil\u00f6tietojen k\u00e4sittelij\u00e4. Haluamme kiitt\u00e4\u00e4 aikaa, jonka olette vietetty l\u00e4pi tarjouksiamme tarkistettaessa sek\u00e4 kiinnostusta palveluihimiemme suhteen. Sinun."},"author":1,"featured_media":0,"parent":0,"menu_order":0,"comment_status":"closed","ping_status":"closed","template":"","meta":{"_aioseo_title":null,"_aioseo_description":null,"_locale":"fi","_original_post":"https:\/\/originalityreport.com\/?page_id=49","footnotes":""},"class_list":["post-572","page","type-page","status-publish","hentry","fi"],"aioseo_notices":[],"_links":{"self":[{"href":"https:\/\/originalityreport.com\/wp-json\/wp\/v2\/pages\/572","targetHints":{"allow":["GET"]}}],"collection":[{"href":"https:\/\/originalityreport.com\/wp-json\/wp\/v2\/pages"}],"about":[{"href":"https:\/\/originalityreport.com\/wp-json\/wp\/v2\/types\/page"}],"author":[{"embeddable":true,"href":"https:\/\/originalityreport.com\/wp-json\/wp\/v2\/users\/1"}],"replies":[{"embeddable":true,"href":"https:\/\/originalityreport.com\/wp-json\/wp\/v2\/comments?post=572"}],"version-history":[{"count":3,"href":"https:\/\/originalityreport.com\/wp-json\/wp\/v2\/pages\/572\/revisions"}],"predecessor-version":[{"id":897,"href":"https:\/\/originalityreport.com\/wp-json\/wp\/v2\/pages\/572\/revisions\/897"}],"wp:attachment":[{"href":"https:\/\/originalityreport.com\/wp-json\/wp\/v2\/media?parent=572"}],"curies":[{"name":"wp","href":"https:\/\/api.w.org\/{rel}","templated":true}]}}