{"id":367,"date":"2025-03-24T16:49:23","date_gmt":"2025-03-24T16:49:23","guid":{"rendered":"https:\/\/originalityreport.com\/?page_id=367","raw":"https:\/\/originalityreport.com\/?page_id=367"},"modified":"2026-02-20T14:26:45","modified_gmt":"2026-02-20T14:26:45","slug":"home","status":"publish","type":"page","link":"https:\/\/originalityreport.com\/","title":{"rendered":"Koti","raw":"Koti"},"content":{"rendered":"","protected":false,"raw":""},"excerpt":{"rendered":"Koti","protected":false,"raw":"Koti"},"author":1,"featured_media":0,"parent":0,"menu_order":0,"comment_status":"closed","ping_status":"closed","template":"","meta":{"_aioseo_title":"Plagioinnin Ehk\u00e4isy ja AI Tunnistus: Tutkimus, Julkaiseminen","_aioseo_description":"Esittelemme koulutukseen plagioinnin est\u00e4miseen ja teko\u00e4lyn tunnistusty\u00f6kaluja, jotka auttavat opiskelijoita tuottamaan omaper\u00e4ist\u00e4 sis\u00e4lt\u00f6\u00e4 luottavaisin mielin.","_locale":"fi","_original_post":"https:\/\/originalityreport.com\/?page_id=24","footnotes":""},"class_list":["post-367","page","type-page","status-publish","hentry","fi"],"aioseo_notices":[],"_links":{"self":[{"href":"https:\/\/originalityreport.com\/wp-json\/wp\/v2\/pages\/367","targetHints":{"allow":["GET"]}}],"collection":[{"href":"https:\/\/originalityreport.com\/wp-json\/wp\/v2\/pages"}],"about":[{"href":"https:\/\/originalityreport.com\/wp-json\/wp\/v2\/types\/page"}],"author":[{"embeddable":true,"href":"https:\/\/originalityreport.com\/wp-json\/wp\/v2\/users\/1"}],"replies":[{"embeddable":true,"href":"https:\/\/originalityreport.com\/wp-json\/wp\/v2\/comments?post=367"}],"version-history":[{"count":1,"href":"https:\/\/originalityreport.com\/wp-json\/wp\/v2\/pages\/367\/revisions"}],"predecessor-version":[{"id":368,"href":"https:\/\/originalityreport.com\/wp-json\/wp\/v2\/pages\/367\/revisions\/368"}],"wp:attachment":[{"href":"https:\/\/originalityreport.com\/wp-json\/wp\/v2\/media?parent=367"}],"curies":[{"name":"wp","href":"https:\/\/api.w.org\/{rel}","templated":true}]}}