{"id":277,"date":"2025-03-24T16:50:35","date_gmt":"2025-03-24T16:50:35","guid":{"rendered":"https:\/\/originalityreport.com\/?page_id=277","raw":"https:\/\/originalityreport.com\/?page_id=277"},"modified":"2025-04-04T08:47:10","modified_gmt":"2025-04-04T08:47:10","slug":"pricing","status":"publish","type":"page","link":"https:\/\/originalityreport.com\/fi\/pricing\/","title":{"rendered":"Hinnasto","raw":"Hinnasto"},"content":{"rendered":"<section class=\"pricing-page-main-block\">\n<div class=\"container-fluid\">\n<div class=\"container\">\n<div class=\"row\">\n<div class=\"col-12\">\n<div class=\"pricing-main-block-content\">\n<div class=\"ps-widget-container\" data-ps-widget-name=\"Prices\" data-ps-widget-options=\"{}\">\n<p class=\"top-text\">Valitse Hinnasto<\/p>\n<h1 class=\"page-title\">Ei piilotettuja maksuja tarkalle plagioinnille ja AI-vastaavuustestaukselle.<\/h1>\n<div class=\"pricing-block\">\n<div class=\"pricing-plan-duration\">\n<button class=\"pricing-plan-duration-item one-time active\" type=\"button\">Kertaalleen<\/button><br \/>\n<button class=\"pricing-plan-duration-item monthly\" type=\"button\">Kuukausittain<\/button><br \/>\n<button class=\"pricing-plan-duration-item 3-months\" type=\"button\">3-Kuukautta<\/button><br \/>\n<button class=\"pricing-plan-duration-item yearly\" type=\"button\">Vuosittain<\/button>\n<\/div>\n<div class=\"pricing-plan-items-wrapper\">\n<div class=\"pricing-plan-items\">\n<div class=\"pricing-plan-item light\">\n<div class=\"item-header\">\n<span class=\"plan-title\">Helppo<\/span><\/p>\n<div class=\"plan-price-per-word\">\n<p class=\"price\"><span class=\"value\">$0,23<\/span> per<\/p>\n<p class=\"words-count\">1000 sanaa<\/p>\n<\/div>\n<\/div>\n<div class=\"item-main\">\n<span class=\"save-up-to-label\">S\u00e4\u00e4st\u00e4 jopa <span class=\"value\">30%<\/span><\/span><\/p>\n<p class=\"plan-price\"><span class=\"value\">$22,95<\/span> \/ <span class=\"duration\">Kuukausi<\/span><\/p>\n<p><a class=\"get-started-btn\" href=\"#\">Aloita<\/a><label class=\"custom-checkbox-label recurring-payments\" for=\"recurring_payments_light\"><span class=\"custom-checkbox\"><\/span><span class=\"custom-checkbox-title\">Kuluvat maksut<\/span><input checked=\"\" id=\"recurring_payments_light\" name=\"recurring-payments-light\" type=\"checkbox\"\/><br \/>\n<\/label><span class=\"sep\"><\/span><\/div>\n<div class=\"item-footer\">\n<ul>\n<li class=\"available\"><span class=\"highlighted\">1<\/span> Plagioinnin l\u00e4hett\u00e4mist\u00e4 *<\/li>\n<li class=\"available\"><span class=\"highlighted\">1<\/span> AI-vastaavuustestauksen l\u00e4hett\u00e4mist\u00e4 *<\/li>\n<li class=\"available\"><span class=\"highlighted\">Rajaton<\/span> Aikajakso (p\u00e4iv\u00e4t)<\/li>\n<li class=\"unavailable\"><span class=\"highlighted\">365<\/span> Aikajakso (p\u00e4iv\u00e4t)<\/li>\n<li class=\"unavailable\">Etsi AI-kirjoittamista<\/li>\n<\/ul>\n<\/div>\n<\/div>\n<div class=\"pricing-plan-item standatd selected\">\n<div class=\"item-header\">\n<span class=\"plan-title\">Standatd<\/span><\/p>\n<div class=\"plan-price-per-word\">\n<p class=\"price\"><span class=\"value\">$0,12<\/span> per<\/p>\n<p class=\"words-count\">1000 sanaa<\/p>\n<\/div>\n<\/div>\n<div class=\"item-main\">\n<span class=\"save-up-to-label\">S\u00e4\u00e4st\u00e4 jopa <span class=\"value\">30%<\/span><\/span><\/p>\n<p class=\"plan-price\"><span class=\"value\">$34,95<\/span> \/ <span class=\"duration\">Kuukausi<\/span><\/p>\n<p><a class=\"get-started-btn\" href=\"#\">Aloita<\/a><label class=\"custom-checkbox-label recurring-payments\" for=\"recurring_payments_standatd\"><span class=\"custom-checkbox\"><\/span><span class=\"custom-checkbox-title\">Kuluvat maksut<\/span><input checked=\"\" id=\"recurring_payments_standatd\" name=\"recurring-payments-standatd\" type=\"checkbox\"\/><\/label><span class=\"sep\"><\/span><\/div>\n<div class=\"item-footer\">\n<ul>\n<li class=\"available\"><span class=\"highlighted\">1<\/span> Plagioinnin l\u00e4hett\u00e4mist\u00e4 *<\/li>\n<li class=\"available\"><span class=\"highlighted\">1<\/span> AI-vastaavuustestauksen l\u00e4hett\u00e4mist\u00e4 *<\/li>\n<li class=\"available\"><span class=\"highlighted\">Rajaton<\/span> Aikajakso (p\u00e4iv\u00e4t)<\/li>\n<li class=\"unavailable\"><span class=\"highlighted\">365<\/span> Aikajakso (p\u00e4iv\u00e4t)<\/li>\n<li class=\"unavailable\">Etsi AI-kirjoittamista<\/li>\n<\/ul>\n<\/div>\n<\/div>\n<div class=\"pricing-plan-item premium\">\n<div class=\"item-header\">\n<span class=\"plan-title\">Premium<\/span><\/p>\n<div class=\"plan-price-per-word\">\n<p class=\"price\"><span class=\"value\">$0,09<\/span> per<\/p>\n<p class=\"words-count\">1000 sanaa<\/p>\n<\/div>\n<\/div>\n<div class=\"item-main\">\n<span class=\"save-up-to-label\">S\u00e4\u00e4st\u00e4 jopa <span class=\"value\">30%<\/span><\/span><\/p>\n<p class=\"plan-price\"><span class=\"value\">$54,95<\/span> \/ <span class=\"duration\">Kuukausi<\/span><\/p>\n<p><a class=\"get-started-btn\" href=\"#\">Aloita<\/a><label class=\"custom-checkbox-label recurring-payments\" for=\"recurring_payments_premium\"><span class=\"custom-checkbox\"><\/span><span class=\"custom-checkbox-title\">Kuluvat maksut<\/span><input checked=\"\" id=\"recurring_payments_premium\" name=\"recurring-payments-premium\" type=\"checkbox\"\/><\/label><span class=\"sep\"><\/span><\/div>\n<div class=\"item-footer\">\n<ul>\n<li class=\"available\"><span class=\"highlighted\">1<\/span> Plagioinnin l\u00e4hett\u00e4mist\u00e4 *<\/li>\n<li class=\"available\"><span class=\"highlighted\">1<\/span> AI-vastaavuustestauksen l\u00e4hett\u00e4mist\u00e4 *<\/li>\n<li class=\"available\"><span class=\"highlighted\">Rajaton<\/span> Aikajakso (p\u00e4iv\u00e4t)<\/li>\n<li class=\"unavailable\"><span class=\"highlighted\">365<\/span> Aikajakso (p\u00e4iv\u00e4t)<\/li>\n<li class=\"unavailable\">Etsi AI-kirjoittamista<\/li>\n<\/ul>\n<\/div>\n<\/div>\n<\/div>\n<\/div>\n<\/div>\n<\/div>\n<\/div>\n<\/div>\n<\/div>\n<\/div>\n<\/div>\n<\/section>\n<section class=\"faq\">\n<div class=\"container-fluid\">\n<div class=\"container\">\n<div class=\"row\">\n<div class=\"col-12\">\n<div class=\"faq-content\">\n<div class=\"faq-text-block\">\n<p class=\"faq-text-top\">Kysymyksi\u00e4 ja vastauksia -osiossa on kaikki mit\u00e4 tarvitset tiet\u00e4\u00e4<\/p>\n<p class=\"faq-text-title\">Tarvitsetko lis\u00e4tietoa OriginalityReport.com:st\u00e4?<\/p>\n<p class=\"faq-text-subtitle\">Olemme analysoinneet ja vastanneet kysymyksiin, joita k\u00e4ytt\u00e4j\u00e4t esitt\u00e4v\u00e4t plagioinnin tarkistuksesta ja AI-tunnistuksesta.<\/p>\n<div class=\"different-question-block\">\n<img decoding=\"async\" alt=\"Kysymyksi\u00e4 ja Vastauksia\" class=\"faq-icon\" src=\"\/wp-content\/themes\/main\/images\/faq-icon.svg\"\/><\/p>\n<p class=\"title\">Yhteydenotto OriginalityReport.comiin lis\u00e4\u00e4 vastausten saamiseksi<\/p>\n<p class=\"subtitle\">Jos sinulla on lis\u00e4kysymyksi\u00e4 palvelumme suhteen, ota yhteytt\u00e4 ty\u00f6paani. He ovat iloisia auttamaan sinua ja selitt\u00e4m\u00e4\u00e4n parhaat tavat tarkistaa tekstit plagioinnista.<\/p>\n<p><a class=\"contact-support-btn custom-btn cb-black\" href=\"\/contact-us\/\">Ota Yhteytt\u00e4 Tukeen<\/a><\/div>\n<\/div>\n    <div class=\"faq-questions-block\">\n                <div class=\"faq-accordion\" id=\"faq_accordion\">\n                            <div class=\"faq-accordion-item item-1\">\n                    <button class=\"faq-accordion-question collapsed\" type=\"button\" data-bs-toggle=\"collapse\" data-bs-target=\"#faq_accordion_1\" aria-expanded=\"false\" aria-controls=\"faq_accordion_1\">Minulla on useita dokumentteja eri formaateissa. Voinko tarkistaa ne kaikki?<\/button>\n                    <div id=\"faq_accordion_1\" class=\"faq-accordion-answer accordion-collapse collapse\" data-bs-parent=\"#faq_accordion\">\n                        <p class=\"answer-text\">Kyll\u00e4, ty\u00f6kalumme voidaan k\u00e4ytt\u00e4\u00e4 dokumenttien skannaamiseen PDF-, Word- ja TXT-tiedostoissa sek\u00e4 tekstiss\u00e4, jota voidaan kopioida suoraan tarkistettavaksi.<\/p>\n                    <\/div>\n                <\/div>\n                            <div class=\"faq-accordion-item item-2\">\n                    <button class=\"faq-accordion-question collapsed\" type=\"button\" data-bs-toggle=\"collapse\" data-bs-target=\"#faq_accordion_2\" aria-expanded=\"false\" aria-controls=\"faq_accordion_2\">Voiko tuloksia luottaa?<\/button>\n                    <div id=\"faq_accordion_2\" class=\"faq-accordion-answer accordion-collapse collapse\" data-bs-parent=\"#faq_accordion\">\n                        <p class=\"answer-text\">Kyll\u00e4, ty\u00f6kalumme on eritt\u00e4in tarkka ja tarjoaa tarkan ja luotettavan raportin, jota voidaan k\u00e4ytt\u00e4\u00e4 todisteena kirjoituksen aitoudelle.<\/p>\n                    <\/div>\n                <\/div>\n                            <div class=\"faq-accordion-item item-3\">\n                    <button class=\"faq-accordion-question collapsed\" type=\"button\" data-bs-toggle=\"collapse\" data-bs-target=\"#faq_accordion_3\" aria-expanded=\"false\" aria-controls=\"faq_accordion_3\">Kuinka kauan tarkistusprosessi kest\u00e4\u00e4?<\/button>\n                    <div id=\"faq_accordion_3\" class=\"faq-accordion-answer accordion-collapse collapse\" data-bs-parent=\"#faq_accordion\">\n                        <p class=\"answer-text\">Asiakkaat voivat saada tuloksia muutamassa minuutissa. Algoritmi voi tarkistaa sis\u00e4ll\u00f6n plagioinnin ja AI:lle verrattavaksi nopeasti vertaamalla sit\u00e4 satojen miljoonien muiden tekstien kanssa.<\/p>\n                    <\/div>\n                <\/div>\n                            <div class=\"faq-accordion-item item-4\">\n                    <button class=\"faq-accordion-question collapsed\" type=\"button\" data-bs-toggle=\"collapse\" data-bs-target=\"#faq_accordion_4\" aria-expanded=\"false\" aria-controls=\"faq_accordion_4\">Tarjoatko luottamuksellisuusvakuutuksia?<\/button>\n                    <div id=\"faq_accordion_4\" class=\"faq-accordion-answer accordion-collapse collapse\" data-bs-parent=\"#faq_accordion\">\n                        <p class=\"answer-text\">Kyll\u00e4, keskitymme luottamuksellisuuteen ja yksityisyyteen. Alustamme ei ker\u00e4\u00e4 tietojasi tai tallenna tekstej\u00e4.<\/p>\n                    <\/div>\n                <\/div>\n                            <div class=\"faq-accordion-item item-5\">\n                    <button class=\"faq-accordion-question collapsed\" type=\"button\" data-bs-toggle=\"collapse\" data-bs-target=\"#faq_accordion_5\" aria-expanded=\"false\" aria-controls=\"faq_accordion_5\">Voinko tarkistaa tekstin, onko se luotu AIV:ll\u00e4?<\/button>\n                    <div id=\"faq_accordion_5\" class=\"faq-accordion-answer accordion-collapse collapse\" data-bs-parent=\"#faq_accordion\">\n                        <p class=\"answer-text\">Kyll\u00e4, olemme yksi parhaimmistoa palveluista AI:ll\u00e4 tuotetun sis\u00e4ll\u00f6n tunnistamisessa.<\/p>\n                    <\/div>\n                <\/div>\n                            <div class=\"faq-accordion-item item-6\">\n                    <button class=\"faq-accordion-question collapsed\" type=\"button\" data-bs-toggle=\"collapse\" data-bs-target=\"#faq_accordion_6\" aria-expanded=\"false\" aria-controls=\"faq_accordion_6\">Tuenko useita kieli\u00e4?<\/button>\n                    <div id=\"faq_accordion_6\" class=\"faq-accordion-answer accordion-collapse collapse\" data-bs-parent=\"#faq_accordion\">\n                        <p class=\"answer-text\">Kyll\u00e4, ty\u00f6kalumme toimii eri kielill\u00e4 kansainv\u00e4listen k\u00e4ytt\u00e4jien mukavuuden vuoksi.<\/p>\n                    <\/div>\n                <\/div>\n                            <div class=\"faq-accordion-item item-7\">\n                    <button class=\"faq-accordion-question collapsed\" type=\"button\" data-bs-toggle=\"collapse\" data-bs-target=\"#faq_accordion_7\" aria-expanded=\"false\" aria-controls=\"faq_accordion_7\">Mit\u00e4 l\u00e4hteit\u00e4 j\u00e4rjestelm\u00e4si tarkastelee?<\/button>\n                    <div id=\"faq_accordion_7\" class=\"faq-accordion-answer accordion-collapse collapse\" data-bs-parent=\"#faq_accordion\">\n                        <p class=\"answer-text\">Tutkimme akateemisia julkaisuja, verkkosivustoja ja erityisi\u00e4 tietokantoja parhaisten tulosten saavuttamiseksi.<\/p>\n                    <\/div>\n                <\/div>\n                            <div class=\"faq-accordion-item item-8\">\n                    <button class=\"faq-accordion-question collapsed\" type=\"button\" data-bs-toggle=\"collapse\" data-bs-target=\"#faq_accordion_8\" aria-expanded=\"false\" aria-controls=\"faq_accordion_8\">Voiko useita tekstej\u00e4 tarkistaa samanaikaisesti?<\/button>\n                    <div id=\"faq_accordion_8\" class=\"faq-accordion-answer accordion-collapse collapse\" data-bs-parent=\"#faq_accordion\">\n                        <p class=\"answer-text\">Kyll\u00e4, k\u00e4ytt\u00e4j\u00e4t voivat ladata useita tekstej\u00e4 yhten\u00e4 kertaa aikansa s\u00e4ilytt\u00e4miseksi.<\/p>\n                    <\/div>\n                <\/div>\n                            <div class=\"faq-accordion-item item-9\">\n                    <button class=\"faq-accordion-question collapsed\" type=\"button\" data-bs-toggle=\"collapse\" data-bs-target=\"#faq_accordion_9\" aria-expanded=\"false\" aria-controls=\"faq_accordion_9\">Rajoitatko dokumenttien koon, jotka voidaan ladata tarkistusta varten?<\/button>\n                    <div id=\"faq_accordion_9\" class=\"faq-accordion-answer accordion-collapse collapse\" data-bs-parent=\"#faq_accordion\">\n                        <p class=\"answer-text\">Ei, asiakkaat voivat tarkistaa lyhyit\u00e4 tekstej\u00e4 ja suuria dokumentteja.<\/p>\n                    <\/div>\n                <\/div>\n                            <div class=\"faq-accordion-item item-10\">\n                    <button class=\"faq-accordion-question collapsed\" type=\"button\" data-bs-toggle=\"collapse\" data-bs-target=\"#faq_accordion_10\" aria-expanded=\"false\" aria-controls=\"faq_accordion_10\">Onko sinulla p\u00e4ivityksi\u00e4 paremman tarkistamisen suhteen?<\/button>\n                    <div id=\"faq_accordion_10\" class=\"faq-accordion-answer accordion-collapse collapse\" data-bs-parent=\"#faq_accordion\">\n                        <p class=\"answer-text\">Kyll\u00e4, ty\u00f6kalumme k\u00e4ytt\u00e4\u00e4 edistyneit\u00e4 algoritmeja ja saavat jatkuvasti p\u00e4ivityksi\u00e4 parhaan tuloksen saavuttamiseksi.<\/p>\n                    <\/div>\n                <\/div>\n                            <div class=\"faq-accordion-item item-11\">\n                    <button class=\"faq-accordion-question collapsed\" type=\"button\" data-bs-toggle=\"collapse\" data-bs-target=\"#faq_accordion_11\" aria-expanded=\"false\" aria-controls=\"faq_accordion_11\">Kunne plagiaattitarkistimen k\u00e4ytt\u00e4\u00e4 j\u00e4rjestelmien kanssa?<\/button>\n                    <div id=\"faq_accordion_11\" class=\"faq-accordion-answer accordion-collapse collapse\" data-bs-parent=\"#faq_accordion\">\n                        <p class=\"answer-text\">Kyll\u00e4, on mahdollisuus API-integraatioon.<\/p>\n                    <\/div>\n                <\/div>\n                            <div class=\"faq-accordion-item item-12\">\n                    <button class=\"faq-accordion-question collapsed\" type=\"button\" data-bs-toggle=\"collapse\" data-bs-target=\"#faq_accordion_12\" aria-expanded=\"false\" aria-controls=\"faq_accordion_12\">Voinko rekister\u00f6ity\u00e4 kokeilua varten?<\/button>\n                    <div id=\"faq_accordion_12\" class=\"faq-accordion-answer accordion-collapse collapse\" data-bs-parent=\"#faq_accordion\">\n                        <p class=\"answer-text\">Kyll\u00e4, meid\u00e4n maksuton kokeilumme on saatavilla asiakkaille, jotka haluavat tutustua siihen, mit\u00e4 alustamme tarjoaa.<\/p>\n                    <\/div>\n                <\/div>\n                            <div class=\"faq-accordion-item item-13\">\n                    <button class=\"faq-accordion-question collapsed\" type=\"button\" data-bs-toggle=\"collapse\" data-bs-target=\"#faq_accordion_13\" aria-expanded=\"false\" aria-controls=\"faq_accordion_13\">Onko tarkistin optimoitu mobiilik\u00e4ytt\u00f6\u00f6n?<\/button>\n                    <div id=\"faq_accordion_13\" class=\"faq-accordion-answer accordion-collapse collapse\" data-bs-parent=\"#faq_accordion\">\n                        <p class=\"answer-text\">Kyll\u00e4, j\u00e4rjestelm\u00e4mme on mobiilivastaanottavaa, mik\u00e4 tekee siit\u00e4 k\u00e4ytt\u00e4jille saavutettavamman.<\/p>\n                    <\/div>\n                <\/div>\n                    <\/div>\n    <\/div>\n    <\/div>\n<\/div>\n<\/div>\n<\/div>\n<\/div>\n<\/section>\n","protected":false,"raw":"<section class=\"pricing-page-main-block\">\r\n<div class=\"container-fluid\">\r\n<div class=\"container\">\r\n<div class=\"row\">\r\n<div class=\"col-12\">\r\n<div class=\"pricing-main-block-content\">\r\n<div class=\"ps-widget-container\" data-ps-widget-name=\"Prices\" data-ps-widget-options=\"{}\">\r\n<p class=\"top-text\">Valitse Hinnasto<\/p>\r\n<h1 class=\"page-title\">Ei piilotettuja maksuja tarkalle plagioinnille ja AI-vastaavuustestaukselle.<\/h1>\r\n<div class=\"pricing-block\">\r\n<div class=\"pricing-plan-duration\">\r\n<button class=\"pricing-plan-duration-item one-time active\" type=\"button\">Kertaalleen<\/button>\r\n<button class=\"pricing-plan-duration-item monthly\" type=\"button\">Kuukausittain<\/button>\r\n<button class=\"pricing-plan-duration-item 3-months\" type=\"button\">3-Kuukautta<\/button>\r\n<button class=\"pricing-plan-duration-item yearly\" type=\"button\">Vuosittain<\/button>\r\n<\/div>\r\n<div class=\"pricing-plan-items-wrapper\">\r\n<div class=\"pricing-plan-items\">\r\n<div class=\"pricing-plan-item light\">\r\n<div class=\"item-header\">\r\n<span class=\"plan-title\">Helppo<\/span>\r\n<div class=\"plan-price-per-word\">\r\n<p class=\"price\"><span class=\"value\">$0,23<\/span> per<\/p>\r\n<p class=\"words-count\">1000 sanaa<\/p>\r\n<\/div>\r\n<\/div>\r\n<div class=\"item-main\">\r\n<span class=\"save-up-to-label\">S\u00e4\u00e4st\u00e4 jopa <span class=\"value\">30%<\/span><\/span>\r\n<p class=\"plan-price\"><span class=\"value\">$22,95<\/span> \/ <span class=\"duration\">Kuukausi<\/span><\/p><a class=\"get-started-btn\" href=\"#\">Aloita<\/a><label class=\"custom-checkbox-label recurring-payments\" for=\"recurring_payments_light\"><span class=\"custom-checkbox\"><\/span><span class=\"custom-checkbox-title\">Kuluvat maksut<\/span><input checked=\"\" id=\"recurring_payments_light\" name=\"recurring-payments-light\" type=\"checkbox\"\/>\r\n<\/label><span class=\"sep\"><\/span><\/div>\r\n<div class=\"item-footer\">\r\n<ul>\r\n<li class=\"available\"><span class=\"highlighted\">1<\/span> Plagioinnin l\u00e4hett\u00e4mist\u00e4 *<\/li>\r\n<li class=\"available\"><span class=\"highlighted\">1<\/span> AI-vastaavuustestauksen l\u00e4hett\u00e4mist\u00e4 *<\/li>\r\n<li class=\"available\"><span class=\"highlighted\">Rajaton<\/span> Aikajakso (p\u00e4iv\u00e4t)<\/li>\r\n<li class=\"unavailable\"><span class=\"highlighted\">365<\/span> Aikajakso (p\u00e4iv\u00e4t)<\/li>\r\n<li class=\"unavailable\">Etsi AI-kirjoittamista<\/li><\/ul><\/div><\/div>\r\n<div class=\"pricing-plan-item standatd selected\">\r\n<div class=\"item-header\">\r\n<span class=\"plan-title\">Standatd<\/span>\r\n<div class=\"plan-price-per-word\">\r\n<p class=\"price\"><span class=\"value\">$0,12<\/span> per<\/p>\r\n<p class=\"words-count\">1000 sanaa<\/p><\/div><\/div>\r\n<div class=\"item-main\">\r\n<span class=\"save-up-to-label\">S\u00e4\u00e4st\u00e4 jopa <span class=\"value\">30%<\/span><\/span>\r\n<p class=\"plan-price\"><span class=\"value\">$34,95<\/span> \/ <span class=\"duration\">Kuukausi<\/span><\/p><a class=\"get-started-btn\" href=\"#\">Aloita<\/a><label class=\"custom-checkbox-label recurring-payments\" for=\"recurring_payments_standatd\"><span class=\"custom-checkbox\"><\/span><span class=\"custom-checkbox-title\">Kuluvat maksut<\/span><input checked=\"\" id=\"recurring_payments_standatd\" name=\"recurring-payments-standatd\" type=\"checkbox\"\/><\/label><span class=\"sep\"><\/span><\/div>\r\n<div class=\"item-footer\">\r\n<ul>\r\n<li class=\"available\"><span class=\"highlighted\">1<\/span> Plagioinnin l\u00e4hett\u00e4mist\u00e4 *<\/li>\r\n<li class=\"available\"><span class=\"highlighted\">1<\/span> AI-vastaavuustestauksen l\u00e4hett\u00e4mist\u00e4 *<\/li>\r\n<li class=\"available\"><span class=\"highlighted\">Rajaton<\/span> Aikajakso (p\u00e4iv\u00e4t)<\/li>\r\n<li class=\"unavailable\"><span class=\"highlighted\">365<\/span> Aikajakso (p\u00e4iv\u00e4t)<\/li>\r\n<li class=\"unavailable\">Etsi AI-kirjoittamista<\/li><\/ul><\/div><\/div>\r\n<div class=\"pricing-plan-item premium\">\r\n<div class=\"item-header\">\r\n<span class=\"plan-title\">Premium<\/span>\r\n<div class=\"plan-price-per-word\">\r\n<p class=\"price\"><span class=\"value\">$0,09<\/span> per<\/p>\r\n<p class=\"words-count\">1000 sanaa<\/p>\r\n<\/div>\r\n<\/div>\r\n<div class=\"item-main\">\r\n<span class=\"save-up-to-label\">S\u00e4\u00e4st\u00e4 jopa <span class=\"value\">30%<\/span><\/span>\r\n<p class=\"plan-price\"><span class=\"value\">$54,95<\/span> \/ <span class=\"duration\">Kuukausi<\/span><\/p><a class=\"get-started-btn\" href=\"#\">Aloita<\/a><label class=\"custom-checkbox-label recurring-payments\" for=\"recurring_payments_premium\"><span class=\"custom-checkbox\"><\/span><span class=\"custom-checkbox-title\">Kuluvat maksut<\/span><input checked=\"\" id=\"recurring_payments_premium\" name=\"recurring-payments-premium\" type=\"checkbox\"\/><\/label><span class=\"sep\"><\/span><\/div>\r\n<div class=\"item-footer\">\r\n<ul>\r\n<li class=\"available\"><span class=\"highlighted\">1<\/span> Plagioinnin l\u00e4hett\u00e4mist\u00e4 *<\/li>\r\n<li class=\"available\"><span class=\"highlighted\">1<\/span> AI-vastaavuustestauksen l\u00e4hett\u00e4mist\u00e4 *<\/li>\r\n<li class=\"available\"><span class=\"highlighted\">Rajaton<\/span> Aikajakso (p\u00e4iv\u00e4t)<\/li>\r\n<li class=\"unavailable\"><span class=\"highlighted\">365<\/span> Aikajakso (p\u00e4iv\u00e4t)<\/li>\r\n<li class=\"unavailable\">Etsi AI-kirjoittamista<\/li><\/ul><\/div><\/div><\/div><\/div><\/div><\/div><\/div><\/div><\/div><\/div><\/div>\r\n<\/section>\r\n<section class=\"faq\">\r\n<div class=\"container-fluid\">\r\n<div class=\"container\">\r\n<div class=\"row\">\r\n<div class=\"col-12\">\r\n<div class=\"faq-content\">\r\n<div class=\"faq-text-block\">\r\n<p class=\"faq-text-top\">Kysymyksi\u00e4 ja vastauksia -osiossa on kaikki mit\u00e4 tarvitset tiet\u00e4\u00e4<\/p>\r\n<p class=\"faq-text-title\">Tarvitsetko lis\u00e4tietoa OriginalityReport.com:st\u00e4?<\/p>\r\n<p class=\"faq-text-subtitle\">Olemme analysoinneet ja vastanneet kysymyksiin, joita k\u00e4ytt\u00e4j\u00e4t esitt\u00e4v\u00e4t plagioinnin tarkistuksesta ja AI-tunnistuksesta.<\/p>\r\n<div class=\"different-question-block\">\r\n<img alt=\"Kysymyksi\u00e4 ja Vastauksia\" class=\"faq-icon\" src=\"\/wp-content\/themes\/main\/images\/faq-icon.svg\"\/><p class=\"title\">Yhteydenotto OriginalityReport.comiin lis\u00e4\u00e4 vastausten saamiseksi<\/p>\r\n<p class=\"subtitle\">Jos sinulla on lis\u00e4kysymyksi\u00e4 palvelumme suhteen, ota yhteytt\u00e4 ty\u00f6paani. He ovat iloisia auttamaan sinua ja selitt\u00e4m\u00e4\u00e4n parhaat tavat tarkistaa tekstit plagioinnista.<\/p><a class=\"contact-support-btn custom-btn cb-black\" href=\"\/contact-us\/\">Ota Yhteytt\u00e4 Tukeen<\/a><\/div>\r\n<\/div>[faq_questions]<\/div><\/div><\/div><\/div><\/div>\r\n<\/section>"},"excerpt":{"rendered":"Valitse Hinnasto\nEi piilotettuja maksuja tarkalle plagioinnille ja AI-vastaavuustestaukselle.\nYhden kerran Kertaalleen Kuukausittain 3-Kuukautta Vuosittain\nHelppo $0,23 per 1000 sanaa S\u00e4\u00e4st\u00e4 jopa 30%\n$22,95 \/ kuukausiAloita\nKuluvat maksut\n1 Plagioinnin l\u00e4hett\u00e4mist\u00e4 * 1 AI-vastaavuustestauksen l\u00e4hett\u00e4mist\u00e4 * Rajaton Aikajakso (p\u00e4iv\u00e4t) 365 Aikajakso (p\u00e4iv\u00e4t) Etsi AI-kirjoittamista\nStandartti $0,12 per.","protected":false,"raw":"Valitse Hinnasto\nEi piilotettuja maksuja tarkalle plagioinnille ja AI-vastaavuustestaukselle.\nYhden kerran Kertaalleen Kuukausittain 3-Kuukautta Vuosittain\nHelppo $0,23 per 1000 sanaa S\u00e4\u00e4st\u00e4 jopa 30%\n$22,95 \/ kuukausiAloita\nKuluvat maksut\n1 Plagioinnin l\u00e4hett\u00e4mist\u00e4 * 1 AI-vastaavuustestauksen l\u00e4hett\u00e4mist\u00e4 * Rajaton Aikajakso (p\u00e4iv\u00e4t) 365 Aikajakso (p\u00e4iv\u00e4t) Etsi AI-kirjoittamista\nStandartti $0,12 per."},"author":1,"featured_media":0,"parent":0,"menu_order":0,"comment_status":"closed","ping_status":"closed","template":"tpl-landing.php","meta":{"_aioseo_title":null,"_aioseo_description":null,"_locale":"fi","_original_post":"https:\/\/originalityreport.com\/?page_id=10","footnotes":""},"class_list":["post-277","page","type-page","status-publish","hentry","fi"],"aioseo_notices":[],"_links":{"self":[{"href":"https:\/\/originalityreport.com\/wp-json\/wp\/v2\/pages\/277","targetHints":{"allow":["GET"]}}],"collection":[{"href":"https:\/\/originalityreport.com\/wp-json\/wp\/v2\/pages"}],"about":[{"href":"https:\/\/originalityreport.com\/wp-json\/wp\/v2\/types\/page"}],"author":[{"embeddable":true,"href":"https:\/\/originalityreport.com\/wp-json\/wp\/v2\/users\/1"}],"replies":[{"embeddable":true,"href":"https:\/\/originalityreport.com\/wp-json\/wp\/v2\/comments?post=277"}],"version-history":[{"count":3,"href":"https:\/\/originalityreport.com\/wp-json\/wp\/v2\/pages\/277\/revisions"}],"predecessor-version":[{"id":736,"href":"https:\/\/originalityreport.com\/wp-json\/wp\/v2\/pages\/277\/revisions\/736"}],"wp:attachment":[{"href":"https:\/\/originalityreport.com\/wp-json\/wp\/v2\/media?parent=277"}],"curies":[{"name":"wp","href":"https:\/\/api.w.org\/{rel}","templated":true}]}}