{"id":509,"date":"2025-03-24T11:47:23","date_gmt":"2025-03-24T11:47:23","guid":{"rendered":"https:\/\/originalityreport.com\/?page_id=509","raw":"https:\/\/originalityreport.com\/?page_id=509"},"modified":"2025-04-04T08:53:04","modified_gmt":"2025-04-04T08:53:04","slug":"privacy-policy","status":"publish","type":"page","link":"https:\/\/originalityreport.com\/es\/privacy-policy\/","title":{"rendered":"Pol\u00edtica de Privacidad","raw":"Pol\u00edtica de Privacidad"},"content":{"rendered":"<p>System Technology Online Spain SL., Calle Pintor P\u00e9rez Gil 2, b.46 03540, Alicante, Espa\u00f1a (\u00abnosotros\u00bb, \u00abnuestro\u00bb o \u00abnuestra\u00bb) opera el sitio web originalityreport.com y es el responsable de sus datos personales.<\/p>\n<p>Nos gustar\u00eda expresar nuestro agradecimiento por el tiempo que ha dedicado a revisar nuestras ofertas e inter\u00e9s en los servicios de nuestra empresa. Puede estar seguro de que garantizamos la confidencialidad de cualquier detalle personal de nuestros clientes. Todos los tipos de informaci\u00f3n personal que proporcionan nuestros clientes permanecen seguros y privados. No es posible ning\u00fan uso indebido o p\u00e9rdida de detalles si elige los servicios de nuestra empresa.<\/p>\n<p>A continuaci\u00f3n, puede encontrar las aclaraciones respecto a los datos que recopilamos de nuestros clientes.<\/p>\n<p>Mientras cooperamos, necesitamos los siguientes detalles:<\/p>\n<ul>\n<li>Nuestros clientes;<\/li>\n<li>Visitantes de nuestro sitio web.<\/li>\n<\/ul>\n<p>Los detalles recopilados por el servidor del sitio web incluyen:<\/p>\n<ul>\n<li>Tipo de navegador;<\/li>\n<li>D\u00eda y hora de acceso al sitio web;<\/li>\n<li>Tipo de sistema operativo.<\/li>\n<\/ul>\n<p>Tenga en cuenta que la informaci\u00f3n recopilada nunca se vende ni comparte; no est\u00e1 relacionada con el descubrimiento de ninguna identidad. El \u00fanico prop\u00f3sito de recopilar esos datos es personalizar los datos y mejorar el contenido del sitio web.<\/p>\n<p><strong>Galletas<\/strong><\/p>\n<p>Las p\u00e1ginas web pertenecientes a originalityreport.com utilizan los archivos llamados \u00abcookies\u00bb \u2013 archivos de texto transferidos al sistema inform\u00e1tico mediante el navegador web. Estos archivos nos permiten ofrecer a quienes navegan por nuestro sitio web contenido amigable para el usuario.<\/p>\n<p>La recopilaci\u00f3n de cookies puede detenerse si se cambian las configuraciones del navegador web. Los archivos de cookies ya establecidos pueden eliminarse utilizando programas espec\u00edficos para el ordenador o a trav\u00e9s de Internet. Tenga en cuenta que algunas funciones ofrecidas por nuestro sitio web pueden quedar inaccesibles despu\u00e9s de desactivar la recopilaci\u00f3n de cookies.<\/p>\n<p><strong>Recogida de los Datos de Compra<\/strong><\/p>\n<p>originalityreport.com recoge tales detalles personales como nombre, n\u00famero de tel\u00e9fono, correo electr\u00f3nico, pa\u00eds de residencia y fecha de nacimiento. Con el \u00fanico prop\u00f3sito de procesar las solicitudes de los usuarios de manera eficiente, nuestro recurso tambi\u00e9n recopila algunos datos confidenciales, es decir, n\u00fameros de tarjetas de cr\u00e9dito y pasaportes, historiales m\u00e9dicos para enviarlos a nuestros compa\u00f1eros de seguros. De ninguna otra forma, originalityreport.com ni re\u00fane ni almacena informaci\u00f3n confidencial.<\/p>\n<p><strong>Recogida de Informaci\u00f3n General<\/strong><\/p>\n<p>P\u00e1ginas web pertenecientes a la red originalidadreport.com pueden recopilar datos sobre:<\/p>\n<ul>\n<li>Tipo de software de navegaci\u00f3n web;<\/li>\n<li>Sistema inform\u00e1tico utilizado;<\/li>\n<li>R\u00e9plica en l\u00ednea desde la que se accede a nuestro sitio web;<\/li>\n<li>P\u00e1ginas secundarias;<\/li>\n<li>Fecha y hora de visita a nuestro sitio web;<\/li>\n<li>Direcci\u00f3n IP;<\/li>\n<li>Proveedor de Internet;<\/li>\n<li>Otros datos que puedan ser utilizados para atacar nuestros sistemas IT.<\/li>\n<\/ul>\n<p>La informaci\u00f3n mencionada se utiliza para:<\/p>\n<ul>\n<li>Proporcionar nuestro contenido de manera adecuada;<\/li>\n<li>Mejorar tanto el contenido como la forma en que se publicita;<\/li>\n<li>Asegurar la viabilidad tecnol\u00f3gica;<\/li>\n<\/ul>\n<p>Proporcionar a las autoridades los datos necesarios para llevar a cabo una investigaci\u00f3n penal relacionada con ataques cibern\u00e9ticos. Los hechos recopilados se examinan con el fin de mejorar la seguridad de los datos tanto de nuestra empresa como de nuestros clientes.<\/p>\n<p><strong>El Uso de Cookies<\/strong><\/p>\n<p>Nosotros utilizamos &#8216;cookies&#8217;, ya que nos permiten recopilar datos estad\u00edsticos sobre las visitas y el uso de nuestro sitio web. Adem\u00e1s, es una buena opci\u00f3n para crear una navegaci\u00f3n eficiente.<\/p>\n<p><strong>Recolecci\u00f3n de Datos Personales<\/strong><\/p>\n<p>Nuestros clientes se les pide que proporcionen la siguiente informaci\u00f3n personal al registrarse:<\/p>\n<ul>\n<li>Nombre<\/li>\n<li>N\u00famero de tel\u00e9fono de contacto<\/li>\n<li>Correo electr\u00f3nico<\/li>\n<\/ul>\n<p>Por lo tanto, se recomienda asegurarse de la precisi\u00f3n de los detalles de contacto ya que es una garant\u00eda de la alta calidad de los servicios proporcionados.<\/p>\n<p>Nuestra app accede a los datos del usuario de Google solo despu\u00e9s de la verificaci\u00f3n del usuario. Todos los datos se utilizar\u00e1n exclusivamente para fines de detecci\u00f3n de plagio, no se prev\u00e9 el intercambio ni el almacenamiento de informaci\u00f3n personal. originalityreport.com no almacena, utiliza ni comparte los datos de usuarios de Google.<\/p>\n<p>Nuestros clientes obtienen un 100 % de garant\u00eda de que sus datos personales nunca estar\u00e1n disponibles para nadie excepto el personal de la empresa. No es posible ninguna divulgaci\u00f3n, compartici\u00f3n, venta, publicaci\u00f3n o env\u00edo a terceros. Ning\u00fan texto escaneado utilizando nuestra herramienta de detecci\u00f3n de plagios ser\u00e1 transmitido a un tercero ni utilizado con fines distintos. Usted es el \u00fanico propietario del texto sometido al control de plagio para verificar la originalidad del contenido.<\/p>\n<p><strong>Transacciones en l\u00ednea<\/strong><\/p>\n<p>Solo utilizamos transacciones en l\u00ednea seguras a trav\u00e9s de sistemas de pago confiables que excluyen cualquier posibilidad de divulgaci\u00f3n de informaci\u00f3n. En algunos casos, el Departamento Financiero contacta con nuestros clientes para asegurar la verificaci\u00f3n de sus identidades y prevenir todo tipo de fraude en l\u00ednea.<\/p>\n<p><strong>Derechos de los Clientes<\/strong><\/p>\n<p>La informaci\u00f3n en el perfil del cliente puede ser modificada, editada, sustituida o eliminada por el usuario. En caso de necesitar cualquier cambio o asistencia, no dude en ponerse en contacto con el equipo de atenci\u00f3n al cliente.<\/p>\n<p>Muy valoramos las preferencias de los clientes respecto al uso privado de nuestros servicios de detecci\u00f3n de plagios, as\u00ed como opciones de edici\u00f3n\/reescritura\/revisi\u00f3n. Su informaci\u00f3n personal se utilizar\u00e1 exclusivamente para fines internos de la empresa. El uso de nuestros servicios implica su aprobaci\u00f3n de nuestras pol\u00edticas y normas de privacidad.<\/p>\n<p><strong>Google Drive y Datos de la Cuenta<\/strong><\/p>\n<p>No utilizamos la informaci\u00f3n que almacenas en tu Google Drive para uso personal. Tu nombre, direcci\u00f3n de correo electr\u00f3nico y enlaces a archivos no se guardan autom\u00e1ticamente en nuestros servidores a menos que los subas mediante nuestra aplicaci\u00f3n. No tenemos intenci\u00f3n de compartir tus archivos o informaci\u00f3n personal con terceros. No realizaremos ning\u00fan cambio en tus archivos salvo que lo hagas directamente a trav\u00e9s de nuestra aplicaci\u00f3n o en Google Drive. Si decides eliminar el archivo de texto compartido con nosotros, los datos se eliminar\u00e1n inmediatamente de nuestro servidor. Sin embargo, los archivos no se eliminar\u00e1n de tu Google Drive. Tambi\u00e9n puedes revocar nuestro acceso a tus datos de Google Drive en cualquier momento. Nos reservamos el derecho de impedir que nadie acceda a su Google Drive mediante nuestra aplicaci\u00f3n.<\/p>\n<p>Nuestra p\u00e1gina web acceder\u00e1 a los archivos de Google Drive de los usuarios, pero \u00fanicamente con permiso de lectura (espec\u00edficamente, el \u00e1mbito \u00abhttps:\/\/www.googleapis.com\/auth\/drive.readonly\u00bb). Guardaremos el texto plano de los archivos solo para el usuario. El usuario retendr\u00e1 la capacidad de eliminar estos datos en cualquier momento.<\/p>\n<p><strong>Acuerdo del Servicio Google API<\/strong><\/p>\n<p>El uso y transferencia de los datos obtenidos desde las Google APIs por originalityreport.com a cualquier otra aplicaci\u00f3n se ajustar\u00e1 a la Pol\u00edtica de Datos del Usuario de Google API Services, incluidos los requisitos de Uso Limitado.<\/p>\n<p><strong>Conformidad con el RGPD en la Retenci\u00f3n y Eliminaci\u00f3n de Datos Personales<\/strong><\/p>\n<p>De acuerdo con el Reglamento General de Protecci\u00f3n de Datos (RGPD), nos comprometemos a garantizar un manejo legal de los datos personales. Al finalizar los servicios, o al vencimiento de un contrato u acuerdo, estamos obligados a devolver o eliminar todos los datos personales en nuestro poder, salvo que exista una obligaci\u00f3n legal que requiera su conservaci\u00f3n. Nuestras acciones se ajustar\u00e1n estrictamente a las directrices del RGPD para garantizar la privacidad y protecci\u00f3n de los datos personales individuales.<\/p>\n","protected":false,"raw":"<p>System Technology Online Spain SL., Calle Pintor P\u00e9rez Gil 2, b.46 03540, Alicante, Espa\u00f1a (\u00abnosotros\u00bb, \u00abnuestro\u00bb o \u00abnuestra\u00bb) opera el sitio web originalityreport.com y es el responsable de sus datos personales.<\/p>\r\n<p>Nos gustar\u00eda expresar nuestro agradecimiento por el tiempo que ha dedicado a revisar nuestras ofertas e inter\u00e9s en los servicios de nuestra empresa. Puede estar seguro de que garantizamos la confidencialidad de cualquier detalle personal de nuestros clientes. Todos los tipos de informaci\u00f3n personal que proporcionan nuestros clientes permanecen seguros y privados. No es posible ning\u00fan uso indebido o p\u00e9rdida de detalles si elige los servicios de nuestra empresa.<\/p>\r\n<p>A continuaci\u00f3n, puede encontrar las aclaraciones respecto a los datos que recopilamos de nuestros clientes.<\/p>\r\n<p>Mientras cooperamos, necesitamos los siguientes detalles:<\/p>\r\n<ul>\r\n<li>Nuestros clientes;<\/li>\r\n<li>Visitantes de nuestro sitio web.<\/li>\r\n<\/ul>\r\n<p>Los detalles recopilados por el servidor del sitio web incluyen:<\/p>\r\n<ul>\r\n<li>Tipo de navegador;<\/li>\r\n<li>D\u00eda y hora de acceso al sitio web;<\/li>\r\n<li>Tipo de sistema operativo.<\/li>\r\n<\/ul>\r\n<p>Tenga en cuenta que la informaci\u00f3n recopilada nunca se vende ni comparte; no est\u00e1 relacionada con el descubrimiento de ninguna identidad. El \u00fanico prop\u00f3sito de recopilar esos datos es personalizar los datos y mejorar el contenido del sitio web.<\/p>\r\n<p><strong>Galletas<\/strong><\/p>\r\n<p>Las p\u00e1ginas web pertenecientes a originalityreport.com utilizan los archivos llamados \"cookies\" \u2013 archivos de texto transferidos al sistema inform\u00e1tico mediante el navegador web. Estos archivos nos permiten ofrecer a quienes navegan por nuestro sitio web contenido amigable para el usuario.<\/p>\r\n<p>La recopilaci\u00f3n de cookies puede detenerse si se cambian las configuraciones del navegador web. Los archivos de cookies ya establecidos pueden eliminarse utilizando programas espec\u00edficos para el ordenador o a trav\u00e9s de Internet. Tenga en cuenta que algunas funciones ofrecidas por nuestro sitio web pueden quedar inaccesibles despu\u00e9s de desactivar la recopilaci\u00f3n de cookies.<\/p>\r\n<p><strong>Recogida de los Datos de Compra<\/strong><\/p>\r\n<p>originalityreport.com recoge tales detalles personales como nombre, n\u00famero de tel\u00e9fono, correo electr\u00f3nico, pa\u00eds de residencia y fecha de nacimiento. Con el \u00fanico prop\u00f3sito de procesar las solicitudes de los usuarios de manera eficiente, nuestro recurso tambi\u00e9n recopila algunos datos confidenciales, es decir, n\u00fameros de tarjetas de cr\u00e9dito y pasaportes, historiales m\u00e9dicos para enviarlos a nuestros compa\u00f1eros de seguros. De ninguna otra forma, originalityreport.com ni re\u00fane ni almacena informaci\u00f3n confidencial.<\/p>\r\n<p><strong>Recogida de Informaci\u00f3n General<\/strong><\/p>\r\n<p>P\u00e1ginas web pertenecientes a la red originalidadreport.com pueden recopilar datos sobre:<\/p>\r\n<ul>\r\n<li>Tipo de software de navegaci\u00f3n web;<\/li>\r\n<li>Sistema inform\u00e1tico utilizado;<\/li>\r\n<li>R\u00e9plica en l\u00ednea desde la que se accede a nuestro sitio web;<\/li>\r\n<li>P\u00e1ginas secundarias;<\/li>\r\n<li>Fecha y hora de visita a nuestro sitio web;<\/li>\r\n<li>Direcci\u00f3n IP;<\/li>\r\n<li>Proveedor de Internet;<\/li>\r\n<li>Otros datos que puedan ser utilizados para atacar nuestros sistemas IT.<\/li>\r\n<\/ul>\r\n<p>La informaci\u00f3n mencionada se utiliza para:<\/p>\r\n<ul>\r\n<li>Proporcionar nuestro contenido de manera adecuada;<\/li>\r\n<li>Mejorar tanto el contenido como la forma en que se publicita;<\/li>\r\n<li>Asegurar la viabilidad tecnol\u00f3gica;<\/li>\r\n<\/ul>\r\n<p>Proporcionar a las autoridades los datos necesarios para llevar a cabo una investigaci\u00f3n penal relacionada con ataques cibern\u00e9ticos. Los hechos recopilados se examinan con el fin de mejorar la seguridad de los datos tanto de nuestra empresa como de nuestros clientes.<\/p>\r\n<p><strong>El Uso de Cookies<\/strong><\/p>\r\n<p>Nosotros utilizamos 'cookies', ya que nos permiten recopilar datos estad\u00edsticos sobre las visitas y el uso de nuestro sitio web. Adem\u00e1s, es una buena opci\u00f3n para crear una navegaci\u00f3n eficiente.<\/p>\r\n<p><strong>Recolecci\u00f3n de Datos Personales<\/strong><\/p>\r\n<p>Nuestros clientes se les pide que proporcionen la siguiente informaci\u00f3n personal al registrarse:<\/p>\r\n<ul>\r\n<li>Nombre<\/li>\r\n<li>N\u00famero de tel\u00e9fono de contacto<\/li>\r\n<li>Correo electr\u00f3nico<\/li>\r\n<\/ul>\r\n<p>Por lo tanto, se recomienda asegurarse de la precisi\u00f3n de los detalles de contacto ya que es una garant\u00eda de la alta calidad de los servicios proporcionados.<\/p>\r\n<p>Nuestra app accede a los datos del usuario de Google solo despu\u00e9s de la verificaci\u00f3n del usuario. Todos los datos se utilizar\u00e1n exclusivamente para fines de detecci\u00f3n de plagio, no se prev\u00e9 el intercambio ni el almacenamiento de informaci\u00f3n personal. originalityreport.com no almacena, utiliza ni comparte los datos de usuarios de Google.<\/p>\r\n<p>Nuestros clientes obtienen un 100 % de garant\u00eda de que sus datos personales nunca estar\u00e1n disponibles para nadie excepto el personal de la empresa. No es posible ninguna divulgaci\u00f3n, compartici\u00f3n, venta, publicaci\u00f3n o env\u00edo a terceros. Ning\u00fan texto escaneado utilizando nuestra herramienta de detecci\u00f3n de plagios ser\u00e1 transmitido a un tercero ni utilizado con fines distintos. Usted es el \u00fanico propietario del texto sometido al control de plagio para verificar la originalidad del contenido.<\/p>\r\n<p><strong>Transacciones en l\u00ednea<\/strong><\/p>\r\n<p>Solo utilizamos transacciones en l\u00ednea seguras a trav\u00e9s de sistemas de pago confiables que excluyen cualquier posibilidad de divulgaci\u00f3n de informaci\u00f3n. En algunos casos, el Departamento Financiero contacta con nuestros clientes para asegurar la verificaci\u00f3n de sus identidades y prevenir todo tipo de fraude en l\u00ednea.<\/p>\r\n<p><strong>Derechos de los Clientes<\/strong><\/p>\r\n<p>La informaci\u00f3n en el perfil del cliente puede ser modificada, editada, sustituida o eliminada por el usuario. En caso de necesitar cualquier cambio o asistencia, no dude en ponerse en contacto con el equipo de atenci\u00f3n al cliente.<\/p>\r\n<p>Muy valoramos las preferencias de los clientes respecto al uso privado de nuestros servicios de detecci\u00f3n de plagios, as\u00ed como opciones de edici\u00f3n\/reescritura\/revisi\u00f3n. Su informaci\u00f3n personal se utilizar\u00e1 exclusivamente para fines internos de la empresa. El uso de nuestros servicios implica su aprobaci\u00f3n de nuestras pol\u00edticas y normas de privacidad.<\/p>\r\n<p><strong>Google Drive y Datos de la Cuenta<\/strong><\/p>\r\n<p>No utilizamos la informaci\u00f3n que almacenas en tu Google Drive para uso personal. Tu nombre, direcci\u00f3n de correo electr\u00f3nico y enlaces a archivos no se guardan autom\u00e1ticamente en nuestros servidores a menos que los subas mediante nuestra aplicaci\u00f3n. No tenemos intenci\u00f3n de compartir tus archivos o informaci\u00f3n personal con terceros. No realizaremos ning\u00fan cambio en tus archivos salvo que lo hagas directamente a trav\u00e9s de nuestra aplicaci\u00f3n o en Google Drive. Si decides eliminar el archivo de texto compartido con nosotros, los datos se eliminar\u00e1n inmediatamente de nuestro servidor. Sin embargo, los archivos no se eliminar\u00e1n de tu Google Drive. Tambi\u00e9n puedes revocar nuestro acceso a tus datos de Google Drive en cualquier momento. Nos reservamos el derecho de impedir que nadie acceda a su Google Drive mediante nuestra aplicaci\u00f3n.<\/p>\r\n<p>Nuestra p\u00e1gina web acceder\u00e1 a los archivos de Google Drive de los usuarios, pero \u00fanicamente con permiso de lectura (espec\u00edficamente, el \u00e1mbito \"https:\/\/www.googleapis.com\/auth\/drive.readonly\"). Guardaremos el texto plano de los archivos solo para el usuario. El usuario retendr\u00e1 la capacidad de eliminar estos datos en cualquier momento.<\/p>\r\n<p><strong>Acuerdo del Servicio Google API<\/strong><\/p>\r\n<p>El uso y transferencia de los datos obtenidos desde las Google APIs por originalityreport.com a cualquier otra aplicaci\u00f3n se ajustar\u00e1 a la Pol\u00edtica de Datos del Usuario de Google API Services, incluidos los requisitos de Uso Limitado.<\/p>\r\n<p><strong>Conformidad con el RGPD en la Retenci\u00f3n y Eliminaci\u00f3n de Datos Personales<\/strong><\/p>\r\n<p>De acuerdo con el Reglamento General de Protecci\u00f3n de Datos (RGPD), nos comprometemos a garantizar un manejo legal de los datos personales. Al finalizar los servicios, o al vencimiento de un contrato u acuerdo, estamos obligados a devolver o eliminar todos los datos personales en nuestro poder, salvo que exista una obligaci\u00f3n legal que requiera su conservaci\u00f3n. Nuestras acciones se ajustar\u00e1n estrictamente a las directrices del RGPD para garantizar la privacidad y protecci\u00f3n de los datos personales individuales.<\/p>"},"excerpt":{"rendered":"System Technology Online Spain SL., Calle Pintor P\u00e9rez Gil 2, b.46 03540, Alicante, Espa\u00f1a (\u00abnosotros\u00bb, \u00abnuestro\u00bb o \u00abnuestra\u00bb) opera el sitio web originalityreport.com y es el responsable de sus datos personales. Le agradecemos el tiempo que ha dedicado a revisar nuestras ofertas e inter\u00e9s en los servicios de nuestra empresa. Usted.","protected":false,"raw":"System Technology Online Spain SL., Calle Pintor P\u00e9rez Gil 2, b.46 03540, Alicante, Espa\u00f1a (\u00abnosotros\u00bb, \u00abnuestro\u00bb o \u00abnuestra\u00bb) opera el sitio web originalityreport.com y es el responsable de sus datos personales. Le agradecemos el tiempo que ha dedicado a revisar nuestras ofertas e inter\u00e9s en los servicios de nuestra empresa. Usted."},"author":1,"featured_media":0,"parent":0,"menu_order":0,"comment_status":"closed","ping_status":"closed","template":"","meta":{"_aioseo_title":null,"_aioseo_description":null,"_locale":"es_ES","_original_post":"https:\/\/originalityreport.com\/?page_id=49","footnotes":""},"class_list":["post-509","page","type-page","status-publish","hentry","es-ES"],"aioseo_notices":[],"_links":{"self":[{"href":"https:\/\/originalityreport.com\/wp-json\/wp\/v2\/pages\/509","targetHints":{"allow":["GET"]}}],"collection":[{"href":"https:\/\/originalityreport.com\/wp-json\/wp\/v2\/pages"}],"about":[{"href":"https:\/\/originalityreport.com\/wp-json\/wp\/v2\/types\/page"}],"author":[{"embeddable":true,"href":"https:\/\/originalityreport.com\/wp-json\/wp\/v2\/users\/1"}],"replies":[{"embeddable":true,"href":"https:\/\/originalityreport.com\/wp-json\/wp\/v2\/comments?post=509"}],"version-history":[{"count":3,"href":"https:\/\/originalityreport.com\/wp-json\/wp\/v2\/pages\/509\/revisions"}],"predecessor-version":[{"id":896,"href":"https:\/\/originalityreport.com\/wp-json\/wp\/v2\/pages\/509\/revisions\/896"}],"wp:attachment":[{"href":"https:\/\/originalityreport.com\/wp-json\/wp\/v2\/media?parent=509"}],"curies":[{"name":"wp","href":"https:\/\/api.w.org\/{rel}","templated":true}]}}