{"id":1619,"date":"2025-11-06T11:40:49","date_gmt":"2025-11-06T11:40:49","guid":{"rendered":"https:\/\/originalityreport.com\/?page_id=1619","raw":"https:\/\/originalityreport.com\/?page_id=1619"},"modified":"2025-11-06T11:40:49","modified_gmt":"2025-11-06T11:40:49","slug":"blog","status":"publish","type":"page","link":"https:\/\/originalityreport.com\/es\/blog\/","title":{"rendered":"Blog","raw":"Blog"},"content":{"rendered":"<div class=\"blog-top-part\">\n<h1 class=\"page-title\">Ideas y Actualizaciones<\/h1>\n<div class=\"page-green-subtitle\">Explora Tendencias, Consejos e Innovaciones<\/div>\n<div class=\"page-subtitle\">Descubre art\u00edculos de expertos sobre tecnolog\u00eda, IA, detecci\u00f3n de plagio y consejos de escritura para proteger tu trabajo y mantenerte a la vanguardia en la era digital.<\/div>\n<\/div>\n","protected":false,"raw":"<div class=\"blog-top-part\">\r\n<h1 class=\"page-title\">Ideas y Actualizaciones<\/h1>\r\n<div class=\"page-green-subtitle\">Explora Tendencias, Consejos e Innovaciones<\/div>\r\n<div class=\"page-subtitle\">Descubre art\u00edculos de expertos sobre tecnolog\u00eda, IA, detecci\u00f3n de plagio y consejos de escritura para proteger tu trabajo y mantenerte a la vanguardia en la era digital.<\/div>\r\n<\/div>\r\n"},"excerpt":{"rendered":"Ideas y actualizaciones Explora tendencias, consejos e innovaciones Descubre art\u00edculos de expertos sobre tecnolog\u00eda, IA, detecci\u00f3n de plagio y consejos de escritura para proteger tu trabajo y mantenerte a la vanguardia en la era digital.","protected":false,"raw":"Ideas y actualizaciones Explora tendencias, consejos e innovaciones Descubre art\u00edculos de expertos sobre tecnolog\u00eda, IA, detecci\u00f3n de plagio y consejos de escritura para proteger tu trabajo y mantenerte a la vanguardia en la era digital."},"author":1,"featured_media":0,"parent":0,"menu_order":0,"comment_status":"closed","ping_status":"closed","template":"","meta":{"_aioseo_title":null,"_aioseo_description":null,"_locale":"es_ES","_original_post":"https:\/\/originalityreport.com\/?page_id=1003","footnotes":""},"class_list":["post-1619","page","type-page","status-publish","hentry","es-ES"],"aioseo_notices":[],"_links":{"self":[{"href":"https:\/\/originalityreport.com\/wp-json\/wp\/v2\/pages\/1619","targetHints":{"allow":["GET"]}}],"collection":[{"href":"https:\/\/originalityreport.com\/wp-json\/wp\/v2\/pages"}],"about":[{"href":"https:\/\/originalityreport.com\/wp-json\/wp\/v2\/types\/page"}],"author":[{"embeddable":true,"href":"https:\/\/originalityreport.com\/wp-json\/wp\/v2\/users\/1"}],"replies":[{"embeddable":true,"href":"https:\/\/originalityreport.com\/wp-json\/wp\/v2\/comments?post=1619"}],"version-history":[{"count":1,"href":"https:\/\/originalityreport.com\/wp-json\/wp\/v2\/pages\/1619\/revisions"}],"predecessor-version":[{"id":1621,"href":"https:\/\/originalityreport.com\/wp-json\/wp\/v2\/pages\/1619\/revisions\/1621"}],"wp:attachment":[{"href":"https:\/\/originalityreport.com\/wp-json\/wp\/v2\/media?parent=1619"}],"curies":[{"name":"wp","href":"https:\/\/api.w.org\/{rel}","templated":true}]}}