{"id":541,"date":"2025-03-24T11:47:38","date_gmt":"2025-03-24T11:47:38","guid":{"rendered":"https:\/\/originalityreport.com\/?page_id=541","raw":"https:\/\/originalityreport.com\/?page_id=541"},"modified":"2025-04-04T08:40:25","modified_gmt":"2025-04-04T08:40:25","slug":"privacy-policy","status":"publish","type":"page","link":"https:\/\/originalityreport.com\/de\/privacy-policy\/","title":{"rendered":"Datenschutzerkl\u00e4rung","raw":"Datenschutzerkl\u00e4rung"},"content":{"rendered":"<p>System Technology Online Spain SL., Calle Pintor P\u00e9rez Gil 2, b.46 03540, Alicante, Spanien (\u201cuns\u201d, \u201cwir\u201d oder \u201cunser\u201d) betreibt die originalityreport.com-Website und ist der Verantwortliche f\u00fcr Ihre personenbezogenen Daten.<\/p>\n<p>Wir m\u00f6chten uns f\u00fcr die Zeit bedanken, die Sie damit verbracht haben, unsere Angebote zu pr\u00fcfen, und Ihr Interesse an den Dienstleistungen unseres Unternehmens. Sie k\u00f6nnen sicher sein, dass wir die Vertraulichkeit aller pers\u00f6nlichen Informationen unserer Kunden gew\u00e4hrleisten. Alle Arten von pers\u00f6nlichen Informationen, die unsere Kunden bereitstellen, bleiben sicher und privat. Ein Missbrauch oder ein Verlust der Daten ist nicht m\u00f6glich, wenn Sie die Dienstleistungen unseres Unternehmens in Anspruch nehmen.<\/p>\n<p>Nachfolgend finden Sie Erkl\u00e4rungen zu den Daten, die wir von unseren Kunden sammeln.<\/p>\n<p>W\u00e4hrend der Zusammenarbeit ben\u00f6tigen wir folgende Angaben:<\/p>\n<ul>\n<li>Unsere Kunden;<\/li>\n<li>Besucher unserer Website.<\/li>\n<\/ul>\n<p>Diese Details, die vom Webservers gesammelt wurden, umfassen:<\/p>\n<ul>\n<li>Typ des Browsers;<\/li>\n<li>Tag und Uhrzeit des Websitezugriffs;<\/li>\n<li>Typ des Betriebssystems.<\/li>\n<\/ul>\n<p>Bemerken Sie bitte, dass die gesammelten Informationen nie verkauft oder geteilt werden; sie haben keinen Bezug zur Offenlegung irgendeiner Identit\u00e4t. Der einzige Zweck der Datenerhebung besteht darin, die Daten zu individualisieren und den Inhalt der Website zu verbessern.<\/p>\n<p><strong>Cookies<\/strong><\/p>\n<p>Die Webseiten von originalityreport.com verwenden Dateien, die als &#8222;Cookies&#8220; bezeichnet werden \u2013 Textdateien, die \u00fcber den Webbrowser auf das Computersystem \u00fcbertragen werden. Diese Dateien erm\u00f6glichen es uns, Nutzern unserer Website benutzerfreundliche Inhalte bereitzustellen.<\/p>\n<p>Die Sammlung von Cookies kann gestoppt werden, wenn die Einstellungen des Webbrowsers ge\u00e4ndert werden. Bereits gesetzte Cookie-Dateien k\u00f6nnen mit speziellen Computerprogrammen oder \u00fcber das Internet entfernt werden. Beachten Sie, dass einige Funktionen unserer Website nach dem Deaktivieren der Sammlung von Cookies nicht verf\u00fcgbar sein k\u00f6nnten.<\/p>\n<p><strong>Datenerfassung bei Kaufvorg\u00e4ngen<\/strong><\/p>\n<p>originalityreport.com erhebt pers\u00f6nliche Daten wie Namen, Telefonnummer, E-Mail-Adresse, Heimatland und Geburtsdatum. Um Antr\u00e4ge von Nutzern effizient bearbeiten zu k\u00f6nnen, sammelt unsere Website auch vertrauliche Informationen, z.B. Kreditkarten- und Reisepassnummern sowie Gesundheitsgeschichten, um diese an unsere Versicherungspartner weiterzugeben. In keiner anderen Weise sammelt oder speichert originalityreport.com jedoch vertrauliche Daten.<\/p>\n<p><strong>Allgemeine Informationen erfassen<\/strong><\/p>\n<p>Die Webseiten des Netzwerks originalityreport.com k\u00f6nnen Daten \u00fcber folgendes sammeln:<\/p>\n<ul>\n<li>Art der verwendeten Web-Browsing-Software;<\/li>\n<li>Verwendetes PC-System;<\/li>\n<li>Online-Ressource, \u00fcber die auf unsere Website zugegriffen wird;<\/li>\n<li>Unterseiten;<\/li>\n<li>Datum und Uhrzeit des Besuchs unserer Website;<\/li>\n<li>IP-Adresse;<\/li>\n<li>Webserviceanbieter;<\/li>\n<li>Weitere Daten, die zur Attacke auf unsere IT-Systeme verwendet werden k\u00f6nnten.<\/li>\n<\/ul>\n<p>Die oben genannten Informationen werden dazu verwendet:<\/p>\n<ul>\n<li>Inhalte angemessen bereitstellen;<\/li>\n<li>Sowohl den Inhalt als auch die Art und Weise seiner Bewerbung verbessern;<\/li>\n<li>Technische Machbarkeit gew\u00e4hrleisten;<\/li>\n<\/ul>\n<p>Beh\u00f6rden mit den notwendigen Daten zur Durchf\u00fchrung von Ermittlungen im Zusammenhang mit Cyber-Angriffen versorgen. Die gesammelten Fakten werden \u00fcberpr\u00fcft, um die Datensicherheit sowohl unseres Unternehmens als auch unserer Kunden zu verbessern.<\/p>\n<p><strong>Der Einsatz von Cookies<\/strong><\/p>\n<p>Wir verwenden auch \u201aCookies\u2018, da sie es uns erm\u00f6glichen, statistische Daten \u00fcber die Besuche und die Nutzung unserer Website zu sammeln. Au\u00dferdem ist dies eine gute M\u00f6glichkeit f\u00fcr effizientes Navigieren.<\/p>\n<p><strong>Erfassung von pers\u00f6nlichen Daten<\/strong><\/p>\n<p>Unsere Kunden werden gebeten, die folgenden pers\u00f6nlichen Informationen bei der Anmeldung bereitzustellen:<\/p>\n<ul>\n<li>Name<\/li>\n<li>Kontakttelefonnummer<\/li>\n<li>E-Mail<\/li>\n<\/ul>\n<p>Daher wird empfohlen, die Richtigkeit der Kontaktinformationen sicherzustellen. Dies ist eine Garantie f\u00fcr die hohe Qualit\u00e4t der angebotenen Dienstleistungen.<\/p>\n<p>Unsere App greift nur nach der Verifizierung durch den Benutzer auf die Daten des Google-Nutzers zu. Alle Daten werden ausschlie\u00dflich zur Plagiatsdetektion verwendet; eine Weitergabe oder Speicherung pers\u00f6nlicher Informationen ist nicht vorgesehen. originalityreport.com speichert, nutzt oder teilt keine Daten von Google-Nutzern.<\/p>\n<p>Unsere Kunden erhalten eine 100 %ige Garantie, dass ihre pers\u00f6nlichen Daten niemals au\u00dferhalb der Unternehmensmitarbeiter verf\u00fcgbar sein werden. Eine Offenlegung, Weitergabe, Verkauf, Ver\u00f6ffentlichung oder \u00dcbermittlung an Dritte ist nicht m\u00f6glich. Jeder Text, den Sie mithilfe unseres Plagiatsdetektionswerkzeugs scannen, wird weder an Dritte \u00fcbertragen noch zu anderen Zwecken verwendet. Sie sind der alleinige Eigent\u00fcmer des zur Plagiatspr\u00fcfung freigegebenen Textes, um die Originalit\u00e4t des Inhalts zu verifizieren.<\/p>\n<p><strong>Online-Transaktionen<\/strong><\/p>\n<p>Wir verwenden ausschlie\u00dflich sichere Online-Transaktionen \u00fcber zuverl\u00e4ssige Zahlungssysteme, die jede M\u00f6glichkeit der Informationsoffenlegung ausschlie\u00dfen. In einigen F\u00e4llen kontaktiert unsere Finanzabteilung Kunden, um deren Identit\u00e4t zu verifizieren und jeglichen Online-Betrug zu verhindern.<\/p>\n<p><strong>Rechte der Kunden<\/strong><\/p>\n<p>In Ihrem Profil k\u00f6nnen Informationen ge\u00e4ndert, bearbeitet, ersetzt oder gel\u00f6scht werden. Wenn Sie \u00c4nderungen vornehmen m\u00fcssen oder Unterst\u00fctzung ben\u00f6tigen, z\u00f6gern Sie nicht, das Kundensupport-Team zu kontaktieren.<\/p>\n<p>Wir sch\u00e4tzen die Pr\u00e4ferenzen unserer Kunden hinsichtlich der privaten Nutzung unserer Plagiatsdetektionsdienste sowie Bearbeitungs-, Umschreibungs- und Korrekturlesensoptionen sehr. Ihre pers\u00f6nlichen Informationen werden ausschlie\u00dflich zu internen Unternehmenszwecken verwendet. Die Nutzung unserer Dienstleistungen setzt die Zustimmung zu unseren Datenschutzrichtlinien und -vorschriften voraus.<\/p>\n<p><strong>Google Drive &amp; Kontoinformationen<\/strong><\/p>\n<p>Wir nutzen die auf Ihrem Google Drive gespeicherten Informationen nicht f\u00fcr den privaten Gebrauch. Ihr Name, Ihre E-Mail-Adresse und die Dateilinks werden automatisch nicht auf unseren Servern gespeichert, es sei denn, Sie laden sie \u00fcber unsere Anwendung hoch. Wir beabsichtigen nicht, Ihre Dateien oder pers\u00f6nlichen Informationen mit Dritten zu teilen. Wir \u00e4ndern Ihre Dateien nicht, es sei denn, Sie tun dies direkt \u00fcber unsere Anwendung oder in Google Drive. Wenn Sie sich entscheiden, die von Ihnen mit uns geteilte Textdatei zu l\u00f6schen, wird diese Daten umgehend von unserem Server entfernt. Die Dateien werden jedoch nicht aus Ihrem Google Drive gel\u00f6scht. Sie k\u00f6nnen unseren Zugriff auf Ihre Google-Drive-Daten jederzeit widerrufen. Wir behalten uns das Recht vor, den Zugriff auf Ihr Google Drive \u00fcber unsere Anwendung f\u00fcr jedermann zu verhindern.<\/p>\n<p>Unsere Website wird auf die Dateien von Google Drive der Benutzer zugreifen, jedoch nur mit Leseberechtigung (genauer gesagt, dem Bereich &#8222;https:\/\/www.googleapis.com\/auth\/drive.readonly&#8220;). Wir speichern den reinen Text der Dateien ausschlie\u00dflich f\u00fcr den Nutzer. Der Nutzer beh\u00e4lt die M\u00f6glichkeit, diese Daten jederzeit zu l\u00f6schen.<\/p>\n<p><strong>Google-API-Dienstvereinbarung<\/strong><\/p>\n<p>Die Nutzung und \u00dcbertragung der von Google-APIs bei originalityreport.com erworbenen Daten auf andere Apps erfolgt in \u00dcbereinstimmung mit der Google-API-Dienstnutzungsrichtlinie f\u00fcr Benutzerdaten, einschlie\u00dflich den Anforderungen zur eingeschr\u00e4nkten Verwendung.<\/p>\n<p><strong>Datenschutz-Grundverordnung (DSGVO) &#8211; Einhaltung bei der Speicherung und L\u00f6schung von personenbezogenen Daten<\/strong><\/p>\n<p>Im Einklang mit der Datenschutz-Grundverordnung (DSGVO) sind wir verpflichtet, die rechtm\u00e4\u00dfige Verarbeitung von personenbezogenen Daten sicherzustellen. Bei Beendigung unserer Dienstleistungen oder Ablauf eines Vertrags oder einer Vereinbarung m\u00fcssen wir alle in unserem Besitz befindlichen personenbezogenen Daten entweder zur\u00fcckgeben oder l\u00f6schen, es sei denn, ein gesetzliches Erfordernis erfordert die Aufbewahrung solcher Daten. Unsere Handlungen werden strikt den DSGVO-Richtlinien folgen, um die Privatsph\u00e4re und den Schutz von personenbezogenen Daten des Einzelnen zu gew\u00e4hrleisten.<\/p>\n","protected":false,"raw":"<p>System Technology Online Spain SL., Calle Pintor P\u00e9rez Gil 2, b.46 03540, Alicante, Spanien (\u201cuns\u201d, \u201cwir\u201d oder \u201cunser\u201d) betreibt die originalityreport.com-Website und ist der Verantwortliche f\u00fcr Ihre personenbezogenen Daten.<\/p>\r\n<p>Wir m\u00f6chten uns f\u00fcr die Zeit bedanken, die Sie damit verbracht haben, unsere Angebote zu pr\u00fcfen, und Ihr Interesse an den Dienstleistungen unseres Unternehmens. Sie k\u00f6nnen sicher sein, dass wir die Vertraulichkeit aller pers\u00f6nlichen Informationen unserer Kunden gew\u00e4hrleisten. Alle Arten von pers\u00f6nlichen Informationen, die unsere Kunden bereitstellen, bleiben sicher und privat. Ein Missbrauch oder ein Verlust der Daten ist nicht m\u00f6glich, wenn Sie die Dienstleistungen unseres Unternehmens in Anspruch nehmen.<\/p>\r\n<p>Nachfolgend finden Sie Erkl\u00e4rungen zu den Daten, die wir von unseren Kunden sammeln.<\/p>\r\n<p>W\u00e4hrend der Zusammenarbeit ben\u00f6tigen wir folgende Angaben:<\/p>\r\n<ul>\r\n<li>Unsere Kunden;<\/li>\r\n<li>Besucher unserer Website.<\/li>\r\n<\/ul>\r\n<p>Diese Details, die vom Webservers gesammelt wurden, umfassen:<\/p>\r\n<ul>\r\n<li>Typ des Browsers;<\/li>\r\n<li>Tag und Uhrzeit des Websitezugriffs;<\/li>\r\n<li>Typ des Betriebssystems.<\/li>\r\n<\/ul>\r\n<p>Bemerken Sie bitte, dass die gesammelten Informationen nie verkauft oder geteilt werden; sie haben keinen Bezug zur Offenlegung irgendeiner Identit\u00e4t. Der einzige Zweck der Datenerhebung besteht darin, die Daten zu individualisieren und den Inhalt der Website zu verbessern.<\/p>\r\n<p><strong>Cookies<\/strong><\/p>\r\n<p>Die Webseiten von originalityreport.com verwenden Dateien, die als \"Cookies\" bezeichnet werden \u2013 Textdateien, die \u00fcber den Webbrowser auf das Computersystem \u00fcbertragen werden. Diese Dateien erm\u00f6glichen es uns, Nutzern unserer Website benutzerfreundliche Inhalte bereitzustellen.<\/p>\r\n<p>Die Sammlung von Cookies kann gestoppt werden, wenn die Einstellungen des Webbrowsers ge\u00e4ndert werden. Bereits gesetzte Cookie-Dateien k\u00f6nnen mit speziellen Computerprogrammen oder \u00fcber das Internet entfernt werden. Beachten Sie, dass einige Funktionen unserer Website nach dem Deaktivieren der Sammlung von Cookies nicht verf\u00fcgbar sein k\u00f6nnten.<\/p>\r\n<p><strong>Datenerfassung bei Kaufvorg\u00e4ngen<\/strong><\/p>\r\n<p>originalityreport.com erhebt pers\u00f6nliche Daten wie Namen, Telefonnummer, E-Mail-Adresse, Heimatland und Geburtsdatum. Um Antr\u00e4ge von Nutzern effizient bearbeiten zu k\u00f6nnen, sammelt unsere Website auch vertrauliche Informationen, z.B. Kreditkarten- und Reisepassnummern sowie Gesundheitsgeschichten, um diese an unsere Versicherungspartner weiterzugeben. In keiner anderen Weise sammelt oder speichert originalityreport.com jedoch vertrauliche Daten.<\/p>\r\n<p><strong>Allgemeine Informationen erfassen<\/strong><\/p>\r\n<p>Die Webseiten des Netzwerks originalityreport.com k\u00f6nnen Daten \u00fcber folgendes sammeln:<\/p>\r\n<ul>\r\n<li>Art der verwendeten Web-Browsing-Software;<\/li>\r\n<li>Verwendetes PC-System;<\/li>\r\n<li>Online-Ressource, \u00fcber die auf unsere Website zugegriffen wird;<\/li>\r\n<li>Unterseiten;<\/li>\r\n<li>Datum und Uhrzeit des Besuchs unserer Website;<\/li>\r\n<li>IP-Adresse;<\/li>\r\n<li>Webserviceanbieter;<\/li>\r\n<li>Weitere Daten, die zur Attacke auf unsere IT-Systeme verwendet werden k\u00f6nnten.<\/li>\r\n<\/ul>\r\n<p>Die oben genannten Informationen werden dazu verwendet:<\/p>\r\n<ul>\r\n<li>Inhalte angemessen bereitstellen;<\/li>\r\n<li>Sowohl den Inhalt als auch die Art und Weise seiner Bewerbung verbessern;<\/li>\r\n<li>Technische Machbarkeit gew\u00e4hrleisten;<\/li>\r\n<\/ul>\r\n<p>Beh\u00f6rden mit den notwendigen Daten zur Durchf\u00fchrung von Ermittlungen im Zusammenhang mit Cyber-Angriffen versorgen. Die gesammelten Fakten werden \u00fcberpr\u00fcft, um die Datensicherheit sowohl unseres Unternehmens als auch unserer Kunden zu verbessern.<\/p>\r\n<p><strong>Der Einsatz von Cookies<\/strong><\/p>\r\n<p>Wir verwenden auch \u201aCookies\u2018, da sie es uns erm\u00f6glichen, statistische Daten \u00fcber die Besuche und die Nutzung unserer Website zu sammeln. Au\u00dferdem ist dies eine gute M\u00f6glichkeit f\u00fcr effizientes Navigieren.<\/p>\r\n<p><strong>Erfassung von pers\u00f6nlichen Daten<\/strong><\/p>\r\n<p>Unsere Kunden werden gebeten, die folgenden pers\u00f6nlichen Informationen bei der Anmeldung bereitzustellen:<\/p>\r\n<ul>\r\n<li>Name<\/li>\r\n<li>Kontakttelefonnummer<\/li>\r\n<li>E-Mail<\/li>\r\n<\/ul>\r\n<p>Daher wird empfohlen, die Richtigkeit der Kontaktinformationen sicherzustellen. Dies ist eine Garantie f\u00fcr die hohe Qualit\u00e4t der angebotenen Dienstleistungen.<\/p>\r\n<p>Unsere App greift nur nach der Verifizierung durch den Benutzer auf die Daten des Google-Nutzers zu. Alle Daten werden ausschlie\u00dflich zur Plagiatsdetektion verwendet; eine Weitergabe oder Speicherung pers\u00f6nlicher Informationen ist nicht vorgesehen. originalityreport.com speichert, nutzt oder teilt keine Daten von Google-Nutzern.<\/p>\r\n<p>Unsere Kunden erhalten eine 100 %ige Garantie, dass ihre pers\u00f6nlichen Daten niemals au\u00dferhalb der Unternehmensmitarbeiter verf\u00fcgbar sein werden. Eine Offenlegung, Weitergabe, Verkauf, Ver\u00f6ffentlichung oder \u00dcbermittlung an Dritte ist nicht m\u00f6glich. Jeder Text, den Sie mithilfe unseres Plagiatsdetektionswerkzeugs scannen, wird weder an Dritte \u00fcbertragen noch zu anderen Zwecken verwendet. Sie sind der alleinige Eigent\u00fcmer des zur Plagiatspr\u00fcfung freigegebenen Textes, um die Originalit\u00e4t des Inhalts zu verifizieren.<\/p>\r\n<p><strong>Online-Transaktionen<\/strong><\/p>\r\n<p>Wir verwenden ausschlie\u00dflich sichere Online-Transaktionen \u00fcber zuverl\u00e4ssige Zahlungssysteme, die jede M\u00f6glichkeit der Informationsoffenlegung ausschlie\u00dfen. In einigen F\u00e4llen kontaktiert unsere Finanzabteilung Kunden, um deren Identit\u00e4t zu verifizieren und jeglichen Online-Betrug zu verhindern.<\/p>\r\n<p><strong>Rechte der Kunden<\/strong><\/p>\r\n<p>In Ihrem Profil k\u00f6nnen Informationen ge\u00e4ndert, bearbeitet, ersetzt oder gel\u00f6scht werden. Wenn Sie \u00c4nderungen vornehmen m\u00fcssen oder Unterst\u00fctzung ben\u00f6tigen, z\u00f6gern Sie nicht, das Kundensupport-Team zu kontaktieren.<\/p>\r\n<p>Wir sch\u00e4tzen die Pr\u00e4ferenzen unserer Kunden hinsichtlich der privaten Nutzung unserer Plagiatsdetektionsdienste sowie Bearbeitungs-, Umschreibungs- und Korrekturlesensoptionen sehr. Ihre pers\u00f6nlichen Informationen werden ausschlie\u00dflich zu internen Unternehmenszwecken verwendet. Die Nutzung unserer Dienstleistungen setzt die Zustimmung zu unseren Datenschutzrichtlinien und -vorschriften voraus.<\/p>\r\n<p><strong>Google Drive &amp; Kontoinformationen<\/strong><\/p>\r\n<p>Wir nutzen die auf Ihrem Google Drive gespeicherten Informationen nicht f\u00fcr den privaten Gebrauch. Ihr Name, Ihre E-Mail-Adresse und die Dateilinks werden automatisch nicht auf unseren Servern gespeichert, es sei denn, Sie laden sie \u00fcber unsere Anwendung hoch. Wir beabsichtigen nicht, Ihre Dateien oder pers\u00f6nlichen Informationen mit Dritten zu teilen. Wir \u00e4ndern Ihre Dateien nicht, es sei denn, Sie tun dies direkt \u00fcber unsere Anwendung oder in Google Drive. Wenn Sie sich entscheiden, die von Ihnen mit uns geteilte Textdatei zu l\u00f6schen, wird diese Daten umgehend von unserem Server entfernt. Die Dateien werden jedoch nicht aus Ihrem Google Drive gel\u00f6scht. Sie k\u00f6nnen unseren Zugriff auf Ihre Google-Drive-Daten jederzeit widerrufen. Wir behalten uns das Recht vor, den Zugriff auf Ihr Google Drive \u00fcber unsere Anwendung f\u00fcr jedermann zu verhindern.<\/p>\r\n<p>Unsere Website wird auf die Dateien von Google Drive der Benutzer zugreifen, jedoch nur mit Leseberechtigung (genauer gesagt, dem Bereich \"https:\/\/www.googleapis.com\/auth\/drive.readonly\"). Wir speichern den reinen Text der Dateien ausschlie\u00dflich f\u00fcr den Nutzer. Der Nutzer beh\u00e4lt die M\u00f6glichkeit, diese Daten jederzeit zu l\u00f6schen.<\/p>\r\n<p><strong>Google-API-Dienstvereinbarung<\/strong><\/p>\r\n<p>Die Nutzung und \u00dcbertragung der von Google-APIs bei originalityreport.com erworbenen Daten auf andere Apps erfolgt in \u00dcbereinstimmung mit der Google-API-Dienstnutzungsrichtlinie f\u00fcr Benutzerdaten, einschlie\u00dflich den Anforderungen zur eingeschr\u00e4nkten Verwendung.<\/p>\r\n<p><strong>Datenschutz-Grundverordnung (DSGVO) - Einhaltung bei der Speicherung und L\u00f6schung von personenbezogenen Daten<\/strong><\/p>\r\n<p>Im Einklang mit der Datenschutz-Grundverordnung (DSGVO) sind wir verpflichtet, die rechtm\u00e4\u00dfige Verarbeitung von personenbezogenen Daten sicherzustellen. Bei Beendigung unserer Dienstleistungen oder Ablauf eines Vertrags oder einer Vereinbarung m\u00fcssen wir alle in unserem Besitz befindlichen personenbezogenen Daten entweder zur\u00fcckgeben oder l\u00f6schen, es sei denn, ein gesetzliches Erfordernis erfordert die Aufbewahrung solcher Daten. Unsere Handlungen werden strikt den DSGVO-Richtlinien folgen, um die Privatsph\u00e4re und den Schutz von personenbezogenen Daten des Einzelnen zu gew\u00e4hrleisten.<\/p>"},"excerpt":{"rendered":"System Technology Online Spain SL., Calle Pintor P\u00e9rez Gil 2, b.46 03540, Alicante, Spanien (&#8220;uns&#8221;, &#8220;wir&#8221; oder &#8220;unser&#8221;) betreibt die originalityreport.com-Website und ist der Verantwortliche f\u00fcr Ihre personenbezogenen Daten. Wir m\u00f6chten uns f\u00fcr die Zeit bedanken, die Sie damit verbracht haben, unsere Angebote zu pr\u00fcfen, und Ihr Interesse an den Dienstleistungen unseres Unternehmens. Sie.","protected":false,"raw":"System Technology Online Spain SL., Calle Pintor P\u00e9rez Gil 2, b.46 03540, Alicante, Spanien (&#8220;uns&#8221;, &#8220;wir&#8221; oder &#8220;unser&#8221;) betreibt die originalityreport.com-Website und ist der Verantwortliche f\u00fcr Ihre personenbezogenen Daten. Wir m\u00f6chten uns f\u00fcr die Zeit bedanken, die Sie damit verbracht haben, unsere Angebote zu pr\u00fcfen, und Ihr Interesse an den Dienstleistungen unseres Unternehmens. Sie."},"author":1,"featured_media":0,"parent":0,"menu_order":0,"comment_status":"closed","ping_status":"closed","template":"","meta":{"_aioseo_title":null,"_aioseo_description":null,"_locale":"de_DE","_original_post":"https:\/\/originalityreport.com\/?page_id=49","footnotes":""},"class_list":["post-541","page","type-page","status-publish","hentry","de-DE"],"aioseo_notices":[],"_links":{"self":[{"href":"https:\/\/originalityreport.com\/wp-json\/wp\/v2\/pages\/541","targetHints":{"allow":["GET"]}}],"collection":[{"href":"https:\/\/originalityreport.com\/wp-json\/wp\/v2\/pages"}],"about":[{"href":"https:\/\/originalityreport.com\/wp-json\/wp\/v2\/types\/page"}],"author":[{"embeddable":true,"href":"https:\/\/originalityreport.com\/wp-json\/wp\/v2\/users\/1"}],"replies":[{"embeddable":true,"href":"https:\/\/originalityreport.com\/wp-json\/wp\/v2\/comments?post=541"}],"version-history":[{"count":3,"href":"https:\/\/originalityreport.com\/wp-json\/wp\/v2\/pages\/541\/revisions"}],"predecessor-version":[{"id":894,"href":"https:\/\/originalityreport.com\/wp-json\/wp\/v2\/pages\/541\/revisions\/894"}],"wp:attachment":[{"href":"https:\/\/originalityreport.com\/wp-json\/wp\/v2\/media?parent=541"}],"curies":[{"name":"wp","href":"https:\/\/api.w.org\/{rel}","templated":true}]}}