{"id":361,"date":"2025-03-24T16:49:40","date_gmt":"2025-03-24T16:49:40","guid":{"rendered":"https:\/\/originalityreport.com\/?page_id=361","raw":"https:\/\/originalityreport.com\/?page_id=361"},"modified":"2025-07-24T19:23:31","modified_gmt":"2025-07-24T19:23:31","slug":"home","status":"publish","type":"page","link":"https:\/\/originalityreport.com\/","title":{"rendered":"Startseite","raw":"Startseite"},"content":{"rendered":"","protected":false,"raw":""},"excerpt":{"rendered":"Startseite","protected":false,"raw":"Startseite"},"author":1,"featured_media":0,"parent":0,"menu_order":0,"comment_status":"closed","ping_status":"closed","template":"","meta":{"_aioseo_title":"OriginalityReport: Plagiatspr\u00fcfung &amp; KI\u2011Textanalyse","_aioseo_description":"Umfassende Plattform zur \u00dcberpr\u00fcfung von plagiatierten und durch KI erstellten Texten: zuverl\u00e4ssige Ergebnisse, intuitive Oberfl\u00e4che und ideal f\u00fcr Studierende.","_locale":"de_DE","_original_post":"https:\/\/originalityreport.com\/?page_id=24","footnotes":""},"class_list":["post-361","page","type-page","status-publish","hentry","de-DE"],"aioseo_notices":[],"_links":{"self":[{"href":"https:\/\/originalityreport.com\/wp-json\/wp\/v2\/pages\/361","targetHints":{"allow":["GET"]}}],"collection":[{"href":"https:\/\/originalityreport.com\/wp-json\/wp\/v2\/pages"}],"about":[{"href":"https:\/\/originalityreport.com\/wp-json\/wp\/v2\/types\/page"}],"author":[{"embeddable":true,"href":"https:\/\/originalityreport.com\/wp-json\/wp\/v2\/users\/1"}],"replies":[{"embeddable":true,"href":"https:\/\/originalityreport.com\/wp-json\/wp\/v2\/comments?post=361"}],"version-history":[{"count":1,"href":"https:\/\/originalityreport.com\/wp-json\/wp\/v2\/pages\/361\/revisions"}],"predecessor-version":[{"id":362,"href":"https:\/\/originalityreport.com\/wp-json\/wp\/v2\/pages\/361\/revisions\/362"}],"wp:attachment":[{"href":"https:\/\/originalityreport.com\/wp-json\/wp\/v2\/media?parent=361"}],"curies":[{"name":"wp","href":"https:\/\/api.w.org\/{rel}","templated":true}]}}