{"id":271,"date":"2025-03-24T16:50:50","date_gmt":"2025-03-24T16:50:50","guid":{"rendered":"https:\/\/originalityreport.com\/?page_id=271","raw":"https:\/\/originalityreport.com\/?page_id=271"},"modified":"2025-04-04T08:54:48","modified_gmt":"2025-04-04T08:54:48","slug":"pricing","status":"publish","type":"page","link":"https:\/\/originalityreport.com\/de\/pricing\/","title":{"rendered":"Preise","raw":"Preise"},"content":{"rendered":"<section class=\"pricing-page-main-block\">\n<div class=\"container-fluid\">\n<div class=\"container\">\n<div class=\"row\">\n<div class=\"col-12\">\n<div class=\"pricing-main-block-content\">\n<div class=\"ps-widget-container\" data-ps-widget-name=\"Prices\" data-ps-widget-options=\"{}\">\n<p class=\"top-text\">W\u00e4hle deine Preise Optionen<\/p>\n<h1 class=\"page-title\">Keine versteckten Geb\u00fchren f\u00fcr genaue Plagiats- und KI-Erkennung<\/h1>\n<div class=\"pricing-block\">\n<div class=\"pricing-plan-duration\">\n<button class=\"pricing-plan-duration-item one-time active\" type=\"button\">Einmalig<\/button><br \/>\n<button class=\"pricing-plan-duration-item monthly\" type=\"button\">Monatlich<\/button><br \/>\n<button class=\"pricing-plan-duration-item 3-months\" type=\"button\">3-Monate<\/button><br \/>\n<button class=\"pricing-plan-duration-item yearly\" type=\"button\">Jahresweise<\/button>\n<\/div>\n<div class=\"pricing-plan-items-wrapper\">\n<div class=\"pricing-plan-items\">\n<div class=\"pricing-plan-item light\">\n<div class=\"item-header\">\n<span class=\"plan-title\">Light<\/span><\/p>\n<div class=\"plan-price-per-word\">\n<p class=\"price\"><span class=\"value\">$0.23<\/span> pro<\/p>\n<p class=\"words-count\">1000 W\u00f6rter<\/p>\n<\/div>\n<\/div>\n<div class=\"item-main\">\n<span class=\"save-up-to-label\">Bis zu <span class=\"value\">30%<\/span> sparen<\/span><\/p>\n<p class=\"plan-price\"><span class=\"value\">$22.95<\/span> \/ <span class=\"duration\">Monat<\/span><\/p>\n<p><a class=\"get-started-btn\" href=\"#\">Loslegen<\/a><label class=\"custom-checkbox-label recurring-payments\" for=\"recurring_payments_light\"><span class=\"custom-checkbox\"><\/span><span class=\"custom-checkbox-title\">Wiederkehrende Zahlungen<\/span><input checked=\"\" id=\"recurring_payments_light\" name=\"recurring-payments-light\" type=\"checkbox\"\/><br \/>\n<\/label><span class=\"sep\"><\/span><\/div>\n<div class=\"item-footer\">\n<ul>\n<li class=\"available\"><span class=\"highlighted\">1<\/span> Plagiats-Einreichung *<\/li>\n<li class=\"available\"><span class=\"highlighted\">1<\/span> KI-Einreichung *<\/li>\n<li class=\"available\"><span class=\"highlighted\">Unbegrenzt<\/span> Zeitdauer (Tage)<\/li>\n<li class=\"unavailable\"><span class=\"highlighted\">365<\/span> Zeitdauer (Tage)<\/li>\n<li class=\"unavailable\">Suche nach KI-Text<\/li>\n<\/ul>\n<\/div>\n<\/div>\n<div class=\"pricing-plan-item standatd selected\">\n<div class=\"item-header\">\n<span class=\"plan-title\">Standatd<\/span><\/p>\n<div class=\"plan-price-per-word\">\n<p class=\"price\"><span class=\"value\">$0.12<\/span> pro<\/p>\n<p class=\"words-count\">1000 W\u00f6rter<\/p>\n<\/div>\n<\/div>\n<div class=\"item-main\">\n<span class=\"save-up-to-label\">Bis zu <span class=\"value\">30%<\/span> sparen<\/span><\/p>\n<p class=\"plan-price\"><span class=\"value\">$34.95<\/span> \/ <span class=\"duration\">Monat<\/span><\/p>\n<p><a class=\"get-started-btn\" href=\"#\">Loslegen<\/a><label class=\"custom-checkbox-label recurring-payments\" for=\"recurring_payments_standatd\"><span class=\"custom-checkbox\"><\/span><span class=\"custom-checkbox-title\">Wiederkehrende Zahlungen<\/span><input checked=\"\" id=\"recurring_payments_standatd\" name=\"recurring-payments-standatd\" type=\"checkbox\"\/><\/label><span class=\"sep\"><\/span><\/div>\n<div class=\"item-footer\">\n<ul>\n<li class=\"available\"><span class=\"highlighted\">1<\/span> Plagiats-Einreichung *<\/li>\n<li class=\"available\"><span class=\"highlighted\">1<\/span> KI-Einreichung *<\/li>\n<li class=\"available\"><span class=\"highlighted\">Unbegrenzt<\/span> Zeitdauer (Tage)<\/li>\n<li class=\"unavailable\"><span class=\"highlighted\">365<\/span> Zeitdauer (Tage)<\/li>\n<li class=\"unavailable\">Suche nach KI-Text<\/li>\n<\/ul>\n<\/div>\n<\/div>\n<div class=\"pricing-plan-item premium\">\n<div class=\"item-header\">\n<span class=\"plan-title\">Premium<\/span><\/p>\n<div class=\"plan-price-per-word\">\n<p class=\"price\"><span class=\"value\">$0.09<\/span> pro<\/p>\n<p class=\"words-count\">1000 W\u00f6rter<\/p>\n<\/div>\n<\/div>\n<div class=\"item-main\">\n<span class=\"save-up-to-label\">Bis zu <span class=\"value\">30%<\/span> sparen<\/span><\/p>\n<p class=\"plan-price\"><span class=\"value\">$54.95<\/span> \/ <span class=\"duration\">Monat<\/span><\/p>\n<p><a class=\"get-started-btn\" href=\"#\">Loslegen<\/a><label class=\"custom-checkbox-label recurring-payments\" for=\"recurring_payments_premium\"><span class=\"custom-checkbox\"><\/span><span class=\"custom-checkbox-title\">Wiederkehrende Zahlungen<\/span><input checked=\"\" id=\"recurring_payments_premium\" name=\"recurring-payments-premium\" type=\"checkbox\"\/><\/label><span class=\"sep\"><\/span><\/div>\n<div class=\"item-footer\">\n<ul>\n<li class=\"available\"><span class=\"highlighted\">1<\/span> Plagiats-Einreichung *<\/li>\n<li class=\"available\"><span class=\"highlighted\">1<\/span> KI-Einreichung *<\/li>\n<li class=\"available\"><span class=\"highlighted\">Unbegrenzt<\/span> Zeitdauer (Tage)<\/li>\n<li class=\"unavailable\"><span class=\"highlighted\">365<\/span> Zeitdauer (Tage)<\/li>\n<li class=\"unavailable\">Suche nach KI-Text<\/li>\n<\/ul>\n<\/div>\n<\/div>\n<\/div>\n<\/div>\n<\/div>\n<\/div>\n<\/div>\n<\/div>\n<\/div>\n<\/div>\n<\/div>\n<\/section>\n<section class=\"faq\">\n<div class=\"container-fluid\">\n<div class=\"container\">\n<div class=\"row\">\n<div class=\"col-12\">\n<div class=\"faq-content\">\n<div class=\"faq-text-block\">\n<p class=\"faq-text-top\">Unsere FAQ-Sektion hat alles, was Sie wissen m\u00fcssen<\/p>\n<p class=\"faq-text-title\">M\u00f6chten Sie mehr \u00fcber OriginalityReport.com erfahren?<\/p>\n<p class=\"faq-text-subtitle\">Wir haben Fragen analysiert und beantwortet, die Benutzer zu unserem Plagiatscheck und unserer KI-Erkennung stellen.<\/p>\n<div class=\"different-question-block\">\n<img decoding=\"async\" alt=\"FAQ\" class=\"faq-icon\" src=\"\/wp-content\/themes\/main\/images\/faq-icon.svg\"\/><\/p>\n<p class=\"title\">Verbinden Sie sich mit OriginalityReport.com f\u00fcr mehr Antworten<\/p>\n<p class=\"subtitle\">Wenn Sie weitere Fragen zu unserem Service haben, wenden Sie sich an unser Team. Sie freuen sich darauf, Ihnen zu helfen und die beste Methode zum \u00dcberpr\u00fcfen von Texten auf Plagiate zu erkl\u00e4ren.<\/p>\n<p><a class=\"contact-support-btn custom-btn cb-black\" href=\"\/contact-us\/\">Support-Team kontaktieren<\/a><\/div>\n<\/div>\n    <div class=\"faq-questions-block\">\n                <div class=\"faq-accordion\" id=\"faq_accordion\">\n                            <div class=\"faq-accordion-item item-1\">\n                    <button class=\"faq-accordion-question collapsed\" type=\"button\" data-bs-toggle=\"collapse\" data-bs-target=\"#faq_accordion_1\" aria-expanded=\"false\" aria-controls=\"faq_accordion_1\">Habe ich mehrere Dokumente in verschiedenen Formaten, kann ich sie alle \u00fcberpr\u00fcfen?<\/button>\n                    <div id=\"faq_accordion_1\" class=\"faq-accordion-answer accordion-collapse collapse\" data-bs-parent=\"#faq_accordion\">\n                        <p class=\"answer-text\">Ja, unsere Tools k\u00f6nnen verwendet werden, um Dokumente im PDF-, Word-, TXT-Format zu scannen und sogar Texte zu \u00fcberpr\u00fcfen, die direkt in das Feld kopiert werden k\u00f6nnen.<\/p>\n                    <\/div>\n                <\/div>\n                            <div class=\"faq-accordion-item item-2\">\n                    <button class=\"faq-accordion-question collapsed\" type=\"button\" data-bs-toggle=\"collapse\" data-bs-target=\"#faq_accordion_2\" aria-expanded=\"false\" aria-controls=\"faq_accordion_2\">K\u00f6nnen die Ergebnisse vertraut werden?<\/button>\n                    <div id=\"faq_accordion_2\" class=\"faq-accordion-answer accordion-collapse collapse\" data-bs-parent=\"#faq_accordion\">\n                        <p class=\"answer-text\">Ja, unser Tool ist sehr genau und liefert pr\u00e4zise und zuverl\u00e4ssige Berichte, die als Nachweis f\u00fcr die Authentizit\u00e4t von Arbeiten verwendet werden k\u00f6nnen.<\/p>\n                    <\/div>\n                <\/div>\n                            <div class=\"faq-accordion-item item-3\">\n                    <button class=\"faq-accordion-question collapsed\" type=\"button\" data-bs-toggle=\"collapse\" data-bs-target=\"#faq_accordion_3\" aria-expanded=\"false\" aria-controls=\"faq_accordion_3\">Wie lange dauert der Pr\u00fcfprozess?<\/button>\n                    <div id=\"faq_accordion_3\" class=\"faq-accordion-answer accordion-collapse collapse\" data-bs-parent=\"#faq_accordion\">\n                        <p class=\"answer-text\">Kunden k\u00f6nnen die Ergebnisse innerhalb weniger Minuten erhalten. Der Algorithmus kann den Inhalt auf Plagiate und KI \u00fcberpr\u00fcfen und ihn sehr schnell mit Millionen anderer Texte vergleichen.<\/p>\n                    <\/div>\n                <\/div>\n                            <div class=\"faq-accordion-item item-4\">\n                    <button class=\"faq-accordion-question collapsed\" type=\"button\" data-bs-toggle=\"collapse\" data-bs-target=\"#faq_accordion_4\" aria-expanded=\"false\" aria-controls=\"faq_accordion_4\">Bieten Sie Vertraulichkeitsgarantien an?<\/button>\n                    <div id=\"faq_accordion_4\" class=\"faq-accordion-answer accordion-collapse collapse\" data-bs-parent=\"#faq_accordion\">\n                        <p class=\"answer-text\">Ja, wir konzentrieren uns auf Vertraulichkeit und Datenschutz. Unsere Plattform sammelt Ihre Daten nicht und speichert keine Texte.<\/p>\n                    <\/div>\n                <\/div>\n                            <div class=\"faq-accordion-item item-5\">\n                    <button class=\"faq-accordion-question collapsed\" type=\"button\" data-bs-toggle=\"collapse\" data-bs-target=\"#faq_accordion_5\" aria-expanded=\"false\" aria-controls=\"faq_accordion_5\">Kann ich meinen Text \u00fcberpr\u00fcfen, um festzustellen, ob er von einer KI generiert wurde?<\/button>\n                    <div id=\"faq_accordion_5\" class=\"faq-accordion-answer accordion-collapse collapse\" data-bs-parent=\"#faq_accordion\">\n                        <p class=\"answer-text\">Ja, wir sind einer der besten Dienste zur Erkennung von KI-generierten Inhalten.<\/p>\n                    <\/div>\n                <\/div>\n                            <div class=\"faq-accordion-item item-6\">\n                    <button class=\"faq-accordion-question collapsed\" type=\"button\" data-bs-toggle=\"collapse\" data-bs-target=\"#faq_accordion_6\" aria-expanded=\"false\" aria-controls=\"faq_accordion_6\">Unterst\u00fctzen Sie mehrere Sprachen?<\/button>\n                    <div id=\"faq_accordion_6\" class=\"faq-accordion-answer accordion-collapse collapse\" data-bs-parent=\"#faq_accordion\">\n                        <p class=\"answer-text\">Ja, unser Tool funktioniert mit verschiedenen Sprachen zur Bequemlichkeit internationaler Benutzer.<\/p>\n                    <\/div>\n                <\/div>\n                            <div class=\"faq-accordion-item item-7\">\n                    <button class=\"faq-accordion-question collapsed\" type=\"button\" data-bs-toggle=\"collapse\" data-bs-target=\"#faq_accordion_7\" aria-expanded=\"false\" aria-controls=\"faq_accordion_7\">Welche Quellen \u00fcberpr\u00fcft Ihr System?<\/button>\n                    <div id=\"faq_accordion_7\" class=\"faq-accordion-answer accordion-collapse collapse\" data-bs-parent=\"#faq_accordion\">\n                        <p class=\"answer-text\">Wir analysieren wissenschaftliche Publikationen, Webseiten und exklusive Datenbanken f\u00fcr die besten Ergebnisse.<\/p>\n                    <\/div>\n                <\/div>\n                            <div class=\"faq-accordion-item item-8\">\n                    <button class=\"faq-accordion-question collapsed\" type=\"button\" data-bs-toggle=\"collapse\" data-bs-target=\"#faq_accordion_8\" aria-expanded=\"false\" aria-controls=\"faq_accordion_8\">Ist es m\u00f6glich, mehrere Texte gleichzeitig zu \u00fcberpr\u00fcfen?<\/button>\n                    <div id=\"faq_accordion_8\" class=\"faq-accordion-answer accordion-collapse collapse\" data-bs-parent=\"#faq_accordion\">\n                        <p class=\"answer-text\">Ja, Benutzer k\u00f6nnen mehrere Texte gleichzeitig hochladen, um Zeit zu sparen.<\/p>\n                    <\/div>\n                <\/div>\n                            <div class=\"faq-accordion-item item-9\">\n                    <button class=\"faq-accordion-question collapsed\" type=\"button\" data-bs-toggle=\"collapse\" data-bs-target=\"#faq_accordion_9\" aria-expanded=\"false\" aria-controls=\"faq_accordion_9\">Beschr\u00e4nken Sie die Gr\u00f6\u00dfe der Dokumente, die zum Pr\u00fcfen hochgeladen werden k\u00f6nnen?<\/button>\n                    <div id=\"faq_accordion_9\" class=\"faq-accordion-answer accordion-collapse collapse\" data-bs-parent=\"#faq_accordion\">\n                        <p class=\"answer-text\">Nein, Kunden k\u00f6nnen kleine Texte und gr\u00f6\u00dfere Dokumente \u00fcberpr\u00fcfen.<\/p>\n                    <\/div>\n                <\/div>\n                            <div class=\"faq-accordion-item item-10\">\n                    <button class=\"faq-accordion-question collapsed\" type=\"button\" data-bs-toggle=\"collapse\" data-bs-target=\"#faq_accordion_10\" aria-expanded=\"false\" aria-controls=\"faq_accordion_10\">Haben Sie Updates f\u00fcr eine bessere \u00dcberpr\u00fcfung?<\/button>\n                    <div id=\"faq_accordion_10\" class=\"faq-accordion-answer accordion-collapse collapse\" data-bs-parent=\"#faq_accordion\">\n                        <p class=\"answer-text\">Ja, unsere Tools verwenden fortschrittliche Algorithmen und erhalten st\u00e4ndige Updates f\u00fcr bessere Ergebnisse.<\/p>\n                    <\/div>\n                <\/div>\n                            <div class=\"faq-accordion-item item-11\">\n                    <button class=\"faq-accordion-question collapsed\" type=\"button\" data-bs-toggle=\"collapse\" data-bs-target=\"#faq_accordion_11\" aria-expanded=\"false\" aria-controls=\"faq_accordion_11\">Kann Ihr Plagiatspr\u00fcfer mit anderen Systemen verwendet werden?<\/button>\n                    <div id=\"faq_accordion_11\" class=\"faq-accordion-answer accordion-collapse collapse\" data-bs-parent=\"#faq_accordion\">\n                        <p class=\"answer-text\">Ja, es gibt eine Option zur API-Integration.<\/p>\n                    <\/div>\n                <\/div>\n                            <div class=\"faq-accordion-item item-12\">\n                    <button class=\"faq-accordion-question collapsed\" type=\"button\" data-bs-toggle=\"collapse\" data-bs-target=\"#faq_accordion_12\" aria-expanded=\"false\" aria-controls=\"faq_accordion_12\">Kann ich mich f\u00fcr eine kostenlose Testversion anmelden?<\/button>\n                    <div id=\"faq_accordion_12\" class=\"faq-accordion-answer accordion-collapse collapse\" data-bs-parent=\"#faq_accordion\">\n                        <p class=\"answer-text\">Ja, unsere kostenlose Testversion steht Kunden zur Verf\u00fcgung, die erkunden m\u00f6chten, was unsere Plattform bietet.<\/p>\n                    <\/div>\n                <\/div>\n                            <div class=\"faq-accordion-item item-13\">\n                    <button class=\"faq-accordion-question collapsed\" type=\"button\" data-bs-toggle=\"collapse\" data-bs-target=\"#faq_accordion_13\" aria-expanded=\"false\" aria-controls=\"faq_accordion_13\">Ist Ihr Pr\u00fcfer f\u00fcr die Verwendung auf mobilen Ger\u00e4ten optimiert?<\/button>\n                    <div id=\"faq_accordion_13\" class=\"faq-accordion-answer accordion-collapse collapse\" data-bs-parent=\"#faq_accordion\">\n                        <p class=\"answer-text\">Ja, unser System ist mobilfreundlich und somit f\u00fcr Kunden besser zug\u00e4nglich.<\/p>\n                    <\/div>\n                <\/div>\n                    <\/div>\n    <\/div>\n    <\/div>\n<\/div>\n<\/div>\n<\/div>\n<\/div>\n<\/section>\n","protected":false,"raw":"<section class=\"pricing-page-main-block\">\r\n<div class=\"container-fluid\">\r\n<div class=\"container\">\r\n<div class=\"row\">\r\n<div class=\"col-12\">\r\n<div class=\"pricing-main-block-content\">\r\n<div class=\"ps-widget-container\" data-ps-widget-name=\"Prices\" data-ps-widget-options=\"{}\">\r\n<p class=\"top-text\">W\u00e4hle deine Preise Optionen<\/p>\r\n<h1 class=\"page-title\">Keine versteckten Geb\u00fchren f\u00fcr genaue Plagiats- und KI-Erkennung<\/h1>\r\n<div class=\"pricing-block\">\r\n<div class=\"pricing-plan-duration\">\r\n<button class=\"pricing-plan-duration-item one-time active\" type=\"button\">Einmalig<\/button>\r\n<button class=\"pricing-plan-duration-item monthly\" type=\"button\">Monatlich<\/button>\r\n<button class=\"pricing-plan-duration-item 3-months\" type=\"button\">3-Monate<\/button>\r\n<button class=\"pricing-plan-duration-item yearly\" type=\"button\">Jahresweise<\/button>\r\n<\/div>\r\n<div class=\"pricing-plan-items-wrapper\">\r\n<div class=\"pricing-plan-items\">\r\n<div class=\"pricing-plan-item light\">\r\n<div class=\"item-header\">\r\n<span class=\"plan-title\">Light<\/span>\r\n<div class=\"plan-price-per-word\">\r\n<p class=\"price\"><span class=\"value\">$0.23<\/span> pro<\/p>\r\n<p class=\"words-count\">1000 W\u00f6rter<\/p>\r\n<\/div>\r\n<\/div>\r\n<div class=\"item-main\">\r\n<span class=\"save-up-to-label\">Bis zu <span class=\"value\">30%<\/span> sparen<\/span>\r\n<p class=\"plan-price\"><span class=\"value\">$22.95<\/span> \/ <span class=\"duration\">Monat<\/span><\/p><a class=\"get-started-btn\" href=\"#\">Loslegen<\/a><label class=\"custom-checkbox-label recurring-payments\" for=\"recurring_payments_light\"><span class=\"custom-checkbox\"><\/span><span class=\"custom-checkbox-title\">Wiederkehrende Zahlungen<\/span><input checked=\"\" id=\"recurring_payments_light\" name=\"recurring-payments-light\" type=\"checkbox\"\/>\r\n<\/label><span class=\"sep\"><\/span><\/div>\r\n<div class=\"item-footer\">\r\n<ul>\r\n<li class=\"available\"><span class=\"highlighted\">1<\/span> Plagiats-Einreichung *<\/li>\r\n<li class=\"available\"><span class=\"highlighted\">1<\/span> KI-Einreichung *<\/li>\r\n<li class=\"available\"><span class=\"highlighted\">Unbegrenzt<\/span> Zeitdauer (Tage)<\/li>\r\n<li class=\"unavailable\"><span class=\"highlighted\">365<\/span> Zeitdauer (Tage)<\/li>\r\n<li class=\"unavailable\">Suche nach KI-Text<\/li><\/ul><\/div><\/div>\r\n<div class=\"pricing-plan-item standatd selected\">\r\n<div class=\"item-header\">\r\n<span class=\"plan-title\">Standatd<\/span>\r\n<div class=\"plan-price-per-word\">\r\n<p class=\"price\"><span class=\"value\">$0.12<\/span> pro<\/p>\r\n<p class=\"words-count\">1000 W\u00f6rter<\/p><\/div><\/div>\r\n<div class=\"item-main\">\r\n<span class=\"save-up-to-label\">Bis zu <span class=\"value\">30%<\/span> sparen<\/span>\r\n<p class=\"plan-price\"><span class=\"value\">$34.95<\/span> \/ <span class=\"duration\">Monat<\/span><\/p><a class=\"get-started-btn\" href=\"#\">Loslegen<\/a><label class=\"custom-checkbox-label recurring-payments\" for=\"recurring_payments_standatd\"><span class=\"custom-checkbox\"><\/span><span class=\"custom-checkbox-title\">Wiederkehrende Zahlungen<\/span><input checked=\"\" id=\"recurring_payments_standatd\" name=\"recurring-payments-standatd\" type=\"checkbox\"\/><\/label><span class=\"sep\"><\/span><\/div>\r\n<div class=\"item-footer\">\r\n<ul>\r\n<li class=\"available\"><span class=\"highlighted\">1<\/span> Plagiats-Einreichung *<\/li>\r\n<li class=\"available\"><span class=\"highlighted\">1<\/span> KI-Einreichung *<\/li>\r\n<li class=\"available\"><span class=\"highlighted\">Unbegrenzt<\/span> Zeitdauer (Tage)<\/li>\r\n<li class=\"unavailable\"><span class=\"highlighted\">365<\/span> Zeitdauer (Tage)<\/li>\r\n<li class=\"unavailable\">Suche nach KI-Text<\/li><\/ul><\/div><\/div>\r\n<div class=\"pricing-plan-item premium\">\r\n<div class=\"item-header\">\r\n<span class=\"plan-title\">Premium<\/span>\r\n<div class=\"plan-price-per-word\">\r\n<p class=\"price\"><span class=\"value\">$0.09<\/span> pro<\/p>\r\n<p class=\"words-count\">1000 W\u00f6rter<\/p>\r\n<\/div>\r\n<\/div>\r\n<div class=\"item-main\">\r\n<span class=\"save-up-to-label\">Bis zu <span class=\"value\">30%<\/span> sparen<\/span>\r\n<p class=\"plan-price\"><span class=\"value\">$54.95<\/span> \/ <span class=\"duration\">Monat<\/span><\/p><a class=\"get-started-btn\" href=\"#\">Loslegen<\/a><label class=\"custom-checkbox-label recurring-payments\" for=\"recurring_payments_premium\"><span class=\"custom-checkbox\"><\/span><span class=\"custom-checkbox-title\">Wiederkehrende Zahlungen<\/span><input checked=\"\" id=\"recurring_payments_premium\" name=\"recurring-payments-premium\" type=\"checkbox\"\/><\/label><span class=\"sep\"><\/span><\/div>\r\n<div class=\"item-footer\">\r\n<ul>\r\n<li class=\"available\"><span class=\"highlighted\">1<\/span> Plagiats-Einreichung *<\/li>\r\n<li class=\"available\"><span class=\"highlighted\">1<\/span> KI-Einreichung *<\/li>\r\n<li class=\"available\"><span class=\"highlighted\">Unbegrenzt<\/span> Zeitdauer (Tage)<\/li>\r\n<li class=\"unavailable\"><span class=\"highlighted\">365<\/span> Zeitdauer (Tage)<\/li>\r\n<li class=\"unavailable\">Suche nach KI-Text<\/li><\/ul>\r\n<\/div>\r\n<\/div><\/div><\/div><\/div><\/div><\/div><\/div><\/div><\/div><\/div>\r\n<\/section>\r\n<section class=\"faq\">\r\n<div class=\"container-fluid\">\r\n<div class=\"container\">\r\n<div class=\"row\">\r\n<div class=\"col-12\">\r\n<div class=\"faq-content\">\r\n<div class=\"faq-text-block\">\r\n<p class=\"faq-text-top\">Unsere FAQ-Sektion hat alles, was Sie wissen m\u00fcssen<\/p>\r\n<p class=\"faq-text-title\">M\u00f6chten Sie mehr \u00fcber OriginalityReport.com erfahren?<\/p>\r\n<p class=\"faq-text-subtitle\">Wir haben Fragen analysiert und beantwortet, die Benutzer zu unserem Plagiatscheck und unserer KI-Erkennung stellen.<\/p>\r\n<div class=\"different-question-block\">\r\n<img alt=\"FAQ\" class=\"faq-icon\" src=\"\/wp-content\/themes\/main\/images\/faq-icon.svg\"\/><p class=\"title\">Verbinden Sie sich mit OriginalityReport.com f\u00fcr mehr Antworten<\/p>\r\n<p class=\"subtitle\">Wenn Sie weitere Fragen zu unserem Service haben, wenden Sie sich an unser Team. Sie freuen sich darauf, Ihnen zu helfen und die beste Methode zum \u00dcberpr\u00fcfen von Texten auf Plagiate zu erkl\u00e4ren.<\/p><a class=\"contact-support-btn custom-btn cb-black\" href=\"\/contact-us\/\">Support-Team kontaktieren<\/a><\/div>\r\n<\/div>[faq_questions]<\/div><\/div><\/div><\/div><\/div>\r\n<\/section>"},"excerpt":{"rendered":"W\u00e4hle deine Preise Optionen Keine versteckten Geb\u00fchren f\u00fcr genaue Plagiats- und KI-Erkennung Einmalig Monatlich 3-Monate Jahresweise Light $0,23 pro 1000 W\u00f6rter Bis zu 30% sparen $22,95 \/ Monat Loslegen Wiederkehrende Zahlungen 1 Plagiarismus-Einreichung * 1 KI-Einreichung * Unbegrenzte Zeitdauer (Tage) 365 Zeitdauer (Tage) Suche nach AI-Text Standard $0,12 pro.","protected":false,"raw":"W\u00e4hle deine Preise Optionen Keine versteckten Geb\u00fchren f\u00fcr genaue Plagiats- und KI-Erkennung Einmalig Monatlich 3-Monate Jahresweise Light $0,23 pro 1000 W\u00f6rter Bis zu 30% sparen $22,95 \/ Monat Loslegen Wiederkehrende Zahlungen 1 Plagiarismus-Einreichung * 1 KI-Einreichung * Unbegrenzte Zeitdauer (Tage) 365 Zeitdauer (Tage) Suche nach AI-Text Standard $0,12 pro."},"author":1,"featured_media":0,"parent":0,"menu_order":0,"comment_status":"closed","ping_status":"closed","template":"tpl-landing.php","meta":{"_aioseo_title":null,"_aioseo_description":null,"_locale":"de_DE","_original_post":"https:\/\/originalityreport.com\/?page_id=10","footnotes":""},"class_list":["post-271","page","type-page","status-publish","hentry","de-DE"],"aioseo_notices":[],"_links":{"self":[{"href":"https:\/\/originalityreport.com\/wp-json\/wp\/v2\/pages\/271","targetHints":{"allow":["GET"]}}],"collection":[{"href":"https:\/\/originalityreport.com\/wp-json\/wp\/v2\/pages"}],"about":[{"href":"https:\/\/originalityreport.com\/wp-json\/wp\/v2\/types\/page"}],"author":[{"embeddable":true,"href":"https:\/\/originalityreport.com\/wp-json\/wp\/v2\/users\/1"}],"replies":[{"embeddable":true,"href":"https:\/\/originalityreport.com\/wp-json\/wp\/v2\/comments?post=271"}],"version-history":[{"count":4,"href":"https:\/\/originalityreport.com\/wp-json\/wp\/v2\/pages\/271\/revisions"}],"predecessor-version":[{"id":733,"href":"https:\/\/originalityreport.com\/wp-json\/wp\/v2\/pages\/271\/revisions\/733"}],"wp:attachment":[{"href":"https:\/\/originalityreport.com\/wp-json\/wp\/v2\/media?parent=271"}],"curies":[{"name":"wp","href":"https:\/\/api.w.org\/{rel}","templated":true}]}}