{"id":1614,"date":"2025-11-06T11:40:55","date_gmt":"2025-11-06T11:40:55","guid":{"rendered":"https:\/\/originalityreport.com\/?page_id=1614","raw":"https:\/\/originalityreport.com\/?page_id=1614"},"modified":"2026-03-30T16:55:44","modified_gmt":"2026-03-30T16:55:44","slug":"blog","status":"publish","type":"page","link":"https:\/\/originalityreport.com\/de\/blog\/","title":{"rendered":"Blog","raw":"Blog"},"content":{"rendered":"<div class=\"blog-top-part\">\n<h1 class=\"page-title\">Einblicke &amp; Updates<\/h1>\n<div class=\"page-green-subtitle\">Entdecken Sie Trends, Tipps und Innovationen<\/div>\n<div class=\"page-subtitle\">Entdecken Sie Expertenartikel \u00fcber Technologie, KI, Plagiatserkennung und Schreibtipps, um Ihre Arbeit zu sch\u00fctzen und im digitalen Zeitalter die Nase vorn zu haben.<\/div>\n<\/div>\n","protected":false,"raw":"<div class=\"blog-top-part\">\r\n<h1 class=\"page-title\">Einblicke &amp; Updates<\/h1>\r\n<div class=\"page-green-subtitle\">Entdecken Sie Trends, Tipps und Innovationen<\/div>\r\n<div class=\"page-subtitle\">Entdecken Sie Expertenartikel \u00fcber Technologie, KI, Plagiatserkennung und Schreibtipps, um Ihre Arbeit zu sch\u00fctzen und im digitalen Zeitalter die Nase vorn zu haben.<\/div>\r\n<\/div>\r\n"},"excerpt":{"rendered":"Einblicke &amp; Updates Entdecken Sie Trends, Tipps und Innovationen Entdecken Sie Expertenartikel zu Technologie, KI, Plagiatserkennung und Schreibtipps, um Ihre Arbeit zu sch\u00fctzen und im digitalen Zeitalter die Nase vorn zu haben.","protected":false,"raw":"Einblicke &amp; Updates Entdecken Sie Trends, Tipps und Innovationen Entdecken Sie Expertenartikel zu Technologie, KI, Plagiatserkennung und Schreibtipps, um Ihre Arbeit zu sch\u00fctzen und im digitalen Zeitalter die Nase vorn zu haben."},"author":1,"featured_media":0,"parent":0,"menu_order":0,"comment_status":"closed","ping_status":"closed","template":"","meta":{"_aioseo_title":"Originality Report Blog DE | KI, Plagiat &amp; Schreibtipps","_aioseo_description":"Entdecken Sie Originality Report Blog DE mit Artikeln \u00fcber KI, Plagiatserkennung und Schreibtipps. Sch\u00fctzen Sie Ihre Arbeit und verbessern Sie Ihre Schreibf\u00e4higkeiten.","_locale":"de_DE","_original_post":"https:\/\/originalityreport.com\/?page_id=1003","footnotes":""},"class_list":["post-1614","page","type-page","status-publish","hentry","de-DE"],"aioseo_notices":[],"_links":{"self":[{"href":"https:\/\/originalityreport.com\/wp-json\/wp\/v2\/pages\/1614","targetHints":{"allow":["GET"]}}],"collection":[{"href":"https:\/\/originalityreport.com\/wp-json\/wp\/v2\/pages"}],"about":[{"href":"https:\/\/originalityreport.com\/wp-json\/wp\/v2\/types\/page"}],"author":[{"embeddable":true,"href":"https:\/\/originalityreport.com\/wp-json\/wp\/v2\/users\/1"}],"replies":[{"embeddable":true,"href":"https:\/\/originalityreport.com\/wp-json\/wp\/v2\/comments?post=1614"}],"version-history":[{"count":1,"href":"https:\/\/originalityreport.com\/wp-json\/wp\/v2\/pages\/1614\/revisions"}],"predecessor-version":[{"id":1617,"href":"https:\/\/originalityreport.com\/wp-json\/wp\/v2\/pages\/1614\/revisions\/1617"}],"wp:attachment":[{"href":"https:\/\/originalityreport.com\/wp-json\/wp\/v2\/media?parent=1614"}],"curies":[{"name":"wp","href":"https:\/\/api.w.org\/{rel}","templated":true}]}}