{"id":559,"date":"2025-03-24T11:47:44","date_gmt":"2025-03-24T11:47:44","guid":{"rendered":"https:\/\/originalityreport.com\/?page_id=559","raw":"https:\/\/originalityreport.com\/?page_id=559"},"modified":"2025-04-04T08:46:20","modified_gmt":"2025-04-04T08:46:20","slug":"privacy-policy","status":"publish","type":"page","link":"https:\/\/originalityreport.com\/da\/privacy-policy\/","title":{"rendered":"Fortrolighedspolitik","raw":"Fortrolighedspolitik"},"content":{"rendered":"<p>System Technology Online Spanien SL., Calle Pintor P\u00e9rez Gil 2, b.46 03540, Alicante, Spanien (&#8220;os&#8221;, &#8220;vi&#8221; eller &#8220;vort&#8221;) opererer originalityreport.com-nettstedet og er kontroll\u00f8r for din personlige data.<\/p>\n<p>Vi vil gerne udtrykke vores taknemmelighed for den tid, du har brugt p\u00e5 at gennemg\u00e5 vores tilbud og din interesse i vores virksomheds tjenester. Du kan v\u00e6re sikker p\u00e5, at vi garanterer ikke-udladelse af nogen personlige oplysninger om vores kunder. Alle slags personlig information, som vores kunder giver, forbliver sikkert og privat. Der er ingen mulighed for misbrug eller tab af oplysningerne, hvis du v\u00e6lger tjenesterne fra vores virksomhed.<\/p>\n<p>Nedenfor kan du finde oplysningerne vedr\u00f8rende de data, vi indsamler fra vores kunder.<\/p>\n<p>Under samarbejdet har vi brug for f\u00f8lgende oplysninger:<\/p>\n<ul>\n<li>Vores kunder;<\/li>\n<li>Bes\u00f8gende af vores hjemmeside.<\/li>\n<\/ul>\n<p>Oplysningerne, der indsamles af websideserveren, omfatter:<\/p>\n<ul>\n<li>Type af webbrowser;<\/li>\n<li>Dag og tid for adgang til hjemmesiden;<\/li>\n<li>Type operativsystem.<\/li>\n<\/ul>\n<p>V\u00e6r venlig at bem\u00e6rke, at de indsamlede oplysninger aldrig s\u00e6lges eller deltes; de er ikke relateret til afsl\u00f8ringen af nogen identitet. Det eneste form\u00e5l med indsamlingen af disse data er tilpassing af dataene og forbedring af hjemmesidens indhold.<\/p>\n<p><strong>Kager<\/strong><\/p>\n<p>De hjemmesider, der tilh\u00f8rer originalityreport.com, bruger filerne kaldet &#8220;kager&#8221; \u2013 tekstfiler overf\u00f8rt til computersystemet via webbrowseren. Disse filer g\u00f8r det muligt for os at levere brugervenlige indhold til dem, der surfer p\u00e5 vores hjemmeside.<\/p>\n<p>Indsamlingen af kager kan stoppes, hvis man \u00e6ndrer indstillingerne i deres webbrowser. Allerede indstillede kagefiler kan fjernes ved hj\u00e6lp af specifikke computere programmer eller via internettet. Bem\u00e6rk venligst, at nogle funktioner, som vores hjemmeside tilbyder, m\u00e5ske ikke er tilg\u00e6ngelige efter deaktivering af indsamling af kager.<\/p>\n<p><strong>Indsamling af k\u00f8bsdata<\/strong><\/p>\n<p>originalityreport.com indsamler s\u00e5danne personlige oplysninger som navn, telefonnummer, e-mail, hjemland og f\u00f8dselsdato. Med det eneste form\u00e5l at behandle brugernes ans\u00f8gninger effektivt, indsamler vores ressource ogs\u00e5 nogle fortrolige data, dvs. kreditkort- og pasnumre, sundhedshistorier til at sende dem til vores forsikringspartnere. P\u00e5 anden vis indsamler eller gemmer originalityreport.com ikke nogen fortrolige oplysninger.<\/p>\n<p><strong>Indsamlings af Generel Information<\/strong><\/p>\n<p>De websider, der h\u00f8rer til netv\u00e6rket originalityreport.com, kan indsamle oplysninger om den:<\/p>\n<ul>\n<li>Type af webvievingssoftware;<\/li>\n<li>Brukede PC-systemer;<\/li>\n<li>Internettetjeneste, hvorfra en adgang til vores hjemmeside er lavet;<\/li>\n<li>Sous-sider;<\/li>\n<li>Dato og tidspunkt for bes\u00f8g p\u00e5 vores hjemmeside;<\/li>\n<li>IP-adresse;<\/li>\n<li>Internetserviceudbyder;<\/li>\n<li>Andre data, der kan bruges til at angribe vores IT-systemer.<\/li>\n<\/ul>\n<p>De n\u00e6vnte oplysninger anvendes til:<\/p>\n<ul>\n<li>Levere vores indhold passende;\n<\/li>\n<li>Forbedre b\u00e5de indholdet og den m\u00e5de, det annonceres p\u00e5;\n<\/li>\n<li>Sikre teknologisk gennemf\u00f8rlighed;\n<\/li>\n<\/ul>\n<p>Levere myndighederne med de n\u00f8dvendige oplysninger til at gennemf\u00f8re en kriminalunders\u00f8gelse vedr\u00f8rende cyberrapporter. De indsamlede fakta unders\u00f8ges for at forbedre b\u00e5de vores virksomheds og kundernes databeskyttelse.<\/p>\n<p><strong>Anvendelsen af cookies<\/strong><\/p>\n<p>Vores websted anvender &#8216;cookies&#8217;, da de tillader os at indsamle statistiske data vedr\u00f8rende bes\u00f8g og brug af vores hjemmeside. Desuden er det en god mulighed for at skabe effektiv navigering.<\/p>\n<p><strong>Samling af personlige oplysninger<\/strong><\/p>\n<p>Vores kunder bedes udfylde f\u00f8lgende personlige oplysninger under registreringsprocessen:<\/p>\n<ul>\n<li>Navn<\/li>\n<li>Kontaktopslagstlf.<\/li>\n<li>E-mail<\/li>\n<\/ul>\n<p>Det anbefales derfor at sikre n\u00f8jagtigheden af de kontaktoplysninger, da det er en garanti for den h\u00f8je kvalitet af de ydede tjenester.<\/p>\n<p>Vores app f\u00e5r adgang til Google-brugerdata kun efter brugerv\u00e6rdigering. Alle data vil udelukkende blive brugt til at detektere plagiat, og der er ikke tilsigtet nogen deling eller opbevaring af personlige oplysninger. originalityreport.com opbevarer, bruger eller deler Google-brugerdata ikke.<\/p>\n<p>Vores kunder har 100 % sikkerhed p\u00e5, at deres personlige oplysninger aldrig vil v\u00e6re tilg\u00e6ngelige for nogen undtagen virksomhedens medarbejdere. Der er ingen mulighed for offentligg\u00f8relse, deling, salg, publikation eller videregivelse til tredjeparter. Enhver tekst, du scanner ved hj\u00e6lp af vores plagiatdetektionsv\u00e6rkt\u00f8j, vil ikke blive overf\u00f8rt til en tredjepart eller brugt til andre form\u00e5l. Du er den eneste ejer af teksten, der uds\u00e6ttes for plagiatkontrollen, der leveres for at verificere originaliteten af indholdet.<\/p>\n<p><strong>Online Transaktioner<\/strong><\/p>\n<p>Vi anvender kun sikre online transaktioner gennem p\u00e5lidelige betalingssystemer, der udelukker enhver mulighed for oplysningsskabelse. I nogle tilf\u00e6lde kontakter Finansafdelingen vores kunder for at sikre verifikationen af deres identiteter og forebygge alle former for online svindel.<\/p>\n<p><strong>Klienters rettigheder<\/strong><\/p>\n<p>De oplysninger i klientsprofilen kan \u00e6ndres, redigeres, erstattes eller slettes af brugeren. Hvis du har behov for nogen \u00e6ndringer eller assistance, t\u00f8v ikke med at kontakte kundesupportteamet.<\/p>\n<p>Vi s\u00e6tter h\u00f8j pris p\u00e5 kundes pr\u00e6ferencer vedr\u00f8rende den private brug af vores plagiatdetektionsv\u00e6rktjenester s\u00e5vel som de redigerings\/omskrivning\/korrekturl\u00e6sning muligheder. Dine personlige oplysninger vil kun blive brugt til interne virksomhedsform\u00e5l. Brugen af vores tjenester antager din godkendelse af vores fortrolighedspolitikker og regler.<\/p>\n<p><strong>Google Drive &amp; Kontooplysninger<\/strong><\/p>\n<p>Vi benytter ikke oplysningerne, du gemmer p\u00e5 din Google Drive til personlig brug. Dit navn, e-mailadresse og fillinks bliver ikke automatisk gemt p\u00e5 vores servere, medmindre du uploader dem gennem vores applikation. Vi har heller ingen intention om at dele dine filer eller personlige oplysninger med tredjeparter. Vi foretager intet \u00e6ndringer til dine filer medmindre du g\u00f8r det direkte gennem vores applikation eller i Google Drive. Hvis du v\u00e6lger at slette den tekstfil, du delte med os, vil dataene blive hurtigt fjernet fra vores server. Filene vil dog ikke blive slettet fra din Google Drive. Du kan ogs\u00e5 tilbagekalde vores adgang til dine Google Drive-data n\u00e5r som helst. Vi reserverer retten til at forhindre enhver i at bruge vores applikation til at f\u00e5 adgang til deres Google Drive.<\/p>\n<p>Vores hjemmeside vil f\u00e5 adgang til brugernes Google Drive-filer, men kun med l\u00e6seadgang (specifikt omfanget &#8220;https:\/\/www.googleapis.com\/auth\/drive.readonly&#8221;). Vi vil gemme filernes ren tekst for brugerne. Brugerne beholder muligheden for at slette denne data n\u00e5r som helst.<\/p>\n<p><strong>Google API-tjenesteaftale<\/strong><\/p>\n<p>originalityreport.com&#8217;s brug og overf\u00f8rsel af de oplysninger, der er hentet fra Google API&#8217;er til andre apps, vil overholde Google API-tjenesteres brugerdata politik, inklusive kravene om begr\u00e6nset brug.<\/p>\n<p><strong>SMS-overholdelse af GDPR ved opbevaring og sletning af persondata<\/strong><\/p>\n<p>I overensstemmelse med Generel Personoplysningerbeskyttelsesforordning (GDPR) er vi forpligtede til at sikre den lovlig h\u00e5ndtering af persondata. Ved oph\u00f8r af tjenesterne, eller udl\u00f8bet af en kontrakt eller aftale, er vi forpligtet til enten at returnere eller slette alle personoplysninger i vores besiddelse, medmindre der er et juridisk krav, der n\u00f8dvendigg\u00f8r opbevaring af s\u00e5danne data. Vore handlinger vil strengt f\u00f8lge GDPR-retningslinjerne for at sikre privatlivet og beskyttelsen af individets personoplysninger.<\/p>\n","protected":false,"raw":"<p>System Technology Online Spanien SL., Calle Pintor P\u00e9rez Gil 2, b.46 03540, Alicante, Spanien (\"os\", \"vi\" eller \"vort\") opererer originalityreport.com-nettstedet og er kontroll\u00f8r for din personlige data.<\/p>\r\n<p>Vi vil gerne udtrykke vores taknemmelighed for den tid, du har brugt p\u00e5 at gennemg\u00e5 vores tilbud og din interesse i vores virksomheds tjenester. Du kan v\u00e6re sikker p\u00e5, at vi garanterer ikke-udladelse af nogen personlige oplysninger om vores kunder. Alle slags personlig information, som vores kunder giver, forbliver sikkert og privat. Der er ingen mulighed for misbrug eller tab af oplysningerne, hvis du v\u00e6lger tjenesterne fra vores virksomhed.<\/p>\r\n<p>Nedenfor kan du finde oplysningerne vedr\u00f8rende de data, vi indsamler fra vores kunder.<\/p>\r\n<p>Under samarbejdet har vi brug for f\u00f8lgende oplysninger:<\/p>\r\n<ul>\r\n<li>Vores kunder;<\/li>\r\n<li>Bes\u00f8gende af vores hjemmeside.<\/li>\r\n<\/ul>\r\n<p>Oplysningerne, der indsamles af websideserveren, omfatter:<\/p>\r\n<ul>\r\n<li>Type af webbrowser;<\/li>\r\n<li>Dag og tid for adgang til hjemmesiden;<\/li>\r\n<li>Type operativsystem.<\/li>\r\n<\/ul>\r\n<p>V\u00e6r venlig at bem\u00e6rke, at de indsamlede oplysninger aldrig s\u00e6lges eller deltes; de er ikke relateret til afsl\u00f8ringen af nogen identitet. Det eneste form\u00e5l med indsamlingen af disse data er tilpassing af dataene og forbedring af hjemmesidens indhold.<\/p>\r\n<p><strong>Kager<\/strong><\/p>\r\n<p>De hjemmesider, der tilh\u00f8rer originalityreport.com, bruger filerne kaldet \"kager\" \u2013 tekstfiler overf\u00f8rt til computersystemet via webbrowseren. Disse filer g\u00f8r det muligt for os at levere brugervenlige indhold til dem, der surfer p\u00e5 vores hjemmeside.<\/p>\r\n<p>Indsamlingen af kager kan stoppes, hvis man \u00e6ndrer indstillingerne i deres webbrowser. Allerede indstillede kagefiler kan fjernes ved hj\u00e6lp af specifikke computere programmer eller via internettet. Bem\u00e6rk venligst, at nogle funktioner, som vores hjemmeside tilbyder, m\u00e5ske ikke er tilg\u00e6ngelige efter deaktivering af indsamling af kager.<\/p>\r\n<p><strong>Indsamling af k\u00f8bsdata<\/strong><\/p>\r\n<p>originalityreport.com indsamler s\u00e5danne personlige oplysninger som navn, telefonnummer, e-mail, hjemland og f\u00f8dselsdato. Med det eneste form\u00e5l at behandle brugernes ans\u00f8gninger effektivt, indsamler vores ressource ogs\u00e5 nogle fortrolige data, dvs. kreditkort- og pasnumre, sundhedshistorier til at sende dem til vores forsikringspartnere. P\u00e5 anden vis indsamler eller gemmer originalityreport.com ikke nogen fortrolige oplysninger.<\/p>\r\n<p><strong>Indsamlings af Generel Information<\/strong><\/p>\r\n<p>De websider, der h\u00f8rer til netv\u00e6rket originalityreport.com, kan indsamle oplysninger om den:<\/p>\r\n<ul>\r\n<li>Type af webvievingssoftware;<\/li>\r\n<li>Brukede PC-systemer;<\/li>\r\n<li>Internettetjeneste, hvorfra en adgang til vores hjemmeside er lavet;<\/li>\r\n<li>Sous-sider;<\/li>\r\n<li>Dato og tidspunkt for bes\u00f8g p\u00e5 vores hjemmeside;<\/li>\r\n<li>IP-adresse;<\/li>\r\n<li>Internetserviceudbyder;<\/li>\r\n<li>Andre data, der kan bruges til at angribe vores IT-systemer.<\/li>\r\n<\/ul>\r\n<p>De n\u00e6vnte oplysninger anvendes til:<\/p>\r\n<ul>\r\n<li>Levere vores indhold passende;\r\n<\/li>\r\n<li>Forbedre b\u00e5de indholdet og den m\u00e5de, det annonceres p\u00e5;\r\n<\/li>\r\n<li>Sikre teknologisk gennemf\u00f8rlighed;\r\n<\/li>\r\n<\/ul>\r\n<p>Levere myndighederne med de n\u00f8dvendige oplysninger til at gennemf\u00f8re en kriminalunders\u00f8gelse vedr\u00f8rende cyberrapporter. De indsamlede fakta unders\u00f8ges for at forbedre b\u00e5de vores virksomheds og kundernes databeskyttelse.<\/p>\r\n<p><strong>Anvendelsen af cookies<\/strong><\/p>\r\n<p>Vores websted anvender 'cookies', da de tillader os at indsamle statistiske data vedr\u00f8rende bes\u00f8g og brug af vores hjemmeside. Desuden er det en god mulighed for at skabe effektiv navigering.<\/p>\r\n<p><strong>Samling af personlige oplysninger<\/strong><\/p>\r\n<p>Vores kunder bedes udfylde f\u00f8lgende personlige oplysninger under registreringsprocessen:<\/p>\r\n<ul>\r\n<li>Navn<\/li>\r\n<li>Kontaktopslagstlf.<\/li>\r\n<li>E-mail<\/li>\r\n<\/ul>\r\n<p>Det anbefales derfor at sikre n\u00f8jagtigheden af de kontaktoplysninger, da det er en garanti for den h\u00f8je kvalitet af de ydede tjenester.<\/p>\r\n<p>Vores app f\u00e5r adgang til Google-brugerdata kun efter brugerv\u00e6rdigering. Alle data vil udelukkende blive brugt til at detektere plagiat, og der er ikke tilsigtet nogen deling eller opbevaring af personlige oplysninger. originalityreport.com opbevarer, bruger eller deler Google-brugerdata ikke.<\/p>\r\n<p>Vores kunder har 100 % sikkerhed p\u00e5, at deres personlige oplysninger aldrig vil v\u00e6re tilg\u00e6ngelige for nogen undtagen virksomhedens medarbejdere. Der er ingen mulighed for offentligg\u00f8relse, deling, salg, publikation eller videregivelse til tredjeparter. Enhver tekst, du scanner ved hj\u00e6lp af vores plagiatdetektionsv\u00e6rkt\u00f8j, vil ikke blive overf\u00f8rt til en tredjepart eller brugt til andre form\u00e5l. Du er den eneste ejer af teksten, der uds\u00e6ttes for plagiatkontrollen, der leveres for at verificere originaliteten af indholdet.<\/p>\r\n<p><strong>Online Transaktioner<\/strong><\/p>\r\n<p>Vi anvender kun sikre online transaktioner gennem p\u00e5lidelige betalingssystemer, der udelukker enhver mulighed for oplysningsskabelse. I nogle tilf\u00e6lde kontakter Finansafdelingen vores kunder for at sikre verifikationen af deres identiteter og forebygge alle former for online svindel.<\/p>\r\n<p><strong>Klienters rettigheder<\/strong><\/p>\r\n<p>De oplysninger i klientsprofilen kan \u00e6ndres, redigeres, erstattes eller slettes af brugeren. Hvis du har behov for nogen \u00e6ndringer eller assistance, t\u00f8v ikke med at kontakte kundesupportteamet.<\/p>\r\n<p>Vi s\u00e6tter h\u00f8j pris p\u00e5 kundes pr\u00e6ferencer vedr\u00f8rende den private brug af vores plagiatdetektionsv\u00e6rktjenester s\u00e5vel som de redigerings\/omskrivning\/korrekturl\u00e6sning muligheder. Dine personlige oplysninger vil kun blive brugt til interne virksomhedsform\u00e5l. Brugen af vores tjenester antager din godkendelse af vores fortrolighedspolitikker og regler.<\/p>\r\n<p><strong>Google Drive &amp; Kontooplysninger<\/strong><\/p>\r\n<p>Vi benytter ikke oplysningerne, du gemmer p\u00e5 din Google Drive til personlig brug. Dit navn, e-mailadresse og fillinks bliver ikke automatisk gemt p\u00e5 vores servere, medmindre du uploader dem gennem vores applikation. Vi har heller ingen intention om at dele dine filer eller personlige oplysninger med tredjeparter. Vi foretager intet \u00e6ndringer til dine filer medmindre du g\u00f8r det direkte gennem vores applikation eller i Google Drive. Hvis du v\u00e6lger at slette den tekstfil, du delte med os, vil dataene blive hurtigt fjernet fra vores server. Filene vil dog ikke blive slettet fra din Google Drive. Du kan ogs\u00e5 tilbagekalde vores adgang til dine Google Drive-data n\u00e5r som helst. Vi reserverer retten til at forhindre enhver i at bruge vores applikation til at f\u00e5 adgang til deres Google Drive.<\/p>\r\n<p>Vores hjemmeside vil f\u00e5 adgang til brugernes Google Drive-filer, men kun med l\u00e6seadgang (specifikt omfanget \"https:\/\/www.googleapis.com\/auth\/drive.readonly\"). Vi vil gemme filernes ren tekst for brugerne. Brugerne beholder muligheden for at slette denne data n\u00e5r som helst.<\/p>\r\n<p><strong>Google API-tjenesteaftale<\/strong><\/p>\r\n<p>originalityreport.com's brug og overf\u00f8rsel af de oplysninger, der er hentet fra Google API'er til andre apps, vil overholde Google API-tjenesteres brugerdata politik, inklusive kravene om begr\u00e6nset brug.<\/p>\r\n<p><strong>SMS-overholdelse af GDPR ved opbevaring og sletning af persondata<\/strong><\/p>\r\n<p>I overensstemmelse med Generel Personoplysningerbeskyttelsesforordning (GDPR) er vi forpligtede til at sikre den lovlig h\u00e5ndtering af persondata. Ved oph\u00f8r af tjenesterne, eller udl\u00f8bet af en kontrakt eller aftale, er vi forpligtet til enten at returnere eller slette alle personoplysninger i vores besiddelse, medmindre der er et juridisk krav, der n\u00f8dvendigg\u00f8r opbevaring af s\u00e5danne data. Vore handlinger vil strengt f\u00f8lge GDPR-retningslinjerne for at sikre privatlivet og beskyttelsen af individets personoplysninger.<\/p>"},"excerpt":{"rendered":"System Technology Online Spanien SL., Calle Pintor P\u00e9rez Gil 2, b.46 03540, Alicante, Spanien (&#8220;os&#8221;, &#8220;vi&#8221; eller &#8220;vores&#8221;) driver originalityreport.com websiden og er kontroller af dine personlige oplysninger. Vi vil gerne takke for den tid, du har brugt p\u00e5 at gennemg\u00e5 vores tilbud, samt din interesse i vores virksomheds tjenester. Du.","protected":false,"raw":"System Technology Online Spanien SL., Calle Pintor P\u00e9rez Gil 2, b.46 03540, Alicante, Spanien (\"os\", \"vi\" eller \"vores\") driver originalityreport.com websiden og er kontroller af dine personlige oplysninger. Vi vil gerne takke for den tid, du har brugt p\u00e5 at gennemg\u00e5 vores tilbud, samt din interesse i vores virksomheds tjenester. Du."},"author":1,"featured_media":0,"parent":0,"menu_order":0,"comment_status":"closed","ping_status":"closed","template":"","meta":{"_aioseo_title":null,"_aioseo_description":null,"_locale":"da_DK","_original_post":"https:\/\/originalityreport.com\/?page_id=49","footnotes":""},"class_list":["post-559","page","type-page","status-publish","hentry","da-DK"],"aioseo_notices":[],"_links":{"self":[{"href":"https:\/\/originalityreport.com\/wp-json\/wp\/v2\/pages\/559","targetHints":{"allow":["GET"]}}],"collection":[{"href":"https:\/\/originalityreport.com\/wp-json\/wp\/v2\/pages"}],"about":[{"href":"https:\/\/originalityreport.com\/wp-json\/wp\/v2\/types\/page"}],"author":[{"embeddable":true,"href":"https:\/\/originalityreport.com\/wp-json\/wp\/v2\/users\/1"}],"replies":[{"embeddable":true,"href":"https:\/\/originalityreport.com\/wp-json\/wp\/v2\/comments?post=559"}],"version-history":[{"count":3,"href":"https:\/\/originalityreport.com\/wp-json\/wp\/v2\/pages\/559\/revisions"}],"predecessor-version":[{"id":893,"href":"https:\/\/originalityreport.com\/wp-json\/wp\/v2\/pages\/559\/revisions\/893"}],"wp:attachment":[{"href":"https:\/\/originalityreport.com\/wp-json\/wp\/v2\/media?parent=559"}],"curies":[{"name":"wp","href":"https:\/\/api.w.org\/{rel}","templated":true}]}}