{"id":351,"date":"2025-03-24T16:50:54","date_gmt":"2025-03-24T16:50:54","guid":{"rendered":"https:\/\/originalityreport.com\/?page_id=351","raw":"https:\/\/originalityreport.com\/?page_id=351"},"modified":"2025-04-04T08:56:14","modified_gmt":"2025-04-04T08:56:14","slug":"pricing","status":"publish","type":"page","link":"https:\/\/originalityreport.com\/da\/pricing\/","title":{"rendered":"Priss\u00e6tning","raw":"Priss\u00e6tning"},"content":{"rendered":"<section class=\"pricing-page-main-block\">\n<div class=\"container-fluid\">\n<div class=\"container\">\n<div class=\"row\">\n<div class=\"col-12\">\n<div class=\"pricing-main-block-content\">\n<div class=\"ps-widget-container\" data-ps-widget-name=\"Prices\" data-ps-widget-options=\"{}\">\n<p class=\"top-text\">V\u00e6lg dine priss\u00e6tningsmuligheder<\/p>\n<h1 class=\"page-title\">Ingen skjulte gebyrer for n\u00f8jagtig plagierings- og AI-detektion<\/h1>\n<div class=\"pricing-block\">\n<div class=\"pricing-plan-duration\">\n<button class=\"pricing-plan-duration-item one-time active\" type=\"button\">Enkeltbetaling<\/button><br \/>\n<button class=\"pricing-plan-duration-item monthly\" type=\"button\">M\u00e5nedlig<\/button><br \/>\n<button class=\"pricing-plan-duration-item 3-months\" type=\"button\">3 m\u00e5neder<\/button><br \/>\n<button class=\"pricing-plan-duration-item yearly\" type=\"button\">\u00c5rligt<\/button>\n<\/div>\n<div class=\"pricing-plan-items-wrapper\">\n<div class=\"pricing-plan-items\">\n<div class=\"pricing-plan-item light\">\n<div class=\"item-header\">\n<span class=\"plan-title\">Light<\/span><\/p>\n<div class=\"plan-price-per-word\">\n<p class=\"price\"><span class=\"value\">$0.23<\/span> per<\/p>\n<p class=\"words-count\">1000 words<\/p>\n<\/div>\n<\/div>\n<div class=\"item-main\">\n<span class=\"save-up-to-label\">Spare op til <span class=\"value\">30%<\/span><\/span><\/p>\n<p class=\"plan-price\"><span class=\"value\">$22.95<\/span> \/ <span class=\"duration\">M\u00e5ned<\/span><\/p>\n<p><a class=\"get-started-btn\" href=\"#\">Start nu<\/a><label class=\"custom-checkbox-label recurring-payments\" for=\"recurring_payments_light\"><span class=\"custom-checkbox\"><\/span><span class=\"custom-checkbox-title\">Gentagne betalinger<\/span><input checked=\"\" id=\"recurring_payments_light\" name=\"recurring-payments-light\" type=\"checkbox\"\/><br \/>\n<\/label><span class=\"sep\"><\/span><\/div>\n<div class=\"item-footer\">\n<ul>\n<li class=\"available\"><span class=\"highlighted\">1<\/span> Plagieringsindsendelse *<\/li>\n<li class=\"available\"><span class=\"highlighted\">1<\/span> AI-indsendelse *<\/li>\n<li class=\"available\"><span class=\"highlighted\">Ubegr\u00e6nset<\/span> Tidsramme (dage)<\/li>\n<li class=\"unavailable\"><span class=\"highlighted\">365<\/span> Tidsramme (dage)<\/li>\n<li class=\"unavailable\">S\u00f8g efter AI tekst<\/li>\n<\/ul>\n<\/div>\n<\/div>\n<div class=\"pricing-plan-item standatd selected\">\n<div class=\"item-header\">\n<span class=\"plan-title\">Standatd<\/span><\/p>\n<div class=\"plan-price-per-word\">\n<p class=\"price\"><span class=\"value\">$0.12<\/span> per<\/p>\n<p class=\"words-count\">1000 words<\/p>\n<\/div>\n<\/div>\n<div class=\"item-main\">\n<span class=\"save-up-to-label\">Spare op til <span class=\"value\">30%<\/span><\/span><\/p>\n<p class=\"plan-price\"><span class=\"value\">$34.95<\/span> \/ <span class=\"duration\">M\u00e5ned<\/span><\/p>\n<p><a class=\"get-started-btn\" href=\"#\">Start nu<\/a><label class=\"custom-checkbox-label recurring-payments\" for=\"recurring_payments_standatd\"><span class=\"custom-checkbox\"><\/span><span class=\"custom-checkbox-title\">Gentagne betalinger<\/span><input checked=\"\" id=\"recurring_payments_standatd\" name=\"recurring-payments-standatd\" type=\"checkbox\"\/><\/label><span class=\"sep\"><\/span><\/div>\n<div class=\"item-footer\">\n<ul>\n<li class=\"available\"><span class=\"highlighted\">1<\/span> Plagieringsindsendelse *<\/li>\n<li class=\"available\"><span class=\"highlighted\">1<\/span> AI-indsendelse *<\/li>\n<li class=\"available\"><span class=\"highlighted\">Ubegr\u00e6nset<\/span> Tidsramme (dage)<\/li>\n<li class=\"unavailable\"><span class=\"highlighted\">365<\/span> Tidsramme (dage)<\/li>\n<li class=\"unavailable\">S\u00f8g efter AI tekst<\/li>\n<\/ul>\n<\/div>\n<\/div>\n<div class=\"pricing-plan-item premium\">\n<div class=\"item-header\">\n<span class=\"plan-title\">Premium<\/span><\/p>\n<div class=\"plan-price-per-word\">\n<p class=\"price\"><span class=\"value\">$0.09<\/span> per<\/p>\n<p class=\"words-count\">1000 words<\/p>\n<\/div>\n<\/div>\n<div class=\"item-main\">\n<span class=\"save-up-to-label\">Spare op til <span class=\"value\">30%<\/span><\/span><\/p>\n<p class=\"plan-price\"><span class=\"value\">$54.95<\/span> \/ <span class=\"duration\">M\u00e5ned<\/span><\/p>\n<p><a class=\"get-started-btn\" href=\"#\">Start nu<\/a><label class=\"custom-checkbox-label recurring-payments\" for=\"recurring_payments_premium\"><span class=\"custom-checkbox\"><\/span><span class=\"custom-checkbox-title\">Gentagne betalinger<\/span><input checked=\"\" id=\"recurring_payments_premium\" name=\"recurring-payments-premium\" type=\"checkbox\"\/><\/label><span class=\"sep\"><\/span><\/div>\n<div class=\"item-footer\">\n<ul>\n<li class=\"available\"><span class=\"highlighted\">1<\/span> Plagieringsindsendelse *<\/li>\n<li class=\"available\"><span class=\"highlighted\">1<\/span> AI-indsendelse *<\/li>\n<li class=\"available\"><span class=\"highlighted\">Ubegr\u00e6nset<\/span> Tidsramme (dage)<\/li>\n<li class=\"unavailable\"><span class=\"highlighted\">365<\/span> Tidsramme (dage)<\/li>\n<li class=\"unavailable\">S\u00f8g efter AI tekst<\/li>\n<\/ul>\n<\/div>\n<\/div>\n<\/div>\n<\/div>\n<\/div>\n<\/div>\n<\/div>\n<\/div>\n<\/div>\n<\/div>\n<\/div>\n<\/section>\n<section class=\"faq\">\n<div class=\"container-fluid\">\n<div class=\"container\">\n<div class=\"row\">\n<div class=\"col-12\">\n<div class=\"faq-content\">\n<div class=\"faq-text-block\">\n<p class=\"faq-text-top\">Vores FAQ-sektion har alt, hvad du skal vide<\/p>\n<p class=\"faq-text-title\">Har du brug for flere oplysninger om OriginalityReport.com?<\/p>\n<p class=\"faq-text-subtitle\">Vi har analyseret og besvaret sp\u00f8rgsm\u00e5l, som brugerne stiller om vores plagieringskontrol og AI-detektion.<\/p>\n<div class=\"different-question-block\">\n<img decoding=\"async\" alt=\"FAQ\" class=\"faq-icon\" src=\"\/wp-content\/themes\/main\/images\/faq-icon.svg\"\/><\/p>\n<p class=\"title\">Kontakt OriginalityReport.com for flere svar<\/p>\n<p class=\"subtitle\">Hvis du har flere sp\u00f8rgsm\u00e5l om vores service, kontakt vores team. De er glade for at hj\u00e6lpe dig og forklare den bedste m\u00e5de at kontrollere tekster p\u00e5 for plagiering.<\/p>\n<p><a class=\"contact-support-btn custom-btn cb-black\" href=\"\/contact-us\/\">Kontakt Supportteam<\/a><\/div>\n<\/div>\n    <div class=\"faq-questions-block\">\n                <div class=\"faq-accordion\" id=\"faq_accordion\">\n                            <div class=\"faq-accordion-item item-1\">\n                    <button class=\"faq-accordion-question collapsed\" type=\"button\" data-bs-toggle=\"collapse\" data-bs-target=\"#faq_accordion_1\" aria-expanded=\"false\" aria-controls=\"faq_accordion_1\">Jeg har flere dokumenter i forskellige formater. Kan jeg tjekke dem alle?<\/button>\n                    <div id=\"faq_accordion_1\" class=\"faq-accordion-answer accordion-collapse collapse\" data-bs-parent=\"#faq_accordion\">\n                        <p class=\"answer-text\">Ja, vores v\u00e6rkt\u00f8jer kan bruges til at scanne dokumenter i PDF, Word, TXT og endda tekster, der kan kopieres direkte i feltet til kontrol.<\/p>\n                    <\/div>\n                <\/div>\n                            <div class=\"faq-accordion-item item-2\">\n                    <button class=\"faq-accordion-question collapsed\" type=\"button\" data-bs-toggle=\"collapse\" data-bs-target=\"#faq_accordion_2\" aria-expanded=\"false\" aria-controls=\"faq_accordion_2\">Er resultaterne p\u00e5lidelige?<\/button>\n                    <div id=\"faq_accordion_2\" class=\"faq-accordion-answer accordion-collapse collapse\" data-bs-parent=\"#faq_accordion\">\n                        <p class=\"answer-text\">Ja, vores v\u00e6rkt\u00f8j er meget pr\u00e6cis og leverer n\u00f8jagtige og p\u00e5lidelige rapporter, der kan bruges som bevist for papirens \u00e6gthed.<\/p>\n                    <\/div>\n                <\/div>\n                            <div class=\"faq-accordion-item item-3\">\n                    <button class=\"faq-accordion-question collapsed\" type=\"button\" data-bs-toggle=\"collapse\" data-bs-target=\"#faq_accordion_3\" aria-expanded=\"false\" aria-controls=\"faq_accordion_3\">Hvor lang tid tager kontrollen?<\/button>\n                    <div id=\"faq_accordion_3\" class=\"faq-accordion-answer accordion-collapse collapse\" data-bs-parent=\"#faq_accordion\">\n                        <p class=\"answer-text\">Kunder kan f\u00e5 resultater p\u00e5 f\u00e5 minutter. Algoritmen kan tjekke indholdet for plagiering og AI og sammenligne det med millioner af andre tekster meget hurtigt.<\/p>\n                    <\/div>\n                <\/div>\n                            <div class=\"faq-accordion-item item-4\">\n                    <button class=\"faq-accordion-question collapsed\" type=\"button\" data-bs-toggle=\"collapse\" data-bs-target=\"#faq_accordion_4\" aria-expanded=\"false\" aria-controls=\"faq_accordion_4\">Yder I konfidensialitetsgarantier?<\/button>\n                    <div id=\"faq_accordion_4\" class=\"faq-accordion-answer accordion-collapse collapse\" data-bs-parent=\"#faq_accordion\">\n                        <p class=\"answer-text\">Ja, vi fokuserer p\u00e5 fortrolighed og privatliv. Vores platform samler ikke din data eller gemmer tekster.<\/p>\n                    <\/div>\n                <\/div>\n                            <div class=\"faq-accordion-item item-5\">\n                    <button class=\"faq-accordion-question collapsed\" type=\"button\" data-bs-toggle=\"collapse\" data-bs-target=\"#faq_accordion_5\" aria-expanded=\"false\" aria-controls=\"faq_accordion_5\">Kan jeg tjekke min tekst for at se, om den er genereret af AI?<\/button>\n                    <div id=\"faq_accordion_5\" class=\"faq-accordion-answer accordion-collapse collapse\" data-bs-parent=\"#faq_accordion\">\n                        <p class=\"answer-text\">Ja, vi er en af de bedste tjenester til at identificere AI-genereret indhold.<\/p>\n                    <\/div>\n                <\/div>\n                            <div class=\"faq-accordion-item item-6\">\n                    <button class=\"faq-accordion-question collapsed\" type=\"button\" data-bs-toggle=\"collapse\" data-bs-target=\"#faq_accordion_6\" aria-expanded=\"false\" aria-controls=\"faq_accordion_6\">St\u00f8tter du flere sprog?<\/button>\n                    <div id=\"faq_accordion_6\" class=\"faq-accordion-answer accordion-collapse collapse\" data-bs-parent=\"#faq_accordion\">\n                        <p class=\"answer-text\">Ja, vores v\u00e6rkt\u00f8j fungerer med forskellige sprog til behovet for internationale brugere.<\/p>\n                    <\/div>\n                <\/div>\n                            <div class=\"faq-accordion-item item-7\">\n                    <button class=\"faq-accordion-question collapsed\" type=\"button\" data-bs-toggle=\"collapse\" data-bs-target=\"#faq_accordion_7\" aria-expanded=\"false\" aria-controls=\"faq_accordion_7\">Hvilke kilder gennemg\u00e5r dit system?<\/button>\n                    <div id=\"faq_accordion_7\" class=\"faq-accordion-answer accordion-collapse collapse\" data-bs-parent=\"#faq_accordion\">\n                        <p class=\"answer-text\">Vi analyserer akademiske publikationer, hjemmesider og eksklusive databaser for de bedste resultater.<\/p>\n                    <\/div>\n                <\/div>\n                            <div class=\"faq-accordion-item item-8\">\n                    <button class=\"faq-accordion-question collapsed\" type=\"button\" data-bs-toggle=\"collapse\" data-bs-target=\"#faq_accordion_8\" aria-expanded=\"false\" aria-controls=\"faq_accordion_8\">Er det muligt at tjekke flere tekster samtidig?<\/button>\n                    <div id=\"faq_accordion_8\" class=\"faq-accordion-answer accordion-collapse collapse\" data-bs-parent=\"#faq_accordion\">\n                        <p class=\"answer-text\">Ja, brugere kan uploade flere tekster p\u00e5 \u00e9n gang for at spare tid.<\/p>\n                    <\/div>\n                <\/div>\n                            <div class=\"faq-accordion-item item-9\">\n                    <button class=\"faq-accordion-question collapsed\" type=\"button\" data-bs-toggle=\"collapse\" data-bs-target=\"#faq_accordion_9\" aria-expanded=\"false\" aria-controls=\"faq_accordion_9\">Begr\u00e6nser du st\u00f8rrelsen af dokumenter, der kan uploades til tjek?<\/button>\n                    <div id=\"faq_accordion_9\" class=\"faq-accordion-answer accordion-collapse collapse\" data-bs-parent=\"#faq_accordion\">\n                        <p class=\"answer-text\">Nej, kunder kan tjekke sm\u00e5 tekster og st\u00f8rre dokumenter.<\/p>\n                    <\/div>\n                <\/div>\n                            <div class=\"faq-accordion-item item-10\">\n                    <button class=\"faq-accordion-question collapsed\" type=\"button\" data-bs-toggle=\"collapse\" data-bs-target=\"#faq_accordion_10\" aria-expanded=\"false\" aria-controls=\"faq_accordion_10\">Har du opdateringer til bedre kontrol?<\/button>\n                    <div id=\"faq_accordion_10\" class=\"faq-accordion-answer accordion-collapse collapse\" data-bs-parent=\"#faq_accordion\">\n                        <p class=\"answer-text\">Ja, vore v\u00e6rkt\u00f8jer anvender avancerede algoritmer og modtager konstante opdateringer for bedre resultater.<\/p>\n                    <\/div>\n                <\/div>\n                            <div class=\"faq-accordion-item item-11\">\n                    <button class=\"faq-accordion-question collapsed\" type=\"button\" data-bs-toggle=\"collapse\" data-bs-target=\"#faq_accordion_11\" aria-expanded=\"false\" aria-controls=\"faq_accordion_11\">Kan din plagieringskontrol bruges med andre systemer?<\/button>\n                    <div id=\"faq_accordion_11\" class=\"faq-accordion-answer accordion-collapse collapse\" data-bs-parent=\"#faq_accordion\">\n                        <p class=\"answer-text\">Ja, der er mulighed for API-integration.<\/p>\n                    <\/div>\n                <\/div>\n                            <div class=\"faq-accordion-item item-12\">\n                    <button class=\"faq-accordion-question collapsed\" type=\"button\" data-bs-toggle=\"collapse\" data-bs-target=\"#faq_accordion_12\" aria-expanded=\"false\" aria-controls=\"faq_accordion_12\">Kan jeg tilmelde mig en gratis pr\u00f8veversion?<\/button>\n                    <div id=\"faq_accordion_12\" class=\"faq-accordion-answer accordion-collapse collapse\" data-bs-parent=\"#faq_accordion\">\n                        <p class=\"answer-text\">Ja, vores gratis pr\u00f8veversion er tilg\u00e6ngelig for kunder, der vil udforske, hvad vores platform tilbyder.<\/p>\n                    <\/div>\n                <\/div>\n                            <div class=\"faq-accordion-item item-13\">\n                    <button class=\"faq-accordion-question collapsed\" type=\"button\" data-bs-toggle=\"collapse\" data-bs-target=\"#faq_accordion_13\" aria-expanded=\"false\" aria-controls=\"faq_accordion_13\">Er din kontroller optimeret til mobilt brug?<\/button>\n                    <div id=\"faq_accordion_13\" class=\"faq-accordion-answer accordion-collapse collapse\" data-bs-parent=\"#faq_accordion\">\n                        <p class=\"answer-text\">Ja, vores system er mobilvenligt, hvilket g\u00f8r det mere tilg\u00e6ngeligt for kunder.<\/p>\n                    <\/div>\n                <\/div>\n                    <\/div>\n    <\/div>\n    <\/div>\n<\/div>\n<\/div>\n<\/div>\n<\/div>\n<\/section>\n","protected":false,"raw":"<section class=\"pricing-page-main-block\">\r\n<div class=\"container-fluid\">\r\n<div class=\"container\">\r\n<div class=\"row\">\r\n<div class=\"col-12\">\r\n<div class=\"pricing-main-block-content\">\r\n<div class=\"ps-widget-container\" data-ps-widget-name=\"Prices\" data-ps-widget-options=\"{}\">\r\n<p class=\"top-text\">V\u00e6lg dine priss\u00e6tningsmuligheder<\/p>\r\n<h1 class=\"page-title\">Ingen skjulte gebyrer for n\u00f8jagtig plagierings- og AI-detektion<\/h1>\r\n<div class=\"pricing-block\">\r\n<div class=\"pricing-plan-duration\">\r\n<button class=\"pricing-plan-duration-item one-time active\" type=\"button\">Enkeltbetaling<\/button>\r\n<button class=\"pricing-plan-duration-item monthly\" type=\"button\">M\u00e5nedlig<\/button>\r\n<button class=\"pricing-plan-duration-item 3-months\" type=\"button\">3 m\u00e5neder<\/button>\r\n<button class=\"pricing-plan-duration-item yearly\" type=\"button\">\u00c5rligt<\/button>\r\n<\/div>\r\n<div class=\"pricing-plan-items-wrapper\">\r\n<div class=\"pricing-plan-items\">\r\n<div class=\"pricing-plan-item light\">\r\n<div class=\"item-header\">\r\n<span class=\"plan-title\">Light<\/span>\r\n<div class=\"plan-price-per-word\">\r\n<p class=\"price\"><span class=\"value\">$0.23<\/span> per<\/p>\r\n<p class=\"words-count\">1000 words<\/p>\r\n<\/div>\r\n<\/div>\r\n<div class=\"item-main\">\r\n<span class=\"save-up-to-label\">Spare op til <span class=\"value\">30%<\/span><\/span>\r\n<p class=\"plan-price\"><span class=\"value\">$22.95<\/span> \/ <span class=\"duration\">M\u00e5ned<\/span><\/p><a class=\"get-started-btn\" href=\"#\">Start nu<\/a><label class=\"custom-checkbox-label recurring-payments\" for=\"recurring_payments_light\"><span class=\"custom-checkbox\"><\/span><span class=\"custom-checkbox-title\">Gentagne betalinger<\/span><input checked=\"\" id=\"recurring_payments_light\" name=\"recurring-payments-light\" type=\"checkbox\"\/>\r\n<\/label><span class=\"sep\"><\/span><\/div>\r\n<div class=\"item-footer\">\r\n<ul>\r\n<li class=\"available\"><span class=\"highlighted\">1<\/span> Plagieringsindsendelse *<\/li>\r\n<li class=\"available\"><span class=\"highlighted\">1<\/span> AI-indsendelse *<\/li>\r\n<li class=\"available\"><span class=\"highlighted\">Ubegr\u00e6nset<\/span> Tidsramme (dage)<\/li>\r\n<li class=\"unavailable\"><span class=\"highlighted\">365<\/span> Tidsramme (dage)<\/li>\r\n<li class=\"unavailable\">S\u00f8g efter AI tekst<\/li><\/ul><\/div><\/div>\r\n<div class=\"pricing-plan-item standatd selected\">\r\n<div class=\"item-header\">\r\n<span class=\"plan-title\">Standatd<\/span>\r\n<div class=\"plan-price-per-word\">\r\n<p class=\"price\"><span class=\"value\">$0.12<\/span> per<\/p>\r\n<p class=\"words-count\">1000 words<\/p><\/div><\/div>\r\n<div class=\"item-main\">\r\n<span class=\"save-up-to-label\">Spare op til <span class=\"value\">30%<\/span><\/span>\r\n<p class=\"plan-price\"><span class=\"value\">$34.95<\/span> \/ <span class=\"duration\">M\u00e5ned<\/span><\/p><a class=\"get-started-btn\" href=\"#\">Start nu<\/a><label class=\"custom-checkbox-label recurring-payments\" for=\"recurring_payments_standatd\"><span class=\"custom-checkbox\"><\/span><span class=\"custom-checkbox-title\">Gentagne betalinger<\/span><input checked=\"\" id=\"recurring_payments_standatd\" name=\"recurring-payments-standatd\" type=\"checkbox\"\/><\/label><span class=\"sep\"><\/span><\/div>\r\n<div class=\"item-footer\">\r\n<ul>\r\n<li class=\"available\"><span class=\"highlighted\">1<\/span> Plagieringsindsendelse *<\/li>\r\n<li class=\"available\"><span class=\"highlighted\">1<\/span> AI-indsendelse *<\/li>\r\n<li class=\"available\"><span class=\"highlighted\">Ubegr\u00e6nset<\/span> Tidsramme (dage)<\/li>\r\n<li class=\"unavailable\"><span class=\"highlighted\">365<\/span> Tidsramme (dage)<\/li>\r\n<li class=\"unavailable\">S\u00f8g efter AI tekst<\/li><\/ul><\/div><\/div>\r\n<div class=\"pricing-plan-item premium\">\r\n<div class=\"item-header\">\r\n<span class=\"plan-title\">Premium<\/span>\r\n<div class=\"plan-price-per-word\">\r\n<p class=\"price\"><span class=\"value\">$0.09<\/span> per<\/p>\r\n<p class=\"words-count\">1000 words<\/p>\r\n<\/div>\r\n<\/div>\r\n<div class=\"item-main\">\r\n<span class=\"save-up-to-label\">Spare op til <span class=\"value\">30%<\/span><\/span>\r\n<p class=\"plan-price\"><span class=\"value\">$54.95<\/span> \/ <span class=\"duration\">M\u00e5ned<\/span><\/p><a class=\"get-started-btn\" href=\"#\">Start nu<\/a><label class=\"custom-checkbox-label recurring-payments\" for=\"recurring_payments_premium\"><span class=\"custom-checkbox\"><\/span><span class=\"custom-checkbox-title\">Gentagne betalinger<\/span><input checked=\"\" id=\"recurring_payments_premium\" name=\"recurring-payments-premium\" type=\"checkbox\"\/><\/label><span class=\"sep\"><\/span><\/div>\r\n<div class=\"item-footer\">\r\n<ul>\r\n<li class=\"available\"><span class=\"highlighted\">1<\/span> Plagieringsindsendelse *<\/li>\r\n<li class=\"available\"><span class=\"highlighted\">1<\/span> AI-indsendelse *<\/li>\r\n<li class=\"available\"><span class=\"highlighted\">Ubegr\u00e6nset<\/span> Tidsramme (dage)<\/li>\r\n<li class=\"unavailable\"><span class=\"highlighted\">365<\/span> Tidsramme (dage)<\/li>\r\n<li class=\"unavailable\">S\u00f8g efter AI tekst<\/li><\/ul><\/div>\r\n<\/div><\/div><\/div><\/div><\/div><\/div><\/div><\/div><\/div><\/div>\r\n<\/section>\r\n<section class=\"faq\">\r\n<div class=\"container-fluid\">\r\n<div class=\"container\">\r\n<div class=\"row\">\r\n<div class=\"col-12\">\r\n<div class=\"faq-content\">\r\n<div class=\"faq-text-block\">\r\n<p class=\"faq-text-top\">Vores FAQ-sektion har alt, hvad du skal vide<\/p>\r\n<p class=\"faq-text-title\">Har du brug for flere oplysninger om OriginalityReport.com?<\/p>\r\n<p class=\"faq-text-subtitle\">Vi har analyseret og besvaret sp\u00f8rgsm\u00e5l, som brugerne stiller om vores plagieringskontrol og AI-detektion.<\/p>\r\n<div class=\"different-question-block\">\r\n<img alt=\"FAQ\" class=\"faq-icon\" src=\"\/wp-content\/themes\/main\/images\/faq-icon.svg\"\/><p class=\"title\">Kontakt OriginalityReport.com for flere svar<\/p>\r\n<p class=\"subtitle\">Hvis du har flere sp\u00f8rgsm\u00e5l om vores service, kontakt vores team. De er glade for at hj\u00e6lpe dig og forklare den bedste m\u00e5de at kontrollere tekster p\u00e5 for plagiering.<\/p><a class=\"contact-support-btn custom-btn cb-black\" href=\"\/contact-us\/\">Kontakt Supportteam<\/a><\/div>\r\n<\/div>[faq_questions]<\/div><\/div><\/div><\/div>\r\n<\/div><\/section>"},"excerpt":{"rendered":"V\u00e6lg dine priss\u00e6tningsmuligheder Ingen skjulte gebyrer for n\u00f8jagtig plagierings- og AI-detektion Enkeltbetaling M\u00e5nedlig 3 m\u00e5neder \u00c5rligt Light $0.23 per 1000 ord Spare op til 30% $22.95 \/ M\u00e5nedStart nuGentagne betalinger 1 Plagiering indsendelse * 1 AI indsendelse * Ubegr\u00e6nset Tidsramme (dage) 365 Tidsramme (dage) S\u00f8g efter AI tekst Standard $0.12 per.","protected":false,"raw":"V\u00e6lg dine priss\u00e6tningsmuligheder Ingen skjulte gebyrer for n\u00f8jagtig plagierings- og AI-detektion Enkeltbetaling M\u00e5nedlig 3 m\u00e5neder \u00c5rligt Light $0.23 per 1000 ord Spare op til 30% $22.95 \/ M\u00e5nedStart nuGentagne betalinger 1 Plagiering indsendelse * 1 AI indsendelse * Ubegr\u00e6nset Tidsramme (dage) 365 Tidsramme (dage) S\u00f8g efter AI tekst Standard $0.12 per."},"author":1,"featured_media":0,"parent":0,"menu_order":0,"comment_status":"closed","ping_status":"closed","template":"tpl-landing.php","meta":{"_aioseo_title":null,"_aioseo_description":null,"_locale":"da_DK","_original_post":"https:\/\/originalityreport.com\/?page_id=10","footnotes":""},"class_list":["post-351","page","type-page","status-publish","hentry","da-DK"],"aioseo_notices":[],"_links":{"self":[{"href":"https:\/\/originalityreport.com\/wp-json\/wp\/v2\/pages\/351","targetHints":{"allow":["GET"]}}],"collection":[{"href":"https:\/\/originalityreport.com\/wp-json\/wp\/v2\/pages"}],"about":[{"href":"https:\/\/originalityreport.com\/wp-json\/wp\/v2\/types\/page"}],"author":[{"embeddable":true,"href":"https:\/\/originalityreport.com\/wp-json\/wp\/v2\/users\/1"}],"replies":[{"embeddable":true,"href":"https:\/\/originalityreport.com\/wp-json\/wp\/v2\/comments?post=351"}],"version-history":[{"count":3,"href":"https:\/\/originalityreport.com\/wp-json\/wp\/v2\/pages\/351\/revisions"}],"predecessor-version":[{"id":732,"href":"https:\/\/originalityreport.com\/wp-json\/wp\/v2\/pages\/351\/revisions\/732"}],"wp:attachment":[{"href":"https:\/\/originalityreport.com\/wp-json\/wp\/v2\/media?parent=351"}],"curies":[{"name":"wp","href":"https:\/\/api.w.org\/{rel}","templated":true}]}}