{"id":305,"date":"2025-03-24T16:54:27","date_gmt":"2025-03-24T16:54:27","guid":{"rendered":"https:\/\/originalityreport.com\/?page_id=305","raw":"https:\/\/originalityreport.com\/?page_id=305"},"modified":"2026-02-23T11:10:39","modified_gmt":"2026-02-23T11:10:39","slug":"contact-us","status":"publish","type":"page","link":"https:\/\/originalityreport.com\/da\/contact-us\/","title":{"rendered":"Kontakter","raw":"Kontakter"},"content":{"rendered":"","protected":false,"raw":""},"excerpt":{"rendered":"","protected":false,"raw":""},"author":1,"featured_media":0,"parent":0,"menu_order":0,"comment_status":"closed","ping_status":"closed","template":"","meta":{"_aioseo_title":"Kontakt OriginalityReport \u2013 AI &amp; plagieringskontrol support","_aioseo_description":"Kontakt OriginalityReport-teamet for hj\u00e6lp, sp\u00f8rgsm\u00e5l eller feedback om vores AI- og plagieringskontrolv\u00e6rkt\u00f8jer \u2014 vi st\u00e5r klar til at hj\u00e6lpe dig.","_locale":"da_DK","_original_post":"https:\/\/originalityreport.com\/?page_id=11","footnotes":""},"class_list":["post-305","page","type-page","status-publish","hentry","da-DK"],"aioseo_notices":[],"_links":{"self":[{"href":"https:\/\/originalityreport.com\/wp-json\/wp\/v2\/pages\/305","targetHints":{"allow":["GET"]}}],"collection":[{"href":"https:\/\/originalityreport.com\/wp-json\/wp\/v2\/pages"}],"about":[{"href":"https:\/\/originalityreport.com\/wp-json\/wp\/v2\/types\/page"}],"author":[{"embeddable":true,"href":"https:\/\/originalityreport.com\/wp-json\/wp\/v2\/users\/1"}],"replies":[{"embeddable":true,"href":"https:\/\/originalityreport.com\/wp-json\/wp\/v2\/comments?post=305"}],"version-history":[{"count":1,"href":"https:\/\/originalityreport.com\/wp-json\/wp\/v2\/pages\/305\/revisions"}],"predecessor-version":[{"id":306,"href":"https:\/\/originalityreport.com\/wp-json\/wp\/v2\/pages\/305\/revisions\/306"}],"wp:attachment":[{"href":"https:\/\/originalityreport.com\/wp-json\/wp\/v2\/media?parent=305"}],"curies":[{"name":"wp","href":"https:\/\/api.w.org\/{rel}","templated":true}]}}