{"id":233,"date":"2025-03-24T16:52:43","date_gmt":"2025-03-24T16:52:43","guid":{"rendered":"https:\/\/originalityreport.com\/?page_id=233","raw":"https:\/\/originalityreport.com\/?page_id=233"},"modified":"2025-03-24T16:52:43","modified_gmt":"2025-03-24T16:52:43","slug":"about-us","status":"publish","type":"page","link":"https:\/\/originalityreport.com\/da\/about-us\/","title":{"rendered":"Om Os","raw":"Om Os"},"content":{"rendered":"<section class=\"page-about-main-block\">\n<div class=\"container-fluid\">\n<div class=\"container\">\n<div class=\"row\">\n<div class=\"col-12\">\n<div class=\"about-main-block-content\">\n<p class=\"top-text\">Om Os<\/p>\n<h1 class=\"page-title\">Vi er dedikerede til originalitet og p\u00e5lidelighed<\/h1>\n<p class=\"page-subtitle\">P\u00e5 OriginalityReport.com bruger vi avancerede teknologiske beslutninger til at fuldf\u00f8re vores mission: sikre indholdets \u00e6gthed og tilbyde p\u00e5lidelige v\u00e6rkt\u00f8jer til n\u00f8jagtig plagiatkontrol og AI-detektion.<\/p>\n<p><a class=\"custom-btn cb-white-b contact-our-team\" href=\"\/pricing\/\">Vores Priser<\/a>\n<\/div>\n<\/div>\n<\/div>\n<\/div>\n<\/div>\n<div class=\"any-question-block\"><span class=\"text\">Har du nogle sp\u00f8rgsm\u00e5l?<\/span><a class=\"any-question-btn\" href=\"#\"><img loading=\"lazy\" decoding=\"async\" alt=\"Chat\" height=\"52\" src=\"\/wp-content\/themes\/main\/images\/chat-icon-green.svg\" width=\"52\"\/><br \/>\n<\/a><\/div>\n<\/section>\n<section class=\"clear-mission\">\n<div class=\"container-fluid\">\n<div class=\"container\">\n<div class=\"row\">\n<div class=\"col-12\">\n<div class=\"clear-mission-content\">\n<div class=\"left-block\">\n<p class=\"top-text\">En p\u00e5lidelig partner<\/p>\n<p class=\"block-title\">Vores mission: \u00e6rlighed, innovative l\u00f8sninger og succes<\/p>\n<p class=\"subtitle\">Vi hj\u00e6lper studerende, professionelle og andre brugere med at sikre original skrivning hver gang. Vore v\u00e6rkt\u00f8jer er resultatet af \u00e5rs erfaring, den bedste assistance og innovative tilgange til indholdskontrol. Disse og andre elementer g\u00f8r processen nem og p\u00e5lidelig for enhver kunde, der kan drage fordel af: en lettilg\u00e6ngelig ressource;<\/p>\n<p>opdaterede og sofistikerede detektionsalgoritmer.<\/p>\n<div class=\"advantages-block-small\">\n<div class=\"advantage-item\"><img loading=\"lazy\" decoding=\"async\" alt=\"transparent-resource\" class=\"icon\" height=\"48\" src=\"\/wp-content\/themes\/main\/images\/transparent-resource.svg\" width=\"48\"\/><\/p>\n<p class=\"text\">En p\u00e5lidelig &amp; \u00e5ben ressource<\/p>\n<\/div>\n<div class=\"advantage-item\"><img loading=\"lazy\" decoding=\"async\" alt=\"advanced-detection-algorithms\" class=\"icon\" height=\"48\" src=\"\/wp-content\/themes\/main\/images\/advanced-detection-algorithms.svg\" width=\"48\"\/><\/p>\n<p class=\"text\">Kraftfulde detektionsalgoritmer<\/p>\n<\/div>\n<\/div>\n<\/div>\n<div class=\"right-block\">        <div class=\"advantages-block-large\">\n                    <div class=\"advantages-block-large-item item-1\">\n                <img loading=\"lazy\" decoding=\"async\" src=\"\/wp-content\/themes\/main\/images\/uphold-academic-integrity-green.svg\" alt=\"Fremme uddannelses- og professionel integritet\" width=\"40\" height=\"40\">\n                <div class=\"text-block\">\n                    <p class=\"title\">Fremme uddannelses- og professionel integritet<\/p>\n                    <p class=\"subtitle\">At bruge vores tjeneste er den bedste m\u00e5de at opfylde akademiske og professionelle \u00e6rlighedsstandarder, n\u00e5r det kommer til at skrive papirer.<\/p>\n                <\/div>\n            <\/div>\n                    <div class=\"advantages-block-large-item item-2\">\n                <img loading=\"lazy\" decoding=\"async\" src=\"\/wp-content\/themes\/main\/images\/promote-originality.svg\" alt=\"St\u00f8tt autenticitet\" width=\"40\" height=\"40\">\n                <div class=\"text-block\">\n                    <p class=\"title\">St\u00f8tt autenticitet<\/p>\n                    <p class=\"subtitle\">Ved at opmuntre brugere til at arbejde med originale tekster fremmer vi en kultur, der v\u00e6rds\u00e6tter unikhed og kreativitet.<\/p>\n                <\/div>\n            <\/div>\n                    <div class=\"advantages-block-large-item item-3\">\n                <img loading=\"lazy\" decoding=\"async\" src=\"\/wp-content\/themes\/main\/images\/combat-plagiarism-and-ai-misuse.svg\" alt=\"Forhindr plagieret og AI-skrevet indhold\" width=\"40\" height=\"40\">\n                <div class=\"text-block\">\n                    <p class=\"title\">Forhindr plagieret og AI-skrevet indhold<\/p>\n                    <p class=\"subtitle\">Personer, der bruger vores v\u00e6rkt\u00f8jer, kan identificere plagierede tekster og opdage AI-genererede papirer med letthed og h\u00f8j n\u00f8jagtighed.<\/p>\n                <\/div>\n            <\/div>\n                    <div class=\"advantages-block-large-item item-4\">\n                <img loading=\"lazy\" decoding=\"async\" src=\"\/wp-content\/themes\/main\/images\/foster-honesty-and-innovation.svg\" alt=\"Sikre fremskridt og innovation\" width=\"40\" height=\"40\">\n                <div class=\"text-block\">\n                    <p class=\"title\">Sikre fremskridt og innovation<\/p>\n                    <p class=\"subtitle\">Vi tilbyder v\u00e6rkt\u00f8jer, der giver folk mulighed for at skrive tekster baseret p\u00e5 originale ideer, stil og \u00e6rlighed for mere betydningsfulde indslag og fremskridt i ethvert omr\u00e5de.<\/p>\n                <\/div>\n            <\/div>\n            <\/div>\n    <\/div>\n<\/div>\n<\/div>\n<\/div>\n<\/div>\n<\/div>\n<\/section>\n<section class=\"our-foundation\">\n<div class=\"container-fluid\">\n<div class=\"container\">\n<div class=\"row\">\n<div class=\"col-12\">\n<div class=\"our-foundation-content\">\n<div class=\"left-block\">\n<p class=\"top-text\">En p\u00e5lidelig partnere<\/p>\n<p class=\"block-title\">Grundlagt i en Tradition af Perfektion<\/p>\n<p class=\"block-subtitle\">OriginalityReport.com er rodf\u00e6stet i standarderne og erfaringer fra den leder inden for plagieringsdetektionskontrollere. Ved at samarbejde med de bedste kan vi give fantastiske resultater og altid tilpasse os nye v\u00e6rkt\u00f8jer, n\u00e5r teknologien udvikler sig.<\/p>\n<p><a class=\"site-link\" href=\"\/\"><img decoding=\"async\" alt=\"originalityreport\" src=\"\/wp-content\/themes\/main\/images\/originalityreport-logo.svg\"\/><\/a><a class=\"site-link\" href=\"https:\/\/plagiarismsearch.com\/\" rel=\"noopener\" target=\"_blank\"><img decoding=\"async\" alt=\"plagiarismsearch\" src=\"\/wp-content\/themes\/main\/images\/plagiarismsearch-logo.svg\"\/><\/a>\n<\/div>\n<div class=\"right-block\">\n<div class=\"benchmark-block\">\n<div class=\"block-title\"><img decoding=\"async\" alt=\"plagiarismsearch\" src=\"\/wp-content\/themes\/main\/images\/plagiarismsearch-logo-2.svg\"\/><\/p>\n<div class=\"text\">\n<div class=\"title\">Plagieringskontrol Benchmark<\/div>\n<div class=\"subtitle\">M\u00e6ngden af opdaget plagiering<\/div>\n<\/div>\n<\/div>\n<p><img decoding=\"async\" alt=\"Benchmark Illustration\" class=\"benchmark-illustration\" src=\"\/wp-content\/themes\/main\/images\/benchmark-illustration-green.png\"\/><\/p>\n<div class=\"legend-block\">\n<div class=\"legend-item\">\n<span class=\"legend-title\">Letteligt redigeret tekst<\/span><\/div>\n<div class=\"legend-item\">\n<span class=\"legend-title\">St\u00e6rkt redigeret tekst<\/span><\/div>\n<\/div>\n<\/div>\n<div class=\"bottom-text-block\">\n<h3>Testede l\u00f8sninger, beviste resultater<\/h3>\n<p class=\"text\">Vores tilgange til at tjekke tekster rammer altid m\u00e5let fordi vi analyserer kundens behov for at sikre n\u00f8jagtighed. V\u00e5r tjeneste er den bedste mulighed for enkeltpersoner og organisationer. Vores avancerede system, databaser og v\u00e6rkt\u00f8jer udvikler sig konstant, hvilket giver omtimeligt assistance som fremmer originalitet og tilf\u00f8jer trov\u00e6rdighed til dit skrivning.<\/p>\n<\/div>\n<\/div>\n<\/div>\n<\/div>\n<\/div>\n<\/div>\n<\/div>\n<\/section>\n<section class=\"precision-tools\">\n<div class=\"container-fluid\">\n<div class=\"container\">\n<div class=\"row\">\n<div class=\"col-12\">\n<div class=\"precision-tools-content\">\n<p class=\"top-text\">Multisprogsplatform<\/p>\n<p class=\"block-title\">De Bedste Kontrolv\u00e6rkt\u00f8jer til en Divers Global Publikum<\/p>\n<p class=\"block-subtitle\">Ved at bruge mange databaser kan vores plagiatkontroller hj\u00e6lpe mennesker med forskellige tekster og vise alle mulige matchinger med b\u00f8ger, tidsskrifter, artikler og andre kilder online. Vores avancerede algoritmer hj\u00e6lper med at opn\u00e5 pr\u00e6cision ved arbejde med tekster.<\/p>\n    <div class=\"tools-block\">\n                            <div class=\"tool-item item-1\">\n                <img decoding=\"async\" src=\"\/wp-content\/themes\/main\/images\/effortless-navigation.svg\" alt=\"Brugervenlig gr\u00e6nseflade\">\n                <div>\n                    <p class=\"item-title\">Brugervenlig gr\u00e6nseflade<\/p>\n                    <p class=\"item-text\">Du kan uploade et dokument eller kopiere og inds\u00e6tte en tekst til kontrol med et knaptryk.<\/p>\n                <\/div>\n            <\/div>\n                    <div class=\"tool-item item-2\">\n                <img decoding=\"async\" src=\"\/wp-content\/themes\/main\/images\/instant-feedback.svg\" alt=\"Umiddelbare resultater\">\n                <div>\n                    <p class=\"item-title\">Umiddelbare resultater<\/p>\n                    <p class=\"item-text\">Det tager n\u00e6sten ingen tid at f\u00e5 rapporten med pr\u00e6cise resultater.<\/p>\n                <\/div>\n            <\/div>\n                    <div class=\"tool-item item-3\">\n                <img decoding=\"async\" src=\"\/wp-content\/themes\/main\/images\/comprehensive-insights.svg\" alt=\"Tilg\u00e6ngelige og letforst\u00e5elige indsigt\">\n                <div>\n                    <p class=\"item-title\">Tilg\u00e6ngelige og letforst\u00e5elige indsigt<\/p>\n                    <p class=\"item-text\">Vores kunder modtager detaljeret information i en rapport, hvor alle de vigtige omr\u00e5der fremh\u00e6ves til bekvemmelighed.<\/p>\n                <\/div>\n            <\/div>\n                    <div class=\"tool-item item-4\">\n                <img decoding=\"async\" src=\"\/wp-content\/themes\/main\/images\/global-compatibility-green.svg\" alt=\"Global adgang\">\n                <div>\n                    <p class=\"item-title\">Global adgang<\/p>\n                    <p class=\"item-text\">Vores v\u00e6rkt\u00f8j underst\u00f8tter flere sprog for at hj\u00e6lpe kunder med forskellige baggrunde.<\/p>\n                <\/div>\n            <\/div>\n            <\/div>\n    \n<\/div>\n<\/div>\n<\/div>\n<\/div>\n<\/div>\n<\/section>\n<section class=\"tailored-solutions\">\n<div class=\"container-fluid\">\n<div class=\"container\">\n<div class=\"row\">\n<div class=\"col-12\">\n<div class=\"tailored-solutions-content\">\n<div class=\"illustration-block\"><img decoding=\"async\" alt=\"Community\" src=\"\/wp-content\/themes\/main\/images\/collaborate-illustration.png\"\/><\/div>\n<div class=\"text-block\">\n<p class=\"top-text\">Brydende AI-algoritme. Hold dig et skridt foran AI-detektions-teknologier.<\/p>\n<p class=\"block-title\">Udforsk, hvordan vi tilbyder den bedste assistance og vores servicevilk\u00e5r for at maksimere dine resultater.<\/p>\n<p class=\"block-subtitle\">OriginalityReport.com er det bedste sted at tjekke enhver tekst p\u00e5 plagiat og opdage indhold, der er genereret af AI. Studerende, l\u00e6rere og virksomheder drager fordel af vores tjenester. Kunder kan tjekke akademiske papirer, personlige skrifter, professionelle rapporter og mere for at sikre, at hver tekst er autentisk.<\/p>\n<p><a class=\"learn-more custom-btn cb-orange\" href=\"\/terms\/\">L\u00e6r Mere<\/a><\/p>\n<div class=\"advanced-ai-algorithm\">\n<img decoding=\"async\" alt=\"advanced-ai-algorithm\" src=\"\/wp-content\/themes\/main\/images\/advanced-ai-algorithm-2.svg\"\/><\/p>\n<div class=\"text-block\">\n<p class=\"title\">Brydende AI-algoritme<\/p>\n<p class=\"subtitle\">Hold dig foran AI-detektionstendenser<\/p>\n<\/div>\n<\/div>\n<\/div>\n<\/div>\n<\/div>\n<\/div>\n<\/div>\n<\/div>\n<\/section>\n<section class=\"plagcheck-community\">\n<div class=\"container-fluid\">\n<div class=\"container\">\n<div class=\"row\">\n<div class=\"col-12\">\n<div class=\"plagcheck-community-content\">\n<div class=\"left-block\">\n<p class=\"block-title\">Opdag fordelene ved vores f\u00e6llesskab<\/p>\n<p class=\"block-subtitle\">Vores assistance i at tjekke tekster handler ikke om at f\u00e5 tjenester. Vi fremmer et f\u00e6llesskab, der v\u00e6rds\u00e6tter originalitet og opn\u00e5r succes gennem \u00e6rlighed. Bliv en del af processen, der s\u00e6tter nye standarder for autenticitet i personlig, akademisk og professionel arbejde.<\/p>\n<div class=\"experience-our-services\"><img decoding=\"async\" alt=\"experience-our-services\" src=\"\/wp-content\/themes\/main\/images\/experience-our-services-green.svg\"\/><\/p>\n<p class=\"experience-our-services-title\">Se, hvad vi kan g\u00f8re for dig<\/p>\n<p class=\"experience-our-services-subtitle\">Pr\u00f8v vores tjenester gratis og se, hvordan vi hj\u00e6lper med at sikre integriteten og v\u00e6rdien af din indhold.<\/p>\n<p><a class=\"custom-btn cb-black\" href=\"\/sign-up\/\">Tilmeld dig gratis<\/a>\n<\/div>\n<\/div>\n<div class=\"right-block\">\n<div class=\"contacts-block\">\n<div class=\"contacts-item email\">\n<p class=\"contacts-item-title\">Vi er her for at hj\u00e6lpe<\/p>\n<p><a class=\"contact-link\" href=\"mailto:support@originalityreport.com\">support@originalityreport.com<\/a><a class=\"write-a-letter-link\" href=\"mailto:support@originalityreport.com\">Skriv en breve<\/a>\n<\/div>\n<\/div>\n<p class=\"stay-connected-title\">Hold dig forbundet<\/p>\n<p class=\"stay-connected-subtitle\">F\u00f8lg os p\u00e5 sociale medier for at holde dig opdateret om opdateringer, indsigt og v\u00e6rkt\u00f8jer designet til at g\u00f8re dit arbejde fremtr\u00e6dende:<\/p>\n<div class=\"social-media-items\">\n<div class=\"social-media-item\"><img decoding=\"async\" alt=\"ikon\" src=\"\/wp-content\/themes\/main\/images\/facebook-icon.svg\"\/><\/p>\n<div class=\"text-block\">\n<a class=\"social-title\" href=\"https:\/\/www.facebook.com\/BeAuthentic\" rel=\"noopener nofollow\" target=\"_blank\">facebook.com\/BeAuthentic<\/a><\/p>\n<p class=\"social-subtitle\">Facebook<\/p>\n<\/div>\n<\/div>\n<div class=\"social-media-item\"><img decoding=\"async\" alt=\"ikon\" src=\"\/wp-content\/themes\/main\/images\/youtube-icon.svg\"\/><\/p>\n<div class=\"text-block\">\n<a class=\"social-title\" href=\"https:\/\/www.youtube.com\/@plagiarismsearch5119\" rel=\"noopener nofollow\" target=\"_blank\">@plagiarismsearch5119<\/a><\/p>\n<p class=\"social-subtitle\">YouTube<\/p>\n<\/div>\n<\/div>\n<div class=\"social-media-item\"><img decoding=\"async\" alt=\"ikon\" src=\"\/wp-content\/themes\/main\/images\/linkedin-icon.svg\"\/><\/p>\n<div class=\"text-block\">\n<a class=\"social-title\" href=\"https:\/\/www.linkedin.com\/company\/plagiarismsearch\/\" rel=\"noopener nofollow\" target=\"_blank\">linkedin.com\/company\/plagiarismsearch<\/a><\/p>\n<p class=\"social-subtitle\">LinkedIn<\/p>\n<\/div>\n<\/div>\n<\/div>\n<\/div>\n<\/div>\n<\/div>\n<\/div>\n<\/div>\n<\/div>\n<\/section>\n","protected":false,"raw":"<section class=\"page-about-main-block\">\n<div class=\"container-fluid\">\n<div class=\"container\">\n<div class=\"row\">\n<div class=\"col-12\">\n<div class=\"about-main-block-content\">\n<p class=\"top-text\">Om Os<\/p>\n<h1 class=\"page-title\">Vi er dedikerede til originalitet og p\u00e5lidelighed<\/h1>\n<p class=\"page-subtitle\">P\u00e5 OriginalityReport.com bruger vi avancerede teknologiske beslutninger til at fuldf\u00f8re vores mission: sikre indholdets \u00e6gthed og tilbyde p\u00e5lidelige v\u00e6rkt\u00f8jer til n\u00f8jagtig plagiatkontrol og AI-detektion.<\/p>\n<a class=\"custom-btn cb-white-b contact-our-team\" href=\"\/pricing\/\">Vores Priser<\/a>\n<\/div>\n<\/div>\n<\/div>\n<\/div>\n<\/div>\n<div class=\"any-question-block\"><span class=\"text\">Har du nogle sp\u00f8rgsm\u00e5l?<\/span><a class=\"any-question-btn\" href=\"#\"><img alt=\"Chat\" height=\"52\" src=\"\/wp-content\/themes\/main\/images\/chat-icon-green.svg\" width=\"52\"\/>\n<\/a><\/div>\n<\/section><section class=\"clear-mission\">\n<div class=\"container-fluid\">\n<div class=\"container\">\n<div class=\"row\">\n<div class=\"col-12\">\n<div class=\"clear-mission-content\">\n<div class=\"left-block\">\n<p class=\"top-text\">En p\u00e5lidelig partner<\/p>\n<p class=\"block-title\">Vores mission: \u00e6rlighed, innovative l\u00f8sninger og succes<\/p>\n<p class=\"subtitle\">Vi hj\u00e6lper studerende, professionelle og andre brugere med at sikre original skrivning hver gang. Vore v\u00e6rkt\u00f8jer er resultatet af \u00e5rs erfaring, den bedste assistance og innovative tilgange til indholdskontrol. Disse og andre elementer g\u00f8r processen nem og p\u00e5lidelig for enhver kunde, der kan drage fordel af: en lettilg\u00e6ngelig ressource;\n\nopdaterede og sofistikerede detektionsalgoritmer.<\/p>\n<div class=\"advantages-block-small\">\n<div class=\"advantage-item\"><img alt=\"transparent-resource\" class=\"icon\" height=\"48\" src=\"\/wp-content\/themes\/main\/images\/transparent-resource.svg\" width=\"48\"\/>\n<p class=\"text\">En p\u00e5lidelig &amp; \u00e5ben ressource<\/p>\n<\/div>\n<div class=\"advantage-item\"><img alt=\"advanced-detection-algorithms\" class=\"icon\" height=\"48\" src=\"\/wp-content\/themes\/main\/images\/advanced-detection-algorithms.svg\" width=\"48\"\/>\n<p class=\"text\">Kraftfulde detektionsalgoritmer<\/p>\n<\/div>\n<\/div>\n<\/div>\n<div class=\"right-block\">[clear_mission]<\/div>\n<\/div>\n<\/div>\n<\/div>\n<\/div>\n<\/div><\/section><section class=\"our-foundation\">\n<div class=\"container-fluid\">\n<div class=\"container\">\n<div class=\"row\">\n<div class=\"col-12\">\n<div class=\"our-foundation-content\">\n<div class=\"left-block\">\n<p class=\"top-text\">En p\u00e5lidelig partnere<\/p>\n<p class=\"block-title\">Grundlagt i en Tradition af Perfektion<\/p>\n<p class=\"block-subtitle\">OriginalityReport.com er rodf\u00e6stet i standarderne og erfaringer fra den leder inden for plagieringsdetektionskontrollere. Ved at samarbejde med de bedste kan vi give fantastiske resultater og altid tilpasse os nye v\u00e6rkt\u00f8jer, n\u00e5r teknologien udvikler sig.<\/p>\n<a class=\"site-link\" href=\"\/\"><img alt=\"originalityreport\" src=\"\/wp-content\/themes\/main\/images\/originalityreport-logo.svg\"\/><\/a><a class=\"site-link\" href=\"https:\/\/plagiarismsearch.com\/\" rel=\"noopener\" target=\"_blank\"><img alt=\"plagiarismsearch\" src=\"\/wp-content\/themes\/main\/images\/plagiarismsearch-logo.svg\"\/><\/a>\n<\/div>\n<div class=\"right-block\">\n<div class=\"benchmark-block\">\n<div class=\"block-title\"><img alt=\"plagiarismsearch\" src=\"\/wp-content\/themes\/main\/images\/plagiarismsearch-logo-2.svg\"\/>\n<div class=\"text\">\n<div class=\"title\">Plagieringskontrol Benchmark<\/div>\n<div class=\"subtitle\">M\u00e6ngden af opdaget plagiering<\/div>\n<\/div>\n<\/div>\n<img alt=\"Benchmark Illustration\" class=\"benchmark-illustration\" src=\"\/wp-content\/themes\/main\/images\/benchmark-illustration-green.png\"\/>\n<div class=\"legend-block\">\n<div class=\"legend-item\">\n<span class=\"legend-title\">Letteligt redigeret tekst<\/span><\/div>\n<div class=\"legend-item\">\n<span class=\"legend-title\">St\u00e6rkt redigeret tekst<\/span><\/div>\n<\/div>\n<\/div>\n<div class=\"bottom-text-block\">\n<h3>Testede l\u00f8sninger, beviste resultater<\/h3>\n<p class=\"text\">Vores tilgange til at tjekke tekster rammer altid m\u00e5let fordi vi analyserer kundens behov for at sikre n\u00f8jagtighed. V\u00e5r tjeneste er den bedste mulighed for enkeltpersoner og organisationer. Vores avancerede system, databaser og v\u00e6rkt\u00f8jer udvikler sig konstant, hvilket giver omtimeligt assistance som fremmer originalitet og tilf\u00f8jer trov\u00e6rdighed til dit skrivning.<\/p>\n<\/div>\n<\/div>\n<\/div>\n<\/div>\n<\/div>\n<\/div>\n<\/div><\/section><section class=\"precision-tools\">\n<div class=\"container-fluid\">\n<div class=\"container\">\n<div class=\"row\">\n<div class=\"col-12\">\n<div class=\"precision-tools-content\">\n<p class=\"top-text\">Multisprogsplatform<\/p>\n<p class=\"block-title\">De Bedste Kontrolv\u00e6rkt\u00f8jer til en Divers Global Publikum<\/p>\n<p class=\"block-subtitle\">Ved at bruge mange databaser kan vores plagiatkontroller hj\u00e6lpe mennesker med forskellige tekster og vise alle mulige matchinger med b\u00f8ger, tidsskrifter, artikler og andre kilder online. Vores avancerede algoritmer hj\u00e6lper med at opn\u00e5 pr\u00e6cision ved arbejde med tekster.<\/p>\n[precision_tools]\n\n<\/div>\n<\/div>\n<\/div>\n<\/div>\n<\/div>\n<\/section><section class=\"tailored-solutions\">\n<div class=\"container-fluid\">\n<div class=\"container\">\n<div class=\"row\">\n<div class=\"col-12\">\n<div class=\"tailored-solutions-content\">\n<div class=\"illustration-block\"><img alt=\"Community\" src=\"\/wp-content\/themes\/main\/images\/collaborate-illustration.png\"\/><\/div>\n<div class=\"text-block\">\n<p class=\"top-text\">Brydende AI-algoritme. Hold dig et skridt foran AI-detektions-teknologier.<\/p>\n<p class=\"block-title\">Udforsk, hvordan vi tilbyder den bedste assistance og vores servicevilk\u00e5r for at maksimere dine resultater.<\/p>\n<p class=\"block-subtitle\">OriginalityReport.com er det bedste sted at tjekke enhver tekst p\u00e5 plagiat og opdage indhold, der er genereret af AI. Studerende, l\u00e6rere og virksomheder drager fordel af vores tjenester. Kunder kan tjekke akademiske papirer, personlige skrifter, professionelle rapporter og mere for at sikre, at hver tekst er autentisk.<\/p>\n<a class=\"learn-more custom-btn cb-orange\" href=\"\/terms\/\">L\u00e6r Mere<\/a>\n<div class=\"advanced-ai-algorithm\">\n<img alt=\"advanced-ai-algorithm\" src=\"\/wp-content\/themes\/main\/images\/advanced-ai-algorithm-2.svg\"\/>\n<div class=\"text-block\">\n<p class=\"title\">Brydende AI-algoritme<\/p>\n<p class=\"subtitle\">Hold dig foran AI-detektionstendenser<\/p>\n<\/div>\n<\/div>\n<\/div>\n<\/div>\n<\/div>\n<\/div>\n<\/div>\n<\/div><\/section><section class=\"plagcheck-community\">\n<div class=\"container-fluid\">\n<div class=\"container\">\n<div class=\"row\">\n<div class=\"col-12\">\n<div class=\"plagcheck-community-content\">\n<div class=\"left-block\">\n<p class=\"block-title\">Opdag fordelene ved vores f\u00e6llesskab<\/p>\n<p class=\"block-subtitle\">Vores assistance i at tjekke tekster handler ikke om at f\u00e5 tjenester. Vi fremmer et f\u00e6llesskab, der v\u00e6rds\u00e6tter originalitet og opn\u00e5r succes gennem \u00e6rlighed. Bliv en del af processen, der s\u00e6tter nye standarder for autenticitet i personlig, akademisk og professionel arbejde.<\/p>\n<div class=\"experience-our-services\"><img alt=\"experience-our-services\" src=\"\/wp-content\/themes\/main\/images\/experience-our-services-green.svg\"\/>\n<p class=\"experience-our-services-title\">Se, hvad vi kan g\u00f8re for dig<\/p>\n<p class=\"experience-our-services-subtitle\">Pr\u00f8v vores tjenester gratis og se, hvordan vi hj\u00e6lper med at sikre integriteten og v\u00e6rdien af din indhold.<\/p>\n<a class=\"custom-btn cb-black\" href=\"\/sign-up\/\">Tilmeld dig gratis<\/a>\n<\/div>\n<\/div>\n<div class=\"right-block\">\n<div class=\"contacts-block\">\n<div class=\"contacts-item email\">\n<p class=\"contacts-item-title\">Vi er her for at hj\u00e6lpe<\/p>\n<a class=\"contact-link\" href=\"mailto:support@originalityreport.com\">support@originalityreport.com<\/a><a class=\"write-a-letter-link\" href=\"mailto:support@originalityreport.com\">Skriv en breve<\/a>\n<\/div>\n<\/div>\n<p class=\"stay-connected-title\">Hold dig forbundet<\/p>\n<p class=\"stay-connected-subtitle\">F\u00f8lg os p\u00e5 sociale medier for at holde dig opdateret om opdateringer, indsigt og v\u00e6rkt\u00f8jer designet til at g\u00f8re dit arbejde fremtr\u00e6dende:<\/p>\n<div class=\"social-media-items\">\n<div class=\"social-media-item\"><img alt=\"ikon\" src=\"\/wp-content\/themes\/main\/images\/facebook-icon.svg\"\/>\n<div class=\"text-block\">\n<a class=\"social-title\" href=\"https:\/\/www.facebook.com\/BeAuthentic\" rel=\"noopener nofollow\" target=\"_blank\">facebook.com\/BeAuthentic<\/a>\n<p class=\"social-subtitle\">Facebook<\/p>\n<\/div>\n<\/div>\n<div class=\"social-media-item\"><img alt=\"ikon\" src=\"\/wp-content\/themes\/main\/images\/youtube-icon.svg\"\/>\n<div class=\"text-block\">\n<a class=\"social-title\" href=\"https:\/\/www.youtube.com\/@plagiarismsearch5119\" rel=\"noopener nofollow\" target=\"_blank\">@plagiarismsearch5119<\/a>\n<p class=\"social-subtitle\">YouTube<\/p>\n<\/div>\n<\/div>\n<div class=\"social-media-item\"><img alt=\"ikon\" src=\"\/wp-content\/themes\/main\/images\/linkedin-icon.svg\"\/>\n<div class=\"text-block\">\n<a class=\"social-title\" href=\"https:\/\/www.linkedin.com\/company\/plagiarismsearch\/\" rel=\"noopener nofollow\" target=\"_blank\">linkedin.com\/company\/plagiarismsearch<\/a>\n<p class=\"social-subtitle\">LinkedIn<\/p>\n<\/div>\n<\/div>\n<\/div>\n<\/div>\n<\/div>\n<\/div>\n<\/div>\n<\/div>\n<\/div>\n<\/section>"},"excerpt":{"rendered":"Om Os Vi er dedikerede til originalitet og p\u00e5lidelighed. P\u00e5 OriginalityReport.com bruger vi avancerede teknologiske beslutninger for at udf\u00f8re vores mission: sikre indholdsautenticitet og tilbyde p\u00e5lidelige v\u00e6rkt\u00f8jer til n\u00f8jagtig plagieringssporning og AI-detektion. Vores Priser Har du nogle sp\u00f8rgsm\u00e5l? Tillidsfuld Partner Vores Mission: \u00c6rlighed, Innovativ L\u00f8sninger, Succes Vi hj\u00e6lper studerende, professionelle og andre.","protected":false,"raw":"Om Os Vi er dedikerede til originalitet og p\u00e5lidelighed. P\u00e5 OriginalityReport.com bruger vi avancerede teknologiske beslutninger for at udf\u00f8re vores mission: sikre indholdsautenticitet og tilbyde p\u00e5lidelige v\u00e6rkt\u00f8jer til n\u00f8jagtig plagieringssporning og AI-detektion. Vores Priser Har du nogle sp\u00f8rgsm\u00e5l? Tillidsfuld Partner Vores Mission: \u00c6rlighed, Innovativ L\u00f8sninger, Succes Vi hj\u00e6lper studerende, professionelle og andre."},"author":1,"featured_media":0,"parent":0,"menu_order":0,"comment_status":"closed","ping_status":"closed","template":"tpl-landing.php","meta":{"_aioseo_title":null,"_aioseo_description":null,"_locale":"da_DK","_original_post":"https:\/\/originalityreport.com\/?page_id=9","footnotes":""},"class_list":["post-233","page","type-page","status-publish","hentry","da-DK"],"aioseo_notices":[],"_links":{"self":[{"href":"https:\/\/originalityreport.com\/wp-json\/wp\/v2\/pages\/233","targetHints":{"allow":["GET"]}}],"collection":[{"href":"https:\/\/originalityreport.com\/wp-json\/wp\/v2\/pages"}],"about":[{"href":"https:\/\/originalityreport.com\/wp-json\/wp\/v2\/types\/page"}],"author":[{"embeddable":true,"href":"https:\/\/originalityreport.com\/wp-json\/wp\/v2\/users\/1"}],"replies":[{"embeddable":true,"href":"https:\/\/originalityreport.com\/wp-json\/wp\/v2\/comments?post=233"}],"version-history":[{"count":3,"href":"https:\/\/originalityreport.com\/wp-json\/wp\/v2\/pages\/233\/revisions"}],"predecessor-version":[{"id":714,"href":"https:\/\/originalityreport.com\/wp-json\/wp\/v2\/pages\/233\/revisions\/714"}],"wp:attachment":[{"href":"https:\/\/originalityreport.com\/wp-json\/wp\/v2\/media?parent=233"}],"curies":[{"name":"wp","href":"https:\/\/api.w.org\/{rel}","templated":true}]}}