{"id":537,"date":"2025-03-24T11:47:59","date_gmt":"2025-03-24T11:47:59","guid":{"rendered":"https:\/\/originalityreport.com\/?page_id=537","raw":"https:\/\/originalityreport.com\/?page_id=537"},"modified":"2025-04-04T08:53:21","modified_gmt":"2025-04-04T08:53:21","slug":"privacy-policy","status":"publish","type":"page","link":"https:\/\/originalityreport.com\/cs\/privacy-policy\/","title":{"rendered":"Politika ochran\u011b osobn\u00edch \u00fadaj\u016f","raw":"Politika ochran\u011b osobn\u00edch \u00fadaj\u016f"},"content":{"rendered":"<p>System Technology Online Spain SL., Calle Pintor P\u00e9rez Gil 2, b.46 03540, Alicante, \u0160pan\u011blsko (\u201cn\u00e1mi\u201d, \u201cmy\u201d nebo \u201cn\u00e1\u0161\u201d) spravuje webovou str\u00e1nku originalityreport.com a je kontrol\u00e9rem Va\u0161ich osobn\u00edch \u00fadaj\u016f.<\/p>\n<p>Chceme vyj\u00e1d\u0159it svou vd\u011b\u010dnost za \u010das, kter\u00fd jste str\u00e1vili p\u0159ezkoum\u00e1v\u00e1n\u00edm na\u0161ich nab\u00eddek a z\u00e1jem o na\u0161e slu\u017eby. M\u016f\u017eete b\u00fdt si jisti, \u017ee zaji\u0161\u0165ujeme d\u016fv\u011brnost v\u0161ech osobn\u00edch detail\u016f na\u0161ich klient\u016f. V\u0161echna druhy poskytnut\u00fdch osobn\u00edch informac\u00ed z\u016fst\u00e1vaj\u00ed bezpe\u010dn\u00e9 a soukrom\u00e9. \u017d\u00e1dn\u00e9 nevhodn\u00e9 pou\u017eit\u00ed \u010di \u00fanik dat je nemo\u017en\u00fd, pokud si vyberete slu\u017eby na\u0161\u00ed spole\u010dnosti.<\/p>\n<p>N\u00ed\u017ee najdete vysv\u011btlen\u00ed t\u00fdkaj\u00edc\u00ed se dat, kter\u00e1 z n\u00e1sleduj\u00edc\u00edch d\u016fvod\u016f shroma\u017e\u010fujeme od na\u0161ich klient\u016f:<\/p>\n<p>P\u0159i spolupr\u00e1ci budeme pot\u0159ebovat n\u00e1sleduj\u00edc\u00ed \u00fadaje:<\/p>\n<ul>\n<li>N\u00e1\u0161 z\u00e1kazn\u00edk;<\/li>\n<li>N\u00e1v\u0161t\u011bvn\u00edci na\u0161eho webu.<\/li>\n<\/ul>\n<p>Detaily shrom\u00e1\u017ed\u011bn\u00e9 webov\u00fdm serverem zahrnuj\u00ed:<\/p>\n<ul>\n<li>Typ prohl\u00ed\u017ee\u010de;<\/li>\n<li>Datum a \u010das p\u0159\u00edstupu na web;<\/li>\n<li>Typ opera\u010dn\u00edho syst\u00e9mu.<\/li>\n<\/ul>\n<p>V\u0161imn\u011bte si, \u017ee shrom\u00e1\u017ed\u011bn\u00e9 informace nikdy nejsou prod\u00e1v\u00e1ny ani sd\u00edleny; nesouvis\u00ed s odhalen\u00edm \u017e\u00e1dn\u00e9 identity. Jedin\u00fdm \u00fa\u010delem sb\u011bru t\u011bchto dat je jejich p\u0159izp\u016fsoben\u00ed a zlep\u0161en\u00ed obsahu webu.<\/p>\n<p><strong>Ko\u0161\u00edky<\/strong><\/p>\n<p>Webov\u00e9 str\u00e1nky pat\u0159\u00edc\u00ed do dom\u00e9ny originalityreport.com pou\u017e\u00edvaj\u00ed soubory naz\u00fdvan\u00e9 \u201eko\u0161\u00edky\u201c \u2013 textov\u00e9 soubory p\u0159en\u00e1\u0161en\u00e9 do po\u010d\u00edta\u010de prost\u0159ednictv\u00edm webov\u00e9ho prohl\u00ed\u017ee\u010de. Tyto soubory n\u00e1m umo\u017e\u0148uj\u00ed nab\u00edzet u\u017eivatelsky p\u0159\u00edv\u011btiv\u00fd obsah t\u011bm, kte\u0159\u00ed na\u0161i web nav\u0161t\u011bvuj\u00ed.<\/p>\n<p>Sb\u011br ko\u0161\u00edk\u016f lze zastavit zm\u011bnou nastaven\u00ed webov\u00fdch prohl\u00ed\u017ee\u010d\u016f. U\u017e nastaven\u00e9 soubory ko\u0161\u00edk\u016f mohou b\u00fdt odstran\u011bny pomoc\u00ed konkr\u00e9tn\u00edch po\u010d\u00edta\u010dov\u00fdch program\u016f nebo p\u0159es internet. Poznamenejte si, \u017ee n\u011bkter\u00e9 funkce na\u0161eho webu mohou b\u00fdt po vypnut\u00ed sb\u011bru ko\u0161\u00edk\u016f nedostupn\u00e9.<\/p>\n<p><strong>Sb\u011br n\u00e1kupn\u00edch dat<\/strong><\/p>\n<p>originalityreport.com shroma\u017e\u010fuje takov\u00e9 osobn\u00ed \u00fadaje jako jm\u00e9no, telefonn\u00ed \u010d\u00edslo, e-mailov\u00e1 adresa, domovsk\u00fd st\u00e1t a datum narozen\u00ed. S jedin\u00fdm c\u00edlem efektivn\u011b zpracovat \u017e\u00e1dosti u\u017eivatel\u016f, na\u0161e zdroj tak\u00e9 shroma\u017e\u010fuje ur\u010dit\u00e1 d\u016fv\u011brn\u00e1 data, tj. \u010d\u00edslo platebn\u00ed karty a pasu, zdravotn\u00ed historii, kterou odes\u00edl\u00e1me na\u0161im poji\u0161\u0165ovac\u00edm partn\u00e9r\u016fm. Jinak originalityreport.com \u017e\u00e1dn\u00e9 d\u016fv\u011brn\u00e9 informace nezb\u00edr\u00e1 ani neukl\u00e1d\u00e1.<\/p>\n<p><strong>Sb\u011br obecn\u00fdch \u00fadaj\u016f<\/strong><\/p>\n<p>Webov\u00e9 str\u00e1nky s\u00edt\u011b originalityreport.com mohou shroma\u017e\u010fovat informace o:<\/p>\n<ul>\n<li>Zp\u016fsob pou\u017eit\u00ed prohl\u00ed\u017ee\u010de webu;<\/li>\n<li>Pou\u017eit\u00e9 po\u010d\u00edta\u010dov\u00e9 syst\u00e9my;<\/li>\n<li>Online zdroj, ze kter\u00e9ho se p\u0159istupuje na na\u0161i webovou str\u00e1nku;<\/li>\n<li>Podstr\u00e1nky;<\/li>\n<li>Datum a \u010das n\u00e1v\u0161t\u011bvy na\u0161\u00ed webov\u00e9 str\u00e1nky;<\/li>\n<li>IP adresa;<\/li>\n<li>Webov\u00fd poskytovatel;<\/li>\n<li>Jin\u00e9 informace, kter\u00e9 by mohly b\u00fdt pou\u017eity k \u00fatok\u016fm na na\u0161e IT syst\u00e9my.<\/li>\n<\/ul>\n<p>Zmi\u0148ovan\u00e1 data jsou vyu\u017e\u00edv\u00e1na ke:<\/p>\n<ul>\n<li>Zaji\u0161t\u011bn\u00ed p\u0159im\u011b\u0159en\u00e9ho poskytov\u00e1n\u00ed na\u0161ich obsah\u016f;<\/li>\n<li>Vylep\u0161en\u00ed jak obsahu, tak zp\u016fsobu jeho reklamy;<\/li>\n<li>Ujistit se o technick\u00e9 proveditelnosti;<\/li>\n<\/ul>\n<p>Zaji\u0161t\u011bn\u00ed \u00fa\u0159ad\u016fm pot\u0159ebn\u00fdch dat pro prov\u00e1d\u011bn\u00ed krimin\u00e1ln\u00edho vy\u0161et\u0159ov\u00e1n\u00ed t\u00fdkaj\u00edc\u00edho se kybernetick\u00fdch \u00fatok\u016f. Shrom\u00e1\u017ed\u011bn\u00e9 skute\u010dnosti jsou zkoum\u00e1ny s c\u00edlem zlep\u0161en\u00ed bezpe\u010dnosti dat jak na\u0161\u00ed spole\u010dnosti, tak i klient\u016f.<\/p>\n<p><strong>Pou\u017eit\u00ed koul\u00edk\u016f<\/strong><\/p>\n<p>Pou\u017e\u00edv\u00e1me &#8222;koul\u00edky&#8220;, proto\u017ee umo\u017e\u0148uj\u00ed shroma\u017e\u010fov\u00e1n\u00ed statistick\u00fdch dat o n\u00e1v\u0161t\u011bv\u00e1ch a vyu\u017eit\u00ed na\u0161\u00ed webov\u00e9 str\u00e1nky. Nav\u00edc je to dobr\u00fd zp\u016fsob vytvo\u0159en\u00ed efektivn\u00ed navigace.<\/p>\n<p><strong>Zpracov\u00e1n\u00ed osobn\u00edch \u00fadaj\u016f<\/strong><\/p>\n<p>N\u00e1\u0161 klient\u016fm se p\u0159i registraci \u017e\u00e1d\u00e1 o poskytnut\u00ed n\u00e1sleduj\u00edc\u00edch osobn\u00edch \u00fadaj\u016f:<\/p>\n<ul>\n<li>Jm\u00e9no<\/li>\n<li>Kontaktn\u00ed telefonn\u00ed \u010d\u00edslo<\/li>\n<li>E-mailov\u00e1 adresa<\/li>\n<\/ul>\n<p>Tedy je doporu\u010deno zajistit p\u0159esnost kontaktov\u00fdch \u00fadaj\u016f, proto\u017ee to zaru\u010duje vysokou kvalitu poskytovan\u00fdch slu\u017eeb.<\/p>\n<p>N\u00e1\u0161 app p\u0159istupuje k u\u017eivatelsk\u00fdm dat\u016fm Google pouze po ov\u011b\u0159en\u00ed u\u017eivatele. V\u0161echna data budou pou\u017eita v\u00fdhradn\u011b pro detekci plagi\u00e1t\u016f, sd\u00edlen\u00ed nebo ulo\u017een\u00ed osobn\u00edch \u00fadaj\u016f nen\u00ed zam\u00fd\u0161leno. originalityreport.com nep\u0159istupuje k ukl\u00e1d\u00e1n\u00ed, pou\u017e\u00edv\u00e1n\u00ed \u010di sd\u00edlen\u00ed dat Google u\u017eivatel\u016f.<\/p>\n<p>N\u00e1\u0161 klient\u016fm se zaru\u010duje 100 % jistoty, \u017ee jejich osobn\u00ed \u00fadaje nikdy nebudou k dispozici \u017e\u00e1dn\u00e9mu t\u0159et\u00edmu subjektu, s v\u00fdjimkou zam\u011bstnanc\u016f firmy. \u017d\u00e1dn\u00e1 odhalen\u00ed, sd\u00edlen\u00ed, prodej, publikace \u010di odesl\u00e1n\u00ed dat t\u0159et\u00edm stran\u00e1m nen\u00ed mo\u017en\u00e9. Jak\u00e9koliv texty, kter\u00e9 zkontrolujete pomoc\u00ed na\u0161eho detektoru plagi\u00e1t\u016f, nebudou p\u0159ed\u00e1ny t\u0159et\u00ed stran\u011b ani pou\u017eity pro jak\u00e9koli jin\u00e9 \u00fa\u010dely. Jedin\u00fdm majitelem textu, kter\u00fd je podrobil kontrole na p\u016fvodnost obsahu, jste vy.<\/p>\n<p><strong>Transakce online<\/strong><\/p>\n<p>Pou\u017e\u00edv\u00e1me pouze zabezpe\u010den\u00e9 online transakce prost\u0159ednictv\u00edm spolehliv\u00fdch platebn\u00edch syst\u00e9m\u016f, kter\u00e9 vylu\u010duj\u00ed jakoukoli mo\u017enost odhalen\u00ed informac\u00ed. V n\u011bkter\u00fdch p\u0159\u00edpadech n\u00e1\u0161 Finan\u010dn\u00ed odd\u011blen\u00ed kontaktuje na\u0161e klienty, aby se zajistilo ov\u011b\u0159en\u00ed jejich identit a zabr\u00e1nilo v\u0161em druh\u016fm online podvodu.<\/p>\n<p><strong>Povinnosti klient\u016f<\/strong><\/p>\n<p>Informace v profilu klienta m\u016f\u017ee b\u00fdt zm\u011bn\u011bna, upravena, nahrazena nebo smaz\u00e1na u\u017eivatelem. Pokud pot\u0159ebujete n\u011bjak\u00e9 zm\u011bny nebo pomoc, nepokou\u0161ejte se kontaktovat t\u00fdm podpory z\u00e1kazn\u00edk\u016f.<\/p>\n<p>Vysoko cen\u00edme z\u00e1kaznick\u00e9 p\u0159ednosti t\u00fdkaj\u00edc\u00ed se soukrom\u00e9ho pou\u017e\u00edv\u00e1n\u00ed na\u0161ich slu\u017eeb detekce plagi\u00e1t\u016f stejn\u011b jako mo\u017enost\u00ed \u00fapravy\/revizn\u00edch a korektorsk\u00fdch mo\u017enost\u00ed. Va\u0161e osobn\u00ed \u00fadaje budou pou\u017eity pouze pro vnit\u0159n\u00ed pot\u0159eby firmy. Pou\u017e\u00edv\u00e1n\u00ed na\u0161ich slu\u017eeb p\u0159edpokl\u00e1d\u00e1 va\u0161i souhlas s na\u0161imi politikami ochrany soukrom\u00ed a pravidly.<\/p>\n<p><strong>Google Drive a \u00fa\u010detov\u00e1 informace<\/strong><\/p>\n<p>Nepou\u017e\u00edv\u00e1me informace, kter\u00e9 ukl\u00e1d\u00e1te na sv\u00e9m Google Drivu pro osobn\u00ed \u00fa\u010dely. Va\u0161e jm\u00e9no, e-mailov\u00e1 adresa a odkazy na soubory se automaticky neukl\u00e1daj\u00ed do na\u0161ich server\u016f, pokud je nesm\u00ed\u0159\u00edte pomoc\u00ed na\u0161\u00ed aplikace. Nepl\u00e1nujeme sd\u00edlet va\u0161e soubory ani osobn\u00ed \u00fadaje s \u017e\u00e1dn\u00fdmi t\u0159et\u00edmi stranami. Neprov\u00e1d\u00edme \u017e\u00e1dn\u00e9 zm\u011bny ve va\u0161ich souborech, pokud je neud\u011bl\u00e1te p\u0159\u00edmo prost\u0159ednictv\u00edm na\u0161\u00ed aplikace nebo v Google Drivu. Pokud si vyberete smazat textov\u00fd soubor, kter\u00fd jste sd\u00edleli s n\u00e1mi, data budou okam\u017eit\u011b odstran\u011bna ze serveru. Nicm\u00e9n\u011b soubory nebude odstran\u011bno z va\u0161eho Google Drivu. M\u016f\u017eete tak\u00e9 kdykoli pozastavit na\u0161e p\u0159\u00edstupov\u00e1 pr\u00e1va ke v\u0161em dat\u016fm ulo\u017een\u00fdm ve va\u0161em Google Drivu. P\u0159izn\u00e1v\u00e1me si pr\u00e1vo zabr\u00e1nit jak\u00e9mukoliv u\u017eivateli v pou\u017e\u00edv\u00e1n\u00ed na\u0161\u00ed aplikace k p\u0159\u00edstupu ke sv\u00e9mu Google Drivu.<\/p>\n<p>N\u00e1\u0161 web z\u00edsk\u00e1 p\u0159\u00edstup k soubor\u016fm u\u017eivatel\u016f v Google Drivu, ale pouze s \u010dten\u00e1\u0159sk\u00fdmi opr\u00e1vn\u011bn\u00edmi (konkr\u00e9tn\u011b do rozsahu &#8222;https:\/\/www.googleapis.com\/auth\/drive.readonly&#8220;). Ukl\u00e1d\u00e1me textovou verzi soubor\u016f pouze pro u\u017eivatele. U\u017eivatel si m\u016f\u017ee v libovoln\u00e9m okam\u017eiku odstranit tato data.<\/p>\n<p><strong>Smlouva o slu\u017eb\u00e1ch Google API<\/strong><\/p>\n<p>Pou\u017eit\u00ed a p\u0159enos dat z\u00edskan\u00fdch z Google API na jak\u00e9koli jin\u00e9 aplikace originalityreport.com bude dodr\u017eovat politiku u\u017eivatelsk\u00fdch dat slu\u017eeb Google API, v\u010detn\u011b po\u017eadavk\u016f na Omezen\u00e9 pou\u017eit\u00ed.<\/p>\n<p><strong>Dodr\u017eov\u00e1n\u00ed GDPR v r\u00e1mci uchov\u00e1v\u00e1n\u00ed a maz\u00e1n\u00ed osobn\u00edch \u00fadaj\u016f<\/strong><\/p>\n<p>Souladem s Obecn\u00fdm na\u0159\u00edzen\u00edm o ochran\u011b osobn\u00edch \u00fadaj\u016f (GDPR) se zavazujeme zajistit pr\u00e1vn\u011b p\u0159im\u011b\u0159en\u00e9 zpracov\u00e1n\u00ed osobn\u00edch \u00fadaj\u016f. Po ukon\u010den\u00ed slu\u017eeb nebo vypr\u0161en\u00ed smlouvy \u010di dohody jsme povinni bu\u010f vr\u00e1tit, nebo smazat v\u0161echny osobn\u00ed \u00fadaje ve sv\u00e9m dr\u017een\u00ed, pokud nen\u00ed z\u00e1konem po\u017eadov\u00e1n jejich uchov\u00e1n\u00ed. Na\u0161e akce budou p\u0159\u00edsn\u011b dodr\u017eovat sm\u011brnice GDPR k zaji\u0161t\u011bn\u00ed soukrom\u00ed a ochrany osobn\u00edch \u00fadaj\u016f jednotlivc\u016f.<\/p>\n","protected":false,"raw":"<p>System Technology Online Spain SL., Calle Pintor P\u00e9rez Gil 2, b.46 03540, Alicante, \u0160pan\u011blsko (\u201cn\u00e1mi\u201d, \u201cmy\u201d nebo \u201cn\u00e1\u0161\u201d) spravuje webovou str\u00e1nku originalityreport.com a je kontrol\u00e9rem Va\u0161ich osobn\u00edch \u00fadaj\u016f.<\/p>\r\n<p>Chceme vyj\u00e1d\u0159it svou vd\u011b\u010dnost za \u010das, kter\u00fd jste str\u00e1vili p\u0159ezkoum\u00e1v\u00e1n\u00edm na\u0161ich nab\u00eddek a z\u00e1jem o na\u0161e slu\u017eby. M\u016f\u017eete b\u00fdt si jisti, \u017ee zaji\u0161\u0165ujeme d\u016fv\u011brnost v\u0161ech osobn\u00edch detail\u016f na\u0161ich klient\u016f. V\u0161echna druhy poskytnut\u00fdch osobn\u00edch informac\u00ed z\u016fst\u00e1vaj\u00ed bezpe\u010dn\u00e9 a soukrom\u00e9. \u017d\u00e1dn\u00e9 nevhodn\u00e9 pou\u017eit\u00ed \u010di \u00fanik dat je nemo\u017en\u00fd, pokud si vyberete slu\u017eby na\u0161\u00ed spole\u010dnosti.<\/p>\r\n<p>N\u00ed\u017ee najdete vysv\u011btlen\u00ed t\u00fdkaj\u00edc\u00ed se dat, kter\u00e1 z n\u00e1sleduj\u00edc\u00edch d\u016fvod\u016f shroma\u017e\u010fujeme od na\u0161ich klient\u016f:<\/p>\r\n<p>P\u0159i spolupr\u00e1ci budeme pot\u0159ebovat n\u00e1sleduj\u00edc\u00ed \u00fadaje:<\/p>\r\n<ul>\r\n<li>N\u00e1\u0161 z\u00e1kazn\u00edk;<\/li>\r\n<li>N\u00e1v\u0161t\u011bvn\u00edci na\u0161eho webu.<\/li>\r\n<\/ul>\r\n<p>Detaily shrom\u00e1\u017ed\u011bn\u00e9 webov\u00fdm serverem zahrnuj\u00ed:<\/p>\r\n<ul>\r\n<li>Typ prohl\u00ed\u017ee\u010de;<\/li>\r\n<li>Datum a \u010das p\u0159\u00edstupu na web;<\/li>\r\n<li>Typ opera\u010dn\u00edho syst\u00e9mu.<\/li>\r\n<\/ul>\r\n<p>V\u0161imn\u011bte si, \u017ee shrom\u00e1\u017ed\u011bn\u00e9 informace nikdy nejsou prod\u00e1v\u00e1ny ani sd\u00edleny; nesouvis\u00ed s odhalen\u00edm \u017e\u00e1dn\u00e9 identity. Jedin\u00fdm \u00fa\u010delem sb\u011bru t\u011bchto dat je jejich p\u0159izp\u016fsoben\u00ed a zlep\u0161en\u00ed obsahu webu.<\/p>\r\n<p><strong>Ko\u0161\u00edky<\/strong><\/p>\r\n<p>Webov\u00e9 str\u00e1nky pat\u0159\u00edc\u00ed do dom\u00e9ny originalityreport.com pou\u017e\u00edvaj\u00ed soubory naz\u00fdvan\u00e9 \u201eko\u0161\u00edky\u201c \u2013 textov\u00e9 soubory p\u0159en\u00e1\u0161en\u00e9 do po\u010d\u00edta\u010de prost\u0159ednictv\u00edm webov\u00e9ho prohl\u00ed\u017ee\u010de. Tyto soubory n\u00e1m umo\u017e\u0148uj\u00ed nab\u00edzet u\u017eivatelsky p\u0159\u00edv\u011btiv\u00fd obsah t\u011bm, kte\u0159\u00ed na\u0161i web nav\u0161t\u011bvuj\u00ed.<\/p>\r\n<p>Sb\u011br ko\u0161\u00edk\u016f lze zastavit zm\u011bnou nastaven\u00ed webov\u00fdch prohl\u00ed\u017ee\u010d\u016f. U\u017e nastaven\u00e9 soubory ko\u0161\u00edk\u016f mohou b\u00fdt odstran\u011bny pomoc\u00ed konkr\u00e9tn\u00edch po\u010d\u00edta\u010dov\u00fdch program\u016f nebo p\u0159es internet. Poznamenejte si, \u017ee n\u011bkter\u00e9 funkce na\u0161eho webu mohou b\u00fdt po vypnut\u00ed sb\u011bru ko\u0161\u00edk\u016f nedostupn\u00e9.<\/p>\r\n<p><strong>Sb\u011br n\u00e1kupn\u00edch dat<\/strong><\/p>\r\n<p>originalityreport.com shroma\u017e\u010fuje takov\u00e9 osobn\u00ed \u00fadaje jako jm\u00e9no, telefonn\u00ed \u010d\u00edslo, e-mailov\u00e1 adresa, domovsk\u00fd st\u00e1t a datum narozen\u00ed. S jedin\u00fdm c\u00edlem efektivn\u011b zpracovat \u017e\u00e1dosti u\u017eivatel\u016f, na\u0161e zdroj tak\u00e9 shroma\u017e\u010fuje ur\u010dit\u00e1 d\u016fv\u011brn\u00e1 data, tj. \u010d\u00edslo platebn\u00ed karty a pasu, zdravotn\u00ed historii, kterou odes\u00edl\u00e1me na\u0161im poji\u0161\u0165ovac\u00edm partn\u00e9r\u016fm. Jinak originalityreport.com \u017e\u00e1dn\u00e9 d\u016fv\u011brn\u00e9 informace nezb\u00edr\u00e1 ani neukl\u00e1d\u00e1.<\/p>\r\n<p><strong>Sb\u011br obecn\u00fdch \u00fadaj\u016f<\/strong><\/p>\r\n<p>Webov\u00e9 str\u00e1nky s\u00edt\u011b originalityreport.com mohou shroma\u017e\u010fovat informace o:<\/p>\r\n<ul>\r\n<li>Zp\u016fsob pou\u017eit\u00ed prohl\u00ed\u017ee\u010de webu;<\/li>\r\n<li>Pou\u017eit\u00e9 po\u010d\u00edta\u010dov\u00e9 syst\u00e9my;<\/li>\r\n<li>Online zdroj, ze kter\u00e9ho se p\u0159istupuje na na\u0161i webovou str\u00e1nku;<\/li>\r\n<li>Podstr\u00e1nky;<\/li>\r\n<li>Datum a \u010das n\u00e1v\u0161t\u011bvy na\u0161\u00ed webov\u00e9 str\u00e1nky;<\/li>\r\n<li>IP adresa;<\/li>\r\n<li>Webov\u00fd poskytovatel;<\/li>\r\n<li>Jin\u00e9 informace, kter\u00e9 by mohly b\u00fdt pou\u017eity k \u00fatok\u016fm na na\u0161e IT syst\u00e9my.<\/li>\r\n<\/ul>\r\n<p>Zmi\u0148ovan\u00e1 data jsou vyu\u017e\u00edv\u00e1na ke:<\/p>\r\n<ul>\r\n<li>Zaji\u0161t\u011bn\u00ed p\u0159im\u011b\u0159en\u00e9ho poskytov\u00e1n\u00ed na\u0161ich obsah\u016f;<\/li>\r\n<li>Vylep\u0161en\u00ed jak obsahu, tak zp\u016fsobu jeho reklamy;<\/li>\r\n<li>Ujistit se o technick\u00e9 proveditelnosti;<\/li>\r\n<\/ul>\r\n<p>Zaji\u0161t\u011bn\u00ed \u00fa\u0159ad\u016fm pot\u0159ebn\u00fdch dat pro prov\u00e1d\u011bn\u00ed krimin\u00e1ln\u00edho vy\u0161et\u0159ov\u00e1n\u00ed t\u00fdkaj\u00edc\u00edho se kybernetick\u00fdch \u00fatok\u016f. Shrom\u00e1\u017ed\u011bn\u00e9 skute\u010dnosti jsou zkoum\u00e1ny s c\u00edlem zlep\u0161en\u00ed bezpe\u010dnosti dat jak na\u0161\u00ed spole\u010dnosti, tak i klient\u016f.<\/p>\r\n<p><strong>Pou\u017eit\u00ed koul\u00edk\u016f<\/strong><\/p>\r\n<p>Pou\u017e\u00edv\u00e1me \"koul\u00edky\", proto\u017ee umo\u017e\u0148uj\u00ed shroma\u017e\u010fov\u00e1n\u00ed statistick\u00fdch dat o n\u00e1v\u0161t\u011bv\u00e1ch a vyu\u017eit\u00ed na\u0161\u00ed webov\u00e9 str\u00e1nky. Nav\u00edc je to dobr\u00fd zp\u016fsob vytvo\u0159en\u00ed efektivn\u00ed navigace.<\/p>\r\n<p><strong>Zpracov\u00e1n\u00ed osobn\u00edch \u00fadaj\u016f<\/strong><\/p>\r\n<p>N\u00e1\u0161 klient\u016fm se p\u0159i registraci \u017e\u00e1d\u00e1 o poskytnut\u00ed n\u00e1sleduj\u00edc\u00edch osobn\u00edch \u00fadaj\u016f:<\/p>\r\n<ul>\r\n<li>Jm\u00e9no<\/li>\r\n<li>Kontaktn\u00ed telefonn\u00ed \u010d\u00edslo<\/li>\r\n<li>E-mailov\u00e1 adresa<\/li>\r\n<\/ul>\r\n<p>Tedy je doporu\u010deno zajistit p\u0159esnost kontaktov\u00fdch \u00fadaj\u016f, proto\u017ee to zaru\u010duje vysokou kvalitu poskytovan\u00fdch slu\u017eeb.<\/p>\r\n<p>N\u00e1\u0161 app p\u0159istupuje k u\u017eivatelsk\u00fdm dat\u016fm Google pouze po ov\u011b\u0159en\u00ed u\u017eivatele. V\u0161echna data budou pou\u017eita v\u00fdhradn\u011b pro detekci plagi\u00e1t\u016f, sd\u00edlen\u00ed nebo ulo\u017een\u00ed osobn\u00edch \u00fadaj\u016f nen\u00ed zam\u00fd\u0161leno. originalityreport.com nep\u0159istupuje k ukl\u00e1d\u00e1n\u00ed, pou\u017e\u00edv\u00e1n\u00ed \u010di sd\u00edlen\u00ed dat Google u\u017eivatel\u016f.<\/p>\r\n<p>N\u00e1\u0161 klient\u016fm se zaru\u010duje 100 % jistoty, \u017ee jejich osobn\u00ed \u00fadaje nikdy nebudou k dispozici \u017e\u00e1dn\u00e9mu t\u0159et\u00edmu subjektu, s v\u00fdjimkou zam\u011bstnanc\u016f firmy. \u017d\u00e1dn\u00e1 odhalen\u00ed, sd\u00edlen\u00ed, prodej, publikace \u010di odesl\u00e1n\u00ed dat t\u0159et\u00edm stran\u00e1m nen\u00ed mo\u017en\u00e9. Jak\u00e9koliv texty, kter\u00e9 zkontrolujete pomoc\u00ed na\u0161eho detektoru plagi\u00e1t\u016f, nebudou p\u0159ed\u00e1ny t\u0159et\u00ed stran\u011b ani pou\u017eity pro jak\u00e9koli jin\u00e9 \u00fa\u010dely. Jedin\u00fdm majitelem textu, kter\u00fd je podrobil kontrole na p\u016fvodnost obsahu, jste vy.<\/p>\r\n<p><strong>Transakce online<\/strong><\/p>\r\n<p>Pou\u017e\u00edv\u00e1me pouze zabezpe\u010den\u00e9 online transakce prost\u0159ednictv\u00edm spolehliv\u00fdch platebn\u00edch syst\u00e9m\u016f, kter\u00e9 vylu\u010duj\u00ed jakoukoli mo\u017enost odhalen\u00ed informac\u00ed. V n\u011bkter\u00fdch p\u0159\u00edpadech n\u00e1\u0161 Finan\u010dn\u00ed odd\u011blen\u00ed kontaktuje na\u0161e klienty, aby se zajistilo ov\u011b\u0159en\u00ed jejich identit a zabr\u00e1nilo v\u0161em druh\u016fm online podvodu.<\/p>\r\n<p><strong>Povinnosti klient\u016f<\/strong><\/p>\r\n<p>Informace v profilu klienta m\u016f\u017ee b\u00fdt zm\u011bn\u011bna, upravena, nahrazena nebo smaz\u00e1na u\u017eivatelem. Pokud pot\u0159ebujete n\u011bjak\u00e9 zm\u011bny nebo pomoc, nepokou\u0161ejte se kontaktovat t\u00fdm podpory z\u00e1kazn\u00edk\u016f.<\/p>\r\n<p>Vysoko cen\u00edme z\u00e1kaznick\u00e9 p\u0159ednosti t\u00fdkaj\u00edc\u00ed se soukrom\u00e9ho pou\u017e\u00edv\u00e1n\u00ed na\u0161ich slu\u017eeb detekce plagi\u00e1t\u016f stejn\u011b jako mo\u017enost\u00ed \u00fapravy\/revizn\u00edch a korektorsk\u00fdch mo\u017enost\u00ed. Va\u0161e osobn\u00ed \u00fadaje budou pou\u017eity pouze pro vnit\u0159n\u00ed pot\u0159eby firmy. Pou\u017e\u00edv\u00e1n\u00ed na\u0161ich slu\u017eeb p\u0159edpokl\u00e1d\u00e1 va\u0161i souhlas s na\u0161imi politikami ochrany soukrom\u00ed a pravidly.<\/p>\r\n<p><strong>Google Drive a \u00fa\u010detov\u00e1 informace<\/strong><\/p>\r\n<p>Nepou\u017e\u00edv\u00e1me informace, kter\u00e9 ukl\u00e1d\u00e1te na sv\u00e9m Google Drivu pro osobn\u00ed \u00fa\u010dely. Va\u0161e jm\u00e9no, e-mailov\u00e1 adresa a odkazy na soubory se automaticky neukl\u00e1daj\u00ed do na\u0161ich server\u016f, pokud je nesm\u00ed\u0159\u00edte pomoc\u00ed na\u0161\u00ed aplikace. Nepl\u00e1nujeme sd\u00edlet va\u0161e soubory ani osobn\u00ed \u00fadaje s \u017e\u00e1dn\u00fdmi t\u0159et\u00edmi stranami. Neprov\u00e1d\u00edme \u017e\u00e1dn\u00e9 zm\u011bny ve va\u0161ich souborech, pokud je neud\u011bl\u00e1te p\u0159\u00edmo prost\u0159ednictv\u00edm na\u0161\u00ed aplikace nebo v Google Drivu. Pokud si vyberete smazat textov\u00fd soubor, kter\u00fd jste sd\u00edleli s n\u00e1mi, data budou okam\u017eit\u011b odstran\u011bna ze serveru. Nicm\u00e9n\u011b soubory nebude odstran\u011bno z va\u0161eho Google Drivu. M\u016f\u017eete tak\u00e9 kdykoli pozastavit na\u0161e p\u0159\u00edstupov\u00e1 pr\u00e1va ke v\u0161em dat\u016fm ulo\u017een\u00fdm ve va\u0161em Google Drivu. P\u0159izn\u00e1v\u00e1me si pr\u00e1vo zabr\u00e1nit jak\u00e9mukoliv u\u017eivateli v pou\u017e\u00edv\u00e1n\u00ed na\u0161\u00ed aplikace k p\u0159\u00edstupu ke sv\u00e9mu Google Drivu.<\/p>\r\n<p>N\u00e1\u0161 web z\u00edsk\u00e1 p\u0159\u00edstup k soubor\u016fm u\u017eivatel\u016f v Google Drivu, ale pouze s \u010dten\u00e1\u0159sk\u00fdmi opr\u00e1vn\u011bn\u00edmi (konkr\u00e9tn\u011b do rozsahu \"https:\/\/www.googleapis.com\/auth\/drive.readonly\"). Ukl\u00e1d\u00e1me textovou verzi soubor\u016f pouze pro u\u017eivatele. U\u017eivatel si m\u016f\u017ee v libovoln\u00e9m okam\u017eiku odstranit tato data.<\/p>\r\n<p><strong>Smlouva o slu\u017eb\u00e1ch Google API<\/strong><\/p>\r\n<p>Pou\u017eit\u00ed a p\u0159enos dat z\u00edskan\u00fdch z Google API na jak\u00e9koli jin\u00e9 aplikace originalityreport.com bude dodr\u017eovat politiku u\u017eivatelsk\u00fdch dat slu\u017eeb Google API, v\u010detn\u011b po\u017eadavk\u016f na Omezen\u00e9 pou\u017eit\u00ed.<\/p>\r\n<p><strong>Dodr\u017eov\u00e1n\u00ed GDPR v r\u00e1mci uchov\u00e1v\u00e1n\u00ed a maz\u00e1n\u00ed osobn\u00edch \u00fadaj\u016f<\/strong><\/p>\r\n<p>Souladem s Obecn\u00fdm na\u0159\u00edzen\u00edm o ochran\u011b osobn\u00edch \u00fadaj\u016f (GDPR) se zavazujeme zajistit pr\u00e1vn\u011b p\u0159im\u011b\u0159en\u00e9 zpracov\u00e1n\u00ed osobn\u00edch \u00fadaj\u016f. Po ukon\u010den\u00ed slu\u017eeb nebo vypr\u0161en\u00ed smlouvy \u010di dohody jsme povinni bu\u010f vr\u00e1tit, nebo smazat v\u0161echny osobn\u00ed \u00fadaje ve sv\u00e9m dr\u017een\u00ed, pokud nen\u00ed z\u00e1konem po\u017eadov\u00e1n jejich uchov\u00e1n\u00ed. Na\u0161e akce budou p\u0159\u00edsn\u011b dodr\u017eovat sm\u011brnice GDPR k zaji\u0161t\u011bn\u00ed soukrom\u00ed a ochrany osobn\u00edch \u00fadaj\u016f jednotlivc\u016f.<\/p>"},"excerpt":{"rendered":"System Technology Online Spain SL., Calle Pintor P\u00e9rez Gil 2, b.46 03540, Alicante, \u0160pan\u011blsko (&#8220;n\u00e1mi&#8221;, &#8220;my&#8221; nebo &#8220;n\u00e1\u0161&#8221;) spravuje webovou str\u00e1nku originalityreport.com a je kontrol\u00e9rem Va\u0161ich osobn\u00edch \u00fadaj\u016f. Chceme vyj\u00e1d\u0159it svou vd\u011b\u010dnost za \u010das, kter\u00fd jste str\u00e1vili p\u0159ezkoum\u00e1v\u00e1n\u00edm na\u0161ich nab\u00eddek, i pro z\u00e1jem o na\u0161e slu\u017eby. Vy.","protected":false,"raw":"System Technology Online Spain SL., Calle Pintor P\u00e9rez Gil 2, b.46 03540, Alicante, \u0160pan\u011blsko (&#8220;n\u00e1mi&#8221;, &#8220;my&#8221; nebo &#8220;n\u00e1\u0161&#8221;) spravuje webovou str\u00e1nku originalityreport.com a je kontrol\u00e9rem Va\u0161ich osobn\u00edch \u00fadaj\u016f. Chceme vyj\u00e1d\u0159it svou vd\u011b\u010dnost za \u010das, kter\u00fd jste str\u00e1vili p\u0159ezkoum\u00e1v\u00e1n\u00edm na\u0161ich nab\u00eddek, i pro z\u00e1jem o na\u0161e slu\u017eby. Vy."},"author":1,"featured_media":0,"parent":0,"menu_order":0,"comment_status":"closed","ping_status":"closed","template":"","meta":{"_aioseo_title":null,"_aioseo_description":null,"_locale":"cs_CZ","_original_post":"https:\/\/originalityreport.com\/?page_id=49","footnotes":""},"class_list":["post-537","page","type-page","status-publish","hentry","cs-CZ"],"aioseo_notices":[],"_links":{"self":[{"href":"https:\/\/originalityreport.com\/wp-json\/wp\/v2\/pages\/537","targetHints":{"allow":["GET"]}}],"collection":[{"href":"https:\/\/originalityreport.com\/wp-json\/wp\/v2\/pages"}],"about":[{"href":"https:\/\/originalityreport.com\/wp-json\/wp\/v2\/types\/page"}],"author":[{"embeddable":true,"href":"https:\/\/originalityreport.com\/wp-json\/wp\/v2\/users\/1"}],"replies":[{"embeddable":true,"href":"https:\/\/originalityreport.com\/wp-json\/wp\/v2\/comments?post=537"}],"version-history":[{"count":3,"href":"https:\/\/originalityreport.com\/wp-json\/wp\/v2\/pages\/537\/revisions"}],"predecessor-version":[{"id":892,"href":"https:\/\/originalityreport.com\/wp-json\/wp\/v2\/pages\/537\/revisions\/892"}],"wp:attachment":[{"href":"https:\/\/originalityreport.com\/wp-json\/wp\/v2\/media?parent=537"}],"curies":[{"name":"wp","href":"https:\/\/api.w.org\/{rel}","templated":true}]}}