{"id":339,"date":"2025-03-24T16:49:48","date_gmt":"2025-03-24T16:49:48","guid":{"rendered":"https:\/\/originalityreport.com\/?page_id=339","raw":"https:\/\/originalityreport.com\/?page_id=339"},"modified":"2025-07-24T19:46:54","modified_gmt":"2025-07-24T19:46:54","slug":"home","status":"publish","type":"page","link":"https:\/\/originalityreport.com\/","title":{"rendered":"Dom\u016f","raw":"Dom\u016f"},"content":{"rendered":"","protected":false,"raw":""},"excerpt":{"rendered":"Dom\u016f","protected":false,"raw":"Dom\u016f"},"author":1,"featured_media":0,"parent":0,"menu_order":0,"comment_status":"closed","ping_status":"closed","template":"","meta":{"_aioseo_title":"OriginalityReport: Kontrola Plagi\u00e1t\u016f a Anal\u00fdza AI\u2011Text\u016f","_aioseo_description":"Komplexn\u00ed online platforma pro detekci plagi\u00e1t\u016f a anal\u00fdzu text\u016f generovan\u00fdch um\u011blou inteligenc\u00ed. Spolehliv\u00e9 v\u00fdsledky, u\u017eivatelsky p\u0159\u00edv\u011btiv\u00e9 rozhran\u00ed.","_locale":"cs_CZ","_original_post":"https:\/\/originalityreport.com\/?page_id=24","footnotes":""},"class_list":["post-339","page","type-page","status-publish","hentry","cs-CZ"],"aioseo_notices":[],"_links":{"self":[{"href":"https:\/\/originalityreport.com\/wp-json\/wp\/v2\/pages\/339","targetHints":{"allow":["GET"]}}],"collection":[{"href":"https:\/\/originalityreport.com\/wp-json\/wp\/v2\/pages"}],"about":[{"href":"https:\/\/originalityreport.com\/wp-json\/wp\/v2\/types\/page"}],"author":[{"embeddable":true,"href":"https:\/\/originalityreport.com\/wp-json\/wp\/v2\/users\/1"}],"replies":[{"embeddable":true,"href":"https:\/\/originalityreport.com\/wp-json\/wp\/v2\/comments?post=339"}],"version-history":[{"count":1,"href":"https:\/\/originalityreport.com\/wp-json\/wp\/v2\/pages\/339\/revisions"}],"predecessor-version":[{"id":340,"href":"https:\/\/originalityreport.com\/wp-json\/wp\/v2\/pages\/339\/revisions\/340"}],"wp:attachment":[{"href":"https:\/\/originalityreport.com\/wp-json\/wp\/v2\/media?parent=339"}],"curies":[{"name":"wp","href":"https:\/\/api.w.org\/{rel}","templated":true}]}}