{"id":303,"date":"2025-03-24T16:54:35","date_gmt":"2025-03-24T16:54:35","guid":{"rendered":"https:\/\/originalityreport.com\/?page_id=303","raw":"https:\/\/originalityreport.com\/?page_id=303"},"modified":"2025-04-04T08:50:48","modified_gmt":"2025-04-04T08:50:48","slug":"contact-us","status":"publish","type":"page","link":"https:\/\/originalityreport.com\/cs\/contact-us\/","title":{"rendered":"Kontakty","raw":"Kontakty"},"content":{"rendered":"","protected":false,"raw":""},"excerpt":{"rendered":"Pokud m\u00e1te dotazy nebo pot\u0159ebujete pomoc, kontaktujte n\u00e1s prost\u0159ednictv\u00edm n\u00e1sleduj\u00edc\u00edch kan\u00e1l\u016f:\n\n\n  Email: kontakt@prispevek.cz\n  Telefon: +420 123 456 789\n  Soci\u00e1ln\u00ed s\u00edt\u011b: \n    \n      Facebook\n      Twitter\n      Instagram\n    \n  \n\n\nJsme k dispozici od pond\u011bl\u00ed do p\u00e1tku v pracovn\u00edch hodin\u00e1ch 9:00 &#8211; 17:00.","protected":false,"raw":"Pokud m\u00e1te dotazy nebo pot\u0159ebujete pomoc, kontaktujte n\u00e1s prost\u0159ednictv\u00edm n\u00e1sleduj\u00edc\u00edch kan\u00e1l\u016f:\n\n\n  Email: kontakt@prispevek.cz\n  Telefon: +420 123 456 789\n  Soci\u00e1ln\u00ed s\u00edt\u011b: \n    \n      Facebook\n      Twitter\n      Instagram\n    \n  \n\n\nJsme k dispozici od pond\u011bl\u00ed do p\u00e1tku v pracovn\u00edch hodin\u00e1ch 9:00 - 17:00."},"author":1,"featured_media":0,"parent":0,"menu_order":0,"comment_status":"closed","ping_status":"closed","template":"","meta":{"_aioseo_title":null,"_aioseo_description":null,"_locale":"cs_CZ","_original_post":"https:\/\/originalityreport.com\/?page_id=11","footnotes":""},"class_list":["post-303","page","type-page","status-publish","hentry","cs-CZ"],"aioseo_notices":[],"_links":{"self":[{"href":"https:\/\/originalityreport.com\/wp-json\/wp\/v2\/pages\/303","targetHints":{"allow":["GET"]}}],"collection":[{"href":"https:\/\/originalityreport.com\/wp-json\/wp\/v2\/pages"}],"about":[{"href":"https:\/\/originalityreport.com\/wp-json\/wp\/v2\/types\/page"}],"author":[{"embeddable":true,"href":"https:\/\/originalityreport.com\/wp-json\/wp\/v2\/users\/1"}],"replies":[{"embeddable":true,"href":"https:\/\/originalityreport.com\/wp-json\/wp\/v2\/comments?post=303"}],"version-history":[{"count":1,"href":"https:\/\/originalityreport.com\/wp-json\/wp\/v2\/pages\/303\/revisions"}],"predecessor-version":[{"id":304,"href":"https:\/\/originalityreport.com\/wp-json\/wp\/v2\/pages\/303\/revisions\/304"}],"wp:attachment":[{"href":"https:\/\/originalityreport.com\/wp-json\/wp\/v2\/media?parent=303"}],"curies":[{"name":"wp","href":"https:\/\/api.w.org\/{rel}","templated":true}]}}