{"id":267,"date":"2025-03-24T16:50:58","date_gmt":"2025-03-24T16:50:58","guid":{"rendered":"https:\/\/originalityreport.com\/?page_id=267","raw":"https:\/\/originalityreport.com\/?page_id=267"},"modified":"2025-04-04T08:36:06","modified_gmt":"2025-04-04T08:36:06","slug":"pricing","status":"publish","type":"page","link":"https:\/\/originalityreport.com\/cs\/pricing\/","title":{"rendered":"Ceny","raw":"Ceny"},"content":{"rendered":"<section class=\"pricing-page-main-block\">\n<div class=\"container-fluid\">\n<div class=\"container\">\n<div class=\"row\">\n<div class=\"col-12\">\n<div class=\"pricing-main-block-content\">\n<div class=\"ps-widget-container\" data-ps-widget-name=\"Prices\" data-ps-widget-options=\"{}\">\n<p class=\"top-text\">Vyberte si sv\u00e9 mo\u017enosti cen<\/p>\n<h1 class=\"page-title\">Bez skryt\u00fdch poplatk\u016f za p\u0159esnou detekci plagi\u00e1torstv\u00ed a AI \u2013 detekce<\/h1>\n<div class=\"pricing-block\">\n<div class=\"pricing-plan-duration\">\n<button class=\"pricing-plan-duration-item one-time active\" type=\"button\">Jednor\u00e1zov\u011b<\/button><br \/>\n<button class=\"pricing-plan-duration-item monthly\" type=\"button\">M\u011bs\u00ed\u010dn\u011b<\/button><br \/>\n<button class=\"pricing-plan-duration-item 3-months\" type=\"button\">3 M\u011bs\u00edce<\/button><br \/>\n<button class=\"pricing-plan-duration-item yearly\" type=\"button\">Ro\u010dn\u011b<\/button>\n<\/div>\n<div class=\"pricing-plan-items-wrapper\">\n<div class=\"pricing-plan-items\">\n<div class=\"pricing-plan-item light\">\n<div class=\"item-header\">\n<span class=\"plan-title\">Light<\/span><\/p>\n<div class=\"plan-price-per-word\">\n<p class=\"price\"><span class=\"value\">$0.23<\/span> za<\/p>\n<p class=\"words-count\">1000 slov<\/p>\n<\/div>\n<\/div>\n<div class=\"item-main\">\n<span class=\"save-up-to-label\">U\u0161et\u0159ete a\u017e <span class=\"value\">30%<\/span><\/span><\/p>\n<p class=\"plan-price\"><span class=\"value\">$22.95<\/span> \/ <span class=\"duration\">m\u011bs\u00edc<\/span><\/p>\n<p><a class=\"get-started-btn\" href=\"#\">Za\u010dn\u011bte<\/a><label class=\"custom-checkbox-label recurring-payments\" for=\"recurring_payments_light\"><span class=\"custom-checkbox\"><\/span><span class=\"custom-checkbox-title\">Rekvizitn\u00ed platby<\/span><input checked=\"\" id=\"recurring_payments_light\" name=\"recurring-payments-light\" type=\"checkbox\"\/><br \/>\n<\/label><span class=\"sep\"><\/span><\/div>\n<div class=\"item-footer\">\n<ul>\n<li class=\"available\"><span class=\"highlighted\">1<\/span> Nahr\u00e1n\u00ed plagi\u00e1torstv\u00ed *<\/li>\n<li class=\"available\"><span class=\"highlighted\">1<\/span> Nahr\u00e1n\u00ed AI *<\/li>\n<li class=\"available\"><span class=\"highlighted\">Neomezen\u00fd<\/span> \u010casov\u00fd r\u00e1mec (dny)<\/li>\n<li class=\"unavailable\"><span class=\"highlighted\">365<\/span> \u010casov\u00fd r\u00e1mec (dny)<\/li>\n<li class=\"unavailable\">Hled\u00e1n\u00ed textu AI<\/li>\n<\/ul>\n<\/div>\n<\/div>\n<div class=\"pricing-plan-item standatd selected\">\n<div class=\"item-header\">\n<span class=\"plan-title\">Standatd<\/span><\/p>\n<div class=\"plan-price-per-word\">\n<p class=\"price\"><span class=\"value\">$0.12<\/span> za<\/p>\n<p class=\"words-count\">1000 slov<\/p>\n<\/div>\n<\/div>\n<div class=\"item-main\">\n<span class=\"save-up-to-label\">U\u0161et\u0159ete a\u017e <span class=\"value\">30%<\/span><\/span><\/p>\n<p class=\"plan-price\"><span class=\"value\">$34.95<\/span> \/ <span class=\"duration\">m\u011bs\u00edc<\/span><\/p>\n<p><a class=\"get-started-btn\" href=\"#\">Za\u010dn\u011bte<\/a><label class=\"custom-checkbox-label recurring-payments\" for=\"recurring_payments_standatd\"><span class=\"custom-checkbox\"><\/span><span class=\"custom-checkbox-title\">Rekvizitn\u00ed platby<\/span><input checked=\"\" id=\"recurring_payments_standatd\" name=\"recurring-payments-standatd\" type=\"checkbox\"\/><\/label><span class=\"sep\"><\/span><\/div>\n<div class=\"item-footer\">\n<ul>\n<li class=\"available\"><span class=\"highlighted\">1<\/span> Nahr\u00e1n\u00ed plagi\u00e1torstv\u00ed *<\/li>\n<li class=\"available\"><span class=\"highlighted\">1<\/span> Nahr\u00e1n\u00ed AI *<\/li>\n<li class=\"available\"><span class=\"highlighted\">Neomezen\u00fd<\/span> \u010casov\u00fd r\u00e1mec (dny)<\/li>\n<li class=\"unavailable\"><span class=\"highlighted\">365<\/span> \u010casov\u00fd r\u00e1mec (dny)<\/li>\n<li class=\"unavailable\">Hled\u00e1n\u00ed textu AI<\/li>\n<\/ul>\n<\/div>\n<\/div>\n<div class=\"pricing-plan-item premium\">\n<div class=\"item-header\">\n<span class=\"plan-title\">Premium<\/span><\/p>\n<div class=\"plan-price-per-word\">\n<p class=\"price\"><span class=\"value\">$0.09<\/span> za<\/p>\n<p class=\"words-count\">1000 slov<\/p>\n<\/div>\n<\/div>\n<div class=\"item-main\">\n<span class=\"save-up-to-label\">U\u0161et\u0159ete a\u017e <span class=\"value\">30%<\/span><\/span><\/p>\n<p class=\"plan-price\"><span class=\"value\">$54.95<\/span> \/ <span class=\"duration\">m\u011bs\u00edc<\/span><\/p>\n<p><a class=\"get-started-btn\" href=\"#\">Za\u010dn\u011bte<\/a><label class=\"custom-checkbox-label recurring-payments\" for=\"recurring_payments_premium\"><span class=\"custom-checkbox\"><\/span><span class=\"custom-checkbox-title\">Rekvizitn\u00ed platby<\/span><input checked=\"\" id=\"recurring_payments_premium\" name=\"recurring-payments-premium\" type=\"checkbox\"\/><\/label><span class=\"sep\"><\/span><\/div>\n<div class=\"item-footer\">\n<ul>\n<li class=\"available\"><span class=\"highlighted\">1<\/span> Nahr\u00e1n\u00ed plagi\u00e1torstv\u00ed *<\/li>\n<li class=\"available\"><span class=\"highlighted\">1<\/span> Nahr\u00e1n\u00ed AI *<\/li>\n<li class=\"available\"><span class=\"highlighted\">Neomezen\u00fd<\/span> \u010casov\u00fd r\u00e1mec (dny)<\/li>\n<li class=\"unavailable\"><span class=\"highlighted\">365<\/span> \u010casov\u00fd r\u00e1mec (dny)<\/li>\n<li class=\"unavailable\">Hled\u00e1n\u00ed textu AI<\/li>\n<\/ul>\n<\/div>\n<\/div>\n<\/div>\n<\/div>\n<\/div>\n<\/div>\n<\/div>\n<\/div>\n<\/div>\n<\/div>\n<\/div>\n<\/section>\n<section class=\"faq\">\n<div class=\"container-fluid\">\n<div class=\"container\">\n<div class=\"row\">\n<div class=\"col-12\">\n<div class=\"faq-content\">\n<div class=\"faq-text-block\">\n<p class=\"faq-text-top\">Na\u0161i \u010dasto kladen\u00e9 ot\u00e1zky obsahuj\u00ed v\u0161e, co pot\u0159ebujete v\u011bd\u011bt<\/p>\n<p class=\"faq-text-title\">Pot\u0159ebujete v\u00edce informac\u00ed o OriginalityReport.com?<\/p>\n<p class=\"faq-text-subtitle\">Analyzovali jsme a odpov\u00eddali na ot\u00e1zky, kter\u00e9 u\u017eivatel\u00e9 \u010dasto kl\u00e1dou ohledn\u011b kontrol antiplagi\u00e1torsk\u00fdch slu\u017eeb a detekce AI.<\/p>\n<div class=\"different-question-block\">\n<img decoding=\"async\" alt=\"FAQ\" class=\"faq-icon\" src=\"\/wp-content\/themes\/main\/images\/faq-icon.svg\"\/><\/p>\n<p class=\"title\">Spojte se s OriginalityReport.com pro v\u00edce odpov\u011bd\u00ed<\/p>\n<p class=\"subtitle\">Pokud m\u00e1te dal\u0161\u00ed ot\u00e1zky o na\u0161em slu\u017eb\u00e1ch, kontaktujte na\u0161e t\u00fdm. Jsou r\u00e1di, \u017ee v\u00e1m pomohou a objasn\u00ed nejlep\u0161\u00ed zp\u016fsob kontroly text\u016f pro plagi\u00e1ty.<\/p>\n<p><a class=\"contact-support-btn custom-btn cb-black\" href=\"\/contact-us\/\">Kontaktujte T\u00fdm Podpory<\/a>\n<\/div>\n<\/div>\n    <div class=\"faq-questions-block\">\n                <div class=\"faq-accordion\" id=\"faq_accordion\">\n                            <div class=\"faq-accordion-item item-1\">\n                    <button class=\"faq-accordion-question collapsed\" type=\"button\" data-bs-toggle=\"collapse\" data-bs-target=\"#faq_accordion_1\" aria-expanded=\"false\" aria-controls=\"faq_accordion_1\">M\u00e1m n\u011bkolik dokument\u016f ve r\u016fzn\u00fdch form\u00e1tech, mohu je v\u0161echny kontrolovat?<\/button>\n                    <div id=\"faq_accordion_1\" class=\"faq-accordion-answer accordion-collapse collapse\" data-bs-parent=\"#faq_accordion\">\n                        <p class=\"answer-text\">Ano, na\u0161e n\u00e1stroje mohou b\u00fdt pou\u017eity k prohled\u00e1v\u00e1n\u00ed dokument\u016f ve form\u00e1tu PDF, Word, TXT a dokonce i text\u016f, kter\u00e9 lze p\u0159\u00edmo vlo\u017eit do pole pro kontrolu.<\/p>\n                    <\/div>\n                <\/div>\n                            <div class=\"faq-accordion-item item-2\">\n                    <button class=\"faq-accordion-question collapsed\" type=\"button\" data-bs-toggle=\"collapse\" data-bs-target=\"#faq_accordion_2\" aria-expanded=\"false\" aria-controls=\"faq_accordion_2\">M\u016f\u017eu spol\u00e9hat na v\u00fdsledky?<\/button>\n                    <div id=\"faq_accordion_2\" class=\"faq-accordion-answer accordion-collapse collapse\" data-bs-parent=\"#faq_accordion\">\n                        <p class=\"answer-text\">Ano, n\u00e1\u0161 n\u00e1stroj je velmi p\u0159esn\u00fd a poskytuje p\u0159esn\u00e9 a spolehliv\u00e9 zpr\u00e1vy, kter\u00e9 lze pou\u017e\u00edt jako d\u016fkaz autenticity prac\u00ed.<\/p>\n                    <\/div>\n                <\/div>\n                            <div class=\"faq-accordion-item item-3\">\n                    <button class=\"faq-accordion-question collapsed\" type=\"button\" data-bs-toggle=\"collapse\" data-bs-target=\"#faq_accordion_3\" aria-expanded=\"false\" aria-controls=\"faq_accordion_3\">Jak dlouho trv\u00e1 kontroln\u00ed proces?<\/button>\n                    <div id=\"faq_accordion_3\" class=\"faq-accordion-answer accordion-collapse collapse\" data-bs-parent=\"#faq_accordion\">\n                        <p class=\"answer-text\">Z\u00e1kazn\u00edci mohou obdr\u017eet v\u00fdsledky za n\u011bkolik minut. Algoritmus dok\u00e1\u017ee kontrolovat obsah na plagi\u00e1ty a AI a porovn\u00e1vat jej s miliony dal\u0161\u00edch text\u016f velmi rychle.<\/p>\n                    <\/div>\n                <\/div>\n                            <div class=\"faq-accordion-item item-4\">\n                    <button class=\"faq-accordion-question collapsed\" type=\"button\" data-bs-toggle=\"collapse\" data-bs-target=\"#faq_accordion_4\" aria-expanded=\"false\" aria-controls=\"faq_accordion_4\">Poskytujete z\u00e1ruku d\u016fv\u011brnosti?<\/button>\n                    <div id=\"faq_accordion_4\" class=\"faq-accordion-answer accordion-collapse collapse\" data-bs-parent=\"#faq_accordion\">\n                        <p class=\"answer-text\">Ano, zam\u011b\u0159ujeme se na d\u016fv\u011brnost a soukrom\u00ed. Na\u0161e platforma nezachycuje va\u0161e data ani neprohled\u00e1v\u00e1 texty.<\/p>\n                    <\/div>\n                <\/div>\n                            <div class=\"faq-accordion-item item-5\">\n                    <button class=\"faq-accordion-question collapsed\" type=\"button\" data-bs-toggle=\"collapse\" data-bs-target=\"#faq_accordion_5\" aria-expanded=\"false\" aria-controls=\"faq_accordion_5\">M\u016f\u017eu zkontrolovat sv\u016fj text, abych zjistil, zda byl vygenerov\u00e1n AI?<\/button>\n                    <div id=\"faq_accordion_5\" class=\"faq-accordion-answer accordion-collapse collapse\" data-bs-parent=\"#faq_accordion\">\n                        <p class=\"answer-text\">Ano, pat\u0159\u00edme mezi nejlep\u0161\u00ed slu\u017eby pro identifikaci obsahu vygenerovan\u00e9ho AI.<\/p>\n                    <\/div>\n                <\/div>\n                            <div class=\"faq-accordion-item item-6\">\n                    <button class=\"faq-accordion-question collapsed\" type=\"button\" data-bs-toggle=\"collapse\" data-bs-target=\"#faq_accordion_6\" aria-expanded=\"false\" aria-controls=\"faq_accordion_6\">Podporujete v\u00edce jazyk\u016f?<\/button>\n                    <div id=\"faq_accordion_6\" class=\"faq-accordion-answer accordion-collapse collapse\" data-bs-parent=\"#faq_accordion\">\n                        <p class=\"answer-text\">Ano, n\u00e1\u0161 n\u00e1stroj funguje s r\u016fzn\u00fdmi jazyky pro pohodl\u00ed mezin\u00e1rodn\u00edch u\u017eivatel\u016f.<\/p>\n                    <\/div>\n                <\/div>\n                            <div class=\"faq-accordion-item item-7\">\n                    <button class=\"faq-accordion-question collapsed\" type=\"button\" data-bs-toggle=\"collapse\" data-bs-target=\"#faq_accordion_7\" aria-expanded=\"false\" aria-controls=\"faq_accordion_7\">Kter\u00e9 zdroje kontroluje v\u00e1\u0161 syst\u00e9m?<\/button>\n                    <div id=\"faq_accordion_7\" class=\"faq-accordion-answer accordion-collapse collapse\" data-bs-parent=\"#faq_accordion\">\n                        <p class=\"answer-text\">Analyzujeme akademick\u00e9 publikace, webov\u00e9 str\u00e1nky a exkluzivn\u00ed datab\u00e1ze pro nejlep\u0161\u00ed v\u00fdsledky.<\/p>\n                    <\/div>\n                <\/div>\n                            <div class=\"faq-accordion-item item-8\">\n                    <button class=\"faq-accordion-question collapsed\" type=\"button\" data-bs-toggle=\"collapse\" data-bs-target=\"#faq_accordion_8\" aria-expanded=\"false\" aria-controls=\"faq_accordion_8\">Je mo\u017en\u00e9 kontrolovat n\u011bkolik text\u016f najednou?<\/button>\n                    <div id=\"faq_accordion_8\" class=\"faq-accordion-answer accordion-collapse collapse\" data-bs-parent=\"#faq_accordion\">\n                        <p class=\"answer-text\">Ano, u\u017eivatel\u00e9 mohou nahr\u00e1t v\u00edce text\u016f najednou a tak u\u0161et\u0159it \u010das.<\/p>\n                    <\/div>\n                <\/div>\n                            <div class=\"faq-accordion-item item-9\">\n                    <button class=\"faq-accordion-question collapsed\" type=\"button\" data-bs-toggle=\"collapse\" data-bs-target=\"#faq_accordion_9\" aria-expanded=\"false\" aria-controls=\"faq_accordion_9\">Omezen\u00ed velikosti dokument\u016f, kter\u00e9 lze nahr\u00e1t k kontrole?<\/button>\n                    <div id=\"faq_accordion_9\" class=\"faq-accordion-answer accordion-collapse collapse\" data-bs-parent=\"#faq_accordion\">\n                        <p class=\"answer-text\">Ne, z\u00e1kazn\u00edci mohou kontrolovat mal\u00e9 texty i v\u011bt\u0161\u00ed dokumenty.<\/p>\n                    <\/div>\n                <\/div>\n                            <div class=\"faq-accordion-item item-10\">\n                    <button class=\"faq-accordion-question collapsed\" type=\"button\" data-bs-toggle=\"collapse\" data-bs-target=\"#faq_accordion_10\" aria-expanded=\"false\" aria-controls=\"faq_accordion_10\">M\u00e1te aktualizace pro lep\u0161\u00ed kontrolu?<\/button>\n                    <div id=\"faq_accordion_10\" class=\"faq-accordion-answer accordion-collapse collapse\" data-bs-parent=\"#faq_accordion\">\n                        <p class=\"answer-text\">Ano, na\u0161e n\u00e1stroje pou\u017e\u00edvaj\u00ed pokro\u010dil\u00e9 algoritmy a pravideln\u011b obdr\u017euj\u00ed aktualizace pro lep\u0161\u00ed v\u00fdsledky.<\/p>\n                    <\/div>\n                <\/div>\n                            <div class=\"faq-accordion-item item-11\">\n                    <button class=\"faq-accordion-question collapsed\" type=\"button\" data-bs-toggle=\"collapse\" data-bs-target=\"#faq_accordion_11\" aria-expanded=\"false\" aria-controls=\"faq_accordion_11\">Lze pou\u017e\u00edt detektor plagi\u00e1t\u016f s jin\u00fdmi syst\u00e9my?<\/button>\n                    <div id=\"faq_accordion_11\" class=\"faq-accordion-answer accordion-collapse collapse\" data-bs-parent=\"#faq_accordion\">\n                        <p class=\"answer-text\">Ano, existuje mo\u017enost integrace API.<\/p>\n                    <\/div>\n                <\/div>\n                            <div class=\"faq-accordion-item item-12\">\n                    <button class=\"faq-accordion-question collapsed\" type=\"button\" data-bs-toggle=\"collapse\" data-bs-target=\"#faq_accordion_12\" aria-expanded=\"false\" aria-controls=\"faq_accordion_12\">Mohu se zaregistrovat pro bezplatnou zku\u0161ebn\u00ed verzi?<\/button>\n                    <div id=\"faq_accordion_12\" class=\"faq-accordion-answer accordion-collapse collapse\" data-bs-parent=\"#faq_accordion\">\n                        <p class=\"answer-text\">Ano, na\u0161e bezplatn\u00e1 zku\u0161ebn\u00ed verze je k dispozici pro z\u00e1kazn\u00edky, kte\u0159\u00ed cht\u011bj\u00ed objevit, co nab\u00edz\u00ed na\u0161e platforma.<\/p>\n                    <\/div>\n                <\/div>\n                            <div class=\"faq-accordion-item item-13\">\n                    <button class=\"faq-accordion-question collapsed\" type=\"button\" data-bs-toggle=\"collapse\" data-bs-target=\"#faq_accordion_13\" aria-expanded=\"false\" aria-controls=\"faq_accordion_13\">Je v\u00e1\u0161 kontrol\u00e9r optimalizov\u00e1n pro pou\u017eit\u00ed na mobiln\u00edch za\u0159\u00edzen\u00edch?<\/button>\n                    <div id=\"faq_accordion_13\" class=\"faq-accordion-answer accordion-collapse collapse\" data-bs-parent=\"#faq_accordion\">\n                        <p class=\"answer-text\">Ano, n\u00e1\u0161 syst\u00e9m je p\u0159\u00e1telsk\u00fd ke mobiln\u00edm za\u0159\u00edzen\u00edm, \u010d\u00edm\u017e se st\u00e1v\u00e1 p\u0159\u00edstupn\u011bj\u0161\u00ed pro z\u00e1kazn\u00edky.<\/p>\n                    <\/div>\n                <\/div>\n                    <\/div>\n    <\/div>\n    <\/div>\n<\/div>\n<\/div>\n<\/div>\n<\/div>\n<\/section>\n","protected":false,"raw":"<section class=\"pricing-page-main-block\">\r\n<div class=\"container-fluid\">\r\n<div class=\"container\">\r\n<div class=\"row\">\r\n<div class=\"col-12\">\r\n<div class=\"pricing-main-block-content\">\r\n<div class=\"ps-widget-container\" data-ps-widget-name=\"Prices\" data-ps-widget-options=\"{}\">\r\n<p class=\"top-text\">Vyberte si sv\u00e9 mo\u017enosti cen<\/p>\r\n<h1 class=\"page-title\">Bez skryt\u00fdch poplatk\u016f za p\u0159esnou detekci plagi\u00e1torstv\u00ed a AI \u2013 detekce<\/h1>\r\n<div class=\"pricing-block\">\r\n<div class=\"pricing-plan-duration\">\r\n<button class=\"pricing-plan-duration-item one-time active\" type=\"button\">Jednor\u00e1zov\u011b<\/button>\r\n<button class=\"pricing-plan-duration-item monthly\" type=\"button\">M\u011bs\u00ed\u010dn\u011b<\/button>\r\n<button class=\"pricing-plan-duration-item 3-months\" type=\"button\">3 M\u011bs\u00edce<\/button>\r\n<button class=\"pricing-plan-duration-item yearly\" type=\"button\">Ro\u010dn\u011b<\/button>\r\n<\/div>\r\n<div class=\"pricing-plan-items-wrapper\">\r\n<div class=\"pricing-plan-items\">\r\n<div class=\"pricing-plan-item light\">\r\n<div class=\"item-header\">\r\n<span class=\"plan-title\">Light<\/span>\r\n<div class=\"plan-price-per-word\">\r\n<p class=\"price\"><span class=\"value\">$0.23<\/span> za<\/p>\r\n<p class=\"words-count\">1000 slov<\/p>\r\n<\/div>\r\n<\/div>\r\n<div class=\"item-main\">\r\n<span class=\"save-up-to-label\">U\u0161et\u0159ete a\u017e <span class=\"value\">30%<\/span><\/span>\r\n<p class=\"plan-price\"><span class=\"value\">$22.95<\/span> \/ <span class=\"duration\">m\u011bs\u00edc<\/span><\/p><a class=\"get-started-btn\" href=\"#\">Za\u010dn\u011bte<\/a><label class=\"custom-checkbox-label recurring-payments\" for=\"recurring_payments_light\"><span class=\"custom-checkbox\"><\/span><span class=\"custom-checkbox-title\">Rekvizitn\u00ed platby<\/span><input checked=\"\" id=\"recurring_payments_light\" name=\"recurring-payments-light\" type=\"checkbox\"\/>\r\n<\/label><span class=\"sep\"><\/span><\/div>\r\n<div class=\"item-footer\">\r\n<ul>\r\n<li class=\"available\"><span class=\"highlighted\">1<\/span> Nahr\u00e1n\u00ed plagi\u00e1torstv\u00ed *<\/li>\r\n<li class=\"available\"><span class=\"highlighted\">1<\/span> Nahr\u00e1n\u00ed AI *<\/li>\r\n<li class=\"available\"><span class=\"highlighted\">Neomezen\u00fd<\/span> \u010casov\u00fd r\u00e1mec (dny)<\/li>\r\n<li class=\"unavailable\"><span class=\"highlighted\">365<\/span> \u010casov\u00fd r\u00e1mec (dny)<\/li>\r\n<li class=\"unavailable\">Hled\u00e1n\u00ed textu AI<\/li><\/ul><\/div><\/div>\r\n<div class=\"pricing-plan-item standatd selected\">\r\n<div class=\"item-header\">\r\n<span class=\"plan-title\">Standatd<\/span>\r\n<div class=\"plan-price-per-word\">\r\n<p class=\"price\"><span class=\"value\">$0.12<\/span> za<\/p>\r\n<p class=\"words-count\">1000 slov<\/p><\/div><\/div>\r\n<div class=\"item-main\">\r\n<span class=\"save-up-to-label\">U\u0161et\u0159ete a\u017e <span class=\"value\">30%<\/span><\/span>\r\n<p class=\"plan-price\"><span class=\"value\">$34.95<\/span> \/ <span class=\"duration\">m\u011bs\u00edc<\/span><\/p><a class=\"get-started-btn\" href=\"#\">Za\u010dn\u011bte<\/a><label class=\"custom-checkbox-label recurring-payments\" for=\"recurring_payments_standatd\"><span class=\"custom-checkbox\"><\/span><span class=\"custom-checkbox-title\">Rekvizitn\u00ed platby<\/span><input checked=\"\" id=\"recurring_payments_standatd\" name=\"recurring-payments-standatd\" type=\"checkbox\"\/><\/label><span class=\"sep\"><\/span><\/div>\r\n<div class=\"item-footer\">\r\n<ul>\r\n<li class=\"available\"><span class=\"highlighted\">1<\/span> Nahr\u00e1n\u00ed plagi\u00e1torstv\u00ed *<\/li>\r\n<li class=\"available\"><span class=\"highlighted\">1<\/span> Nahr\u00e1n\u00ed AI *<\/li>\r\n<li class=\"available\"><span class=\"highlighted\">Neomezen\u00fd<\/span> \u010casov\u00fd r\u00e1mec (dny)<\/li>\r\n<li class=\"unavailable\"><span class=\"highlighted\">365<\/span> \u010casov\u00fd r\u00e1mec (dny)<\/li>\r\n<li class=\"unavailable\">Hled\u00e1n\u00ed textu AI<\/li><\/ul><\/div><\/div>\r\n<div class=\"pricing-plan-item premium\">\r\n<div class=\"item-header\">\r\n<span class=\"plan-title\">Premium<\/span>\r\n<div class=\"plan-price-per-word\">\r\n<p class=\"price\"><span class=\"value\">$0.09<\/span> za<\/p>\r\n<p class=\"words-count\">1000 slov<\/p>\r\n<\/div>\r\n<\/div>\r\n<div class=\"item-main\">\r\n<span class=\"save-up-to-label\">U\u0161et\u0159ete a\u017e <span class=\"value\">30%<\/span><\/span>\r\n<p class=\"plan-price\"><span class=\"value\">$54.95<\/span> \/ <span class=\"duration\">m\u011bs\u00edc<\/span><\/p><a class=\"get-started-btn\" href=\"#\">Za\u010dn\u011bte<\/a><label class=\"custom-checkbox-label recurring-payments\" for=\"recurring_payments_premium\"><span class=\"custom-checkbox\"><\/span><span class=\"custom-checkbox-title\">Rekvizitn\u00ed platby<\/span><input checked=\"\" id=\"recurring_payments_premium\" name=\"recurring-payments-premium\" type=\"checkbox\"\/><\/label><span class=\"sep\"><\/span><\/div>\r\n<div class=\"item-footer\">\r\n<ul>\r\n<li class=\"available\"><span class=\"highlighted\">1<\/span> Nahr\u00e1n\u00ed plagi\u00e1torstv\u00ed *<\/li>\r\n<li class=\"available\"><span class=\"highlighted\">1<\/span> Nahr\u00e1n\u00ed AI *<\/li>\r\n<li class=\"available\"><span class=\"highlighted\">Neomezen\u00fd<\/span> \u010casov\u00fd r\u00e1mec (dny)<\/li>\r\n<li class=\"unavailable\"><span class=\"highlighted\">365<\/span> \u010casov\u00fd r\u00e1mec (dny)<\/li>\r\n<li class=\"unavailable\">Hled\u00e1n\u00ed textu AI<\/li><\/ul><\/div>\r\n<\/div><\/div><\/div><\/div><\/div><\/div><\/div><\/div><\/div><\/div>\r\n<\/section>\r\n<section class=\"faq\">\r\n<div class=\"container-fluid\">\r\n<div class=\"container\">\r\n<div class=\"row\">\r\n<div class=\"col-12\">\r\n<div class=\"faq-content\">\r\n<div class=\"faq-text-block\">\r\n<p class=\"faq-text-top\">Na\u0161i \u010dasto kladen\u00e9 ot\u00e1zky obsahuj\u00ed v\u0161e, co pot\u0159ebujete v\u011bd\u011bt<\/p>\r\n<p class=\"faq-text-title\">Pot\u0159ebujete v\u00edce informac\u00ed o OriginalityReport.com?<\/p>\r\n<p class=\"faq-text-subtitle\">Analyzovali jsme a odpov\u00eddali na ot\u00e1zky, kter\u00e9 u\u017eivatel\u00e9 \u010dasto kl\u00e1dou ohledn\u011b kontrol antiplagi\u00e1torsk\u00fdch slu\u017eeb a detekce AI.<\/p>\r\n<div class=\"different-question-block\">\r\n<img alt=\"FAQ\" class=\"faq-icon\" src=\"\/wp-content\/themes\/main\/images\/faq-icon.svg\"\/><p class=\"title\">Spojte se s OriginalityReport.com pro v\u00edce odpov\u011bd\u00ed<\/p>\r\n<p class=\"subtitle\">Pokud m\u00e1te dal\u0161\u00ed ot\u00e1zky o na\u0161em slu\u017eb\u00e1ch, kontaktujte na\u0161e t\u00fdm. Jsou r\u00e1di, \u017ee v\u00e1m pomohou a objasn\u00ed nejlep\u0161\u00ed zp\u016fsob kontroly text\u016f pro plagi\u00e1ty.<\/p><a class=\"contact-support-btn custom-btn cb-black\" href=\"\/contact-us\/\">Kontaktujte T\u00fdm Podpory<\/a>\r\n<\/div>\r\n<\/div>[faq_questions]<\/div><\/div><\/div><\/div><\/div>\r\n<\/section>"},"excerpt":{"rendered":"Vyberte si sv\u00e9 mo\u017enosti cen Bez skryt\u00fdch poplatk\u016f za p\u0159esnou detekci plagi\u00e1torstv\u00ed a AI \u2013 Jednor\u00e1zov\u011b M\u011bs\u00ed\u010dn\u011b 3 M\u011bs\u00edce Ro\u010dn\u011b Light $0.23 za 1000 slov U\u0161et\u0159ete a\u017e 30% $22.95 \/ m\u011bs\u00edc Za\u010dn\u011bteRekvizitn\u00ed platby \u2022 Plagi\u00e1torstv\u00ed nahr\u00e1n\u00ed \u2022 AI nahr\u00e1n\u00ed \u2022 Neomezen\u00fd \u010dasov\u00fd r\u00e1mec (dny) 365 \u010casov\u00fd r\u00e1mec (dny) Hledejte text AI Standard $0.12 za.","protected":false,"raw":"Vyberte si sv\u00e9 mo\u017enosti cen Bez skryt\u00fdch poplatk\u016f za p\u0159esnou detekci plagi\u00e1torstv\u00ed a AI \u2013 Jednor\u00e1zov\u011b M\u011bs\u00ed\u010dn\u011b 3 M\u011bs\u00edce Ro\u010dn\u011b Light $0.23 za 1000 slov U\u0161et\u0159ete a\u017e 30% $22.95 \/ m\u011bs\u00edc Za\u010dn\u011bteRekvizitn\u00ed platby \u2022 Plagi\u00e1torstv\u00ed nahr\u00e1n\u00ed \u2022 AI nahr\u00e1n\u00ed \u2022 Neomezen\u00fd \u010dasov\u00fd r\u00e1mec (dny) 365 \u010casov\u00fd r\u00e1mec (dny) Hledejte text AI Standard $0.12 za."},"author":1,"featured_media":0,"parent":0,"menu_order":0,"comment_status":"closed","ping_status":"closed","template":"tpl-landing.php","meta":{"_aioseo_title":null,"_aioseo_description":null,"_locale":"cs_CZ","_original_post":"https:\/\/originalityreport.com\/?page_id=10","footnotes":""},"class_list":["post-267","page","type-page","status-publish","hentry","cs-CZ"],"aioseo_notices":[],"_links":{"self":[{"href":"https:\/\/originalityreport.com\/wp-json\/wp\/v2\/pages\/267","targetHints":{"allow":["GET"]}}],"collection":[{"href":"https:\/\/originalityreport.com\/wp-json\/wp\/v2\/pages"}],"about":[{"href":"https:\/\/originalityreport.com\/wp-json\/wp\/v2\/types\/page"}],"author":[{"embeddable":true,"href":"https:\/\/originalityreport.com\/wp-json\/wp\/v2\/users\/1"}],"replies":[{"embeddable":true,"href":"https:\/\/originalityreport.com\/wp-json\/wp\/v2\/comments?post=267"}],"version-history":[{"count":3,"href":"https:\/\/originalityreport.com\/wp-json\/wp\/v2\/pages\/267\/revisions"}],"predecessor-version":[{"id":731,"href":"https:\/\/originalityreport.com\/wp-json\/wp\/v2\/pages\/267\/revisions\/731"}],"wp:attachment":[{"href":"https:\/\/originalityreport.com\/wp-json\/wp\/v2\/media?parent=267"}],"curies":[{"name":"wp","href":"https:\/\/api.w.org\/{rel}","templated":true}]}}